{"id":118250,"date":"2021-11-07T15:25:57","date_gmt":"2021-11-07T14:25:57","guid":{"rendered":"https:\/\/endormoonstore.com\/star-wars-the-vintage-collection-mace-windu-attack-ot-the-clones\/"},"modified":"2022-04-02T14:24:23","modified_gmt":"2022-04-02T12:24:23","slug":"star-wars-the-vintage-collection-mace-windu-attack-of-the-clones","status":"publish","type":"product","link":"https:\/\/endormoonstore.com\/en\/star-wars-the-vintage-collection-mace-windu-attack-of-the-clones\/","title":{"rendered":"Star Wars The Vintage Collection Mace Windu Attack of the Clones"},"content":{"rendered":"<p><strong>Star Wars The Vintage Collection Mace Windu Attack of the Clones 9,5 cm<\/strong><\/p>\n<ul>\n<li>Un maestro Jedi, Mace Windu fue un campe\u00f3n de la Orden Jedi, con poca tolerancia hacia el Senado, los argumentos de los pol\u00edticos u opiniones de los Jedi rebeldes<\/li>\n<li>Hasbro presenta dentro de su colecci\u00f3n Vintage Collection la figura de Mace Windu con detalles y dise\u00f1o premium en m\u00faltiples puntos de articulaci\u00f3n inspirados en Star Wars: Attak ot The Clones.<\/li>\n<li>Figura de unos 9,5 cm de Star Wars The Vintage Collection es un gran regalo para los fan\u00e1ticos y coleccionistas de Star Wars.<\/li>\n<li>Esta figura de acci\u00f3n de Mace Windu est\u00e1 inspirada en el personaje de Star Wars: Attak of The Clones.<\/li>\n<li>Incluye: figura y 4 accesorios.<\/li>\n<\/ul>\n","protected":false},"excerpt":{"rendered":"<p><strong>Star Wars The Vintage Collection Mace Windu Attack of the Clones 9,5 cm<\/strong><\/p>\n<p>Un maestro Jedi, Mace Windu fue un campe\u00f3n de la Orden Jedi, con poca tolerancia hacia el Senado, los argumentos de los pol\u00edticos u opiniones de los Jedi rebeldes<\/p>\n","protected":false},"featured_media":118240,"template":"","meta":{"_acf_changed":false,"_kad_blocks_custom_css":"","_kad_blocks_head_custom_js":"","_kad_blocks_body_custom_js":"","_kad_blocks_footer_custom_js":""},"product_cat":[1390],"product_tag":[],"class_list":{"0":"post-118250","1":"product","2":"type-product","3":"status-publish","4":"has-post-thumbnail","6":"product_cat-figures","7":"pa_brand-hasbro-en","8":"pa_character-mace-windu-en","9":"pa_episode-star-wars-attack-of-the-clones","10":"pa_license-star-wars-en","11":"pa_product-type-figure","12":"pa_theme-the-vintage-collection-en","14":"first","15":"instock","16":"taxable","17":"shipping-taxable","18":"purchasable","19":"product-type-simple"},"acf":[],"yoast_head":"<!-- This site is optimized with the Yoast SEO plugin v26.1.1 - https:\/\/yoast.com\/wordpress\/plugins\/seo\/ -->\n<title>Star Wars The Vintage Collection Mace Windu Attack of the Clones - EndormoonStore<\/title>\n<meta name=\"robots\" content=\"index, follow, max-snippet:-1, max-image-preview:large, max-video-preview:-1\" \/>\n<link rel=\"canonical\" href=\"https:\/\/endormoonstore.com\/en\/star-wars-the-vintage-collection-mace-windu-attack-of-the-clones\/\" \/>\n<meta property=\"og:locale\" content=\"en_US\" \/>\n<meta property=\"og:type\" content=\"article\" \/>\n<meta property=\"og:title\" content=\"Star Wars The Vintage Collection Mace Windu Attack of the Clones - EndormoonStore\" \/>\n<meta property=\"og:description\" content=\"Star Wars The Vintage Collection Mace Windu Attack of the Clones 9,5 cm  Un maestro Jedi, Mace Windu fue un campe\u00f3n de la Orden Jedi, con poca tolerancia hacia el Senado, los argumentos de los pol\u00edticos u opiniones de los Jedi rebeldes\" \/>\n<meta property=\"og:url\" content=\"https:\/\/endormoonstore.com\/en\/star-wars-the-vintage-collection-mace-windu-attack-of-the-clones\/\" \/>\n<meta property=\"og:site_name\" content=\"EndormoonStore\" \/>\n<meta property=\"article:modified_time\" content=\"2022-04-02T12:24:23+00:00\" \/>\n<meta property=\"og:image\" content=\"https:\/\/endormoonstore.com\/wp-content\/uploads\/2021\/11\/Star-Wars-The-Vintage-Collection-Mace-Windu-Attack-ot-the-Clones-1.jpg\" \/>\n\t<meta property=\"og:image:width\" content=\"1000\" \/>\n\t<meta property=\"og:image:height\" content=\"1000\" \/>\n\t<meta property=\"og:image:type\" content=\"image\/jpeg\" \/>\n<meta name=\"twitter:card\" content=\"summary_large_image\" \/>\n<meta name=\"twitter:label1\" content=\"Est. reading time\" \/>\n\t<meta name=\"twitter:data1\" content=\"1 minute\" \/>\n<script type=\"application\/ld+json\" class=\"yoast-schema-graph\">{\"@context\":\"https:\/\/schema.org\",\"@graph\":[{\"@type\":\"WebPage\",\"@id\":\"https:\/\/endormoonstore.com\/en\/star-wars-the-vintage-collection-mace-windu-attack-of-the-clones\/\",\"url\":\"https:\/\/endormoonstore.com\/en\/star-wars-the-vintage-collection-mace-windu-attack-of-the-clones\/\",\"name\":\"Star Wars The Vintage Collection Mace Windu Attack of the Clones - EndormoonStore\",\"isPartOf\":{\"@id\":\"https:\/\/endormoonstore.com\/#website\"},\"primaryImageOfPage\":{\"@id\":\"https:\/\/endormoonstore.com\/en\/star-wars-the-vintage-collection-mace-windu-attack-of-the-clones\/#primaryimage\"},\"image\":{\"@id\":\"https:\/\/endormoonstore.com\/en\/star-wars-the-vintage-collection-mace-windu-attack-of-the-clones\/#primaryimage\"},\"thumbnailUrl\":\"https:\/\/endormoonstore.com\/wp-content\/uploads\/2021\/11\/Star-Wars-The-Vintage-Collection-Mace-Windu-Attack-ot-the-Clones-1.jpg\",\"datePublished\":\"2021-11-07T14:25:57+00:00\",\"dateModified\":\"2022-04-02T12:24:23+00:00\",\"breadcrumb\":{\"@id\":\"https:\/\/endormoonstore.com\/en\/star-wars-the-vintage-collection-mace-windu-attack-of-the-clones\/#breadcrumb\"},\"inLanguage\":\"en-US\",\"potentialAction\":[{\"@type\":\"ReadAction\",\"target\":[\"https:\/\/endormoonstore.com\/en\/star-wars-the-vintage-collection-mace-windu-attack-of-the-clones\/\"]}]},{\"@type\":\"ImageObject\",\"inLanguage\":\"en-US\",\"@id\":\"https:\/\/endormoonstore.com\/en\/star-wars-the-vintage-collection-mace-windu-attack-of-the-clones\/#primaryimage\",\"url\":\"https:\/\/endormoonstore.com\/wp-content\/uploads\/2021\/11\/Star-Wars-The-Vintage-Collection-Mace-Windu-Attack-ot-the-Clones-1.jpg\",\"contentUrl\":\"https:\/\/endormoonstore.com\/wp-content\/uploads\/2021\/11\/Star-Wars-The-Vintage-Collection-Mace-Windu-Attack-ot-the-Clones-1.jpg\",\"width\":1000,\"height\":1000},{\"@type\":\"BreadcrumbList\",\"@id\":\"https:\/\/endormoonstore.com\/en\/star-wars-the-vintage-collection-mace-windu-attack-of-the-clones\/#breadcrumb\",\"itemListElement\":[{\"@type\":\"ListItem\",\"position\":1,\"name\":\"Shop\",\"item\":\"https:\/\/endormoonstore.com\/en\/shop\/\"},{\"@type\":\"ListItem\",\"position\":2,\"name\":\"Star Wars The Vintage Collection Mace Windu Attack of the Clones\"}]},{\"@type\":\"WebSite\",\"@id\":\"https:\/\/endormoonstore.com\/#website\",\"url\":\"https:\/\/endormoonstore.com\/\",\"name\":\"EndormoonStore\",\"description\":\"\",\"potentialAction\":[{\"@type\":\"SearchAction\",\"target\":{\"@type\":\"EntryPoint\",\"urlTemplate\":\"https:\/\/endormoonstore.com\/?s={search_term_string}\"},\"query-input\":{\"@type\":\"PropertyValueSpecification\",\"valueRequired\":true,\"valueName\":\"search_term_string\"}}],\"inLanguage\":\"en-US\"}]}<\/script>\n<!-- \/ Yoast SEO plugin. -->","yoast_head_json":{"title":"Star Wars The Vintage Collection Mace Windu Attack of the Clones - EndormoonStore","robots":{"index":"index","follow":"follow","max-snippet":"max-snippet:-1","max-image-preview":"max-image-preview:large","max-video-preview":"max-video-preview:-1"},"canonical":"https:\/\/endormoonstore.com\/en\/star-wars-the-vintage-collection-mace-windu-attack-of-the-clones\/","og_locale":"en_US","og_type":"article","og_title":"Star Wars The Vintage Collection Mace Windu Attack of the Clones - EndormoonStore","og_description":"Star Wars The Vintage Collection Mace Windu Attack of the Clones 9,5 cm  Un maestro Jedi, Mace Windu fue un campe\u00f3n de la Orden Jedi, con poca tolerancia hacia el Senado, los argumentos de los pol\u00edticos u opiniones de los Jedi rebeldes","og_url":"https:\/\/endormoonstore.com\/en\/star-wars-the-vintage-collection-mace-windu-attack-of-the-clones\/","og_site_name":"EndormoonStore","article_modified_time":"2022-04-02T12:24:23+00:00","og_image":[{"width":1000,"height":1000,"url":"https:\/\/endormoonstore.com\/wp-content\/uploads\/2021\/11\/Star-Wars-The-Vintage-Collection-Mace-Windu-Attack-ot-the-Clones-1.jpg","type":"image\/jpeg"}],"twitter_card":"summary_large_image","twitter_misc":{"Est. reading time":"1 minute"},"schema":{"@context":"https:\/\/schema.org","@graph":[{"@type":"WebPage","@id":"https:\/\/endormoonstore.com\/en\/star-wars-the-vintage-collection-mace-windu-attack-of-the-clones\/","url":"https:\/\/endormoonstore.com\/en\/star-wars-the-vintage-collection-mace-windu-attack-of-the-clones\/","name":"Star Wars The Vintage Collection Mace Windu Attack of the Clones - EndormoonStore","isPartOf":{"@id":"https:\/\/endormoonstore.com\/#website"},"primaryImageOfPage":{"@id":"https:\/\/endormoonstore.com\/en\/star-wars-the-vintage-collection-mace-windu-attack-of-the-clones\/#primaryimage"},"image":{"@id":"https:\/\/endormoonstore.com\/en\/star-wars-the-vintage-collection-mace-windu-attack-of-the-clones\/#primaryimage"},"thumbnailUrl":"https:\/\/endormoonstore.com\/wp-content\/uploads\/2021\/11\/Star-Wars-The-Vintage-Collection-Mace-Windu-Attack-ot-the-Clones-1.jpg","datePublished":"2021-11-07T14:25:57+00:00","dateModified":"2022-04-02T12:24:23+00:00","breadcrumb":{"@id":"https:\/\/endormoonstore.com\/en\/star-wars-the-vintage-collection-mace-windu-attack-of-the-clones\/#breadcrumb"},"inLanguage":"en-US","potentialAction":[{"@type":"ReadAction","target":["https:\/\/endormoonstore.com\/en\/star-wars-the-vintage-collection-mace-windu-attack-of-the-clones\/"]}]},{"@type":"ImageObject","inLanguage":"en-US","@id":"https:\/\/endormoonstore.com\/en\/star-wars-the-vintage-collection-mace-windu-attack-of-the-clones\/#primaryimage","url":"https:\/\/endormoonstore.com\/wp-content\/uploads\/2021\/11\/Star-Wars-The-Vintage-Collection-Mace-Windu-Attack-ot-the-Clones-1.jpg","contentUrl":"https:\/\/endormoonstore.com\/wp-content\/uploads\/2021\/11\/Star-Wars-The-Vintage-Collection-Mace-Windu-Attack-ot-the-Clones-1.jpg","width":1000,"height":1000},{"@type":"BreadcrumbList","@id":"https:\/\/endormoonstore.com\/en\/star-wars-the-vintage-collection-mace-windu-attack-of-the-clones\/#breadcrumb","itemListElement":[{"@type":"ListItem","position":1,"name":"Shop","item":"https:\/\/endormoonstore.com\/en\/shop\/"},{"@type":"ListItem","position":2,"name":"Star Wars The Vintage Collection Mace Windu Attack of the Clones"}]},{"@type":"WebSite","@id":"https:\/\/endormoonstore.com\/#website","url":"https:\/\/endormoonstore.com\/","name":"EndormoonStore","description":"","potentialAction":[{"@type":"SearchAction","target":{"@type":"EntryPoint","urlTemplate":"https:\/\/endormoonstore.com\/?s={search_term_string}"},"query-input":{"@type":"PropertyValueSpecification","valueRequired":true,"valueName":"search_term_string"}}],"inLanguage":"en-US"}]}},"taxonomy_info":{"product_cat":[{"value":1390,"label":"Figures"}],"pa_brand":[{"value":2084,"label":"Hasbro"}],"pa_character":[{"value":4694,"label":"Mace Windu"}],"pa_episode":[{"value":2498,"label":"Star Wars: Attack of the Clones"}],"pa_license":[{"value":1644,"label":"Star Wars"}],"pa_product-type":[{"value":2387,"label":"Figure"}],"pa_theme":[{"value":1660,"label":"The Vintage Collection"}]},"featured_image_src_large":["https:\/\/endormoonstore.com\/wp-content\/uploads\/2021\/11\/Star-Wars-The-Vintage-Collection-Mace-Windu-Attack-ot-the-Clones-1.jpg",1000,1000,false],"author_info":[],"comment_info":"","_links":{"self":[{"href":"https:\/\/endormoonstore.com\/en\/wp-json\/wp\/v2\/product\/118250","targetHints":{"allow":["GET"]}}],"collection":[{"href":"https:\/\/endormoonstore.com\/en\/wp-json\/wp\/v2\/product"}],"about":[{"href":"https:\/\/endormoonstore.com\/en\/wp-json\/wp\/v2\/types\/product"}],"wp:featuredmedia":[{"embeddable":true,"href":"https:\/\/endormoonstore.com\/en\/wp-json\/wp\/v2\/media\/118240"}],"wp:attachment":[{"href":"https:\/\/endormoonstore.com\/en\/wp-json\/wp\/v2\/media?parent=118250"}],"wp:term":[{"taxonomy":"product_cat","embeddable":true,"href":"https:\/\/endormoonstore.com\/en\/wp-json\/wp\/v2\/product_cat?post=118250"},{"taxonomy":"product_tag","embeddable":true,"href":"https:\/\/endormoonstore.com\/en\/wp-json\/wp\/v2\/product_tag?post=118250"}],"curies":[{"name":"wp","href":"https:\/\/api.w.org\/{rel}","templated":true}]}}