{"id":118220,"date":"2021-11-07T13:57:23","date_gmt":"2021-11-07T12:57:23","guid":{"rendered":"https:\/\/endormoonstore.com\/star-wars-the-vintage-anakin-skywalker-the-phantom-menace\/"},"modified":"2022-04-02T14:39:49","modified_gmt":"2022-04-02T12:39:49","slug":"star-wars-the-vintage-anakin-skywalker-the-phantom-menace","status":"publish","type":"product","link":"https:\/\/endormoonstore.com\/en\/star-wars-the-vintage-anakin-skywalker-the-phantom-menace\/","title":{"rendered":"Star Wars The Vintage Anakin Skywalker The Phantom Menace"},"content":{"rendered":"<p><strong>Star Wars The Vintage Anakin Skywalker The Phantom Menace 9,5 cm<\/strong><\/p>\n<ul>\n<li>Anakin Skywalker ten\u00eda el potencial de convertirse en el Jedi m\u00e1s poderoso.\u00a0Algunos cre\u00edan que era el Elegido, pero ten\u00eda un miedo a perder que result\u00f3 ser su perdici\u00f3n.<\/li>\n<li>Hasbro presenta dentro de su colecci\u00f3n Vintage Collection la figura de Anakin Skywalker con detalles y dise\u00f1o premium en m\u00faltiples puntos de articulaci\u00f3n inspirados en Star Wars: La Amenaza Fantasma.<\/li>\n<li>Figura de unos 9,5 cm de Star Wars The Vintage Collection es un gran regalo para los fan\u00e1ticos y coleccionistas de Star Wars.<\/li>\n<li>Esta figura de acci\u00f3n de Anakin Skywalker est\u00e1 inspirada en el personaje de Star Wars: La Amenaza Fantasma.<\/li>\n<li>Incluye: figura y 4 accesorios.<\/li>\n<\/ul>\n","protected":false},"excerpt":{"rendered":"<p><strong>Star Wars The Vintage Anakin Skywalker The Phantom Menace 9,5 cm<\/strong><\/p>\n<p>Anakin Skywalker ten\u00eda el potencial de convertirse en el Jedi m\u00e1s poderoso.\u00a0Algunos cre\u00edan que era el Elegido, pero ten\u00eda un miedo a perder que result\u00f3 ser su perdici\u00f3n.<\/p>\n","protected":false},"featured_media":118205,"template":"","meta":{"_acf_changed":false,"_kad_blocks_custom_css":"","_kad_blocks_head_custom_js":"","_kad_blocks_body_custom_js":"","_kad_blocks_footer_custom_js":""},"product_cat":[1390],"product_tag":[],"class_list":{"0":"post-118220","1":"product","2":"type-product","3":"status-publish","4":"has-post-thumbnail","6":"product_cat-figures","7":"pa_brand-hasbro-en","8":"pa_character-anakin-skywalker-en","9":"pa_episode-star-wars-the-phantom-menace","10":"pa_license-star-wars-en","11":"pa_product-type-figure","12":"pa_theme-the-vintage-collection-en","14":"first","15":"instock","16":"taxable","17":"shipping-taxable","18":"purchasable","19":"product-type-simple"},"acf":[],"yoast_head":"<!-- This site is optimized with the Yoast SEO plugin v26.1.1 - https:\/\/yoast.com\/wordpress\/plugins\/seo\/ -->\n<title>Star Wars The Vintage Anakin Skywalker The Phantom Menace - EndormoonStore<\/title>\n<meta name=\"robots\" content=\"index, follow, max-snippet:-1, max-image-preview:large, max-video-preview:-1\" \/>\n<link rel=\"canonical\" href=\"https:\/\/endormoonstore.com\/en\/star-wars-the-vintage-anakin-skywalker-the-phantom-menace\/\" \/>\n<meta property=\"og:locale\" content=\"en_US\" \/>\n<meta property=\"og:type\" content=\"article\" \/>\n<meta property=\"og:title\" content=\"Star Wars The Vintage Anakin Skywalker The Phantom Menace - EndormoonStore\" \/>\n<meta property=\"og:description\" content=\"Star Wars The Vintage Anakin Skywalker The Phantom Menace 9,5 cm  Anakin Skywalker ten\u00eda el potencial de convertirse en el Jedi m\u00e1s poderoso.\u00a0Algunos cre\u00edan que era el Elegido, pero ten\u00eda un miedo a perder que result\u00f3 ser su perdici\u00f3n.\" \/>\n<meta property=\"og:url\" content=\"https:\/\/endormoonstore.com\/en\/star-wars-the-vintage-anakin-skywalker-the-phantom-menace\/\" \/>\n<meta property=\"og:site_name\" content=\"EndormoonStore\" \/>\n<meta property=\"article:modified_time\" content=\"2022-04-02T12:39:49+00:00\" \/>\n<meta property=\"og:image\" content=\"https:\/\/endormoonstore.com\/wp-content\/uploads\/2021\/11\/Star-Wars-The-Vintage-Star-Wars-The-Vintage-Anakin-Skywalker-The-Phantom-Menace-1.jpg\" \/>\n\t<meta property=\"og:image:width\" content=\"1000\" \/>\n\t<meta property=\"og:image:height\" content=\"1000\" \/>\n\t<meta property=\"og:image:type\" content=\"image\/jpeg\" \/>\n<meta name=\"twitter:card\" content=\"summary_large_image\" \/>\n<meta name=\"twitter:label1\" content=\"Est. reading time\" \/>\n\t<meta name=\"twitter:data1\" content=\"1 minute\" \/>\n<script type=\"application\/ld+json\" class=\"yoast-schema-graph\">{\"@context\":\"https:\/\/schema.org\",\"@graph\":[{\"@type\":\"WebPage\",\"@id\":\"https:\/\/endormoonstore.com\/en\/star-wars-the-vintage-anakin-skywalker-the-phantom-menace\/\",\"url\":\"https:\/\/endormoonstore.com\/en\/star-wars-the-vintage-anakin-skywalker-the-phantom-menace\/\",\"name\":\"Star Wars The Vintage Anakin Skywalker The Phantom Menace - EndormoonStore\",\"isPartOf\":{\"@id\":\"https:\/\/endormoonstore.com\/#website\"},\"primaryImageOfPage\":{\"@id\":\"https:\/\/endormoonstore.com\/en\/star-wars-the-vintage-anakin-skywalker-the-phantom-menace\/#primaryimage\"},\"image\":{\"@id\":\"https:\/\/endormoonstore.com\/en\/star-wars-the-vintage-anakin-skywalker-the-phantom-menace\/#primaryimage\"},\"thumbnailUrl\":\"https:\/\/endormoonstore.com\/wp-content\/uploads\/2021\/11\/Star-Wars-The-Vintage-Star-Wars-The-Vintage-Anakin-Skywalker-The-Phantom-Menace-1.jpg\",\"datePublished\":\"2021-11-07T12:57:23+00:00\",\"dateModified\":\"2022-04-02T12:39:49+00:00\",\"breadcrumb\":{\"@id\":\"https:\/\/endormoonstore.com\/en\/star-wars-the-vintage-anakin-skywalker-the-phantom-menace\/#breadcrumb\"},\"inLanguage\":\"en-US\",\"potentialAction\":[{\"@type\":\"ReadAction\",\"target\":[\"https:\/\/endormoonstore.com\/en\/star-wars-the-vintage-anakin-skywalker-the-phantom-menace\/\"]}]},{\"@type\":\"ImageObject\",\"inLanguage\":\"en-US\",\"@id\":\"https:\/\/endormoonstore.com\/en\/star-wars-the-vintage-anakin-skywalker-the-phantom-menace\/#primaryimage\",\"url\":\"https:\/\/endormoonstore.com\/wp-content\/uploads\/2021\/11\/Star-Wars-The-Vintage-Star-Wars-The-Vintage-Anakin-Skywalker-The-Phantom-Menace-1.jpg\",\"contentUrl\":\"https:\/\/endormoonstore.com\/wp-content\/uploads\/2021\/11\/Star-Wars-The-Vintage-Star-Wars-The-Vintage-Anakin-Skywalker-The-Phantom-Menace-1.jpg\",\"width\":1000,\"height\":1000},{\"@type\":\"BreadcrumbList\",\"@id\":\"https:\/\/endormoonstore.com\/en\/star-wars-the-vintage-anakin-skywalker-the-phantom-menace\/#breadcrumb\",\"itemListElement\":[{\"@type\":\"ListItem\",\"position\":1,\"name\":\"Shop\",\"item\":\"https:\/\/endormoonstore.com\/en\/shop\/\"},{\"@type\":\"ListItem\",\"position\":2,\"name\":\"Star Wars The Vintage Anakin Skywalker The Phantom Menace\"}]},{\"@type\":\"WebSite\",\"@id\":\"https:\/\/endormoonstore.com\/#website\",\"url\":\"https:\/\/endormoonstore.com\/\",\"name\":\"EndormoonStore\",\"description\":\"\",\"potentialAction\":[{\"@type\":\"SearchAction\",\"target\":{\"@type\":\"EntryPoint\",\"urlTemplate\":\"https:\/\/endormoonstore.com\/?s={search_term_string}\"},\"query-input\":{\"@type\":\"PropertyValueSpecification\",\"valueRequired\":true,\"valueName\":\"search_term_string\"}}],\"inLanguage\":\"en-US\"}]}<\/script>\n<!-- \/ Yoast SEO plugin. -->","yoast_head_json":{"title":"Star Wars The Vintage Anakin Skywalker The Phantom Menace - EndormoonStore","robots":{"index":"index","follow":"follow","max-snippet":"max-snippet:-1","max-image-preview":"max-image-preview:large","max-video-preview":"max-video-preview:-1"},"canonical":"https:\/\/endormoonstore.com\/en\/star-wars-the-vintage-anakin-skywalker-the-phantom-menace\/","og_locale":"en_US","og_type":"article","og_title":"Star Wars The Vintage Anakin Skywalker The Phantom Menace - EndormoonStore","og_description":"Star Wars The Vintage Anakin Skywalker The Phantom Menace 9,5 cm  Anakin Skywalker ten\u00eda el potencial de convertirse en el Jedi m\u00e1s poderoso.\u00a0Algunos cre\u00edan que era el Elegido, pero ten\u00eda un miedo a perder que result\u00f3 ser su perdici\u00f3n.","og_url":"https:\/\/endormoonstore.com\/en\/star-wars-the-vintage-anakin-skywalker-the-phantom-menace\/","og_site_name":"EndormoonStore","article_modified_time":"2022-04-02T12:39:49+00:00","og_image":[{"width":1000,"height":1000,"url":"https:\/\/endormoonstore.com\/wp-content\/uploads\/2021\/11\/Star-Wars-The-Vintage-Star-Wars-The-Vintage-Anakin-Skywalker-The-Phantom-Menace-1.jpg","type":"image\/jpeg"}],"twitter_card":"summary_large_image","twitter_misc":{"Est. reading time":"1 minute"},"schema":{"@context":"https:\/\/schema.org","@graph":[{"@type":"WebPage","@id":"https:\/\/endormoonstore.com\/en\/star-wars-the-vintage-anakin-skywalker-the-phantom-menace\/","url":"https:\/\/endormoonstore.com\/en\/star-wars-the-vintage-anakin-skywalker-the-phantom-menace\/","name":"Star Wars The Vintage Anakin Skywalker The Phantom Menace - EndormoonStore","isPartOf":{"@id":"https:\/\/endormoonstore.com\/#website"},"primaryImageOfPage":{"@id":"https:\/\/endormoonstore.com\/en\/star-wars-the-vintage-anakin-skywalker-the-phantom-menace\/#primaryimage"},"image":{"@id":"https:\/\/endormoonstore.com\/en\/star-wars-the-vintage-anakin-skywalker-the-phantom-menace\/#primaryimage"},"thumbnailUrl":"https:\/\/endormoonstore.com\/wp-content\/uploads\/2021\/11\/Star-Wars-The-Vintage-Star-Wars-The-Vintage-Anakin-Skywalker-The-Phantom-Menace-1.jpg","datePublished":"2021-11-07T12:57:23+00:00","dateModified":"2022-04-02T12:39:49+00:00","breadcrumb":{"@id":"https:\/\/endormoonstore.com\/en\/star-wars-the-vintage-anakin-skywalker-the-phantom-menace\/#breadcrumb"},"inLanguage":"en-US","potentialAction":[{"@type":"ReadAction","target":["https:\/\/endormoonstore.com\/en\/star-wars-the-vintage-anakin-skywalker-the-phantom-menace\/"]}]},{"@type":"ImageObject","inLanguage":"en-US","@id":"https:\/\/endormoonstore.com\/en\/star-wars-the-vintage-anakin-skywalker-the-phantom-menace\/#primaryimage","url":"https:\/\/endormoonstore.com\/wp-content\/uploads\/2021\/11\/Star-Wars-The-Vintage-Star-Wars-The-Vintage-Anakin-Skywalker-The-Phantom-Menace-1.jpg","contentUrl":"https:\/\/endormoonstore.com\/wp-content\/uploads\/2021\/11\/Star-Wars-The-Vintage-Star-Wars-The-Vintage-Anakin-Skywalker-The-Phantom-Menace-1.jpg","width":1000,"height":1000},{"@type":"BreadcrumbList","@id":"https:\/\/endormoonstore.com\/en\/star-wars-the-vintage-anakin-skywalker-the-phantom-menace\/#breadcrumb","itemListElement":[{"@type":"ListItem","position":1,"name":"Shop","item":"https:\/\/endormoonstore.com\/en\/shop\/"},{"@type":"ListItem","position":2,"name":"Star Wars The Vintage Anakin Skywalker The Phantom Menace"}]},{"@type":"WebSite","@id":"https:\/\/endormoonstore.com\/#website","url":"https:\/\/endormoonstore.com\/","name":"EndormoonStore","description":"","potentialAction":[{"@type":"SearchAction","target":{"@type":"EntryPoint","urlTemplate":"https:\/\/endormoonstore.com\/?s={search_term_string}"},"query-input":{"@type":"PropertyValueSpecification","valueRequired":true,"valueName":"search_term_string"}}],"inLanguage":"en-US"}]}},"taxonomy_info":{"product_cat":[{"value":1390,"label":"Figures"}],"pa_brand":[{"value":2084,"label":"Hasbro"}],"pa_character":[{"value":3464,"label":"Anakin Skywalker"}],"pa_episode":[{"value":2534,"label":"Star Wars: The Phantom Menace"}],"pa_license":[{"value":1644,"label":"Star Wars"}],"pa_product-type":[{"value":2387,"label":"Figure"}],"pa_theme":[{"value":1660,"label":"The Vintage Collection"}]},"featured_image_src_large":["https:\/\/endormoonstore.com\/wp-content\/uploads\/2021\/11\/Star-Wars-The-Vintage-Star-Wars-The-Vintage-Anakin-Skywalker-The-Phantom-Menace-1.jpg",1000,1000,false],"author_info":[],"comment_info":"","_links":{"self":[{"href":"https:\/\/endormoonstore.com\/en\/wp-json\/wp\/v2\/product\/118220","targetHints":{"allow":["GET"]}}],"collection":[{"href":"https:\/\/endormoonstore.com\/en\/wp-json\/wp\/v2\/product"}],"about":[{"href":"https:\/\/endormoonstore.com\/en\/wp-json\/wp\/v2\/types\/product"}],"wp:featuredmedia":[{"embeddable":true,"href":"https:\/\/endormoonstore.com\/en\/wp-json\/wp\/v2\/media\/118205"}],"wp:attachment":[{"href":"https:\/\/endormoonstore.com\/en\/wp-json\/wp\/v2\/media?parent=118220"}],"wp:term":[{"taxonomy":"product_cat","embeddable":true,"href":"https:\/\/endormoonstore.com\/en\/wp-json\/wp\/v2\/product_cat?post=118220"},{"taxonomy":"product_tag","embeddable":true,"href":"https:\/\/endormoonstore.com\/en\/wp-json\/wp\/v2\/product_tag?post=118220"}],"curies":[{"name":"wp","href":"https:\/\/api.w.org\/{rel}","templated":true}]}}