{"id":118186,"date":"2021-11-07T12:57:50","date_gmt":"2021-11-07T11:57:50","guid":{"rendered":"https:\/\/endormoonstore.com\/star-wars-the-vintage-collection-ahsoka-tano-corvus\/"},"modified":"2022-06-26T15:46:15","modified_gmt":"2022-06-26T13:46:15","slug":"star-wars-the-vintage-collection-ahsoka-tano-corvus","status":"publish","type":"product","link":"https:\/\/endormoonstore.com\/en\/star-wars-the-vintage-collection-ahsoka-tano-corvus\/","title":{"rendered":"Star Wars The Vintage Collection Ahsoka Tano (Corvus)"},"content":{"rendered":"<p><strong>Star Wars The Vintage Collection Ahsoka Tano (Corvus) Figure 9,5 cm<\/strong><\/p>\n<ul>\n<li>Una veterana de las Guerras Clon y ahora Jedi errante, Ahsoka Tano se forja su propio camino en la galaxia, corrigiendo las injusticias que descubre.<\/li>\n<li>Hasbro presenta dentro de su colecci\u00f3n Vintage Collection la figura de Ahsoka Tano (Corvus ) Con detalles y dise\u00f1o premium en m\u00faltiples puntos de articulaci\u00f3n inspirados en Star Wars: The Mandalorian.<\/li>\n<li>Figura de unos 9,5 cm de Star Wars The Vintage Collection es un gran regalo para los fan\u00e1ticos y coleccionistas de Star Wars.<\/li>\n<li>Esta figura de acci\u00f3n de Ahsoka Tano (Corvus ) est\u00e1 inspirada en el personaje de Star Wars: The Mandalorian<\/li>\n<li>Incluye: figura y 2 accesorios.<\/li>\n<\/ul>\n","protected":false},"excerpt":{"rendered":"<p><strong>Star Wars The Vintage Collection Ahsoka Tano (Corvus) Figure 9,5 cm<\/strong><\/p>\n<p>Una veterana de las Guerras Clon y ahora Jedi errante, Ahsoka Tano se forja su propio camino en la galaxia, corrigiendo las injusticias que descubre.<\/p>\n","protected":false},"featured_media":118178,"template":"","meta":{"_acf_changed":false,"_kad_blocks_custom_css":"","_kad_blocks_head_custom_js":"","_kad_blocks_body_custom_js":"","_kad_blocks_footer_custom_js":""},"product_cat":[1390],"product_tag":[],"class_list":{"0":"post-118186","1":"product","2":"type-product","3":"status-publish","4":"has-post-thumbnail","6":"product_cat-figures","7":"pa_brand-hasbro-en","8":"pa_character-ahsoka-tano-en","9":"pa_episode-the-mandalorian-en","10":"pa_license-star-wars-en","11":"pa_product-type-figure","12":"pa_theme-the-vintage-collection-en","14":"first","15":"instock","16":"taxable","17":"shipping-taxable","18":"purchasable","19":"product-type-simple"},"acf":[],"yoast_head":"<!-- This site is optimized with the Yoast SEO plugin v26.1.1 - https:\/\/yoast.com\/wordpress\/plugins\/seo\/ -->\n<title>Star Wars The Vintage Collection Ahsoka Tano (Corvus) - EndormoonStore<\/title>\n<meta name=\"robots\" content=\"index, follow, max-snippet:-1, max-image-preview:large, max-video-preview:-1\" \/>\n<link rel=\"canonical\" href=\"https:\/\/endormoonstore.com\/en\/star-wars-the-vintage-collection-ahsoka-tano-corvus\/\" \/>\n<meta property=\"og:locale\" content=\"en_US\" \/>\n<meta property=\"og:type\" content=\"article\" \/>\n<meta property=\"og:title\" content=\"Star Wars The Vintage Collection Ahsoka Tano (Corvus) - EndormoonStore\" \/>\n<meta property=\"og:description\" content=\"Star Wars The Vintage Collection Ahsoka Tano (Corvus) Figure 9,5 cm  Una veterana de las Guerras Clon y ahora Jedi errante, Ahsoka Tano se forja su propio camino en la galaxia, corrigiendo las injusticias que descubre.\" \/>\n<meta property=\"og:url\" content=\"https:\/\/endormoonstore.com\/en\/star-wars-the-vintage-collection-ahsoka-tano-corvus\/\" \/>\n<meta property=\"og:site_name\" content=\"EndormoonStore\" \/>\n<meta property=\"article:modified_time\" content=\"2022-06-26T13:46:15+00:00\" \/>\n<meta property=\"og:image\" content=\"https:\/\/endormoonstore.com\/wp-content\/uploads\/2021\/11\/Star-Wars-The-Vintage-Collection-Ahsoka-Tano-Corvus-1.jpg\" \/>\n\t<meta property=\"og:image:width\" content=\"1000\" \/>\n\t<meta property=\"og:image:height\" content=\"1000\" \/>\n\t<meta property=\"og:image:type\" content=\"image\/jpeg\" \/>\n<meta name=\"twitter:card\" content=\"summary_large_image\" \/>\n<meta name=\"twitter:label1\" content=\"Est. reading time\" \/>\n\t<meta name=\"twitter:data1\" content=\"1 minute\" \/>\n<script type=\"application\/ld+json\" class=\"yoast-schema-graph\">{\"@context\":\"https:\/\/schema.org\",\"@graph\":[{\"@type\":\"WebPage\",\"@id\":\"https:\/\/endormoonstore.com\/en\/star-wars-the-vintage-collection-ahsoka-tano-corvus\/\",\"url\":\"https:\/\/endormoonstore.com\/en\/star-wars-the-vintage-collection-ahsoka-tano-corvus\/\",\"name\":\"Star Wars The Vintage Collection Ahsoka Tano (Corvus) - EndormoonStore\",\"isPartOf\":{\"@id\":\"https:\/\/endormoonstore.com\/#website\"},\"primaryImageOfPage\":{\"@id\":\"https:\/\/endormoonstore.com\/en\/star-wars-the-vintage-collection-ahsoka-tano-corvus\/#primaryimage\"},\"image\":{\"@id\":\"https:\/\/endormoonstore.com\/en\/star-wars-the-vintage-collection-ahsoka-tano-corvus\/#primaryimage\"},\"thumbnailUrl\":\"https:\/\/endormoonstore.com\/wp-content\/uploads\/2021\/11\/Star-Wars-The-Vintage-Collection-Ahsoka-Tano-Corvus-1.jpg\",\"datePublished\":\"2021-11-07T11:57:50+00:00\",\"dateModified\":\"2022-06-26T13:46:15+00:00\",\"breadcrumb\":{\"@id\":\"https:\/\/endormoonstore.com\/en\/star-wars-the-vintage-collection-ahsoka-tano-corvus\/#breadcrumb\"},\"inLanguage\":\"en-US\",\"potentialAction\":[{\"@type\":\"ReadAction\",\"target\":[\"https:\/\/endormoonstore.com\/en\/star-wars-the-vintage-collection-ahsoka-tano-corvus\/\"]}]},{\"@type\":\"ImageObject\",\"inLanguage\":\"en-US\",\"@id\":\"https:\/\/endormoonstore.com\/en\/star-wars-the-vintage-collection-ahsoka-tano-corvus\/#primaryimage\",\"url\":\"https:\/\/endormoonstore.com\/wp-content\/uploads\/2021\/11\/Star-Wars-The-Vintage-Collection-Ahsoka-Tano-Corvus-1.jpg\",\"contentUrl\":\"https:\/\/endormoonstore.com\/wp-content\/uploads\/2021\/11\/Star-Wars-The-Vintage-Collection-Ahsoka-Tano-Corvus-1.jpg\",\"width\":1000,\"height\":1000},{\"@type\":\"BreadcrumbList\",\"@id\":\"https:\/\/endormoonstore.com\/en\/star-wars-the-vintage-collection-ahsoka-tano-corvus\/#breadcrumb\",\"itemListElement\":[{\"@type\":\"ListItem\",\"position\":1,\"name\":\"Shop\",\"item\":\"https:\/\/endormoonstore.com\/en\/shop\/\"},{\"@type\":\"ListItem\",\"position\":2,\"name\":\"Star Wars The Vintage Collection Ahsoka Tano (Corvus)\"}]},{\"@type\":\"WebSite\",\"@id\":\"https:\/\/endormoonstore.com\/#website\",\"url\":\"https:\/\/endormoonstore.com\/\",\"name\":\"EndormoonStore\",\"description\":\"\",\"potentialAction\":[{\"@type\":\"SearchAction\",\"target\":{\"@type\":\"EntryPoint\",\"urlTemplate\":\"https:\/\/endormoonstore.com\/?s={search_term_string}\"},\"query-input\":{\"@type\":\"PropertyValueSpecification\",\"valueRequired\":true,\"valueName\":\"search_term_string\"}}],\"inLanguage\":\"en-US\"}]}<\/script>\n<!-- \/ Yoast SEO plugin. -->","yoast_head_json":{"title":"Star Wars The Vintage Collection Ahsoka Tano (Corvus) - EndormoonStore","robots":{"index":"index","follow":"follow","max-snippet":"max-snippet:-1","max-image-preview":"max-image-preview:large","max-video-preview":"max-video-preview:-1"},"canonical":"https:\/\/endormoonstore.com\/en\/star-wars-the-vintage-collection-ahsoka-tano-corvus\/","og_locale":"en_US","og_type":"article","og_title":"Star Wars The Vintage Collection Ahsoka Tano (Corvus) - EndormoonStore","og_description":"Star Wars The Vintage Collection Ahsoka Tano (Corvus) Figure 9,5 cm  Una veterana de las Guerras Clon y ahora Jedi errante, Ahsoka Tano se forja su propio camino en la galaxia, corrigiendo las injusticias que descubre.","og_url":"https:\/\/endormoonstore.com\/en\/star-wars-the-vintage-collection-ahsoka-tano-corvus\/","og_site_name":"EndormoonStore","article_modified_time":"2022-06-26T13:46:15+00:00","og_image":[{"width":1000,"height":1000,"url":"https:\/\/endormoonstore.com\/wp-content\/uploads\/2021\/11\/Star-Wars-The-Vintage-Collection-Ahsoka-Tano-Corvus-1.jpg","type":"image\/jpeg"}],"twitter_card":"summary_large_image","twitter_misc":{"Est. reading time":"1 minute"},"schema":{"@context":"https:\/\/schema.org","@graph":[{"@type":"WebPage","@id":"https:\/\/endormoonstore.com\/en\/star-wars-the-vintage-collection-ahsoka-tano-corvus\/","url":"https:\/\/endormoonstore.com\/en\/star-wars-the-vintage-collection-ahsoka-tano-corvus\/","name":"Star Wars The Vintage Collection Ahsoka Tano (Corvus) - EndormoonStore","isPartOf":{"@id":"https:\/\/endormoonstore.com\/#website"},"primaryImageOfPage":{"@id":"https:\/\/endormoonstore.com\/en\/star-wars-the-vintage-collection-ahsoka-tano-corvus\/#primaryimage"},"image":{"@id":"https:\/\/endormoonstore.com\/en\/star-wars-the-vintage-collection-ahsoka-tano-corvus\/#primaryimage"},"thumbnailUrl":"https:\/\/endormoonstore.com\/wp-content\/uploads\/2021\/11\/Star-Wars-The-Vintage-Collection-Ahsoka-Tano-Corvus-1.jpg","datePublished":"2021-11-07T11:57:50+00:00","dateModified":"2022-06-26T13:46:15+00:00","breadcrumb":{"@id":"https:\/\/endormoonstore.com\/en\/star-wars-the-vintage-collection-ahsoka-tano-corvus\/#breadcrumb"},"inLanguage":"en-US","potentialAction":[{"@type":"ReadAction","target":["https:\/\/endormoonstore.com\/en\/star-wars-the-vintage-collection-ahsoka-tano-corvus\/"]}]},{"@type":"ImageObject","inLanguage":"en-US","@id":"https:\/\/endormoonstore.com\/en\/star-wars-the-vintage-collection-ahsoka-tano-corvus\/#primaryimage","url":"https:\/\/endormoonstore.com\/wp-content\/uploads\/2021\/11\/Star-Wars-The-Vintage-Collection-Ahsoka-Tano-Corvus-1.jpg","contentUrl":"https:\/\/endormoonstore.com\/wp-content\/uploads\/2021\/11\/Star-Wars-The-Vintage-Collection-Ahsoka-Tano-Corvus-1.jpg","width":1000,"height":1000},{"@type":"BreadcrumbList","@id":"https:\/\/endormoonstore.com\/en\/star-wars-the-vintage-collection-ahsoka-tano-corvus\/#breadcrumb","itemListElement":[{"@type":"ListItem","position":1,"name":"Shop","item":"https:\/\/endormoonstore.com\/en\/shop\/"},{"@type":"ListItem","position":2,"name":"Star Wars The Vintage Collection Ahsoka Tano (Corvus)"}]},{"@type":"WebSite","@id":"https:\/\/endormoonstore.com\/#website","url":"https:\/\/endormoonstore.com\/","name":"EndormoonStore","description":"","potentialAction":[{"@type":"SearchAction","target":{"@type":"EntryPoint","urlTemplate":"https:\/\/endormoonstore.com\/?s={search_term_string}"},"query-input":{"@type":"PropertyValueSpecification","valueRequired":true,"valueName":"search_term_string"}}],"inLanguage":"en-US"}]}},"taxonomy_info":{"product_cat":[{"value":1390,"label":"Figures"}],"pa_brand":[{"value":2084,"label":"Hasbro"}],"pa_character":[{"value":2351,"label":"Ahsoka Tano"}],"pa_episode":[{"value":1993,"label":"The Mandalorian"}],"pa_license":[{"value":1644,"label":"Star Wars"}],"pa_product-type":[{"value":2387,"label":"Figure"}],"pa_theme":[{"value":1660,"label":"The Vintage Collection"}]},"featured_image_src_large":["https:\/\/endormoonstore.com\/wp-content\/uploads\/2021\/11\/Star-Wars-The-Vintage-Collection-Ahsoka-Tano-Corvus-1.jpg",1000,1000,false],"author_info":[],"comment_info":"","_links":{"self":[{"href":"https:\/\/endormoonstore.com\/en\/wp-json\/wp\/v2\/product\/118186","targetHints":{"allow":["GET"]}}],"collection":[{"href":"https:\/\/endormoonstore.com\/en\/wp-json\/wp\/v2\/product"}],"about":[{"href":"https:\/\/endormoonstore.com\/en\/wp-json\/wp\/v2\/types\/product"}],"wp:featuredmedia":[{"embeddable":true,"href":"https:\/\/endormoonstore.com\/en\/wp-json\/wp\/v2\/media\/118178"}],"wp:attachment":[{"href":"https:\/\/endormoonstore.com\/en\/wp-json\/wp\/v2\/media?parent=118186"}],"wp:term":[{"taxonomy":"product_cat","embeddable":true,"href":"https:\/\/endormoonstore.com\/en\/wp-json\/wp\/v2\/product_cat?post=118186"},{"taxonomy":"product_tag","embeddable":true,"href":"https:\/\/endormoonstore.com\/en\/wp-json\/wp\/v2\/product_tag?post=118186"}],"curies":[{"name":"wp","href":"https:\/\/api.w.org\/{rel}","templated":true}]}}