{"id":118163,"date":"2021-11-06T23:01:25","date_gmt":"2021-11-06T22:01:25","guid":{"rendered":"https:\/\/endormoonstore.com\/star-wars-the-black-series-leia-organa-force-fx-elite-lightsaber\/"},"modified":"2022-10-11T21:03:22","modified_gmt":"2022-10-11T19:03:22","slug":"star-wars-the-black-series-leia-organa-force-fx-elite-lightsaber","status":"publish","type":"product","link":"https:\/\/endormoonstore.com\/en\/star-wars-the-black-series-leia-organa-force-fx-elite-lightsaber\/","title":{"rendered":"Star Wars The Black Series Leia Organa Force FX Elite Lightsaber"},"content":{"rendered":"<p><strong>Star Wars The Black Series Leia Organa Force FX Elite Lightsaber<\/strong><\/p>\n<ul>\n<li>Leia Organa fue una de las l\u00edderes m\u00e1s importantes de la Alianza Rebelde, intr\u00e9pida en el campo de batalla.<\/li>\n<li>Leia se entren\u00f3 como Jedi con Luke, pero abandon\u00f3 el camino Jedi despu\u00e9s de sentir que resultar\u00eda en la muerte de su hijo.<\/li>\n<li>Regres\u00f3 a la arena pol\u00edtica formando la Resistencia, una fuerza militar que vigilar\u00eda a la Primera Orden<\/li>\n<li>El sable de luz.\u00a0Un arma elegante de una \u00e9poca m\u00e1s civilizada. Esta frase nos recuerda al gran Obi-Wan<\/li>\n<li>Una de las arma m\u00e1s ic\u00f3nica de la galaxia de Star Wars, The Black Series ha producido un sable de luz de coleccionista con LED avanzados para crear un sable de luz Hasbro Star Wars realista.<\/li>\n<li>Utilizando tecnolog\u00eda LED avanzada, Star Wars The Black Series ha creado un sable de luz con una apariencia, sensaci\u00f3n y rendimiento realistas.<\/li>\n<li>Incluye sable de luz, soporte de exhibici\u00f3n e instrucciones.<\/li>\n<li>Calidad de coleccionista. Efectos de luz realistas.<\/li>\n<li>Efectos de sonido de pel\u00edcula aut\u00e9nticos.<\/li>\n<li>Empu\u00f1adura de metal.<\/li>\n<li>Soporte para exposici\u00f3n.<\/li>\n<li>Requiere pilas x3 (1.5V AA \/ LR6. *No incluidas).<\/li>\n<\/ul>\n<p>&nbsp;<\/p>\n<p>&nbsp;<\/p>\n","protected":false},"excerpt":{"rendered":"<p><strong>Star Wars The Black Series Leia Organa Force FX Elite Lightsaber<\/strong><\/p>\n<p>Leia Organa fue una de las l\u00edderes m\u00e1s importantes de la Alianza Rebelde, intr\u00e9pida en el campo de batalla.<\/p>\n","protected":false},"featured_media":118142,"template":"","meta":{"_acf_changed":false,"_kad_blocks_custom_css":"","_kad_blocks_head_custom_js":"","_kad_blocks_body_custom_js":"","_kad_blocks_footer_custom_js":""},"product_cat":[1390],"product_tag":[],"class_list":{"0":"post-118163","1":"product","2":"type-product","3":"status-publish","4":"has-post-thumbnail","6":"product_cat-figures","7":"pa_brand-hasbro-en","8":"pa_character-leia-organa-en","9":"pa_episode-star-wars-the-rise-of-skywalker","10":"pa_license-star-wars-en","11":"pa_product-type-force-fx-elite-lightsaber-en","12":"pa_theme-the-black-series-en","14":"first","15":"outofstock","16":"taxable","17":"shipping-taxable","18":"purchasable","19":"product-type-simple"},"acf":[],"yoast_head":"<!-- This site is optimized with the Yoast SEO plugin v26.1.1 - https:\/\/yoast.com\/wordpress\/plugins\/seo\/ -->\n<title>Star Wars The Black Series Leia Organa Force FX Elite Lightsaber - EndormoonStore<\/title>\n<meta name=\"robots\" content=\"index, follow, max-snippet:-1, max-image-preview:large, max-video-preview:-1\" \/>\n<link rel=\"canonical\" href=\"https:\/\/endormoonstore.com\/en\/star-wars-the-black-series-leia-organa-force-fx-elite-lightsaber\/\" \/>\n<meta property=\"og:locale\" content=\"en_US\" \/>\n<meta property=\"og:type\" content=\"article\" \/>\n<meta property=\"og:title\" content=\"Star Wars The Black Series Leia Organa Force FX Elite Lightsaber - EndormoonStore\" \/>\n<meta property=\"og:description\" content=\"Star Wars The Black Series Leia Organa Force FX Elite Lightsaber  Leia Organa fue una de las l\u00edderes m\u00e1s importantes de la Alianza Rebelde, intr\u00e9pida en el campo de batalla.\" \/>\n<meta property=\"og:url\" content=\"https:\/\/endormoonstore.com\/en\/star-wars-the-black-series-leia-organa-force-fx-elite-lightsaber\/\" \/>\n<meta property=\"og:site_name\" content=\"EndormoonStore\" \/>\n<meta property=\"article:modified_time\" content=\"2022-10-11T19:03:22+00:00\" \/>\n<meta property=\"og:image\" content=\"https:\/\/endormoonstore.com\/wp-content\/uploads\/2021\/11\/Star-Wars-The-Black-Series-Leia-Organa-Force-FX-Elite-Lightsaber-1.jpeg\" \/>\n\t<meta property=\"og:image:width\" content=\"2000\" \/>\n\t<meta property=\"og:image:height\" content=\"2000\" \/>\n\t<meta property=\"og:image:type\" content=\"image\/jpeg\" \/>\n<meta name=\"twitter:card\" content=\"summary_large_image\" \/>\n<meta name=\"twitter:label1\" content=\"Est. reading time\" \/>\n\t<meta name=\"twitter:data1\" content=\"1 minute\" \/>\n<script type=\"application\/ld+json\" class=\"yoast-schema-graph\">{\"@context\":\"https:\/\/schema.org\",\"@graph\":[{\"@type\":\"WebPage\",\"@id\":\"https:\/\/endormoonstore.com\/en\/star-wars-the-black-series-leia-organa-force-fx-elite-lightsaber\/\",\"url\":\"https:\/\/endormoonstore.com\/en\/star-wars-the-black-series-leia-organa-force-fx-elite-lightsaber\/\",\"name\":\"Star Wars The Black Series Leia Organa Force FX Elite Lightsaber - EndormoonStore\",\"isPartOf\":{\"@id\":\"https:\/\/endormoonstore.com\/#website\"},\"primaryImageOfPage\":{\"@id\":\"https:\/\/endormoonstore.com\/en\/star-wars-the-black-series-leia-organa-force-fx-elite-lightsaber\/#primaryimage\"},\"image\":{\"@id\":\"https:\/\/endormoonstore.com\/en\/star-wars-the-black-series-leia-organa-force-fx-elite-lightsaber\/#primaryimage\"},\"thumbnailUrl\":\"https:\/\/endormoonstore.com\/wp-content\/uploads\/2021\/11\/Star-Wars-The-Black-Series-Leia-Organa-Force-FX-Elite-Lightsaber-1.jpeg\",\"datePublished\":\"2021-11-06T22:01:25+00:00\",\"dateModified\":\"2022-10-11T19:03:22+00:00\",\"breadcrumb\":{\"@id\":\"https:\/\/endormoonstore.com\/en\/star-wars-the-black-series-leia-organa-force-fx-elite-lightsaber\/#breadcrumb\"},\"inLanguage\":\"en-US\",\"potentialAction\":[{\"@type\":\"ReadAction\",\"target\":[\"https:\/\/endormoonstore.com\/en\/star-wars-the-black-series-leia-organa-force-fx-elite-lightsaber\/\"]}]},{\"@type\":\"ImageObject\",\"inLanguage\":\"en-US\",\"@id\":\"https:\/\/endormoonstore.com\/en\/star-wars-the-black-series-leia-organa-force-fx-elite-lightsaber\/#primaryimage\",\"url\":\"https:\/\/endormoonstore.com\/wp-content\/uploads\/2021\/11\/Star-Wars-The-Black-Series-Leia-Organa-Force-FX-Elite-Lightsaber-1.jpeg\",\"contentUrl\":\"https:\/\/endormoonstore.com\/wp-content\/uploads\/2021\/11\/Star-Wars-The-Black-Series-Leia-Organa-Force-FX-Elite-Lightsaber-1.jpeg\",\"width\":2000,\"height\":2000},{\"@type\":\"BreadcrumbList\",\"@id\":\"https:\/\/endormoonstore.com\/en\/star-wars-the-black-series-leia-organa-force-fx-elite-lightsaber\/#breadcrumb\",\"itemListElement\":[{\"@type\":\"ListItem\",\"position\":1,\"name\":\"Shop\",\"item\":\"https:\/\/endormoonstore.com\/en\/shop\/\"},{\"@type\":\"ListItem\",\"position\":2,\"name\":\"Star Wars The Black Series Leia Organa Force FX Elite Lightsaber\"}]},{\"@type\":\"WebSite\",\"@id\":\"https:\/\/endormoonstore.com\/#website\",\"url\":\"https:\/\/endormoonstore.com\/\",\"name\":\"EndormoonStore\",\"description\":\"\",\"potentialAction\":[{\"@type\":\"SearchAction\",\"target\":{\"@type\":\"EntryPoint\",\"urlTemplate\":\"https:\/\/endormoonstore.com\/?s={search_term_string}\"},\"query-input\":{\"@type\":\"PropertyValueSpecification\",\"valueRequired\":true,\"valueName\":\"search_term_string\"}}],\"inLanguage\":\"en-US\"}]}<\/script>\n<!-- \/ Yoast SEO plugin. -->","yoast_head_json":{"title":"Star Wars The Black Series Leia Organa Force FX Elite Lightsaber - EndormoonStore","robots":{"index":"index","follow":"follow","max-snippet":"max-snippet:-1","max-image-preview":"max-image-preview:large","max-video-preview":"max-video-preview:-1"},"canonical":"https:\/\/endormoonstore.com\/en\/star-wars-the-black-series-leia-organa-force-fx-elite-lightsaber\/","og_locale":"en_US","og_type":"article","og_title":"Star Wars The Black Series Leia Organa Force FX Elite Lightsaber - EndormoonStore","og_description":"Star Wars The Black Series Leia Organa Force FX Elite Lightsaber  Leia Organa fue una de las l\u00edderes m\u00e1s importantes de la Alianza Rebelde, intr\u00e9pida en el campo de batalla.","og_url":"https:\/\/endormoonstore.com\/en\/star-wars-the-black-series-leia-organa-force-fx-elite-lightsaber\/","og_site_name":"EndormoonStore","article_modified_time":"2022-10-11T19:03:22+00:00","og_image":[{"width":2000,"height":2000,"url":"https:\/\/endormoonstore.com\/wp-content\/uploads\/2021\/11\/Star-Wars-The-Black-Series-Leia-Organa-Force-FX-Elite-Lightsaber-1.jpeg","type":"image\/jpeg"}],"twitter_card":"summary_large_image","twitter_misc":{"Est. reading time":"1 minute"},"schema":{"@context":"https:\/\/schema.org","@graph":[{"@type":"WebPage","@id":"https:\/\/endormoonstore.com\/en\/star-wars-the-black-series-leia-organa-force-fx-elite-lightsaber\/","url":"https:\/\/endormoonstore.com\/en\/star-wars-the-black-series-leia-organa-force-fx-elite-lightsaber\/","name":"Star Wars The Black Series Leia Organa Force FX Elite Lightsaber - EndormoonStore","isPartOf":{"@id":"https:\/\/endormoonstore.com\/#website"},"primaryImageOfPage":{"@id":"https:\/\/endormoonstore.com\/en\/star-wars-the-black-series-leia-organa-force-fx-elite-lightsaber\/#primaryimage"},"image":{"@id":"https:\/\/endormoonstore.com\/en\/star-wars-the-black-series-leia-organa-force-fx-elite-lightsaber\/#primaryimage"},"thumbnailUrl":"https:\/\/endormoonstore.com\/wp-content\/uploads\/2021\/11\/Star-Wars-The-Black-Series-Leia-Organa-Force-FX-Elite-Lightsaber-1.jpeg","datePublished":"2021-11-06T22:01:25+00:00","dateModified":"2022-10-11T19:03:22+00:00","breadcrumb":{"@id":"https:\/\/endormoonstore.com\/en\/star-wars-the-black-series-leia-organa-force-fx-elite-lightsaber\/#breadcrumb"},"inLanguage":"en-US","potentialAction":[{"@type":"ReadAction","target":["https:\/\/endormoonstore.com\/en\/star-wars-the-black-series-leia-organa-force-fx-elite-lightsaber\/"]}]},{"@type":"ImageObject","inLanguage":"en-US","@id":"https:\/\/endormoonstore.com\/en\/star-wars-the-black-series-leia-organa-force-fx-elite-lightsaber\/#primaryimage","url":"https:\/\/endormoonstore.com\/wp-content\/uploads\/2021\/11\/Star-Wars-The-Black-Series-Leia-Organa-Force-FX-Elite-Lightsaber-1.jpeg","contentUrl":"https:\/\/endormoonstore.com\/wp-content\/uploads\/2021\/11\/Star-Wars-The-Black-Series-Leia-Organa-Force-FX-Elite-Lightsaber-1.jpeg","width":2000,"height":2000},{"@type":"BreadcrumbList","@id":"https:\/\/endormoonstore.com\/en\/star-wars-the-black-series-leia-organa-force-fx-elite-lightsaber\/#breadcrumb","itemListElement":[{"@type":"ListItem","position":1,"name":"Shop","item":"https:\/\/endormoonstore.com\/en\/shop\/"},{"@type":"ListItem","position":2,"name":"Star Wars The Black Series Leia Organa Force FX Elite Lightsaber"}]},{"@type":"WebSite","@id":"https:\/\/endormoonstore.com\/#website","url":"https:\/\/endormoonstore.com\/","name":"EndormoonStore","description":"","potentialAction":[{"@type":"SearchAction","target":{"@type":"EntryPoint","urlTemplate":"https:\/\/endormoonstore.com\/?s={search_term_string}"},"query-input":{"@type":"PropertyValueSpecification","valueRequired":true,"valueName":"search_term_string"}}],"inLanguage":"en-US"}]}},"taxonomy_info":{"product_cat":[{"value":1390,"label":"Figures"}],"pa_brand":[{"value":2084,"label":"Hasbro"}],"pa_character":[{"value":3404,"label":"Leia Organa"}],"pa_episode":[{"value":2771,"label":"Star Wars: The Rise of Skywalker"}],"pa_license":[{"value":1644,"label":"Star Wars"}],"pa_product-type":[{"value":2558,"label":"Force FX Elite Lightsaber"}],"pa_theme":[{"value":2552,"label":"The Black Series"}]},"featured_image_src_large":["https:\/\/endormoonstore.com\/wp-content\/uploads\/2021\/11\/Star-Wars-The-Black-Series-Leia-Organa-Force-FX-Elite-Lightsaber-1.jpeg",2000,2000,false],"author_info":[],"comment_info":"","_links":{"self":[{"href":"https:\/\/endormoonstore.com\/en\/wp-json\/wp\/v2\/product\/118163","targetHints":{"allow":["GET"]}}],"collection":[{"href":"https:\/\/endormoonstore.com\/en\/wp-json\/wp\/v2\/product"}],"about":[{"href":"https:\/\/endormoonstore.com\/en\/wp-json\/wp\/v2\/types\/product"}],"wp:featuredmedia":[{"embeddable":true,"href":"https:\/\/endormoonstore.com\/en\/wp-json\/wp\/v2\/media\/118142"}],"wp:attachment":[{"href":"https:\/\/endormoonstore.com\/en\/wp-json\/wp\/v2\/media?parent=118163"}],"wp:term":[{"taxonomy":"product_cat","embeddable":true,"href":"https:\/\/endormoonstore.com\/en\/wp-json\/wp\/v2\/product_cat?post=118163"},{"taxonomy":"product_tag","embeddable":true,"href":"https:\/\/endormoonstore.com\/en\/wp-json\/wp\/v2\/product_tag?post=118163"}],"curies":[{"name":"wp","href":"https:\/\/api.w.org\/{rel}","templated":true}]}}