{"id":118117,"date":"2021-11-06T21:44:10","date_gmt":"2021-11-06T20:44:10","guid":{"rendered":"https:\/\/endormoonstore.com\/ronin-mandalorian-and-grogu-beskar-armor-meisho-movie-realization\/"},"modified":"2023-03-09T12:09:09","modified_gmt":"2023-03-09T11:09:09","slug":"ronin-mandalorian-and-grogu-beskar-armor-meisho-movie-realization","status":"publish","type":"product","link":"https:\/\/endormoonstore.com\/en\/ronin-mandalorian-and-grogu-beskar-armor-meisho-movie-realization\/","title":{"rendered":"Ronin Mandalorian and Grogu Beskar Armor Meisho Movie Realization"},"content":{"rendered":"<p><strong>Ronin Mandalorian and Grogu Beskar Armor Star Wars Meisho Movie Realization\u00a0<\/strong><\/p>\n<ul>\n<li>Tamashii Nations presenta esta figura dentro la colecci\u00f3n de figuras Meisho Movie Realization basadas en los personajes de Star Wars en su versi\u00f3n Jap\u00f3n Feudal.<\/li>\n<li>Esta figura est\u00e1 inspirada en el cazarrecompensas The Mandalorian, de la popular serie &#8220;The Mandalorian&#8221; del canal Disney+, vestido con armadura de ronin (samurai sin se\u00f1or) versi\u00f3n Beskar Armor acompa\u00f1ado del joven Grogu (the Child), al m\u00e1s puro estilo &#8220;Long wolf and Cub&#8221;.<\/li>\n<li>Esta figura articulada de PVC mide 18,5 cm ha sido dise\u00f1ada y esculpida con una calidad asombrosa.<\/li>\n<li>Incluye 2x pares de manos intercambiables, 1x rifle, 1x Jet pack, 1x pistola blaster, 1x espada y 1x vaina.<\/li>\n<li>La figura de Grogu mide unos 3.5 cm e incluye el carrito para beb\u00e9s.<\/li>\n<li>Sin duda una pieza \u00fanica de coleccionismo y una rareza que los fans de la serie sabr\u00e1n valorar a bien seguro.<\/li>\n<\/ul>\n<p>&nbsp;<\/p>\n<p>&nbsp;<\/p>\n","protected":false},"excerpt":{"rendered":"<p><strong>Ronin Mandalorian and Grogu Beskar Armor Star Wars Meisho Movie Realization\u00a0<\/strong><\/p>\n<p>Tamashii Nations presenta esta figura dentro la colecci\u00f3n de figuras Meisho Movie Realization basadas en los personajes de Star Wars en su versi\u00f3n Jap\u00f3n Feudal.<\/p>\n","protected":false},"featured_media":118106,"template":"","meta":{"_acf_changed":false,"_kad_blocks_custom_css":"","_kad_blocks_head_custom_js":"","_kad_blocks_body_custom_js":"","_kad_blocks_footer_custom_js":""},"product_cat":[13453,1390],"product_tag":[],"class_list":{"0":"post-118117","1":"product","2":"type-product","3":"status-publish","4":"has-post-thumbnail","6":"product_cat-featured","7":"product_cat-figures","8":"pa_brand-tamashii-nations-en","9":"pa_character-the-child-en","10":"pa_character-the-mandalorian-en","11":"pa_episode-the-mandalorian-en","12":"pa_license-star-wars-en","13":"pa_product-type-figure","14":"pa_theme-meisho-movie-realization-en","16":"first","17":"instock","18":"taxable","19":"shipping-taxable","20":"purchasable","21":"product-type-simple"},"acf":[],"yoast_head":"<!-- This site is optimized with the Yoast SEO plugin v26.1.1 - https:\/\/yoast.com\/wordpress\/plugins\/seo\/ -->\n<title>Ronin Mandalorian and Grogu Beskar Armor Meisho Movie Realization - EndormoonStore<\/title>\n<meta name=\"robots\" content=\"index, follow, max-snippet:-1, max-image-preview:large, max-video-preview:-1\" \/>\n<link rel=\"canonical\" href=\"https:\/\/endormoonstore.com\/en\/ronin-mandalorian-and-grogu-beskar-armor-meisho-movie-realization\/\" \/>\n<meta property=\"og:locale\" content=\"en_US\" \/>\n<meta property=\"og:type\" content=\"article\" \/>\n<meta property=\"og:title\" content=\"Ronin Mandalorian and Grogu Beskar Armor Meisho Movie Realization - EndormoonStore\" \/>\n<meta property=\"og:description\" content=\"Ronin Mandalorian and Grogu Beskar Armor Star Wars Meisho Movie Realization\u00a0  Tamashii Nations presenta esta figura dentro la colecci\u00f3n de figuras Meisho Movie Realization basadas en los personajes de Star Wars en su versi\u00f3n Jap\u00f3n Feudal.\" \/>\n<meta property=\"og:url\" content=\"https:\/\/endormoonstore.com\/en\/ronin-mandalorian-and-grogu-beskar-armor-meisho-movie-realization\/\" \/>\n<meta property=\"og:site_name\" content=\"EndormoonStore\" \/>\n<meta property=\"article:modified_time\" content=\"2023-03-09T11:09:09+00:00\" \/>\n<meta property=\"og:image\" content=\"https:\/\/endormoonstore.com\/wp-content\/uploads\/2021\/11\/RONIN-MANDALORIAN-BESKAR-ARMOR-GROGU-STAR-WARS-MEISHO-MOVIE-REALIZATION-1.jpeg\" \/>\n\t<meta property=\"og:image:width\" content=\"707\" \/>\n\t<meta property=\"og:image:height\" content=\"1000\" \/>\n\t<meta property=\"og:image:type\" content=\"image\/jpeg\" \/>\n<meta name=\"twitter:card\" content=\"summary_large_image\" \/>\n<meta name=\"twitter:label1\" content=\"Est. reading time\" \/>\n\t<meta name=\"twitter:data1\" content=\"1 minute\" \/>\n<script type=\"application\/ld+json\" class=\"yoast-schema-graph\">{\"@context\":\"https:\/\/schema.org\",\"@graph\":[{\"@type\":\"WebPage\",\"@id\":\"https:\/\/endormoonstore.com\/en\/ronin-mandalorian-and-grogu-beskar-armor-meisho-movie-realization\/\",\"url\":\"https:\/\/endormoonstore.com\/en\/ronin-mandalorian-and-grogu-beskar-armor-meisho-movie-realization\/\",\"name\":\"Ronin Mandalorian and Grogu Beskar Armor Meisho Movie Realization - EndormoonStore\",\"isPartOf\":{\"@id\":\"https:\/\/endormoonstore.com\/#website\"},\"primaryImageOfPage\":{\"@id\":\"https:\/\/endormoonstore.com\/en\/ronin-mandalorian-and-grogu-beskar-armor-meisho-movie-realization\/#primaryimage\"},\"image\":{\"@id\":\"https:\/\/endormoonstore.com\/en\/ronin-mandalorian-and-grogu-beskar-armor-meisho-movie-realization\/#primaryimage\"},\"thumbnailUrl\":\"https:\/\/endormoonstore.com\/wp-content\/uploads\/2021\/11\/RONIN-MANDALORIAN-BESKAR-ARMOR-GROGU-STAR-WARS-MEISHO-MOVIE-REALIZATION-1.jpeg\",\"datePublished\":\"2021-11-06T20:44:10+00:00\",\"dateModified\":\"2023-03-09T11:09:09+00:00\",\"breadcrumb\":{\"@id\":\"https:\/\/endormoonstore.com\/en\/ronin-mandalorian-and-grogu-beskar-armor-meisho-movie-realization\/#breadcrumb\"},\"inLanguage\":\"en-US\",\"potentialAction\":[{\"@type\":\"ReadAction\",\"target\":[\"https:\/\/endormoonstore.com\/en\/ronin-mandalorian-and-grogu-beskar-armor-meisho-movie-realization\/\"]}]},{\"@type\":\"ImageObject\",\"inLanguage\":\"en-US\",\"@id\":\"https:\/\/endormoonstore.com\/en\/ronin-mandalorian-and-grogu-beskar-armor-meisho-movie-realization\/#primaryimage\",\"url\":\"https:\/\/endormoonstore.com\/wp-content\/uploads\/2021\/11\/RONIN-MANDALORIAN-BESKAR-ARMOR-GROGU-STAR-WARS-MEISHO-MOVIE-REALIZATION-1.jpeg\",\"contentUrl\":\"https:\/\/endormoonstore.com\/wp-content\/uploads\/2021\/11\/RONIN-MANDALORIAN-BESKAR-ARMOR-GROGU-STAR-WARS-MEISHO-MOVIE-REALIZATION-1.jpeg\",\"width\":707,\"height\":1000},{\"@type\":\"BreadcrumbList\",\"@id\":\"https:\/\/endormoonstore.com\/en\/ronin-mandalorian-and-grogu-beskar-armor-meisho-movie-realization\/#breadcrumb\",\"itemListElement\":[{\"@type\":\"ListItem\",\"position\":1,\"name\":\"Shop\",\"item\":\"https:\/\/endormoonstore.com\/en\/shop\/\"},{\"@type\":\"ListItem\",\"position\":2,\"name\":\"Ronin Mandalorian and Grogu Beskar Armor Meisho Movie Realization\"}]},{\"@type\":\"WebSite\",\"@id\":\"https:\/\/endormoonstore.com\/#website\",\"url\":\"https:\/\/endormoonstore.com\/\",\"name\":\"EndormoonStore\",\"description\":\"\",\"potentialAction\":[{\"@type\":\"SearchAction\",\"target\":{\"@type\":\"EntryPoint\",\"urlTemplate\":\"https:\/\/endormoonstore.com\/?s={search_term_string}\"},\"query-input\":{\"@type\":\"PropertyValueSpecification\",\"valueRequired\":true,\"valueName\":\"search_term_string\"}}],\"inLanguage\":\"en-US\"}]}<\/script>\n<!-- \/ Yoast SEO plugin. -->","yoast_head_json":{"title":"Ronin Mandalorian and Grogu Beskar Armor Meisho Movie Realization - EndormoonStore","robots":{"index":"index","follow":"follow","max-snippet":"max-snippet:-1","max-image-preview":"max-image-preview:large","max-video-preview":"max-video-preview:-1"},"canonical":"https:\/\/endormoonstore.com\/en\/ronin-mandalorian-and-grogu-beskar-armor-meisho-movie-realization\/","og_locale":"en_US","og_type":"article","og_title":"Ronin Mandalorian and Grogu Beskar Armor Meisho Movie Realization - EndormoonStore","og_description":"Ronin Mandalorian and Grogu Beskar Armor Star Wars Meisho Movie Realization\u00a0  Tamashii Nations presenta esta figura dentro la colecci\u00f3n de figuras Meisho Movie Realization basadas en los personajes de Star Wars en su versi\u00f3n Jap\u00f3n Feudal.","og_url":"https:\/\/endormoonstore.com\/en\/ronin-mandalorian-and-grogu-beskar-armor-meisho-movie-realization\/","og_site_name":"EndormoonStore","article_modified_time":"2023-03-09T11:09:09+00:00","og_image":[{"width":707,"height":1000,"url":"https:\/\/endormoonstore.com\/wp-content\/uploads\/2021\/11\/RONIN-MANDALORIAN-BESKAR-ARMOR-GROGU-STAR-WARS-MEISHO-MOVIE-REALIZATION-1.jpeg","type":"image\/jpeg"}],"twitter_card":"summary_large_image","twitter_misc":{"Est. reading time":"1 minute"},"schema":{"@context":"https:\/\/schema.org","@graph":[{"@type":"WebPage","@id":"https:\/\/endormoonstore.com\/en\/ronin-mandalorian-and-grogu-beskar-armor-meisho-movie-realization\/","url":"https:\/\/endormoonstore.com\/en\/ronin-mandalorian-and-grogu-beskar-armor-meisho-movie-realization\/","name":"Ronin Mandalorian and Grogu Beskar Armor Meisho Movie Realization - EndormoonStore","isPartOf":{"@id":"https:\/\/endormoonstore.com\/#website"},"primaryImageOfPage":{"@id":"https:\/\/endormoonstore.com\/en\/ronin-mandalorian-and-grogu-beskar-armor-meisho-movie-realization\/#primaryimage"},"image":{"@id":"https:\/\/endormoonstore.com\/en\/ronin-mandalorian-and-grogu-beskar-armor-meisho-movie-realization\/#primaryimage"},"thumbnailUrl":"https:\/\/endormoonstore.com\/wp-content\/uploads\/2021\/11\/RONIN-MANDALORIAN-BESKAR-ARMOR-GROGU-STAR-WARS-MEISHO-MOVIE-REALIZATION-1.jpeg","datePublished":"2021-11-06T20:44:10+00:00","dateModified":"2023-03-09T11:09:09+00:00","breadcrumb":{"@id":"https:\/\/endormoonstore.com\/en\/ronin-mandalorian-and-grogu-beskar-armor-meisho-movie-realization\/#breadcrumb"},"inLanguage":"en-US","potentialAction":[{"@type":"ReadAction","target":["https:\/\/endormoonstore.com\/en\/ronin-mandalorian-and-grogu-beskar-armor-meisho-movie-realization\/"]}]},{"@type":"ImageObject","inLanguage":"en-US","@id":"https:\/\/endormoonstore.com\/en\/ronin-mandalorian-and-grogu-beskar-armor-meisho-movie-realization\/#primaryimage","url":"https:\/\/endormoonstore.com\/wp-content\/uploads\/2021\/11\/RONIN-MANDALORIAN-BESKAR-ARMOR-GROGU-STAR-WARS-MEISHO-MOVIE-REALIZATION-1.jpeg","contentUrl":"https:\/\/endormoonstore.com\/wp-content\/uploads\/2021\/11\/RONIN-MANDALORIAN-BESKAR-ARMOR-GROGU-STAR-WARS-MEISHO-MOVIE-REALIZATION-1.jpeg","width":707,"height":1000},{"@type":"BreadcrumbList","@id":"https:\/\/endormoonstore.com\/en\/ronin-mandalorian-and-grogu-beskar-armor-meisho-movie-realization\/#breadcrumb","itemListElement":[{"@type":"ListItem","position":1,"name":"Shop","item":"https:\/\/endormoonstore.com\/en\/shop\/"},{"@type":"ListItem","position":2,"name":"Ronin Mandalorian and Grogu Beskar Armor Meisho Movie Realization"}]},{"@type":"WebSite","@id":"https:\/\/endormoonstore.com\/#website","url":"https:\/\/endormoonstore.com\/","name":"EndormoonStore","description":"","potentialAction":[{"@type":"SearchAction","target":{"@type":"EntryPoint","urlTemplate":"https:\/\/endormoonstore.com\/?s={search_term_string}"},"query-input":{"@type":"PropertyValueSpecification","valueRequired":true,"valueName":"search_term_string"}}],"inLanguage":"en-US"}]}},"taxonomy_info":{"product_cat":[{"value":13453,"label":"Featured"},{"value":1390,"label":"Figures"}],"pa_brand":[{"value":2096,"label":"Tamashii Nations"}],"pa_character":[{"value":2192,"label":"The Child"},{"value":2363,"label":"The Mandalorian"}],"pa_episode":[{"value":1993,"label":"The Mandalorian"}],"pa_license":[{"value":1644,"label":"Star Wars"}],"pa_product-type":[{"value":2387,"label":"Figure"}],"pa_theme":[{"value":3446,"label":"Meisho Movie Realization"}]},"featured_image_src_large":["https:\/\/endormoonstore.com\/wp-content\/uploads\/2021\/11\/RONIN-MANDALORIAN-BESKAR-ARMOR-GROGU-STAR-WARS-MEISHO-MOVIE-REALIZATION-1.jpeg",707,1000,false],"author_info":[],"comment_info":"","_links":{"self":[{"href":"https:\/\/endormoonstore.com\/en\/wp-json\/wp\/v2\/product\/118117","targetHints":{"allow":["GET"]}}],"collection":[{"href":"https:\/\/endormoonstore.com\/en\/wp-json\/wp\/v2\/product"}],"about":[{"href":"https:\/\/endormoonstore.com\/en\/wp-json\/wp\/v2\/types\/product"}],"wp:featuredmedia":[{"embeddable":true,"href":"https:\/\/endormoonstore.com\/en\/wp-json\/wp\/v2\/media\/118106"}],"wp:attachment":[{"href":"https:\/\/endormoonstore.com\/en\/wp-json\/wp\/v2\/media?parent=118117"}],"wp:term":[{"taxonomy":"product_cat","embeddable":true,"href":"https:\/\/endormoonstore.com\/en\/wp-json\/wp\/v2\/product_cat?post=118117"},{"taxonomy":"product_tag","embeddable":true,"href":"https:\/\/endormoonstore.com\/en\/wp-json\/wp\/v2\/product_tag?post=118117"}],"curies":[{"name":"wp","href":"https:\/\/api.w.org\/{rel}","templated":true}]}}