{"id":117992,"date":"2021-11-05T23:53:27","date_gmt":"2021-11-05T22:53:27","guid":{"rendered":"https:\/\/endormoonstore.com\/marvel-legends-20th-anniversary-serie-1-iron-man\/"},"modified":"2022-03-11T12:40:39","modified_gmt":"2022-03-11T11:40:39","slug":"marvel-legends-20th-anniversary-serie-1-iron-man","status":"publish","type":"product","link":"https:\/\/endormoonstore.com\/en\/marvel-legends-20th-anniversary-serie-1-iron-man\/","title":{"rendered":"Marvel Legends 20th Anniversary Serie 1 Iron Man"},"content":{"rendered":"<p><strong>Marvel Legends 20th Anniversary Serie 1 Iron Man Figura 15 cm<\/strong><\/p>\n<ul>\n<li>Hasbro presenta: \u00a1El vengador blindado toma vuelo con la figura de Iron Man Serie 1 de unos 15 cm, inspirada en las apariciones del personaje en Marvel Entertainment!<\/li>\n<li>\u00a1Esta figura del Iron Man de la Serie 1 de unos 15 cm.<\/li>\n<li>Inspirada en la figura original del Iron Man de Marvel Legends de 2002, con articulaci\u00f3n, decoraci\u00f3n y accesorios actualizados!<\/li>\n<li>La figura del Iron Man de la Serie 1 viene con con 9 accesorios y un fondo reversible inspirado en los c\u00f3mics para exhibir.<\/li>\n<li>Durante 20 a\u00f1os, la serie Marvel Legends nos ha tra\u00eddo a los personajes e historias ic\u00f3nicas del Universo Marvel a los fan de todo el mundo.<\/li>\n<li>Para celebrar el lanzamiento debut de Toy Biz 2002, Marvel Legends se enorgullece de presentar la Serie 1 del 20 aniversario.<\/li>\n<\/ul>\n<p>&nbsp;<\/p>\n","protected":false},"excerpt":{"rendered":"<p><strong>Marvel Legends 20th Anniversary Serie 1 Iron Man Figura 15 cm<\/strong><\/p>\n<p>Hasbro presenta: \u00a1El vengador blindado toma vuelo con la figura de Iron Man Serie 1 de unos 15 cm, inspirada en las apariciones del personaje en Marvel Entertainment!<\/p>\n","protected":false},"featured_media":117959,"template":"","meta":{"_acf_changed":false,"_kad_blocks_custom_css":"","_kad_blocks_head_custom_js":"","_kad_blocks_body_custom_js":"","_kad_blocks_footer_custom_js":""},"product_cat":[1390],"product_tag":[],"class_list":{"0":"post-117992","1":"product","2":"type-product","3":"status-publish","4":"has-post-thumbnail","6":"product_cat-figures","7":"pa_brand-hasbro-en","8":"pa_character-iron-man-en","9":"pa_license-marvel-en","10":"pa_product-type-figure","11":"pa_theme-marvel-legends-20th-anniversary-en","13":"first","14":"instock","15":"taxable","16":"shipping-taxable","17":"purchasable","18":"product-type-simple"},"acf":[],"yoast_head":"<!-- This site is optimized with the Yoast SEO plugin v26.1.1 - https:\/\/yoast.com\/wordpress\/plugins\/seo\/ -->\n<title>Marvel Legends 20th Anniversary Serie 1 Iron Man - EndormoonStore<\/title>\n<meta name=\"robots\" content=\"index, follow, max-snippet:-1, max-image-preview:large, max-video-preview:-1\" \/>\n<link rel=\"canonical\" href=\"https:\/\/endormoonstore.com\/en\/marvel-legends-20th-anniversary-serie-1-iron-man\/\" \/>\n<meta property=\"og:locale\" content=\"en_US\" \/>\n<meta property=\"og:type\" content=\"article\" \/>\n<meta property=\"og:title\" content=\"Marvel Legends 20th Anniversary Serie 1 Iron Man - EndormoonStore\" \/>\n<meta property=\"og:description\" content=\"Marvel Legends 20th Anniversary Serie 1 Iron Man Figura 15 cm  Hasbro presenta: \u00a1El vengador blindado toma vuelo con la figura de Iron Man Serie 1 de unos 15 cm, inspirada en las apariciones del personaje en Marvel Entertainment!\" \/>\n<meta property=\"og:url\" content=\"https:\/\/endormoonstore.com\/en\/marvel-legends-20th-anniversary-serie-1-iron-man\/\" \/>\n<meta property=\"og:site_name\" content=\"EndormoonStore\" \/>\n<meta property=\"article:modified_time\" content=\"2022-03-11T11:40:39+00:00\" \/>\n<meta property=\"og:image\" content=\"https:\/\/endormoonstore.com\/wp-content\/uploads\/2021\/11\/Marvel-Legends-20th-Anniversary-Serie-1-Iron-Man-1.jpg\" \/>\n\t<meta property=\"og:image:width\" content=\"1000\" \/>\n\t<meta property=\"og:image:height\" content=\"1000\" \/>\n\t<meta property=\"og:image:type\" content=\"image\/jpeg\" \/>\n<meta name=\"twitter:card\" content=\"summary_large_image\" \/>\n<meta name=\"twitter:label1\" content=\"Est. reading time\" \/>\n\t<meta name=\"twitter:data1\" content=\"1 minute\" \/>\n<script type=\"application\/ld+json\" class=\"yoast-schema-graph\">{\"@context\":\"https:\/\/schema.org\",\"@graph\":[{\"@type\":\"WebPage\",\"@id\":\"https:\/\/endormoonstore.com\/en\/marvel-legends-20th-anniversary-serie-1-iron-man\/\",\"url\":\"https:\/\/endormoonstore.com\/en\/marvel-legends-20th-anniversary-serie-1-iron-man\/\",\"name\":\"Marvel Legends 20th Anniversary Serie 1 Iron Man - EndormoonStore\",\"isPartOf\":{\"@id\":\"https:\/\/endormoonstore.com\/#website\"},\"primaryImageOfPage\":{\"@id\":\"https:\/\/endormoonstore.com\/en\/marvel-legends-20th-anniversary-serie-1-iron-man\/#primaryimage\"},\"image\":{\"@id\":\"https:\/\/endormoonstore.com\/en\/marvel-legends-20th-anniversary-serie-1-iron-man\/#primaryimage\"},\"thumbnailUrl\":\"https:\/\/endormoonstore.com\/wp-content\/uploads\/2021\/11\/Marvel-Legends-20th-Anniversary-Serie-1-Iron-Man-1.jpg\",\"datePublished\":\"2021-11-05T22:53:27+00:00\",\"dateModified\":\"2022-03-11T11:40:39+00:00\",\"breadcrumb\":{\"@id\":\"https:\/\/endormoonstore.com\/en\/marvel-legends-20th-anniversary-serie-1-iron-man\/#breadcrumb\"},\"inLanguage\":\"en-US\",\"potentialAction\":[{\"@type\":\"ReadAction\",\"target\":[\"https:\/\/endormoonstore.com\/en\/marvel-legends-20th-anniversary-serie-1-iron-man\/\"]}]},{\"@type\":\"ImageObject\",\"inLanguage\":\"en-US\",\"@id\":\"https:\/\/endormoonstore.com\/en\/marvel-legends-20th-anniversary-serie-1-iron-man\/#primaryimage\",\"url\":\"https:\/\/endormoonstore.com\/wp-content\/uploads\/2021\/11\/Marvel-Legends-20th-Anniversary-Serie-1-Iron-Man-1.jpg\",\"contentUrl\":\"https:\/\/endormoonstore.com\/wp-content\/uploads\/2021\/11\/Marvel-Legends-20th-Anniversary-Serie-1-Iron-Man-1.jpg\",\"width\":1000,\"height\":1000},{\"@type\":\"BreadcrumbList\",\"@id\":\"https:\/\/endormoonstore.com\/en\/marvel-legends-20th-anniversary-serie-1-iron-man\/#breadcrumb\",\"itemListElement\":[{\"@type\":\"ListItem\",\"position\":1,\"name\":\"Shop\",\"item\":\"https:\/\/endormoonstore.com\/en\/shop\/\"},{\"@type\":\"ListItem\",\"position\":2,\"name\":\"Marvel Legends 20th Anniversary Serie 1 Iron Man\"}]},{\"@type\":\"WebSite\",\"@id\":\"https:\/\/endormoonstore.com\/#website\",\"url\":\"https:\/\/endormoonstore.com\/\",\"name\":\"EndormoonStore\",\"description\":\"\",\"potentialAction\":[{\"@type\":\"SearchAction\",\"target\":{\"@type\":\"EntryPoint\",\"urlTemplate\":\"https:\/\/endormoonstore.com\/?s={search_term_string}\"},\"query-input\":{\"@type\":\"PropertyValueSpecification\",\"valueRequired\":true,\"valueName\":\"search_term_string\"}}],\"inLanguage\":\"en-US\"}]}<\/script>\n<!-- \/ Yoast SEO plugin. -->","yoast_head_json":{"title":"Marvel Legends 20th Anniversary Serie 1 Iron Man - EndormoonStore","robots":{"index":"index","follow":"follow","max-snippet":"max-snippet:-1","max-image-preview":"max-image-preview:large","max-video-preview":"max-video-preview:-1"},"canonical":"https:\/\/endormoonstore.com\/en\/marvel-legends-20th-anniversary-serie-1-iron-man\/","og_locale":"en_US","og_type":"article","og_title":"Marvel Legends 20th Anniversary Serie 1 Iron Man - EndormoonStore","og_description":"Marvel Legends 20th Anniversary Serie 1 Iron Man Figura 15 cm  Hasbro presenta: \u00a1El vengador blindado toma vuelo con la figura de Iron Man Serie 1 de unos 15 cm, inspirada en las apariciones del personaje en Marvel Entertainment!","og_url":"https:\/\/endormoonstore.com\/en\/marvel-legends-20th-anniversary-serie-1-iron-man\/","og_site_name":"EndormoonStore","article_modified_time":"2022-03-11T11:40:39+00:00","og_image":[{"width":1000,"height":1000,"url":"https:\/\/endormoonstore.com\/wp-content\/uploads\/2021\/11\/Marvel-Legends-20th-Anniversary-Serie-1-Iron-Man-1.jpg","type":"image\/jpeg"}],"twitter_card":"summary_large_image","twitter_misc":{"Est. reading time":"1 minute"},"schema":{"@context":"https:\/\/schema.org","@graph":[{"@type":"WebPage","@id":"https:\/\/endormoonstore.com\/en\/marvel-legends-20th-anniversary-serie-1-iron-man\/","url":"https:\/\/endormoonstore.com\/en\/marvel-legends-20th-anniversary-serie-1-iron-man\/","name":"Marvel Legends 20th Anniversary Serie 1 Iron Man - EndormoonStore","isPartOf":{"@id":"https:\/\/endormoonstore.com\/#website"},"primaryImageOfPage":{"@id":"https:\/\/endormoonstore.com\/en\/marvel-legends-20th-anniversary-serie-1-iron-man\/#primaryimage"},"image":{"@id":"https:\/\/endormoonstore.com\/en\/marvel-legends-20th-anniversary-serie-1-iron-man\/#primaryimage"},"thumbnailUrl":"https:\/\/endormoonstore.com\/wp-content\/uploads\/2021\/11\/Marvel-Legends-20th-Anniversary-Serie-1-Iron-Man-1.jpg","datePublished":"2021-11-05T22:53:27+00:00","dateModified":"2022-03-11T11:40:39+00:00","breadcrumb":{"@id":"https:\/\/endormoonstore.com\/en\/marvel-legends-20th-anniversary-serie-1-iron-man\/#breadcrumb"},"inLanguage":"en-US","potentialAction":[{"@type":"ReadAction","target":["https:\/\/endormoonstore.com\/en\/marvel-legends-20th-anniversary-serie-1-iron-man\/"]}]},{"@type":"ImageObject","inLanguage":"en-US","@id":"https:\/\/endormoonstore.com\/en\/marvel-legends-20th-anniversary-serie-1-iron-man\/#primaryimage","url":"https:\/\/endormoonstore.com\/wp-content\/uploads\/2021\/11\/Marvel-Legends-20th-Anniversary-Serie-1-Iron-Man-1.jpg","contentUrl":"https:\/\/endormoonstore.com\/wp-content\/uploads\/2021\/11\/Marvel-Legends-20th-Anniversary-Serie-1-Iron-Man-1.jpg","width":1000,"height":1000},{"@type":"BreadcrumbList","@id":"https:\/\/endormoonstore.com\/en\/marvel-legends-20th-anniversary-serie-1-iron-man\/#breadcrumb","itemListElement":[{"@type":"ListItem","position":1,"name":"Shop","item":"https:\/\/endormoonstore.com\/en\/shop\/"},{"@type":"ListItem","position":2,"name":"Marvel Legends 20th Anniversary Serie 1 Iron Man"}]},{"@type":"WebSite","@id":"https:\/\/endormoonstore.com\/#website","url":"https:\/\/endormoonstore.com\/","name":"EndormoonStore","description":"","potentialAction":[{"@type":"SearchAction","target":{"@type":"EntryPoint","urlTemplate":"https:\/\/endormoonstore.com\/?s={search_term_string}"},"query-input":{"@type":"PropertyValueSpecification","valueRequired":true,"valueName":"search_term_string"}}],"inLanguage":"en-US"}]}},"taxonomy_info":{"product_cat":[{"value":1390,"label":"Figures"}],"pa_brand":[{"value":2084,"label":"Hasbro"}],"pa_character":[{"value":2783,"label":"Iron Man"}],"pa_license":[{"value":1642,"label":"Marvel"}],"pa_product-type":[{"value":2387,"label":"Figure"}],"pa_theme":[{"value":10321,"label":"Marvel Legends 20th Anniversary"}]},"featured_image_src_large":["https:\/\/endormoonstore.com\/wp-content\/uploads\/2021\/11\/Marvel-Legends-20th-Anniversary-Serie-1-Iron-Man-1.jpg",1000,1000,false],"author_info":[],"comment_info":"","_links":{"self":[{"href":"https:\/\/endormoonstore.com\/en\/wp-json\/wp\/v2\/product\/117992","targetHints":{"allow":["GET"]}}],"collection":[{"href":"https:\/\/endormoonstore.com\/en\/wp-json\/wp\/v2\/product"}],"about":[{"href":"https:\/\/endormoonstore.com\/en\/wp-json\/wp\/v2\/types\/product"}],"wp:featuredmedia":[{"embeddable":true,"href":"https:\/\/endormoonstore.com\/en\/wp-json\/wp\/v2\/media\/117959"}],"wp:attachment":[{"href":"https:\/\/endormoonstore.com\/en\/wp-json\/wp\/v2\/media?parent=117992"}],"wp:term":[{"taxonomy":"product_cat","embeddable":true,"href":"https:\/\/endormoonstore.com\/en\/wp-json\/wp\/v2\/product_cat?post=117992"},{"taxonomy":"product_tag","embeddable":true,"href":"https:\/\/endormoonstore.com\/en\/wp-json\/wp\/v2\/product_tag?post=117992"}],"curies":[{"name":"wp","href":"https:\/\/api.w.org\/{rel}","templated":true}]}}