{"id":117899,"date":"2021-11-05T21:20:09","date_gmt":"2021-11-05T20:20:09","guid":{"rendered":"https:\/\/endormoonstore.com\/transformers-generations-wfc-leader-behold-galvatron-unicron-companion-pack\/"},"modified":"2021-12-24T16:33:49","modified_gmt":"2021-12-24T15:33:49","slug":"transformers-generations-wfc-leader-behold-galvatron-unicron-companion-pack","status":"publish","type":"product","link":"https:\/\/endormoonstore.com\/en\/transformers-generations-wfc-leader-behold-galvatron-unicron-companion-pack\/","title":{"rendered":"Transformers Generations WFC Leader Behold, Galvatron! Unicron Companion Pack"},"content":{"rendered":"<p><strong>Transformers Generations War for Cybertron Leader Behold, Galvatron! Unicron Companion Pack\u00a0<\/strong><\/p>\n<ul>\n<li>Hasbro presenta, dentro de la colecci\u00f3n War For Cybertron esta figura de Galvatron inspirada en la G1<\/li>\n<li>\u00a1He aqu\u00ed, Galvatron! Unicron Companion Pack una figura de Galvatron de clase l\u00edder en decoraci\u00f3n transl\u00facida, inspirada en la escena de la pel\u00edcula de 1986, The Transformers: The Movie, donde Unicron cambia el formato de Megatron a Galvatron.<\/li>\n<li>La figura de Galvatron se convierte al modo de ca\u00f1\u00f3n gal\u00e1ctico en 33 pasos<\/li>\n<li>Arma al heraldo de Unicron con un ca\u00f1\u00f3n de rayos de part\u00edculas y 2 accesorios de armas de ca\u00f1\u00f3n lateral, adem\u00e1s de la Matriz de liderazgo en una cadena que la figura puede colgar alrededor de su cuello.<\/li>\n<li>Incluye una carta de Disco de Oro que revela el posible destino de un personaje clave. Colecciona otras figuras del Reino para revelar las 3 variantes de destino alternativo de cada personaje, multiples complementos e instrucciones<\/li>\n<\/ul>\n<p>&nbsp;<\/p>\n","protected":false},"excerpt":{"rendered":"<p><strong>Transformers Generations War for Cybertron Leader Behold, Galvatron! Unicron Companion Pack\u00a0<\/strong><\/p>\n<p>Hasbro presenta, dentro de la colecci\u00f3n War For Cybertron esta figura de Galvatron inspirada en la G1<\/p>\n","protected":false},"featured_media":117884,"template":"","meta":{"_acf_changed":false,"_kad_blocks_custom_css":"","_kad_blocks_head_custom_js":"","_kad_blocks_body_custom_js":"","_kad_blocks_footer_custom_js":""},"product_cat":[1390],"product_tag":[],"class_list":{"0":"post-117899","1":"product","2":"type-product","3":"status-publish","4":"has-post-thumbnail","6":"product_cat-figures","7":"pa_brand-hasbro-en","8":"pa_character-galvatron-en","9":"pa_license-transformers-en","10":"pa_product-type-figure","11":"pa_theme-war-for-cybertron-en","13":"first","14":"instock","15":"taxable","16":"shipping-taxable","17":"purchasable","18":"product-type-simple"},"acf":[],"yoast_head":"<!-- This site is optimized with the Yoast SEO plugin v26.1.1 - https:\/\/yoast.com\/wordpress\/plugins\/seo\/ -->\n<title>Transformers Generations WFC Leader Behold, Galvatron! Unicron Companion Pack - EndormoonStore<\/title>\n<meta name=\"robots\" content=\"index, follow, max-snippet:-1, max-image-preview:large, max-video-preview:-1\" \/>\n<link rel=\"canonical\" href=\"https:\/\/endormoonstore.com\/en\/transformers-generations-wfc-leader-behold-galvatron-unicron-companion-pack\/\" \/>\n<meta property=\"og:locale\" content=\"en_US\" \/>\n<meta property=\"og:type\" content=\"article\" \/>\n<meta property=\"og:title\" content=\"Transformers Generations WFC Leader Behold, Galvatron! Unicron Companion Pack - EndormoonStore\" \/>\n<meta property=\"og:description\" content=\"Transformers Generations War for Cybertron Leader Behold, Galvatron! Unicron Companion Pack\u00a0  Hasbro presenta, dentro de la colecci\u00f3n War For Cybertron esta figura de Galvatron inspirada en la G1\" \/>\n<meta property=\"og:url\" content=\"https:\/\/endormoonstore.com\/en\/transformers-generations-wfc-leader-behold-galvatron-unicron-companion-pack\/\" \/>\n<meta property=\"og:site_name\" content=\"EndormoonStore\" \/>\n<meta property=\"article:modified_time\" content=\"2021-12-24T15:33:49+00:00\" \/>\n<meta property=\"og:image\" content=\"https:\/\/endormoonstore.com\/wp-content\/uploads\/2021\/11\/Transformers-Generations-War-for-Cybertron-Leader-Behold-Galvatron-Unicron-Companion-Pack-1.jpg\" \/>\n\t<meta property=\"og:image:width\" content=\"1000\" \/>\n\t<meta property=\"og:image:height\" content=\"1000\" \/>\n\t<meta property=\"og:image:type\" content=\"image\/jpeg\" \/>\n<meta name=\"twitter:card\" content=\"summary_large_image\" \/>\n<meta name=\"twitter:label1\" content=\"Est. reading time\" \/>\n\t<meta name=\"twitter:data1\" content=\"1 minute\" \/>\n<script type=\"application\/ld+json\" class=\"yoast-schema-graph\">{\"@context\":\"https:\/\/schema.org\",\"@graph\":[{\"@type\":\"WebPage\",\"@id\":\"https:\/\/endormoonstore.com\/en\/transformers-generations-wfc-leader-behold-galvatron-unicron-companion-pack\/\",\"url\":\"https:\/\/endormoonstore.com\/en\/transformers-generations-wfc-leader-behold-galvatron-unicron-companion-pack\/\",\"name\":\"Transformers Generations WFC Leader Behold, Galvatron! Unicron Companion Pack - EndormoonStore\",\"isPartOf\":{\"@id\":\"https:\/\/endormoonstore.com\/#website\"},\"primaryImageOfPage\":{\"@id\":\"https:\/\/endormoonstore.com\/en\/transformers-generations-wfc-leader-behold-galvatron-unicron-companion-pack\/#primaryimage\"},\"image\":{\"@id\":\"https:\/\/endormoonstore.com\/en\/transformers-generations-wfc-leader-behold-galvatron-unicron-companion-pack\/#primaryimage\"},\"thumbnailUrl\":\"https:\/\/endormoonstore.com\/wp-content\/uploads\/2021\/11\/Transformers-Generations-War-for-Cybertron-Leader-Behold-Galvatron-Unicron-Companion-Pack-1.jpg\",\"datePublished\":\"2021-11-05T20:20:09+00:00\",\"dateModified\":\"2021-12-24T15:33:49+00:00\",\"breadcrumb\":{\"@id\":\"https:\/\/endormoonstore.com\/en\/transformers-generations-wfc-leader-behold-galvatron-unicron-companion-pack\/#breadcrumb\"},\"inLanguage\":\"en-US\",\"potentialAction\":[{\"@type\":\"ReadAction\",\"target\":[\"https:\/\/endormoonstore.com\/en\/transformers-generations-wfc-leader-behold-galvatron-unicron-companion-pack\/\"]}]},{\"@type\":\"ImageObject\",\"inLanguage\":\"en-US\",\"@id\":\"https:\/\/endormoonstore.com\/en\/transformers-generations-wfc-leader-behold-galvatron-unicron-companion-pack\/#primaryimage\",\"url\":\"https:\/\/endormoonstore.com\/wp-content\/uploads\/2021\/11\/Transformers-Generations-War-for-Cybertron-Leader-Behold-Galvatron-Unicron-Companion-Pack-1.jpg\",\"contentUrl\":\"https:\/\/endormoonstore.com\/wp-content\/uploads\/2021\/11\/Transformers-Generations-War-for-Cybertron-Leader-Behold-Galvatron-Unicron-Companion-Pack-1.jpg\",\"width\":1000,\"height\":1000},{\"@type\":\"BreadcrumbList\",\"@id\":\"https:\/\/endormoonstore.com\/en\/transformers-generations-wfc-leader-behold-galvatron-unicron-companion-pack\/#breadcrumb\",\"itemListElement\":[{\"@type\":\"ListItem\",\"position\":1,\"name\":\"Shop\",\"item\":\"https:\/\/endormoonstore.com\/en\/shop\/\"},{\"@type\":\"ListItem\",\"position\":2,\"name\":\"Transformers Generations WFC Leader Behold, Galvatron! Unicron Companion Pack\"}]},{\"@type\":\"WebSite\",\"@id\":\"https:\/\/endormoonstore.com\/#website\",\"url\":\"https:\/\/endormoonstore.com\/\",\"name\":\"EndormoonStore\",\"description\":\"\",\"potentialAction\":[{\"@type\":\"SearchAction\",\"target\":{\"@type\":\"EntryPoint\",\"urlTemplate\":\"https:\/\/endormoonstore.com\/?s={search_term_string}\"},\"query-input\":{\"@type\":\"PropertyValueSpecification\",\"valueRequired\":true,\"valueName\":\"search_term_string\"}}],\"inLanguage\":\"en-US\"}]}<\/script>\n<!-- \/ Yoast SEO plugin. -->","yoast_head_json":{"title":"Transformers Generations WFC Leader Behold, Galvatron! Unicron Companion Pack - EndormoonStore","robots":{"index":"index","follow":"follow","max-snippet":"max-snippet:-1","max-image-preview":"max-image-preview:large","max-video-preview":"max-video-preview:-1"},"canonical":"https:\/\/endormoonstore.com\/en\/transformers-generations-wfc-leader-behold-galvatron-unicron-companion-pack\/","og_locale":"en_US","og_type":"article","og_title":"Transformers Generations WFC Leader Behold, Galvatron! Unicron Companion Pack - EndormoonStore","og_description":"Transformers Generations War for Cybertron Leader Behold, Galvatron! Unicron Companion Pack\u00a0  Hasbro presenta, dentro de la colecci\u00f3n War For Cybertron esta figura de Galvatron inspirada en la G1","og_url":"https:\/\/endormoonstore.com\/en\/transformers-generations-wfc-leader-behold-galvatron-unicron-companion-pack\/","og_site_name":"EndormoonStore","article_modified_time":"2021-12-24T15:33:49+00:00","og_image":[{"width":1000,"height":1000,"url":"https:\/\/endormoonstore.com\/wp-content\/uploads\/2021\/11\/Transformers-Generations-War-for-Cybertron-Leader-Behold-Galvatron-Unicron-Companion-Pack-1.jpg","type":"image\/jpeg"}],"twitter_card":"summary_large_image","twitter_misc":{"Est. reading time":"1 minute"},"schema":{"@context":"https:\/\/schema.org","@graph":[{"@type":"WebPage","@id":"https:\/\/endormoonstore.com\/en\/transformers-generations-wfc-leader-behold-galvatron-unicron-companion-pack\/","url":"https:\/\/endormoonstore.com\/en\/transformers-generations-wfc-leader-behold-galvatron-unicron-companion-pack\/","name":"Transformers Generations WFC Leader Behold, Galvatron! Unicron Companion Pack - EndormoonStore","isPartOf":{"@id":"https:\/\/endormoonstore.com\/#website"},"primaryImageOfPage":{"@id":"https:\/\/endormoonstore.com\/en\/transformers-generations-wfc-leader-behold-galvatron-unicron-companion-pack\/#primaryimage"},"image":{"@id":"https:\/\/endormoonstore.com\/en\/transformers-generations-wfc-leader-behold-galvatron-unicron-companion-pack\/#primaryimage"},"thumbnailUrl":"https:\/\/endormoonstore.com\/wp-content\/uploads\/2021\/11\/Transformers-Generations-War-for-Cybertron-Leader-Behold-Galvatron-Unicron-Companion-Pack-1.jpg","datePublished":"2021-11-05T20:20:09+00:00","dateModified":"2021-12-24T15:33:49+00:00","breadcrumb":{"@id":"https:\/\/endormoonstore.com\/en\/transformers-generations-wfc-leader-behold-galvatron-unicron-companion-pack\/#breadcrumb"},"inLanguage":"en-US","potentialAction":[{"@type":"ReadAction","target":["https:\/\/endormoonstore.com\/en\/transformers-generations-wfc-leader-behold-galvatron-unicron-companion-pack\/"]}]},{"@type":"ImageObject","inLanguage":"en-US","@id":"https:\/\/endormoonstore.com\/en\/transformers-generations-wfc-leader-behold-galvatron-unicron-companion-pack\/#primaryimage","url":"https:\/\/endormoonstore.com\/wp-content\/uploads\/2021\/11\/Transformers-Generations-War-for-Cybertron-Leader-Behold-Galvatron-Unicron-Companion-Pack-1.jpg","contentUrl":"https:\/\/endormoonstore.com\/wp-content\/uploads\/2021\/11\/Transformers-Generations-War-for-Cybertron-Leader-Behold-Galvatron-Unicron-Companion-Pack-1.jpg","width":1000,"height":1000},{"@type":"BreadcrumbList","@id":"https:\/\/endormoonstore.com\/en\/transformers-generations-wfc-leader-behold-galvatron-unicron-companion-pack\/#breadcrumb","itemListElement":[{"@type":"ListItem","position":1,"name":"Shop","item":"https:\/\/endormoonstore.com\/en\/shop\/"},{"@type":"ListItem","position":2,"name":"Transformers Generations WFC Leader Behold, Galvatron! Unicron Companion Pack"}]},{"@type":"WebSite","@id":"https:\/\/endormoonstore.com\/#website","url":"https:\/\/endormoonstore.com\/","name":"EndormoonStore","description":"","potentialAction":[{"@type":"SearchAction","target":{"@type":"EntryPoint","urlTemplate":"https:\/\/endormoonstore.com\/?s={search_term_string}"},"query-input":{"@type":"PropertyValueSpecification","valueRequired":true,"valueName":"search_term_string"}}],"inLanguage":"en-US"}]}},"taxonomy_info":{"product_cat":[{"value":1390,"label":"Figures"}],"pa_brand":[{"value":2084,"label":"Hasbro"}],"pa_character":[{"value":7436,"label":"Galvatron"}],"pa_license":[{"value":1873,"label":"Transformers"}],"pa_product-type":[{"value":2387,"label":"Figure"}],"pa_theme":[{"value":3140,"label":"War for Cybertron"}]},"featured_image_src_large":["https:\/\/endormoonstore.com\/wp-content\/uploads\/2021\/11\/Transformers-Generations-War-for-Cybertron-Leader-Behold-Galvatron-Unicron-Companion-Pack-1.jpg",1000,1000,false],"author_info":[],"comment_info":"","_links":{"self":[{"href":"https:\/\/endormoonstore.com\/en\/wp-json\/wp\/v2\/product\/117899","targetHints":{"allow":["GET"]}}],"collection":[{"href":"https:\/\/endormoonstore.com\/en\/wp-json\/wp\/v2\/product"}],"about":[{"href":"https:\/\/endormoonstore.com\/en\/wp-json\/wp\/v2\/types\/product"}],"wp:featuredmedia":[{"embeddable":true,"href":"https:\/\/endormoonstore.com\/en\/wp-json\/wp\/v2\/media\/117884"}],"wp:attachment":[{"href":"https:\/\/endormoonstore.com\/en\/wp-json\/wp\/v2\/media?parent=117899"}],"wp:term":[{"taxonomy":"product_cat","embeddable":true,"href":"https:\/\/endormoonstore.com\/en\/wp-json\/wp\/v2\/product_cat?post=117899"},{"taxonomy":"product_tag","embeddable":true,"href":"https:\/\/endormoonstore.com\/en\/wp-json\/wp\/v2\/product_tag?post=117899"}],"curies":[{"name":"wp","href":"https:\/\/api.w.org\/{rel}","templated":true}]}}