{"id":117722,"date":"2021-11-01T21:06:04","date_gmt":"2021-11-01T20:06:04","guid":{"rendered":"https:\/\/endormoonstore.com\/the-scientist-fortnite-victory-royale-series\/"},"modified":"2022-05-11T10:45:21","modified_gmt":"2022-05-11T08:45:21","slug":"the-scientist-fortnite-victory-royale-series","status":"publish","type":"product","link":"https:\/\/endormoonstore.com\/en\/the-scientist-fortnite-victory-royale-series\/","title":{"rendered":"The Scientist Fortnite Victory Royale Series"},"content":{"rendered":"<p><strong>The Scientist Fortnite Victory Royale Series The Seven Collection Figure 15 cm<\/strong><\/p>\n<ul>\n<li>Hasbro presenta de la serie Victory Royale lleva las figuras de Fortnite al siguiente nivel con dise\u00f1os detallados y altamente articulables basados \u200b\u200ben los trajes de personajes favoritos de los fan del videojuego Fortnite<\/li>\n<li>\u00a1The Scientist deja el autob\u00fas de batalla y se desliza hacia la serie Victory Royale! Esta figura de acci\u00f3n de unos 15 cm muestra el popular traje de personaje con decoraci\u00f3n y detalles a nivel de juego.<\/li>\n<li>\u00a1Esta figura viene con 6 placas frontales LED activadas con botones que se iluminan, adem\u00e1s de Star Surge Back Bling y accesorios para armas!<\/li>\n<li>\u00a1Presenta la figura en una postura de batalla \u00e9pica o haz un movimiento en un gesto de baile con m\u00e1s de 20 puntos de articulaci\u00f3n!<\/li>\n<\/ul>\n<p>&nbsp;<\/p>\n<p>&nbsp;<\/p>\n","protected":false},"excerpt":{"rendered":"<p><strong>The Scientist Fortnite Victory Royale Series The Seven Collection Figure 15 cm<\/strong><\/p>\n<p>Hasbro presenta de la serie Victory Royale lleva las figuras de Fortnite al siguiente nivel con dise\u00f1os detallados y altamente articulables basados \u200b\u200ben los trajes de personajes favoritos de los fan del videojuego Fortnite<\/p>\n","protected":false},"featured_media":117713,"template":"","meta":{"_acf_changed":false,"_kad_blocks_custom_css":"","_kad_blocks_head_custom_js":"","_kad_blocks_body_custom_js":"","_kad_blocks_footer_custom_js":""},"product_cat":[1390],"product_tag":[],"class_list":{"0":"post-117722","1":"product","2":"type-product","3":"status-publish","4":"has-post-thumbnail","6":"product_cat-figures","7":"pa_brand-hasbro-en","8":"pa_character-the-scientist-en","9":"pa_license-fortnite-en","10":"pa_product-type-figure","11":"pa_theme-victory-royale-series-en","13":"first","14":"instock","15":"taxable","16":"shipping-taxable","17":"purchasable","18":"product-type-simple"},"acf":[],"yoast_head":"<!-- This site is optimized with the Yoast SEO plugin v26.1.1 - https:\/\/yoast.com\/wordpress\/plugins\/seo\/ -->\n<title>The Scientist Fortnite Victory Royale Series - EndormoonStore<\/title>\n<meta name=\"robots\" content=\"index, follow, max-snippet:-1, max-image-preview:large, max-video-preview:-1\" \/>\n<link rel=\"canonical\" href=\"https:\/\/endormoonstore.com\/en\/the-scientist-fortnite-victory-royale-series\/\" \/>\n<meta property=\"og:locale\" content=\"en_US\" \/>\n<meta property=\"og:type\" content=\"article\" \/>\n<meta property=\"og:title\" content=\"The Scientist Fortnite Victory Royale Series - EndormoonStore\" \/>\n<meta property=\"og:description\" content=\"The Scientist Fortnite Victory Royale Series The Seven Collection Figure 15 cm  Hasbro presenta de la serie Victory Royale lleva las figuras de Fortnite al siguiente nivel con dise\u00f1os detallados y altamente articulables basados \u200b\u200ben los trajes de personajes favoritos de los fan del videojuego Fortnite\" \/>\n<meta property=\"og:url\" content=\"https:\/\/endormoonstore.com\/en\/the-scientist-fortnite-victory-royale-series\/\" \/>\n<meta property=\"og:site_name\" content=\"EndormoonStore\" \/>\n<meta property=\"article:modified_time\" content=\"2022-05-11T08:45:21+00:00\" \/>\n<meta property=\"og:image\" content=\"https:\/\/endormoonstore.com\/wp-content\/uploads\/2021\/11\/The-Scientist-Fortnite-Victory-Royale-Series-The-Seven-Collection-1.jpeg\" \/>\n\t<meta property=\"og:image:width\" content=\"750\" \/>\n\t<meta property=\"og:image:height\" content=\"750\" \/>\n\t<meta property=\"og:image:type\" content=\"image\/jpeg\" \/>\n<meta name=\"twitter:card\" content=\"summary_large_image\" \/>\n<meta name=\"twitter:label1\" content=\"Est. reading time\" \/>\n\t<meta name=\"twitter:data1\" content=\"1 minute\" \/>\n<script type=\"application\/ld+json\" class=\"yoast-schema-graph\">{\"@context\":\"https:\/\/schema.org\",\"@graph\":[{\"@type\":\"WebPage\",\"@id\":\"https:\/\/endormoonstore.com\/en\/the-scientist-fortnite-victory-royale-series\/\",\"url\":\"https:\/\/endormoonstore.com\/en\/the-scientist-fortnite-victory-royale-series\/\",\"name\":\"The Scientist Fortnite Victory Royale Series - EndormoonStore\",\"isPartOf\":{\"@id\":\"https:\/\/endormoonstore.com\/#website\"},\"primaryImageOfPage\":{\"@id\":\"https:\/\/endormoonstore.com\/en\/the-scientist-fortnite-victory-royale-series\/#primaryimage\"},\"image\":{\"@id\":\"https:\/\/endormoonstore.com\/en\/the-scientist-fortnite-victory-royale-series\/#primaryimage\"},\"thumbnailUrl\":\"https:\/\/endormoonstore.com\/wp-content\/uploads\/2021\/11\/The-Scientist-Fortnite-Victory-Royale-Series-The-Seven-Collection-1.jpeg\",\"datePublished\":\"2021-11-01T20:06:04+00:00\",\"dateModified\":\"2022-05-11T08:45:21+00:00\",\"breadcrumb\":{\"@id\":\"https:\/\/endormoonstore.com\/en\/the-scientist-fortnite-victory-royale-series\/#breadcrumb\"},\"inLanguage\":\"en-US\",\"potentialAction\":[{\"@type\":\"ReadAction\",\"target\":[\"https:\/\/endormoonstore.com\/en\/the-scientist-fortnite-victory-royale-series\/\"]}]},{\"@type\":\"ImageObject\",\"inLanguage\":\"en-US\",\"@id\":\"https:\/\/endormoonstore.com\/en\/the-scientist-fortnite-victory-royale-series\/#primaryimage\",\"url\":\"https:\/\/endormoonstore.com\/wp-content\/uploads\/2021\/11\/The-Scientist-Fortnite-Victory-Royale-Series-The-Seven-Collection-1.jpeg\",\"contentUrl\":\"https:\/\/endormoonstore.com\/wp-content\/uploads\/2021\/11\/The-Scientist-Fortnite-Victory-Royale-Series-The-Seven-Collection-1.jpeg\",\"width\":750,\"height\":750},{\"@type\":\"BreadcrumbList\",\"@id\":\"https:\/\/endormoonstore.com\/en\/the-scientist-fortnite-victory-royale-series\/#breadcrumb\",\"itemListElement\":[{\"@type\":\"ListItem\",\"position\":1,\"name\":\"Shop\",\"item\":\"https:\/\/endormoonstore.com\/en\/shop\/\"},{\"@type\":\"ListItem\",\"position\":2,\"name\":\"The Scientist Fortnite Victory Royale Series\"}]},{\"@type\":\"WebSite\",\"@id\":\"https:\/\/endormoonstore.com\/#website\",\"url\":\"https:\/\/endormoonstore.com\/\",\"name\":\"EndormoonStore\",\"description\":\"\",\"potentialAction\":[{\"@type\":\"SearchAction\",\"target\":{\"@type\":\"EntryPoint\",\"urlTemplate\":\"https:\/\/endormoonstore.com\/?s={search_term_string}\"},\"query-input\":{\"@type\":\"PropertyValueSpecification\",\"valueRequired\":true,\"valueName\":\"search_term_string\"}}],\"inLanguage\":\"en-US\"}]}<\/script>\n<!-- \/ Yoast SEO plugin. -->","yoast_head_json":{"title":"The Scientist Fortnite Victory Royale Series - EndormoonStore","robots":{"index":"index","follow":"follow","max-snippet":"max-snippet:-1","max-image-preview":"max-image-preview:large","max-video-preview":"max-video-preview:-1"},"canonical":"https:\/\/endormoonstore.com\/en\/the-scientist-fortnite-victory-royale-series\/","og_locale":"en_US","og_type":"article","og_title":"The Scientist Fortnite Victory Royale Series - EndormoonStore","og_description":"The Scientist Fortnite Victory Royale Series The Seven Collection Figure 15 cm  Hasbro presenta de la serie Victory Royale lleva las figuras de Fortnite al siguiente nivel con dise\u00f1os detallados y altamente articulables basados \u200b\u200ben los trajes de personajes favoritos de los fan del videojuego Fortnite","og_url":"https:\/\/endormoonstore.com\/en\/the-scientist-fortnite-victory-royale-series\/","og_site_name":"EndormoonStore","article_modified_time":"2022-05-11T08:45:21+00:00","og_image":[{"width":750,"height":750,"url":"https:\/\/endormoonstore.com\/wp-content\/uploads\/2021\/11\/The-Scientist-Fortnite-Victory-Royale-Series-The-Seven-Collection-1.jpeg","type":"image\/jpeg"}],"twitter_card":"summary_large_image","twitter_misc":{"Est. reading time":"1 minute"},"schema":{"@context":"https:\/\/schema.org","@graph":[{"@type":"WebPage","@id":"https:\/\/endormoonstore.com\/en\/the-scientist-fortnite-victory-royale-series\/","url":"https:\/\/endormoonstore.com\/en\/the-scientist-fortnite-victory-royale-series\/","name":"The Scientist Fortnite Victory Royale Series - EndormoonStore","isPartOf":{"@id":"https:\/\/endormoonstore.com\/#website"},"primaryImageOfPage":{"@id":"https:\/\/endormoonstore.com\/en\/the-scientist-fortnite-victory-royale-series\/#primaryimage"},"image":{"@id":"https:\/\/endormoonstore.com\/en\/the-scientist-fortnite-victory-royale-series\/#primaryimage"},"thumbnailUrl":"https:\/\/endormoonstore.com\/wp-content\/uploads\/2021\/11\/The-Scientist-Fortnite-Victory-Royale-Series-The-Seven-Collection-1.jpeg","datePublished":"2021-11-01T20:06:04+00:00","dateModified":"2022-05-11T08:45:21+00:00","breadcrumb":{"@id":"https:\/\/endormoonstore.com\/en\/the-scientist-fortnite-victory-royale-series\/#breadcrumb"},"inLanguage":"en-US","potentialAction":[{"@type":"ReadAction","target":["https:\/\/endormoonstore.com\/en\/the-scientist-fortnite-victory-royale-series\/"]}]},{"@type":"ImageObject","inLanguage":"en-US","@id":"https:\/\/endormoonstore.com\/en\/the-scientist-fortnite-victory-royale-series\/#primaryimage","url":"https:\/\/endormoonstore.com\/wp-content\/uploads\/2021\/11\/The-Scientist-Fortnite-Victory-Royale-Series-The-Seven-Collection-1.jpeg","contentUrl":"https:\/\/endormoonstore.com\/wp-content\/uploads\/2021\/11\/The-Scientist-Fortnite-Victory-Royale-Series-The-Seven-Collection-1.jpeg","width":750,"height":750},{"@type":"BreadcrumbList","@id":"https:\/\/endormoonstore.com\/en\/the-scientist-fortnite-victory-royale-series\/#breadcrumb","itemListElement":[{"@type":"ListItem","position":1,"name":"Shop","item":"https:\/\/endormoonstore.com\/en\/shop\/"},{"@type":"ListItem","position":2,"name":"The Scientist Fortnite Victory Royale Series"}]},{"@type":"WebSite","@id":"https:\/\/endormoonstore.com\/#website","url":"https:\/\/endormoonstore.com\/","name":"EndormoonStore","description":"","potentialAction":[{"@type":"SearchAction","target":{"@type":"EntryPoint","urlTemplate":"https:\/\/endormoonstore.com\/?s={search_term_string}"},"query-input":{"@type":"PropertyValueSpecification","valueRequired":true,"valueName":"search_term_string"}}],"inLanguage":"en-US"}]}},"taxonomy_info":{"product_cat":[{"value":1390,"label":"Figures"}],"pa_brand":[{"value":2084,"label":"Hasbro"}],"pa_character":[{"value":10267,"label":"The Scientist"}],"pa_license":[{"value":10273,"label":"Fortnite"}],"pa_product-type":[{"value":2387,"label":"Figure"}],"pa_theme":[{"value":10279,"label":"Victory Royale Series"}]},"featured_image_src_large":["https:\/\/endormoonstore.com\/wp-content\/uploads\/2021\/11\/The-Scientist-Fortnite-Victory-Royale-Series-The-Seven-Collection-1.jpeg",750,750,false],"author_info":[],"comment_info":"","_links":{"self":[{"href":"https:\/\/endormoonstore.com\/en\/wp-json\/wp\/v2\/product\/117722","targetHints":{"allow":["GET"]}}],"collection":[{"href":"https:\/\/endormoonstore.com\/en\/wp-json\/wp\/v2\/product"}],"about":[{"href":"https:\/\/endormoonstore.com\/en\/wp-json\/wp\/v2\/types\/product"}],"wp:featuredmedia":[{"embeddable":true,"href":"https:\/\/endormoonstore.com\/en\/wp-json\/wp\/v2\/media\/117713"}],"wp:attachment":[{"href":"https:\/\/endormoonstore.com\/en\/wp-json\/wp\/v2\/media?parent=117722"}],"wp:term":[{"taxonomy":"product_cat","embeddable":true,"href":"https:\/\/endormoonstore.com\/en\/wp-json\/wp\/v2\/product_cat?post=117722"},{"taxonomy":"product_tag","embeddable":true,"href":"https:\/\/endormoonstore.com\/en\/wp-json\/wp\/v2\/product_tag?post=117722"}],"curies":[{"name":"wp","href":"https:\/\/api.w.org\/{rel}","templated":true}]}}