{"id":117555,"date":"2021-11-01T14:29:20","date_gmt":"2021-11-01T13:29:20","guid":{"rendered":"https:\/\/endormoonstore.com\/zeo-cog-power-rangers-lightning-collection\/"},"modified":"2022-06-04T21:10:59","modified_gmt":"2022-06-04T19:10:59","slug":"zeo-cog-power-rangers-lightning-collection","status":"publish","type":"product","link":"https:\/\/endormoonstore.com\/en\/zeo-cog-power-rangers-lightning-collection\/","title":{"rendered":"Zeo Cog Power Rangers Lightning Collection"},"content":{"rendered":"<p><strong>Zeo Cog Power Rangers Lightning Collection Figura 15 cm<\/strong><\/p>\n<ul>\n<li>Hasbro nos trae esta figura de Zeo Cog de la colecci\u00f3n Lightning de unos 15 cm cuenta con pintura de primera calidad y detalles decorativos inspirados en el serie.<\/li>\n<li>M\u00e1s de 20 puntos de articulaci\u00f3n para recrear las escenas que queramos de la serie, cabezas intercambiables para mostrar los Zeo Cogs\u00a0 abierto o cerrado.<\/li>\n<li>Bast\u00f3n Zeo Cog extendido, bast\u00f3n Zeo Cog corto, Zeo II Power Tonfas y un par de manos extra para m\u00e1s formas de jugar o exhibir.<\/li>\n<li>\u00a1Vamos, Power Rangers!<\/li>\n<\/ul>\n<p>&nbsp;<\/p>\n","protected":false},"excerpt":{"rendered":"<p><strong>Zeo Cog Power Rangers Lightning Collection Figura 15 cm<\/strong><\/p>\n<p>Hasbro nos trae esta figura de Zeo Cog de la colecci\u00f3n Lightning de unos 15 cm cuenta con pintura de primera calidad y detalles decorativos inspirados en el serie.<\/p>\n","protected":false},"featured_media":117530,"template":"","meta":{"_acf_changed":false,"_kad_blocks_custom_css":"","_kad_blocks_head_custom_js":"","_kad_blocks_body_custom_js":"","_kad_blocks_footer_custom_js":""},"product_cat":[1390],"product_tag":[],"class_list":{"0":"post-117555","1":"product","2":"type-product","3":"status-publish","4":"has-post-thumbnail","6":"product_cat-figures","7":"pa_brand-hasbro-en","8":"pa_character-zeo-cog-en","9":"pa_license-power-rangers-en","10":"pa_product-type-figure","11":"pa_theme-lightning-collection-en","13":"first","14":"instock","15":"taxable","16":"shipping-taxable","17":"purchasable","18":"product-type-simple"},"acf":[],"yoast_head":"<!-- This site is optimized with the Yoast SEO plugin v26.1.1 - https:\/\/yoast.com\/wordpress\/plugins\/seo\/ -->\n<title>Zeo Cog Power Rangers Lightning Collection - EndormoonStore<\/title>\n<meta name=\"robots\" content=\"index, follow, max-snippet:-1, max-image-preview:large, max-video-preview:-1\" \/>\n<link rel=\"canonical\" href=\"https:\/\/endormoonstore.com\/en\/zeo-cog-power-rangers-lightning-collection\/\" \/>\n<meta property=\"og:locale\" content=\"en_US\" \/>\n<meta property=\"og:type\" content=\"article\" \/>\n<meta property=\"og:title\" content=\"Zeo Cog Power Rangers Lightning Collection - EndormoonStore\" \/>\n<meta property=\"og:description\" content=\"Zeo Cog Power Rangers Lightning Collection Figura 15 cm  Hasbro nos trae esta figura de Zeo Cog de la colecci\u00f3n Lightning de unos 15 cm cuenta con pintura de primera calidad y detalles decorativos inspirados en el serie.\" \/>\n<meta property=\"og:url\" content=\"https:\/\/endormoonstore.com\/en\/zeo-cog-power-rangers-lightning-collection\/\" \/>\n<meta property=\"og:site_name\" content=\"EndormoonStore\" \/>\n<meta property=\"article:modified_time\" content=\"2022-06-04T19:10:59+00:00\" \/>\n<meta property=\"og:image\" content=\"https:\/\/endormoonstore.com\/wp-content\/uploads\/2021\/11\/Zeo-Cog-Power-Rangers-Lightning-Collection-1.jpeg\" \/>\n\t<meta property=\"og:image:width\" content=\"563\" \/>\n\t<meta property=\"og:image:height\" content=\"750\" \/>\n\t<meta property=\"og:image:type\" content=\"image\/jpeg\" \/>\n<meta name=\"twitter:card\" content=\"summary_large_image\" \/>\n<meta name=\"twitter:label1\" content=\"Est. reading time\" \/>\n\t<meta name=\"twitter:data1\" content=\"1 minute\" \/>\n<script type=\"application\/ld+json\" class=\"yoast-schema-graph\">{\"@context\":\"https:\/\/schema.org\",\"@graph\":[{\"@type\":\"WebPage\",\"@id\":\"https:\/\/endormoonstore.com\/en\/zeo-cog-power-rangers-lightning-collection\/\",\"url\":\"https:\/\/endormoonstore.com\/en\/zeo-cog-power-rangers-lightning-collection\/\",\"name\":\"Zeo Cog Power Rangers Lightning Collection - EndormoonStore\",\"isPartOf\":{\"@id\":\"https:\/\/endormoonstore.com\/#website\"},\"primaryImageOfPage\":{\"@id\":\"https:\/\/endormoonstore.com\/en\/zeo-cog-power-rangers-lightning-collection\/#primaryimage\"},\"image\":{\"@id\":\"https:\/\/endormoonstore.com\/en\/zeo-cog-power-rangers-lightning-collection\/#primaryimage\"},\"thumbnailUrl\":\"https:\/\/endormoonstore.com\/wp-content\/uploads\/2021\/11\/Zeo-Cog-Power-Rangers-Lightning-Collection-1.jpeg\",\"datePublished\":\"2021-11-01T13:29:20+00:00\",\"dateModified\":\"2022-06-04T19:10:59+00:00\",\"breadcrumb\":{\"@id\":\"https:\/\/endormoonstore.com\/en\/zeo-cog-power-rangers-lightning-collection\/#breadcrumb\"},\"inLanguage\":\"en-US\",\"potentialAction\":[{\"@type\":\"ReadAction\",\"target\":[\"https:\/\/endormoonstore.com\/en\/zeo-cog-power-rangers-lightning-collection\/\"]}]},{\"@type\":\"ImageObject\",\"inLanguage\":\"en-US\",\"@id\":\"https:\/\/endormoonstore.com\/en\/zeo-cog-power-rangers-lightning-collection\/#primaryimage\",\"url\":\"https:\/\/endormoonstore.com\/wp-content\/uploads\/2021\/11\/Zeo-Cog-Power-Rangers-Lightning-Collection-1.jpeg\",\"contentUrl\":\"https:\/\/endormoonstore.com\/wp-content\/uploads\/2021\/11\/Zeo-Cog-Power-Rangers-Lightning-Collection-1.jpeg\",\"width\":563,\"height\":750},{\"@type\":\"BreadcrumbList\",\"@id\":\"https:\/\/endormoonstore.com\/en\/zeo-cog-power-rangers-lightning-collection\/#breadcrumb\",\"itemListElement\":[{\"@type\":\"ListItem\",\"position\":1,\"name\":\"Shop\",\"item\":\"https:\/\/endormoonstore.com\/en\/shop\/\"},{\"@type\":\"ListItem\",\"position\":2,\"name\":\"Zeo Cog Power Rangers Lightning Collection\"}]},{\"@type\":\"WebSite\",\"@id\":\"https:\/\/endormoonstore.com\/#website\",\"url\":\"https:\/\/endormoonstore.com\/\",\"name\":\"EndormoonStore\",\"description\":\"\",\"potentialAction\":[{\"@type\":\"SearchAction\",\"target\":{\"@type\":\"EntryPoint\",\"urlTemplate\":\"https:\/\/endormoonstore.com\/?s={search_term_string}\"},\"query-input\":{\"@type\":\"PropertyValueSpecification\",\"valueRequired\":true,\"valueName\":\"search_term_string\"}}],\"inLanguage\":\"en-US\"}]}<\/script>\n<!-- \/ Yoast SEO plugin. -->","yoast_head_json":{"title":"Zeo Cog Power Rangers Lightning Collection - EndormoonStore","robots":{"index":"index","follow":"follow","max-snippet":"max-snippet:-1","max-image-preview":"max-image-preview:large","max-video-preview":"max-video-preview:-1"},"canonical":"https:\/\/endormoonstore.com\/en\/zeo-cog-power-rangers-lightning-collection\/","og_locale":"en_US","og_type":"article","og_title":"Zeo Cog Power Rangers Lightning Collection - EndormoonStore","og_description":"Zeo Cog Power Rangers Lightning Collection Figura 15 cm  Hasbro nos trae esta figura de Zeo Cog de la colecci\u00f3n Lightning de unos 15 cm cuenta con pintura de primera calidad y detalles decorativos inspirados en el serie.","og_url":"https:\/\/endormoonstore.com\/en\/zeo-cog-power-rangers-lightning-collection\/","og_site_name":"EndormoonStore","article_modified_time":"2022-06-04T19:10:59+00:00","og_image":[{"width":563,"height":750,"url":"https:\/\/endormoonstore.com\/wp-content\/uploads\/2021\/11\/Zeo-Cog-Power-Rangers-Lightning-Collection-1.jpeg","type":"image\/jpeg"}],"twitter_card":"summary_large_image","twitter_misc":{"Est. reading time":"1 minute"},"schema":{"@context":"https:\/\/schema.org","@graph":[{"@type":"WebPage","@id":"https:\/\/endormoonstore.com\/en\/zeo-cog-power-rangers-lightning-collection\/","url":"https:\/\/endormoonstore.com\/en\/zeo-cog-power-rangers-lightning-collection\/","name":"Zeo Cog Power Rangers Lightning Collection - EndormoonStore","isPartOf":{"@id":"https:\/\/endormoonstore.com\/#website"},"primaryImageOfPage":{"@id":"https:\/\/endormoonstore.com\/en\/zeo-cog-power-rangers-lightning-collection\/#primaryimage"},"image":{"@id":"https:\/\/endormoonstore.com\/en\/zeo-cog-power-rangers-lightning-collection\/#primaryimage"},"thumbnailUrl":"https:\/\/endormoonstore.com\/wp-content\/uploads\/2021\/11\/Zeo-Cog-Power-Rangers-Lightning-Collection-1.jpeg","datePublished":"2021-11-01T13:29:20+00:00","dateModified":"2022-06-04T19:10:59+00:00","breadcrumb":{"@id":"https:\/\/endormoonstore.com\/en\/zeo-cog-power-rangers-lightning-collection\/#breadcrumb"},"inLanguage":"en-US","potentialAction":[{"@type":"ReadAction","target":["https:\/\/endormoonstore.com\/en\/zeo-cog-power-rangers-lightning-collection\/"]}]},{"@type":"ImageObject","inLanguage":"en-US","@id":"https:\/\/endormoonstore.com\/en\/zeo-cog-power-rangers-lightning-collection\/#primaryimage","url":"https:\/\/endormoonstore.com\/wp-content\/uploads\/2021\/11\/Zeo-Cog-Power-Rangers-Lightning-Collection-1.jpeg","contentUrl":"https:\/\/endormoonstore.com\/wp-content\/uploads\/2021\/11\/Zeo-Cog-Power-Rangers-Lightning-Collection-1.jpeg","width":563,"height":750},{"@type":"BreadcrumbList","@id":"https:\/\/endormoonstore.com\/en\/zeo-cog-power-rangers-lightning-collection\/#breadcrumb","itemListElement":[{"@type":"ListItem","position":1,"name":"Shop","item":"https:\/\/endormoonstore.com\/en\/shop\/"},{"@type":"ListItem","position":2,"name":"Zeo Cog Power Rangers Lightning Collection"}]},{"@type":"WebSite","@id":"https:\/\/endormoonstore.com\/#website","url":"https:\/\/endormoonstore.com\/","name":"EndormoonStore","description":"","potentialAction":[{"@type":"SearchAction","target":{"@type":"EntryPoint","urlTemplate":"https:\/\/endormoonstore.com\/?s={search_term_string}"},"query-input":{"@type":"PropertyValueSpecification","valueRequired":true,"valueName":"search_term_string"}}],"inLanguage":"en-US"}]}},"taxonomy_info":{"product_cat":[{"value":1390,"label":"Figures"}],"pa_brand":[{"value":2084,"label":"Hasbro"}],"pa_character":[{"value":10231,"label":"Zeo Cog"}],"pa_license":[{"value":6783,"label":"Power Rangers"}],"pa_product-type":[{"value":2387,"label":"Figure"}],"pa_theme":[{"value":7965,"label":"Lightning Collection"}]},"featured_image_src_large":["https:\/\/endormoonstore.com\/wp-content\/uploads\/2021\/11\/Zeo-Cog-Power-Rangers-Lightning-Collection-1.jpeg",563,750,false],"author_info":[],"comment_info":"","_links":{"self":[{"href":"https:\/\/endormoonstore.com\/en\/wp-json\/wp\/v2\/product\/117555","targetHints":{"allow":["GET"]}}],"collection":[{"href":"https:\/\/endormoonstore.com\/en\/wp-json\/wp\/v2\/product"}],"about":[{"href":"https:\/\/endormoonstore.com\/en\/wp-json\/wp\/v2\/types\/product"}],"wp:featuredmedia":[{"embeddable":true,"href":"https:\/\/endormoonstore.com\/en\/wp-json\/wp\/v2\/media\/117530"}],"wp:attachment":[{"href":"https:\/\/endormoonstore.com\/en\/wp-json\/wp\/v2\/media?parent=117555"}],"wp:term":[{"taxonomy":"product_cat","embeddable":true,"href":"https:\/\/endormoonstore.com\/en\/wp-json\/wp\/v2\/product_cat?post=117555"},{"taxonomy":"product_tag","embeddable":true,"href":"https:\/\/endormoonstore.com\/en\/wp-json\/wp\/v2\/product_tag?post=117555"}],"curies":[{"name":"wp","href":"https:\/\/api.w.org\/{rel}","templated":true}]}}