{"id":117415,"date":"2021-10-30T23:10:10","date_gmt":"2021-10-30T21:10:10","guid":{"rendered":"https:\/\/endormoonstore.com\/osamu-miya-haikyu-nendoroid\/"},"modified":"2022-09-04T21:26:29","modified_gmt":"2022-09-04T19:26:29","slug":"osamu-miya-haikyu-nendoroid","status":"publish","type":"product","link":"https:\/\/endormoonstore.com\/en\/osamu-miya-haikyu-nendoroid\/","title":{"rendered":"Osamu Miya Haikyu!! Nendoroid"},"content":{"rendered":"<p><strong>Osamu Miya Haikyu!! Nendoroid Figura 10 cm<\/strong><\/p>\n<div class=\"pull-left margenDatosSecundarios\">\n<div id=\"ctl00_MainContent_dvSinopsis\" class=\"pull-left w100\">\n<ul>\n<li class=\"product-title\">Good Smile Company relanza de la popular serie de anime de voleibol &#8220;Haikyu !!&#8221;\u00a0\u00a1Viene una nueva versi\u00f3n del Nendoroid de Osamu Miya, hermano gemelo de Atsumu Miya!<\/li>\n<li class=\"product-title\">Viene con tres caras que incluyen una expresi\u00f3n est\u00e1ndar, una expresi\u00f3n de desconcierto y una expresi\u00f3n de comer.<\/li>\n<li class=\"product-title\">\u00a0Se incluyen partes para mostrarlo imitando uno de los ataques r\u00e1pidos de Kageyama y Hinata, junto con partes para mostrarlo haciendo un lanzamiento por encima de la cabeza, para que puedas recrear el Ataque r\u00e1pido de los gemelos: inverso.<\/li>\n<li class=\"product-title\">El Nendoroid tambi\u00e9n viene con una pelota de voleibol y una base especial hecha a imagen de una cancha de voleibol.<\/li>\n<li class=\"product-title\">Adem\u00e1s, se incluye un taz\u00f3n de arroz y palillos para que tambi\u00e9n puedas recrear situaciones cotidianas.<\/li>\n<li class=\"product-title\">\u00a1Aseg\u00farate de agregarlo a tu colecci\u00f3n junto con su hermano\u00a0(se vende por separado)!<\/li>\n<\/ul>\n<\/div>\n<\/div>\n<p>&nbsp;<\/p>\n","protected":false},"excerpt":{"rendered":"<p><strong>Osamu Miya Haikyu!! Nendoroid Figura 10 cm<\/strong><\/p>\n<p>Good Smile Company relanza de la popular serie de anime de voleibol &#8220;Haikyu !!&#8221;\u00a0\u00a1Viene una nueva versi\u00f3n del Nendoroid de Osamu Miya, hermano gemelo de Atsumu Miya!<\/p>\n","protected":false},"featured_media":117404,"template":"","meta":{"_acf_changed":false,"_kad_blocks_custom_css":"","_kad_blocks_head_custom_js":"","_kad_blocks_body_custom_js":"","_kad_blocks_footer_custom_js":""},"product_cat":[1390],"product_tag":[],"class_list":{"0":"post-117415","1":"product","2":"type-product","3":"status-publish","4":"has-post-thumbnail","6":"product_cat-figures","7":"pa_brand-good-smile-company-en","8":"pa_character-osamu-miya-en","9":"pa_license-haikyu-en","10":"pa_product-type-figure","11":"pa_theme-nendoroid-en","13":"first","14":"instock","15":"sale","16":"taxable","17":"shipping-taxable","18":"purchasable","19":"product-type-simple"},"acf":[],"yoast_head":"<!-- This site is optimized with the Yoast SEO plugin v26.1.1 - https:\/\/yoast.com\/wordpress\/plugins\/seo\/ -->\n<title>Osamu Miya Haikyu!! Nendoroid - EndormoonStore<\/title>\n<meta name=\"robots\" content=\"index, follow, max-snippet:-1, max-image-preview:large, max-video-preview:-1\" \/>\n<link rel=\"canonical\" href=\"https:\/\/endormoonstore.com\/en\/osamu-miya-haikyu-nendoroid\/\" \/>\n<meta property=\"og:locale\" content=\"en_US\" \/>\n<meta property=\"og:type\" content=\"article\" \/>\n<meta property=\"og:title\" content=\"Osamu Miya Haikyu!! Nendoroid - EndormoonStore\" \/>\n<meta property=\"og:description\" content=\"Osamu Miya Haikyu!! Nendoroid Figura 10 cm  Good Smile Company relanza de la popular serie de anime de voleibol &quot;Haikyu !!&quot;\u00a0\u00a1Viene una nueva versi\u00f3n del Nendoroid de Osamu Miya, hermano gemelo de Atsumu Miya!\" \/>\n<meta property=\"og:url\" content=\"https:\/\/endormoonstore.com\/en\/osamu-miya-haikyu-nendoroid\/\" \/>\n<meta property=\"og:site_name\" content=\"EndormoonStore\" \/>\n<meta property=\"article:modified_time\" content=\"2022-09-04T19:26:29+00:00\" \/>\n<meta property=\"og:image\" content=\"https:\/\/endormoonstore.com\/wp-content\/uploads\/2021\/10\/Osamu-Miya-Haikyu-Nendoroid-1.jpeg\" \/>\n\t<meta property=\"og:image:width\" content=\"730\" \/>\n\t<meta property=\"og:image:height\" content=\"900\" \/>\n\t<meta property=\"og:image:type\" content=\"image\/jpeg\" \/>\n<meta name=\"twitter:card\" content=\"summary_large_image\" \/>\n<meta name=\"twitter:label1\" content=\"Est. reading time\" \/>\n\t<meta name=\"twitter:data1\" content=\"1 minute\" \/>\n<script type=\"application\/ld+json\" class=\"yoast-schema-graph\">{\"@context\":\"https:\/\/schema.org\",\"@graph\":[{\"@type\":\"WebPage\",\"@id\":\"https:\/\/endormoonstore.com\/en\/osamu-miya-haikyu-nendoroid\/\",\"url\":\"https:\/\/endormoonstore.com\/en\/osamu-miya-haikyu-nendoroid\/\",\"name\":\"Osamu Miya Haikyu!! Nendoroid - EndormoonStore\",\"isPartOf\":{\"@id\":\"https:\/\/endormoonstore.com\/#website\"},\"primaryImageOfPage\":{\"@id\":\"https:\/\/endormoonstore.com\/en\/osamu-miya-haikyu-nendoroid\/#primaryimage\"},\"image\":{\"@id\":\"https:\/\/endormoonstore.com\/en\/osamu-miya-haikyu-nendoroid\/#primaryimage\"},\"thumbnailUrl\":\"https:\/\/endormoonstore.com\/wp-content\/uploads\/2021\/10\/Osamu-Miya-Haikyu-Nendoroid-1.jpeg\",\"datePublished\":\"2021-10-30T21:10:10+00:00\",\"dateModified\":\"2022-09-04T19:26:29+00:00\",\"breadcrumb\":{\"@id\":\"https:\/\/endormoonstore.com\/en\/osamu-miya-haikyu-nendoroid\/#breadcrumb\"},\"inLanguage\":\"en-US\",\"potentialAction\":[{\"@type\":\"ReadAction\",\"target\":[\"https:\/\/endormoonstore.com\/en\/osamu-miya-haikyu-nendoroid\/\"]}]},{\"@type\":\"ImageObject\",\"inLanguage\":\"en-US\",\"@id\":\"https:\/\/endormoonstore.com\/en\/osamu-miya-haikyu-nendoroid\/#primaryimage\",\"url\":\"https:\/\/endormoonstore.com\/wp-content\/uploads\/2021\/10\/Osamu-Miya-Haikyu-Nendoroid-1.jpeg\",\"contentUrl\":\"https:\/\/endormoonstore.com\/wp-content\/uploads\/2021\/10\/Osamu-Miya-Haikyu-Nendoroid-1.jpeg\",\"width\":730,\"height\":900},{\"@type\":\"BreadcrumbList\",\"@id\":\"https:\/\/endormoonstore.com\/en\/osamu-miya-haikyu-nendoroid\/#breadcrumb\",\"itemListElement\":[{\"@type\":\"ListItem\",\"position\":1,\"name\":\"Shop\",\"item\":\"https:\/\/endormoonstore.com\/en\/shop\/\"},{\"@type\":\"ListItem\",\"position\":2,\"name\":\"Osamu Miya Haikyu!! Nendoroid\"}]},{\"@type\":\"WebSite\",\"@id\":\"https:\/\/endormoonstore.com\/#website\",\"url\":\"https:\/\/endormoonstore.com\/\",\"name\":\"EndormoonStore\",\"description\":\"\",\"potentialAction\":[{\"@type\":\"SearchAction\",\"target\":{\"@type\":\"EntryPoint\",\"urlTemplate\":\"https:\/\/endormoonstore.com\/?s={search_term_string}\"},\"query-input\":{\"@type\":\"PropertyValueSpecification\",\"valueRequired\":true,\"valueName\":\"search_term_string\"}}],\"inLanguage\":\"en-US\"}]}<\/script>\n<!-- \/ Yoast SEO plugin. -->","yoast_head_json":{"title":"Osamu Miya Haikyu!! Nendoroid - EndormoonStore","robots":{"index":"index","follow":"follow","max-snippet":"max-snippet:-1","max-image-preview":"max-image-preview:large","max-video-preview":"max-video-preview:-1"},"canonical":"https:\/\/endormoonstore.com\/en\/osamu-miya-haikyu-nendoroid\/","og_locale":"en_US","og_type":"article","og_title":"Osamu Miya Haikyu!! Nendoroid - EndormoonStore","og_description":"Osamu Miya Haikyu!! Nendoroid Figura 10 cm  Good Smile Company relanza de la popular serie de anime de voleibol \"Haikyu !!\"\u00a0\u00a1Viene una nueva versi\u00f3n del Nendoroid de Osamu Miya, hermano gemelo de Atsumu Miya!","og_url":"https:\/\/endormoonstore.com\/en\/osamu-miya-haikyu-nendoroid\/","og_site_name":"EndormoonStore","article_modified_time":"2022-09-04T19:26:29+00:00","og_image":[{"width":730,"height":900,"url":"https:\/\/endormoonstore.com\/wp-content\/uploads\/2021\/10\/Osamu-Miya-Haikyu-Nendoroid-1.jpeg","type":"image\/jpeg"}],"twitter_card":"summary_large_image","twitter_misc":{"Est. reading time":"1 minute"},"schema":{"@context":"https:\/\/schema.org","@graph":[{"@type":"WebPage","@id":"https:\/\/endormoonstore.com\/en\/osamu-miya-haikyu-nendoroid\/","url":"https:\/\/endormoonstore.com\/en\/osamu-miya-haikyu-nendoroid\/","name":"Osamu Miya Haikyu!! Nendoroid - EndormoonStore","isPartOf":{"@id":"https:\/\/endormoonstore.com\/#website"},"primaryImageOfPage":{"@id":"https:\/\/endormoonstore.com\/en\/osamu-miya-haikyu-nendoroid\/#primaryimage"},"image":{"@id":"https:\/\/endormoonstore.com\/en\/osamu-miya-haikyu-nendoroid\/#primaryimage"},"thumbnailUrl":"https:\/\/endormoonstore.com\/wp-content\/uploads\/2021\/10\/Osamu-Miya-Haikyu-Nendoroid-1.jpeg","datePublished":"2021-10-30T21:10:10+00:00","dateModified":"2022-09-04T19:26:29+00:00","breadcrumb":{"@id":"https:\/\/endormoonstore.com\/en\/osamu-miya-haikyu-nendoroid\/#breadcrumb"},"inLanguage":"en-US","potentialAction":[{"@type":"ReadAction","target":["https:\/\/endormoonstore.com\/en\/osamu-miya-haikyu-nendoroid\/"]}]},{"@type":"ImageObject","inLanguage":"en-US","@id":"https:\/\/endormoonstore.com\/en\/osamu-miya-haikyu-nendoroid\/#primaryimage","url":"https:\/\/endormoonstore.com\/wp-content\/uploads\/2021\/10\/Osamu-Miya-Haikyu-Nendoroid-1.jpeg","contentUrl":"https:\/\/endormoonstore.com\/wp-content\/uploads\/2021\/10\/Osamu-Miya-Haikyu-Nendoroid-1.jpeg","width":730,"height":900},{"@type":"BreadcrumbList","@id":"https:\/\/endormoonstore.com\/en\/osamu-miya-haikyu-nendoroid\/#breadcrumb","itemListElement":[{"@type":"ListItem","position":1,"name":"Shop","item":"https:\/\/endormoonstore.com\/en\/shop\/"},{"@type":"ListItem","position":2,"name":"Osamu Miya Haikyu!! Nendoroid"}]},{"@type":"WebSite","@id":"https:\/\/endormoonstore.com\/#website","url":"https:\/\/endormoonstore.com\/","name":"EndormoonStore","description":"","potentialAction":[{"@type":"SearchAction","target":{"@type":"EntryPoint","urlTemplate":"https:\/\/endormoonstore.com\/?s={search_term_string}"},"query-input":{"@type":"PropertyValueSpecification","valueRequired":true,"valueName":"search_term_string"}}],"inLanguage":"en-US"}]}},"taxonomy_info":{"product_cat":[{"value":1390,"label":"Figures"}],"pa_brand":[{"value":2081,"label":"Good Smile Company"}],"pa_character":[{"value":10207,"label":"Osamu Miya"}],"pa_license":[{"value":10201,"label":"Haikyu!!"}],"pa_product-type":[{"value":2387,"label":"Figure"}],"pa_theme":[{"value":1861,"label":"Nendoroid"}]},"featured_image_src_large":["https:\/\/endormoonstore.com\/wp-content\/uploads\/2021\/10\/Osamu-Miya-Haikyu-Nendoroid-1.jpeg",730,900,false],"author_info":[],"comment_info":"","_links":{"self":[{"href":"https:\/\/endormoonstore.com\/en\/wp-json\/wp\/v2\/product\/117415","targetHints":{"allow":["GET"]}}],"collection":[{"href":"https:\/\/endormoonstore.com\/en\/wp-json\/wp\/v2\/product"}],"about":[{"href":"https:\/\/endormoonstore.com\/en\/wp-json\/wp\/v2\/types\/product"}],"wp:featuredmedia":[{"embeddable":true,"href":"https:\/\/endormoonstore.com\/en\/wp-json\/wp\/v2\/media\/117404"}],"wp:attachment":[{"href":"https:\/\/endormoonstore.com\/en\/wp-json\/wp\/v2\/media?parent=117415"}],"wp:term":[{"taxonomy":"product_cat","embeddable":true,"href":"https:\/\/endormoonstore.com\/en\/wp-json\/wp\/v2\/product_cat?post=117415"},{"taxonomy":"product_tag","embeddable":true,"href":"https:\/\/endormoonstore.com\/en\/wp-json\/wp\/v2\/product_tag?post=117415"}],"curies":[{"name":"wp","href":"https:\/\/api.w.org\/{rel}","templated":true}]}}