{"id":117201,"date":"2024-05-06T00:04:05","date_gmt":"2021-10-23T20:54:05","guid":{"rendered":"https:\/\/endormoonstore.com\/mezcos-monsters-tower-of-fear-5-points-deluxe-boxed-set\/"},"modified":"2023-04-27T15:31:58","modified_gmt":"2023-04-27T13:31:58","slug":"mezcos-monsters-tower-of-fear-5-points-deluxe-boxed-set","status":"publish","type":"product","link":"https:\/\/endormoonstore.com\/en\/mezcos-monsters-tower-of-fear-5-points-deluxe-boxed-set\/","title":{"rendered":"Mezco\u2019s Monsters Tower of Fear 5 Points Deluxe Boxed Set"},"content":{"rendered":"<p><strong>Mezco\u2019s Monsters Tower of Fear 5 Points Deluxe Boxed Set<\/strong><\/p>\n<div class=\"pull-left margenDatosSecundarios\">\n<div id=\"ctl00_MainContent_dvSinopsis\" class=\"pull-left w100\">\n<ul class=\"ul1\">\n<li class=\"li1\">Murci\u00e9lagos, cerebros y huesos: \u00a1esta caja de lujo espeluznante lo tiene todo y m\u00e1s!<\/li>\n<li class=\"li1\">Mezco presenta esta caja deluxe que contiene un diorama de 45 cm de un castillo de los C\u00e1rpatos con tres niveles (mazmorra, sala principal y laboratorio Frankenstein) acompa\u00f1ado de 5 figuras de los cl\u00e1sicos monstruos de la Universal: Frankenstein, el Hombre Lobo, Dracula, la Momia y the Sea Creature.<\/li>\n<li class=\"li1\">Las figuras miden unos 9,5 cm y tienen 5 puntos de articulaci\u00f3n.<\/li>\n<li class=\"li1\">Cada nivel tiene componentes interactivos para cada Monstruo,<\/li>\n<li class=\"li1\">Se incluyen tambi\u00e9n: 1x murci\u00e9lago vampiro (cabe sobre la cabeza de Dr\u00e1cula) 1x casquete (encaja en la cabeza del monstruo de Frankenstein) 1x collar Usekh 1x pergamino desenredado 2x frascos Can\u00f3picos 1x Uraeus 1x cabeza de criatura marina fosilizada 2x hojas de algas 1x cr\u00e1neo humano 1x hueso de tibia 1x hueso de peron\u00e9 5x bases de exposici\u00f3n.<\/li>\n<\/ul>\n<\/div>\n<\/div>\n<p>&nbsp;<\/p>\n","protected":false},"excerpt":{"rendered":"<p><strong>Mezco\u2019s Monsters Tower of Fear 5 Points Deluxe Boxed Set<\/strong><\/p>\n<p>Murci\u00e9lagos, cerebros y huesos: \u00a1esta caja de lujo espeluznante lo tiene todo y m\u00e1s!<\/p>\n","protected":false},"featured_media":117152,"template":"","meta":{"_acf_changed":false,"_kad_blocks_custom_css":"","_kad_blocks_head_custom_js":"","_kad_blocks_body_custom_js":"","_kad_blocks_footer_custom_js":""},"product_cat":[1390,13511],"product_tag":[],"class_list":{"0":"post-117201","1":"product","2":"type-product","3":"status-publish","4":"has-post-thumbnail","6":"product_cat-figures","7":"product_cat-new-arrivals","8":"pa_brand-mezco-toyz-en","9":"pa_character-dracula-en","10":"pa_character-frankenstein-en","11":"pa_character-sea-creature-en","12":"pa_character-the-mummy-en","13":"pa_character-weirdwolf-en","14":"pa_license-mezcos-monsters-en","15":"pa_product-type-diorama-en","16":"pa_theme-5-points-en","18":"first","19":"instock","20":"taxable","21":"shipping-taxable","22":"purchasable","23":"product-type-simple"},"acf":[],"yoast_head":"<!-- This site is optimized with the Yoast SEO plugin v26.1.1 - https:\/\/yoast.com\/wordpress\/plugins\/seo\/ -->\n<title>Mezco\u2019s Monsters Tower of Fear 5 Points Deluxe Boxed Set - EndormoonStore<\/title>\n<meta name=\"robots\" content=\"index, follow, max-snippet:-1, max-image-preview:large, max-video-preview:-1\" \/>\n<link rel=\"canonical\" href=\"https:\/\/endormoonstore.com\/en\/mezcos-monsters-tower-of-fear-5-points-deluxe-boxed-set\/\" \/>\n<meta property=\"og:locale\" content=\"en_US\" \/>\n<meta property=\"og:type\" content=\"article\" \/>\n<meta property=\"og:title\" content=\"Mezco\u2019s Monsters Tower of Fear 5 Points Deluxe Boxed Set - EndormoonStore\" \/>\n<meta property=\"og:description\" content=\"Mezco\u2019s Monsters Tower of Fear 5 Points Deluxe Boxed Set  Murci\u00e9lagos, cerebros y huesos: \u00a1esta caja de lujo espeluznante lo tiene todo y m\u00e1s!\" \/>\n<meta property=\"og:url\" content=\"https:\/\/endormoonstore.com\/en\/mezcos-monsters-tower-of-fear-5-points-deluxe-boxed-set\/\" \/>\n<meta property=\"og:site_name\" content=\"EndormoonStore\" \/>\n<meta property=\"article:modified_time\" content=\"2023-04-27T13:31:58+00:00\" \/>\n<meta property=\"og:image\" content=\"https:\/\/endormoonstore.com\/wp-content\/uploads\/2021\/10\/Mezcos-Monsters-Tower-of-Fear-5-Points-Deluxe-Boxed-Set-1.jpeg\" \/>\n\t<meta property=\"og:image:width\" content=\"750\" \/>\n\t<meta property=\"og:image:height\" content=\"750\" \/>\n\t<meta property=\"og:image:type\" content=\"image\/jpeg\" \/>\n<meta name=\"twitter:card\" content=\"summary_large_image\" \/>\n<meta name=\"twitter:label1\" content=\"Est. reading time\" \/>\n\t<meta name=\"twitter:data1\" content=\"1 minute\" \/>\n<script type=\"application\/ld+json\" class=\"yoast-schema-graph\">{\"@context\":\"https:\/\/schema.org\",\"@graph\":[{\"@type\":\"WebPage\",\"@id\":\"https:\/\/endormoonstore.com\/en\/mezcos-monsters-tower-of-fear-5-points-deluxe-boxed-set\/\",\"url\":\"https:\/\/endormoonstore.com\/en\/mezcos-monsters-tower-of-fear-5-points-deluxe-boxed-set\/\",\"name\":\"Mezco\u2019s Monsters Tower of Fear 5 Points Deluxe Boxed Set - EndormoonStore\",\"isPartOf\":{\"@id\":\"https:\/\/endormoonstore.com\/#website\"},\"primaryImageOfPage\":{\"@id\":\"https:\/\/endormoonstore.com\/en\/mezcos-monsters-tower-of-fear-5-points-deluxe-boxed-set\/#primaryimage\"},\"image\":{\"@id\":\"https:\/\/endormoonstore.com\/en\/mezcos-monsters-tower-of-fear-5-points-deluxe-boxed-set\/#primaryimage\"},\"thumbnailUrl\":\"https:\/\/endormoonstore.com\/wp-content\/uploads\/2021\/10\/Mezcos-Monsters-Tower-of-Fear-5-Points-Deluxe-Boxed-Set-1.jpeg\",\"datePublished\":\"2021-10-23T20:54:05+00:00\",\"dateModified\":\"2023-04-27T13:31:58+00:00\",\"breadcrumb\":{\"@id\":\"https:\/\/endormoonstore.com\/en\/mezcos-monsters-tower-of-fear-5-points-deluxe-boxed-set\/#breadcrumb\"},\"inLanguage\":\"en-US\",\"potentialAction\":[{\"@type\":\"ReadAction\",\"target\":[\"https:\/\/endormoonstore.com\/en\/mezcos-monsters-tower-of-fear-5-points-deluxe-boxed-set\/\"]}]},{\"@type\":\"ImageObject\",\"inLanguage\":\"en-US\",\"@id\":\"https:\/\/endormoonstore.com\/en\/mezcos-monsters-tower-of-fear-5-points-deluxe-boxed-set\/#primaryimage\",\"url\":\"https:\/\/endormoonstore.com\/wp-content\/uploads\/2021\/10\/Mezcos-Monsters-Tower-of-Fear-5-Points-Deluxe-Boxed-Set-1.jpeg\",\"contentUrl\":\"https:\/\/endormoonstore.com\/wp-content\/uploads\/2021\/10\/Mezcos-Monsters-Tower-of-Fear-5-Points-Deluxe-Boxed-Set-1.jpeg\",\"width\":750,\"height\":750},{\"@type\":\"BreadcrumbList\",\"@id\":\"https:\/\/endormoonstore.com\/en\/mezcos-monsters-tower-of-fear-5-points-deluxe-boxed-set\/#breadcrumb\",\"itemListElement\":[{\"@type\":\"ListItem\",\"position\":1,\"name\":\"Shop\",\"item\":\"https:\/\/endormoonstore.com\/en\/shop\/\"},{\"@type\":\"ListItem\",\"position\":2,\"name\":\"Mezco\u2019s Monsters Tower of Fear 5 Points Deluxe Boxed Set\"}]},{\"@type\":\"WebSite\",\"@id\":\"https:\/\/endormoonstore.com\/#website\",\"url\":\"https:\/\/endormoonstore.com\/\",\"name\":\"EndormoonStore\",\"description\":\"\",\"potentialAction\":[{\"@type\":\"SearchAction\",\"target\":{\"@type\":\"EntryPoint\",\"urlTemplate\":\"https:\/\/endormoonstore.com\/?s={search_term_string}\"},\"query-input\":{\"@type\":\"PropertyValueSpecification\",\"valueRequired\":true,\"valueName\":\"search_term_string\"}}],\"inLanguage\":\"en-US\"}]}<\/script>\n<!-- \/ Yoast SEO plugin. -->","yoast_head_json":{"title":"Mezco\u2019s Monsters Tower of Fear 5 Points Deluxe Boxed Set - EndormoonStore","robots":{"index":"index","follow":"follow","max-snippet":"max-snippet:-1","max-image-preview":"max-image-preview:large","max-video-preview":"max-video-preview:-1"},"canonical":"https:\/\/endormoonstore.com\/en\/mezcos-monsters-tower-of-fear-5-points-deluxe-boxed-set\/","og_locale":"en_US","og_type":"article","og_title":"Mezco\u2019s Monsters Tower of Fear 5 Points Deluxe Boxed Set - EndormoonStore","og_description":"Mezco\u2019s Monsters Tower of Fear 5 Points Deluxe Boxed Set  Murci\u00e9lagos, cerebros y huesos: \u00a1esta caja de lujo espeluznante lo tiene todo y m\u00e1s!","og_url":"https:\/\/endormoonstore.com\/en\/mezcos-monsters-tower-of-fear-5-points-deluxe-boxed-set\/","og_site_name":"EndormoonStore","article_modified_time":"2023-04-27T13:31:58+00:00","og_image":[{"width":750,"height":750,"url":"https:\/\/endormoonstore.com\/wp-content\/uploads\/2021\/10\/Mezcos-Monsters-Tower-of-Fear-5-Points-Deluxe-Boxed-Set-1.jpeg","type":"image\/jpeg"}],"twitter_card":"summary_large_image","twitter_misc":{"Est. reading time":"1 minute"},"schema":{"@context":"https:\/\/schema.org","@graph":[{"@type":"WebPage","@id":"https:\/\/endormoonstore.com\/en\/mezcos-monsters-tower-of-fear-5-points-deluxe-boxed-set\/","url":"https:\/\/endormoonstore.com\/en\/mezcos-monsters-tower-of-fear-5-points-deluxe-boxed-set\/","name":"Mezco\u2019s Monsters Tower of Fear 5 Points Deluxe Boxed Set - EndormoonStore","isPartOf":{"@id":"https:\/\/endormoonstore.com\/#website"},"primaryImageOfPage":{"@id":"https:\/\/endormoonstore.com\/en\/mezcos-monsters-tower-of-fear-5-points-deluxe-boxed-set\/#primaryimage"},"image":{"@id":"https:\/\/endormoonstore.com\/en\/mezcos-monsters-tower-of-fear-5-points-deluxe-boxed-set\/#primaryimage"},"thumbnailUrl":"https:\/\/endormoonstore.com\/wp-content\/uploads\/2021\/10\/Mezcos-Monsters-Tower-of-Fear-5-Points-Deluxe-Boxed-Set-1.jpeg","datePublished":"2021-10-23T20:54:05+00:00","dateModified":"2023-04-27T13:31:58+00:00","breadcrumb":{"@id":"https:\/\/endormoonstore.com\/en\/mezcos-monsters-tower-of-fear-5-points-deluxe-boxed-set\/#breadcrumb"},"inLanguage":"en-US","potentialAction":[{"@type":"ReadAction","target":["https:\/\/endormoonstore.com\/en\/mezcos-monsters-tower-of-fear-5-points-deluxe-boxed-set\/"]}]},{"@type":"ImageObject","inLanguage":"en-US","@id":"https:\/\/endormoonstore.com\/en\/mezcos-monsters-tower-of-fear-5-points-deluxe-boxed-set\/#primaryimage","url":"https:\/\/endormoonstore.com\/wp-content\/uploads\/2021\/10\/Mezcos-Monsters-Tower-of-Fear-5-Points-Deluxe-Boxed-Set-1.jpeg","contentUrl":"https:\/\/endormoonstore.com\/wp-content\/uploads\/2021\/10\/Mezcos-Monsters-Tower-of-Fear-5-Points-Deluxe-Boxed-Set-1.jpeg","width":750,"height":750},{"@type":"BreadcrumbList","@id":"https:\/\/endormoonstore.com\/en\/mezcos-monsters-tower-of-fear-5-points-deluxe-boxed-set\/#breadcrumb","itemListElement":[{"@type":"ListItem","position":1,"name":"Shop","item":"https:\/\/endormoonstore.com\/en\/shop\/"},{"@type":"ListItem","position":2,"name":"Mezco\u2019s Monsters Tower of Fear 5 Points Deluxe Boxed Set"}]},{"@type":"WebSite","@id":"https:\/\/endormoonstore.com\/#website","url":"https:\/\/endormoonstore.com\/","name":"EndormoonStore","description":"","potentialAction":[{"@type":"SearchAction","target":{"@type":"EntryPoint","urlTemplate":"https:\/\/endormoonstore.com\/?s={search_term_string}"},"query-input":{"@type":"PropertyValueSpecification","valueRequired":true,"valueName":"search_term_string"}}],"inLanguage":"en-US"}]}},"taxonomy_info":{"product_cat":[{"value":1390,"label":"Figures"},{"value":13511,"label":"New Arrivals"}],"pa_brand":[{"value":1638,"label":"Mezco Toyz"}],"pa_character":[{"value":10141,"label":"Dracula"},{"value":6675,"label":"Frankenstein"},{"value":10147,"label":"Sea Creature"},{"value":9439,"label":"The Mummy"},{"value":8450,"label":"Weirdwolf"}],"pa_license":[{"value":10135,"label":"Mezco\u2019s Monsters"}],"pa_product-type":[{"value":6603,"label":"Diorama"}],"pa_theme":[{"value":3581,"label":"5 Points"}]},"featured_image_src_large":["https:\/\/endormoonstore.com\/wp-content\/uploads\/2021\/10\/Mezcos-Monsters-Tower-of-Fear-5-Points-Deluxe-Boxed-Set-1.jpeg",750,750,false],"author_info":[],"comment_info":"","_links":{"self":[{"href":"https:\/\/endormoonstore.com\/en\/wp-json\/wp\/v2\/product\/117201","targetHints":{"allow":["GET"]}}],"collection":[{"href":"https:\/\/endormoonstore.com\/en\/wp-json\/wp\/v2\/product"}],"about":[{"href":"https:\/\/endormoonstore.com\/en\/wp-json\/wp\/v2\/types\/product"}],"wp:featuredmedia":[{"embeddable":true,"href":"https:\/\/endormoonstore.com\/en\/wp-json\/wp\/v2\/media\/117152"}],"wp:attachment":[{"href":"https:\/\/endormoonstore.com\/en\/wp-json\/wp\/v2\/media?parent=117201"}],"wp:term":[{"taxonomy":"product_cat","embeddable":true,"href":"https:\/\/endormoonstore.com\/en\/wp-json\/wp\/v2\/product_cat?post=117201"},{"taxonomy":"product_tag","embeddable":true,"href":"https:\/\/endormoonstore.com\/en\/wp-json\/wp\/v2\/product_tag?post=117201"}],"curies":[{"name":"wp","href":"https:\/\/api.w.org\/{rel}","templated":true}]}}