{"id":117078,"date":"2021-10-22T23:25:29","date_gmt":"2021-10-22T21:25:29","guid":{"rendered":"https:\/\/endormoonstore.com\/zenitsu-agatsuma-demon-slayer-kimetsu-no-yaiba-nendoroid-doll\/"},"modified":"2022-10-22T21:36:40","modified_gmt":"2022-10-22T19:36:40","slug":"zenitsu-agatsuma-demon-slayer-kimetsu-no-yaiba-nendoroid-doll","status":"publish","type":"product","link":"https:\/\/endormoonstore.com\/en\/zenitsu-agatsuma-demon-slayer-kimetsu-no-yaiba-nendoroid-doll\/","title":{"rendered":"Zenitsu Agatsuma Demon Slayer Kimetsu no Yaiba Nendoroid Doll"},"content":{"rendered":"<p><strong>Zenitsu Agatsuma Demon Slayer Kimetsu no Yaiba Nendoroid Doll Figura 14 cm<\/strong><\/p>\n<ul>\n<li>Good Smile Company presenta la figura Nendoroid Doll de Zenitsu Agatsuma, de la serie anime &#8220;Kimetsu no Yaiba: Demon Slayer&#8221;.<\/li>\n<li>Las Nendoroid Doll cuentan con las mismas cabezas Nendoroid, pero un cuerpo alternativo similar a una mu\u00f1eca que est\u00e1 muy articulado y puede vestirse f\u00e1cilmente con diferentes atuendos sin dejar de ser una figura de acci\u00f3n del tama\u00f1o de la palma de la mano.<\/li>\n<li>\u00a1Aseg\u00farate de agregarlo a tu colecci\u00f3n!<\/li>\n<\/ul>\n<p>&nbsp;<\/p>\n","protected":false},"excerpt":{"rendered":"<p><strong>Zenitsu Agatsuma Demon Slayer Kimetsu no Yaiba Nendoroid Doll Figura 14 cm<\/strong><\/p>\n<p>Good Smile Company presenta la figura Nendoroid Doll de Zenitsu Agatsuma, de la serie anime &#8220;Kimetsu no Yaiba: Demon Slayer&#8221;.<\/p>\n","protected":false},"featured_media":117065,"template":"","meta":{"_acf_changed":false,"_kad_blocks_custom_css":"","_kad_blocks_head_custom_js":"","_kad_blocks_body_custom_js":"","_kad_blocks_footer_custom_js":""},"product_cat":[1390],"product_tag":[],"class_list":{"0":"post-117078","1":"product","2":"type-product","3":"status-publish","4":"has-post-thumbnail","6":"product_cat-figures","7":"pa_brand-good-smile-company-en","8":"pa_character-zenitsu-agatsuma-en","9":"pa_license-kimetsu-no-yaiba-demon-slayer-en","10":"pa_product-type-figure","11":"pa_theme-nendoroid-doll-en","13":"first","14":"instock","15":"sale","16":"taxable","17":"shipping-taxable","18":"purchasable","19":"product-type-simple"},"acf":[],"yoast_head":"<!-- This site is optimized with the Yoast SEO plugin v26.1.1 - https:\/\/yoast.com\/wordpress\/plugins\/seo\/ -->\n<title>Zenitsu Agatsuma Demon Slayer Kimetsu no Yaiba Nendoroid Doll - EndormoonStore<\/title>\n<meta name=\"robots\" content=\"index, follow, max-snippet:-1, max-image-preview:large, max-video-preview:-1\" \/>\n<link rel=\"canonical\" href=\"https:\/\/endormoonstore.com\/en\/zenitsu-agatsuma-demon-slayer-kimetsu-no-yaiba-nendoroid-doll\/\" \/>\n<meta property=\"og:locale\" content=\"en_US\" \/>\n<meta property=\"og:type\" content=\"article\" \/>\n<meta property=\"og:title\" content=\"Zenitsu Agatsuma Demon Slayer Kimetsu no Yaiba Nendoroid Doll - EndormoonStore\" \/>\n<meta property=\"og:description\" content=\"Zenitsu Agatsuma Demon Slayer Kimetsu no Yaiba Nendoroid Doll Figura 14 cm  Good Smile Company presenta la figura Nendoroid Doll de Zenitsu Agatsuma, de la serie anime &quot;Kimetsu no Yaiba: Demon Slayer&quot;.\" \/>\n<meta property=\"og:url\" content=\"https:\/\/endormoonstore.com\/en\/zenitsu-agatsuma-demon-slayer-kimetsu-no-yaiba-nendoroid-doll\/\" \/>\n<meta property=\"og:site_name\" content=\"EndormoonStore\" \/>\n<meta property=\"article:modified_time\" content=\"2022-10-22T19:36:40+00:00\" \/>\n<meta property=\"og:image\" content=\"https:\/\/endormoonstore.com\/wp-content\/uploads\/2021\/10\/Zenitsu-Agatsuma-Demon-Slayer-Kimetsu-no-Yaiba-Nendoroid-Doll-1.jpeg\" \/>\n\t<meta property=\"og:image:width\" content=\"730\" \/>\n\t<meta property=\"og:image:height\" content=\"900\" \/>\n\t<meta property=\"og:image:type\" content=\"image\/jpeg\" \/>\n<meta name=\"twitter:card\" content=\"summary_large_image\" \/>\n<meta name=\"twitter:label1\" content=\"Est. reading time\" \/>\n\t<meta name=\"twitter:data1\" content=\"1 minute\" \/>\n<script type=\"application\/ld+json\" class=\"yoast-schema-graph\">{\"@context\":\"https:\/\/schema.org\",\"@graph\":[{\"@type\":\"WebPage\",\"@id\":\"https:\/\/endormoonstore.com\/en\/zenitsu-agatsuma-demon-slayer-kimetsu-no-yaiba-nendoroid-doll\/\",\"url\":\"https:\/\/endormoonstore.com\/en\/zenitsu-agatsuma-demon-slayer-kimetsu-no-yaiba-nendoroid-doll\/\",\"name\":\"Zenitsu Agatsuma Demon Slayer Kimetsu no Yaiba Nendoroid Doll - EndormoonStore\",\"isPartOf\":{\"@id\":\"https:\/\/endormoonstore.com\/#website\"},\"primaryImageOfPage\":{\"@id\":\"https:\/\/endormoonstore.com\/en\/zenitsu-agatsuma-demon-slayer-kimetsu-no-yaiba-nendoroid-doll\/#primaryimage\"},\"image\":{\"@id\":\"https:\/\/endormoonstore.com\/en\/zenitsu-agatsuma-demon-slayer-kimetsu-no-yaiba-nendoroid-doll\/#primaryimage\"},\"thumbnailUrl\":\"https:\/\/endormoonstore.com\/wp-content\/uploads\/2021\/10\/Zenitsu-Agatsuma-Demon-Slayer-Kimetsu-no-Yaiba-Nendoroid-Doll-1.jpeg\",\"datePublished\":\"2021-10-22T21:25:29+00:00\",\"dateModified\":\"2022-10-22T19:36:40+00:00\",\"breadcrumb\":{\"@id\":\"https:\/\/endormoonstore.com\/en\/zenitsu-agatsuma-demon-slayer-kimetsu-no-yaiba-nendoroid-doll\/#breadcrumb\"},\"inLanguage\":\"en-US\",\"potentialAction\":[{\"@type\":\"ReadAction\",\"target\":[\"https:\/\/endormoonstore.com\/en\/zenitsu-agatsuma-demon-slayer-kimetsu-no-yaiba-nendoroid-doll\/\"]}]},{\"@type\":\"ImageObject\",\"inLanguage\":\"en-US\",\"@id\":\"https:\/\/endormoonstore.com\/en\/zenitsu-agatsuma-demon-slayer-kimetsu-no-yaiba-nendoroid-doll\/#primaryimage\",\"url\":\"https:\/\/endormoonstore.com\/wp-content\/uploads\/2021\/10\/Zenitsu-Agatsuma-Demon-Slayer-Kimetsu-no-Yaiba-Nendoroid-Doll-1.jpeg\",\"contentUrl\":\"https:\/\/endormoonstore.com\/wp-content\/uploads\/2021\/10\/Zenitsu-Agatsuma-Demon-Slayer-Kimetsu-no-Yaiba-Nendoroid-Doll-1.jpeg\",\"width\":730,\"height\":900},{\"@type\":\"BreadcrumbList\",\"@id\":\"https:\/\/endormoonstore.com\/en\/zenitsu-agatsuma-demon-slayer-kimetsu-no-yaiba-nendoroid-doll\/#breadcrumb\",\"itemListElement\":[{\"@type\":\"ListItem\",\"position\":1,\"name\":\"Shop\",\"item\":\"https:\/\/endormoonstore.com\/en\/shop\/\"},{\"@type\":\"ListItem\",\"position\":2,\"name\":\"Zenitsu Agatsuma Demon Slayer Kimetsu no Yaiba Nendoroid Doll\"}]},{\"@type\":\"WebSite\",\"@id\":\"https:\/\/endormoonstore.com\/#website\",\"url\":\"https:\/\/endormoonstore.com\/\",\"name\":\"EndormoonStore\",\"description\":\"\",\"potentialAction\":[{\"@type\":\"SearchAction\",\"target\":{\"@type\":\"EntryPoint\",\"urlTemplate\":\"https:\/\/endormoonstore.com\/?s={search_term_string}\"},\"query-input\":{\"@type\":\"PropertyValueSpecification\",\"valueRequired\":true,\"valueName\":\"search_term_string\"}}],\"inLanguage\":\"en-US\"}]}<\/script>\n<!-- \/ Yoast SEO plugin. -->","yoast_head_json":{"title":"Zenitsu Agatsuma Demon Slayer Kimetsu no Yaiba Nendoroid Doll - EndormoonStore","robots":{"index":"index","follow":"follow","max-snippet":"max-snippet:-1","max-image-preview":"max-image-preview:large","max-video-preview":"max-video-preview:-1"},"canonical":"https:\/\/endormoonstore.com\/en\/zenitsu-agatsuma-demon-slayer-kimetsu-no-yaiba-nendoroid-doll\/","og_locale":"en_US","og_type":"article","og_title":"Zenitsu Agatsuma Demon Slayer Kimetsu no Yaiba Nendoroid Doll - EndormoonStore","og_description":"Zenitsu Agatsuma Demon Slayer Kimetsu no Yaiba Nendoroid Doll Figura 14 cm  Good Smile Company presenta la figura Nendoroid Doll de Zenitsu Agatsuma, de la serie anime \"Kimetsu no Yaiba: Demon Slayer\".","og_url":"https:\/\/endormoonstore.com\/en\/zenitsu-agatsuma-demon-slayer-kimetsu-no-yaiba-nendoroid-doll\/","og_site_name":"EndormoonStore","article_modified_time":"2022-10-22T19:36:40+00:00","og_image":[{"width":730,"height":900,"url":"https:\/\/endormoonstore.com\/wp-content\/uploads\/2021\/10\/Zenitsu-Agatsuma-Demon-Slayer-Kimetsu-no-Yaiba-Nendoroid-Doll-1.jpeg","type":"image\/jpeg"}],"twitter_card":"summary_large_image","twitter_misc":{"Est. reading time":"1 minute"},"schema":{"@context":"https:\/\/schema.org","@graph":[{"@type":"WebPage","@id":"https:\/\/endormoonstore.com\/en\/zenitsu-agatsuma-demon-slayer-kimetsu-no-yaiba-nendoroid-doll\/","url":"https:\/\/endormoonstore.com\/en\/zenitsu-agatsuma-demon-slayer-kimetsu-no-yaiba-nendoroid-doll\/","name":"Zenitsu Agatsuma Demon Slayer Kimetsu no Yaiba Nendoroid Doll - EndormoonStore","isPartOf":{"@id":"https:\/\/endormoonstore.com\/#website"},"primaryImageOfPage":{"@id":"https:\/\/endormoonstore.com\/en\/zenitsu-agatsuma-demon-slayer-kimetsu-no-yaiba-nendoroid-doll\/#primaryimage"},"image":{"@id":"https:\/\/endormoonstore.com\/en\/zenitsu-agatsuma-demon-slayer-kimetsu-no-yaiba-nendoroid-doll\/#primaryimage"},"thumbnailUrl":"https:\/\/endormoonstore.com\/wp-content\/uploads\/2021\/10\/Zenitsu-Agatsuma-Demon-Slayer-Kimetsu-no-Yaiba-Nendoroid-Doll-1.jpeg","datePublished":"2021-10-22T21:25:29+00:00","dateModified":"2022-10-22T19:36:40+00:00","breadcrumb":{"@id":"https:\/\/endormoonstore.com\/en\/zenitsu-agatsuma-demon-slayer-kimetsu-no-yaiba-nendoroid-doll\/#breadcrumb"},"inLanguage":"en-US","potentialAction":[{"@type":"ReadAction","target":["https:\/\/endormoonstore.com\/en\/zenitsu-agatsuma-demon-slayer-kimetsu-no-yaiba-nendoroid-doll\/"]}]},{"@type":"ImageObject","inLanguage":"en-US","@id":"https:\/\/endormoonstore.com\/en\/zenitsu-agatsuma-demon-slayer-kimetsu-no-yaiba-nendoroid-doll\/#primaryimage","url":"https:\/\/endormoonstore.com\/wp-content\/uploads\/2021\/10\/Zenitsu-Agatsuma-Demon-Slayer-Kimetsu-no-Yaiba-Nendoroid-Doll-1.jpeg","contentUrl":"https:\/\/endormoonstore.com\/wp-content\/uploads\/2021\/10\/Zenitsu-Agatsuma-Demon-Slayer-Kimetsu-no-Yaiba-Nendoroid-Doll-1.jpeg","width":730,"height":900},{"@type":"BreadcrumbList","@id":"https:\/\/endormoonstore.com\/en\/zenitsu-agatsuma-demon-slayer-kimetsu-no-yaiba-nendoroid-doll\/#breadcrumb","itemListElement":[{"@type":"ListItem","position":1,"name":"Shop","item":"https:\/\/endormoonstore.com\/en\/shop\/"},{"@type":"ListItem","position":2,"name":"Zenitsu Agatsuma Demon Slayer Kimetsu no Yaiba Nendoroid Doll"}]},{"@type":"WebSite","@id":"https:\/\/endormoonstore.com\/#website","url":"https:\/\/endormoonstore.com\/","name":"EndormoonStore","description":"","potentialAction":[{"@type":"SearchAction","target":{"@type":"EntryPoint","urlTemplate":"https:\/\/endormoonstore.com\/?s={search_term_string}"},"query-input":{"@type":"PropertyValueSpecification","valueRequired":true,"valueName":"search_term_string"}}],"inLanguage":"en-US"}]}},"taxonomy_info":{"product_cat":[{"value":1390,"label":"Figures"}],"pa_brand":[{"value":2081,"label":"Good Smile Company"}],"pa_character":[{"value":3182,"label":"Zenitsu Agatsuma"}],"pa_license":[{"value":2609,"label":"Kimetsu no Yaiba: Demon Slayer"}],"pa_product-type":[{"value":2387,"label":"Figure"}],"pa_theme":[{"value":10021,"label":"Nendoroid Doll"}]},"featured_image_src_large":["https:\/\/endormoonstore.com\/wp-content\/uploads\/2021\/10\/Zenitsu-Agatsuma-Demon-Slayer-Kimetsu-no-Yaiba-Nendoroid-Doll-1.jpeg",730,900,false],"author_info":[],"comment_info":"","_links":{"self":[{"href":"https:\/\/endormoonstore.com\/en\/wp-json\/wp\/v2\/product\/117078","targetHints":{"allow":["GET"]}}],"collection":[{"href":"https:\/\/endormoonstore.com\/en\/wp-json\/wp\/v2\/product"}],"about":[{"href":"https:\/\/endormoonstore.com\/en\/wp-json\/wp\/v2\/types\/product"}],"wp:featuredmedia":[{"embeddable":true,"href":"https:\/\/endormoonstore.com\/en\/wp-json\/wp\/v2\/media\/117065"}],"wp:attachment":[{"href":"https:\/\/endormoonstore.com\/en\/wp-json\/wp\/v2\/media?parent=117078"}],"wp:term":[{"taxonomy":"product_cat","embeddable":true,"href":"https:\/\/endormoonstore.com\/en\/wp-json\/wp\/v2\/product_cat?post=117078"},{"taxonomy":"product_tag","embeddable":true,"href":"https:\/\/endormoonstore.com\/en\/wp-json\/wp\/v2\/product_tag?post=117078"}],"curies":[{"name":"wp","href":"https:\/\/api.w.org\/{rel}","templated":true}]}}