{"id":117031,"date":"2021-10-22T20:19:40","date_gmt":"2021-10-22T18:19:40","guid":{"rendered":"https:\/\/endormoonstore.com\/natsu-dragneel-fairy-tail-nendoroid\/"},"modified":"2023-03-30T23:03:54","modified_gmt":"2023-03-30T21:03:54","slug":"natsu-dragneel-fairy-tail-nendoroid","status":"publish","type":"product","link":"https:\/\/endormoonstore.com\/en\/natsu-dragneel-fairy-tail-nendoroid\/","title":{"rendered":"Natsu Dragneel Fairy Tail Nendoroid"},"content":{"rendered":"<p><strong>Natsu Dragneel Fairy Tail Nendoroid Figura 10 cm<\/strong><\/p>\n<div class=\"pull-left margenDatosSecundarios\">\n<div id=\"ctl00_MainContent_dvSinopsis\" class=\"pull-left w100\">\n<ul>\n<li>Good Smile Company nos presenta del fabricante Max Factory la figura de la popular serie de anime &#8220;Fairy Tail Final Season&#8221; viene un Nendoroid del Dragon Slayer que siempre cuida a sus amigos, Natsu Dragneel!<\/li>\n<li>Viene con tres placas faciales que incluyen una expresi\u00f3n est\u00e1ndar intr\u00e9pida, una expresi\u00f3n de grito en\u00e9rgico y una expresi\u00f3n alegre y encantadora.<\/li>\n<li>Adem\u00e1s, viene con su mejor amigo, Happy, \u00a1as\u00ed como las partes de efecto del Drag\u00f3n de Fuego!<\/li>\n<\/ul>\n<\/div>\n<\/div>\n<p>&nbsp;<\/p>\n<p>&nbsp;<\/p>\n<p>&nbsp;<\/p>\n","protected":false},"excerpt":{"rendered":"<p><strong>Natsu Dragneel Fairy Tail Nendoroid Figura 10 cm<\/strong><\/p>\n<p>Good Smile Company nos presenta del fabricante Max Factory la figura de la popular serie de anime &#8220;Fairy Tail Final Season&#8221; viene un Nendoroid del Dragon Slayer que siempre cuida a sus amigos, Natsu Dragneel!<\/p>\n","protected":false},"featured_media":117020,"template":"","meta":{"_acf_changed":false,"_kad_blocks_custom_css":"","_kad_blocks_head_custom_js":"","_kad_blocks_body_custom_js":"","_kad_blocks_footer_custom_js":""},"product_cat":[1390,13511],"product_tag":[],"class_list":{"0":"post-117031","1":"product","2":"type-product","3":"status-publish","4":"has-post-thumbnail","6":"product_cat-figures","7":"product_cat-new-arrivals","8":"pa_brand-good-smile-company-en","9":"pa_character-natsu-dragneel-en","10":"pa_license-fairy-tail-en","11":"pa_product-type-figure","12":"pa_theme-nendoroid-en","14":"first","15":"instock","16":"sale","17":"taxable","18":"shipping-taxable","19":"purchasable","20":"product-type-simple"},"acf":[],"yoast_head":"<!-- This site is optimized with the Yoast SEO plugin v26.1.1 - https:\/\/yoast.com\/wordpress\/plugins\/seo\/ -->\n<title>Natsu Dragneel Fairy Tail Nendoroid - EndormoonStore<\/title>\n<meta name=\"robots\" content=\"index, follow, max-snippet:-1, max-image-preview:large, max-video-preview:-1\" \/>\n<link rel=\"canonical\" href=\"https:\/\/endormoonstore.com\/en\/natsu-dragneel-fairy-tail-nendoroid\/\" \/>\n<meta property=\"og:locale\" content=\"en_US\" \/>\n<meta property=\"og:type\" content=\"article\" \/>\n<meta property=\"og:title\" content=\"Natsu Dragneel Fairy Tail Nendoroid - EndormoonStore\" \/>\n<meta property=\"og:description\" content=\"Natsu Dragneel Fairy Tail Nendoroid Figura 10 cm  Good Smile Company nos presenta del fabricante Max Factory la figura de la popular serie de anime &quot;Fairy Tail Final Season&quot; viene un Nendoroid del Dragon Slayer que siempre cuida a sus amigos, Natsu Dragneel!\" \/>\n<meta property=\"og:url\" content=\"https:\/\/endormoonstore.com\/en\/natsu-dragneel-fairy-tail-nendoroid\/\" \/>\n<meta property=\"og:site_name\" content=\"EndormoonStore\" \/>\n<meta property=\"article:modified_time\" content=\"2023-03-30T21:03:54+00:00\" \/>\n<meta property=\"og:image\" content=\"https:\/\/endormoonstore.com\/wp-content\/uploads\/2021\/10\/Natsu-Dragneel-Fairy-Tail-Nendoroid-1.jpeg\" \/>\n\t<meta property=\"og:image:width\" content=\"656\" \/>\n\t<meta property=\"og:image:height\" content=\"750\" \/>\n\t<meta property=\"og:image:type\" content=\"image\/jpeg\" \/>\n<meta name=\"twitter:card\" content=\"summary_large_image\" \/>\n<meta name=\"twitter:label1\" content=\"Est. reading time\" \/>\n\t<meta name=\"twitter:data1\" content=\"1 minute\" \/>\n<script type=\"application\/ld+json\" class=\"yoast-schema-graph\">{\"@context\":\"https:\/\/schema.org\",\"@graph\":[{\"@type\":\"WebPage\",\"@id\":\"https:\/\/endormoonstore.com\/en\/natsu-dragneel-fairy-tail-nendoroid\/\",\"url\":\"https:\/\/endormoonstore.com\/en\/natsu-dragneel-fairy-tail-nendoroid\/\",\"name\":\"Natsu Dragneel Fairy Tail Nendoroid - EndormoonStore\",\"isPartOf\":{\"@id\":\"https:\/\/endormoonstore.com\/#website\"},\"primaryImageOfPage\":{\"@id\":\"https:\/\/endormoonstore.com\/en\/natsu-dragneel-fairy-tail-nendoroid\/#primaryimage\"},\"image\":{\"@id\":\"https:\/\/endormoonstore.com\/en\/natsu-dragneel-fairy-tail-nendoroid\/#primaryimage\"},\"thumbnailUrl\":\"https:\/\/endormoonstore.com\/wp-content\/uploads\/2021\/10\/Natsu-Dragneel-Fairy-Tail-Nendoroid-1.jpeg\",\"datePublished\":\"2021-10-22T18:19:40+00:00\",\"dateModified\":\"2023-03-30T21:03:54+00:00\",\"breadcrumb\":{\"@id\":\"https:\/\/endormoonstore.com\/en\/natsu-dragneel-fairy-tail-nendoroid\/#breadcrumb\"},\"inLanguage\":\"en-US\",\"potentialAction\":[{\"@type\":\"ReadAction\",\"target\":[\"https:\/\/endormoonstore.com\/en\/natsu-dragneel-fairy-tail-nendoroid\/\"]}]},{\"@type\":\"ImageObject\",\"inLanguage\":\"en-US\",\"@id\":\"https:\/\/endormoonstore.com\/en\/natsu-dragneel-fairy-tail-nendoroid\/#primaryimage\",\"url\":\"https:\/\/endormoonstore.com\/wp-content\/uploads\/2021\/10\/Natsu-Dragneel-Fairy-Tail-Nendoroid-1.jpeg\",\"contentUrl\":\"https:\/\/endormoonstore.com\/wp-content\/uploads\/2021\/10\/Natsu-Dragneel-Fairy-Tail-Nendoroid-1.jpeg\",\"width\":656,\"height\":750},{\"@type\":\"BreadcrumbList\",\"@id\":\"https:\/\/endormoonstore.com\/en\/natsu-dragneel-fairy-tail-nendoroid\/#breadcrumb\",\"itemListElement\":[{\"@type\":\"ListItem\",\"position\":1,\"name\":\"Shop\",\"item\":\"https:\/\/endormoonstore.com\/en\/shop\/\"},{\"@type\":\"ListItem\",\"position\":2,\"name\":\"Natsu Dragneel Fairy Tail Nendoroid\"}]},{\"@type\":\"WebSite\",\"@id\":\"https:\/\/endormoonstore.com\/#website\",\"url\":\"https:\/\/endormoonstore.com\/\",\"name\":\"EndormoonStore\",\"description\":\"\",\"potentialAction\":[{\"@type\":\"SearchAction\",\"target\":{\"@type\":\"EntryPoint\",\"urlTemplate\":\"https:\/\/endormoonstore.com\/?s={search_term_string}\"},\"query-input\":{\"@type\":\"PropertyValueSpecification\",\"valueRequired\":true,\"valueName\":\"search_term_string\"}}],\"inLanguage\":\"en-US\"}]}<\/script>\n<!-- \/ Yoast SEO plugin. -->","yoast_head_json":{"title":"Natsu Dragneel Fairy Tail Nendoroid - EndormoonStore","robots":{"index":"index","follow":"follow","max-snippet":"max-snippet:-1","max-image-preview":"max-image-preview:large","max-video-preview":"max-video-preview:-1"},"canonical":"https:\/\/endormoonstore.com\/en\/natsu-dragneel-fairy-tail-nendoroid\/","og_locale":"en_US","og_type":"article","og_title":"Natsu Dragneel Fairy Tail Nendoroid - EndormoonStore","og_description":"Natsu Dragneel Fairy Tail Nendoroid Figura 10 cm  Good Smile Company nos presenta del fabricante Max Factory la figura de la popular serie de anime \"Fairy Tail Final Season\" viene un Nendoroid del Dragon Slayer que siempre cuida a sus amigos, Natsu Dragneel!","og_url":"https:\/\/endormoonstore.com\/en\/natsu-dragneel-fairy-tail-nendoroid\/","og_site_name":"EndormoonStore","article_modified_time":"2023-03-30T21:03:54+00:00","og_image":[{"width":656,"height":750,"url":"https:\/\/endormoonstore.com\/wp-content\/uploads\/2021\/10\/Natsu-Dragneel-Fairy-Tail-Nendoroid-1.jpeg","type":"image\/jpeg"}],"twitter_card":"summary_large_image","twitter_misc":{"Est. reading time":"1 minute"},"schema":{"@context":"https:\/\/schema.org","@graph":[{"@type":"WebPage","@id":"https:\/\/endormoonstore.com\/en\/natsu-dragneel-fairy-tail-nendoroid\/","url":"https:\/\/endormoonstore.com\/en\/natsu-dragneel-fairy-tail-nendoroid\/","name":"Natsu Dragneel Fairy Tail Nendoroid - EndormoonStore","isPartOf":{"@id":"https:\/\/endormoonstore.com\/#website"},"primaryImageOfPage":{"@id":"https:\/\/endormoonstore.com\/en\/natsu-dragneel-fairy-tail-nendoroid\/#primaryimage"},"image":{"@id":"https:\/\/endormoonstore.com\/en\/natsu-dragneel-fairy-tail-nendoroid\/#primaryimage"},"thumbnailUrl":"https:\/\/endormoonstore.com\/wp-content\/uploads\/2021\/10\/Natsu-Dragneel-Fairy-Tail-Nendoroid-1.jpeg","datePublished":"2021-10-22T18:19:40+00:00","dateModified":"2023-03-30T21:03:54+00:00","breadcrumb":{"@id":"https:\/\/endormoonstore.com\/en\/natsu-dragneel-fairy-tail-nendoroid\/#breadcrumb"},"inLanguage":"en-US","potentialAction":[{"@type":"ReadAction","target":["https:\/\/endormoonstore.com\/en\/natsu-dragneel-fairy-tail-nendoroid\/"]}]},{"@type":"ImageObject","inLanguage":"en-US","@id":"https:\/\/endormoonstore.com\/en\/natsu-dragneel-fairy-tail-nendoroid\/#primaryimage","url":"https:\/\/endormoonstore.com\/wp-content\/uploads\/2021\/10\/Natsu-Dragneel-Fairy-Tail-Nendoroid-1.jpeg","contentUrl":"https:\/\/endormoonstore.com\/wp-content\/uploads\/2021\/10\/Natsu-Dragneel-Fairy-Tail-Nendoroid-1.jpeg","width":656,"height":750},{"@type":"BreadcrumbList","@id":"https:\/\/endormoonstore.com\/en\/natsu-dragneel-fairy-tail-nendoroid\/#breadcrumb","itemListElement":[{"@type":"ListItem","position":1,"name":"Shop","item":"https:\/\/endormoonstore.com\/en\/shop\/"},{"@type":"ListItem","position":2,"name":"Natsu Dragneel Fairy Tail Nendoroid"}]},{"@type":"WebSite","@id":"https:\/\/endormoonstore.com\/#website","url":"https:\/\/endormoonstore.com\/","name":"EndormoonStore","description":"","potentialAction":[{"@type":"SearchAction","target":{"@type":"EntryPoint","urlTemplate":"https:\/\/endormoonstore.com\/?s={search_term_string}"},"query-input":{"@type":"PropertyValueSpecification","valueRequired":true,"valueName":"search_term_string"}}],"inLanguage":"en-US"}]}},"taxonomy_info":{"product_cat":[{"value":1390,"label":"Figures"},{"value":13511,"label":"New Arrivals"}],"pa_brand":[{"value":2081,"label":"Good Smile Company"}],"pa_character":[{"value":9337,"label":"Natsu Dragneel"}],"pa_license":[{"value":9343,"label":"Fairy Tail"}],"pa_product-type":[{"value":2387,"label":"Figure"}],"pa_theme":[{"value":1861,"label":"Nendoroid"}]},"featured_image_src_large":["https:\/\/endormoonstore.com\/wp-content\/uploads\/2021\/10\/Natsu-Dragneel-Fairy-Tail-Nendoroid-1.jpeg",656,750,false],"author_info":[],"comment_info":"","_links":{"self":[{"href":"https:\/\/endormoonstore.com\/en\/wp-json\/wp\/v2\/product\/117031","targetHints":{"allow":["GET"]}}],"collection":[{"href":"https:\/\/endormoonstore.com\/en\/wp-json\/wp\/v2\/product"}],"about":[{"href":"https:\/\/endormoonstore.com\/en\/wp-json\/wp\/v2\/types\/product"}],"wp:featuredmedia":[{"embeddable":true,"href":"https:\/\/endormoonstore.com\/en\/wp-json\/wp\/v2\/media\/117020"}],"wp:attachment":[{"href":"https:\/\/endormoonstore.com\/en\/wp-json\/wp\/v2\/media?parent=117031"}],"wp:term":[{"taxonomy":"product_cat","embeddable":true,"href":"https:\/\/endormoonstore.com\/en\/wp-json\/wp\/v2\/product_cat?post=117031"},{"taxonomy":"product_tag","embeddable":true,"href":"https:\/\/endormoonstore.com\/en\/wp-json\/wp\/v2\/product_tag?post=117031"}],"curies":[{"name":"wp","href":"https:\/\/api.w.org\/{rel}","templated":true}]}}