{"id":116927,"date":"2021-10-20T23:36:29","date_gmt":"2021-10-20T21:36:29","guid":{"rendered":"https:\/\/endormoonstore.com\/star-wars-the-mandalorian-retro-collection-the-mandalorian-beskar\/"},"modified":"2022-05-12T11:22:32","modified_gmt":"2022-05-12T09:22:32","slug":"star-wars-the-mandalorian-retro-collection-the-mandalorian-beskar","status":"publish","type":"product","link":"https:\/\/endormoonstore.com\/en\/star-wars-the-mandalorian-retro-collection-the-mandalorian-beskar\/","title":{"rendered":"Star Wars The Mandalorian Retro Collection The Mandalorian (Beskar)"},"content":{"rendered":"<p><strong>Star Wars The Mandalorian Retro Collection The Mandalorian (Beskar) Figura 9,5 cm<\/strong><\/p>\n<ul>\n<li>El mandaloriano, conocido por unos pocos como Din Djarin, es un cazarrecompensas desgastado por la batalla.<\/li>\n<li>Que se abre paso a trav\u00e9s de una galaxia peligrosa en una \u00e9poca incierta.<\/li>\n<li>La figura de la Colecci\u00f3n Retro de unos 9,5 cm est\u00e1 dise\u00f1ada para parecerse al personaje de The Armorer de Star Wars: la serie de acci\u00f3n en vivo Mandalorian en Disney Plus.<\/li>\n<li>Con un dise\u00f1o y detalles inspirados en las figuras de Star Wars de la d\u00e9cada de 1970.<\/li>\n<\/ul>\n","protected":false},"excerpt":{"rendered":"<p><strong>Star Wars The Mandalorian Retro Collection The Mandalorian (Beskar) Figura 9,5 cm<\/strong><\/p>\n<p>El mandaloriano, conocido por unos pocos como Din Djarin, es un cazarrecompensas desgastado por la batalla que se abre paso a trav\u00e9s de una galaxia peligrosa en una \u00e9poca incierta.<\/p>\n","protected":false},"featured_media":116907,"template":"","meta":{"_acf_changed":false,"_kad_blocks_custom_css":"","_kad_blocks_head_custom_js":"","_kad_blocks_body_custom_js":"","_kad_blocks_footer_custom_js":""},"product_cat":[1390],"product_tag":[],"class_list":{"0":"post-116927","1":"product","2":"type-product","3":"status-publish","4":"has-post-thumbnail","6":"product_cat-figures","7":"pa_brand-hasbro-en","8":"pa_character-the-mandalorian-en","9":"pa_episode-the-mandalorian-en","10":"pa_license-star-wars-en","11":"pa_product-type-figure","12":"pa_theme-retro-collection-en","14":"first","15":"instock","16":"taxable","17":"shipping-taxable","18":"purchasable","19":"product-type-simple"},"acf":[],"yoast_head":"<!-- This site is optimized with the Yoast SEO plugin v26.1.1 - https:\/\/yoast.com\/wordpress\/plugins\/seo\/ -->\n<title>Star Wars The Mandalorian Retro Collection The Mandalorian (Beskar) - EndormoonStore<\/title>\n<meta name=\"robots\" content=\"index, follow, max-snippet:-1, max-image-preview:large, max-video-preview:-1\" \/>\n<link rel=\"canonical\" href=\"https:\/\/endormoonstore.com\/en\/star-wars-the-mandalorian-retro-collection-the-mandalorian-beskar\/\" \/>\n<meta property=\"og:locale\" content=\"en_US\" \/>\n<meta property=\"og:type\" content=\"article\" \/>\n<meta property=\"og:title\" content=\"Star Wars The Mandalorian Retro Collection The Mandalorian (Beskar) - EndormoonStore\" \/>\n<meta property=\"og:description\" content=\"Star Wars The Mandalorian Retro Collection The Mandalorian (Beskar) Figura 9,5 cm  El mandaloriano, conocido por unos pocos como Din Djarin, es un cazarrecompensas desgastado por la batalla que se abre paso a trav\u00e9s de una galaxia peligrosa en una \u00e9poca incierta.\" \/>\n<meta property=\"og:url\" content=\"https:\/\/endormoonstore.com\/en\/star-wars-the-mandalorian-retro-collection-the-mandalorian-beskar\/\" \/>\n<meta property=\"og:site_name\" content=\"EndormoonStore\" \/>\n<meta property=\"article:modified_time\" content=\"2022-05-12T09:22:32+00:00\" \/>\n<meta property=\"og:image\" content=\"https:\/\/endormoonstore.com\/wp-content\/uploads\/2021\/10\/Star-Wars-Retro-Collection-The-Mandalorian-Beskar-1.jpeg\" \/>\n\t<meta property=\"og:image:width\" content=\"921\" \/>\n\t<meta property=\"og:image:height\" content=\"750\" \/>\n\t<meta property=\"og:image:type\" content=\"image\/jpeg\" \/>\n<meta name=\"twitter:card\" content=\"summary_large_image\" \/>\n<meta name=\"twitter:label1\" content=\"Est. reading time\" \/>\n\t<meta name=\"twitter:data1\" content=\"1 minute\" \/>\n<script type=\"application\/ld+json\" class=\"yoast-schema-graph\">{\"@context\":\"https:\/\/schema.org\",\"@graph\":[{\"@type\":\"WebPage\",\"@id\":\"https:\/\/endormoonstore.com\/en\/star-wars-the-mandalorian-retro-collection-the-mandalorian-beskar\/\",\"url\":\"https:\/\/endormoonstore.com\/en\/star-wars-the-mandalorian-retro-collection-the-mandalorian-beskar\/\",\"name\":\"Star Wars The Mandalorian Retro Collection The Mandalorian (Beskar) - EndormoonStore\",\"isPartOf\":{\"@id\":\"https:\/\/endormoonstore.com\/#website\"},\"primaryImageOfPage\":{\"@id\":\"https:\/\/endormoonstore.com\/en\/star-wars-the-mandalorian-retro-collection-the-mandalorian-beskar\/#primaryimage\"},\"image\":{\"@id\":\"https:\/\/endormoonstore.com\/en\/star-wars-the-mandalorian-retro-collection-the-mandalorian-beskar\/#primaryimage\"},\"thumbnailUrl\":\"https:\/\/endormoonstore.com\/wp-content\/uploads\/2021\/10\/Star-Wars-Retro-Collection-The-Mandalorian-Beskar-1.jpeg\",\"datePublished\":\"2021-10-20T21:36:29+00:00\",\"dateModified\":\"2022-05-12T09:22:32+00:00\",\"breadcrumb\":{\"@id\":\"https:\/\/endormoonstore.com\/en\/star-wars-the-mandalorian-retro-collection-the-mandalorian-beskar\/#breadcrumb\"},\"inLanguage\":\"en-US\",\"potentialAction\":[{\"@type\":\"ReadAction\",\"target\":[\"https:\/\/endormoonstore.com\/en\/star-wars-the-mandalorian-retro-collection-the-mandalorian-beskar\/\"]}]},{\"@type\":\"ImageObject\",\"inLanguage\":\"en-US\",\"@id\":\"https:\/\/endormoonstore.com\/en\/star-wars-the-mandalorian-retro-collection-the-mandalorian-beskar\/#primaryimage\",\"url\":\"https:\/\/endormoonstore.com\/wp-content\/uploads\/2021\/10\/Star-Wars-Retro-Collection-The-Mandalorian-Beskar-1.jpeg\",\"contentUrl\":\"https:\/\/endormoonstore.com\/wp-content\/uploads\/2021\/10\/Star-Wars-Retro-Collection-The-Mandalorian-Beskar-1.jpeg\",\"width\":921,\"height\":750},{\"@type\":\"BreadcrumbList\",\"@id\":\"https:\/\/endormoonstore.com\/en\/star-wars-the-mandalorian-retro-collection-the-mandalorian-beskar\/#breadcrumb\",\"itemListElement\":[{\"@type\":\"ListItem\",\"position\":1,\"name\":\"Shop\",\"item\":\"https:\/\/endormoonstore.com\/en\/shop\/\"},{\"@type\":\"ListItem\",\"position\":2,\"name\":\"Star Wars The Mandalorian Retro Collection The Mandalorian (Beskar)\"}]},{\"@type\":\"WebSite\",\"@id\":\"https:\/\/endormoonstore.com\/#website\",\"url\":\"https:\/\/endormoonstore.com\/\",\"name\":\"EndormoonStore\",\"description\":\"\",\"potentialAction\":[{\"@type\":\"SearchAction\",\"target\":{\"@type\":\"EntryPoint\",\"urlTemplate\":\"https:\/\/endormoonstore.com\/?s={search_term_string}\"},\"query-input\":{\"@type\":\"PropertyValueSpecification\",\"valueRequired\":true,\"valueName\":\"search_term_string\"}}],\"inLanguage\":\"en-US\"}]}<\/script>\n<!-- \/ Yoast SEO plugin. -->","yoast_head_json":{"title":"Star Wars The Mandalorian Retro Collection The Mandalorian (Beskar) - EndormoonStore","robots":{"index":"index","follow":"follow","max-snippet":"max-snippet:-1","max-image-preview":"max-image-preview:large","max-video-preview":"max-video-preview:-1"},"canonical":"https:\/\/endormoonstore.com\/en\/star-wars-the-mandalorian-retro-collection-the-mandalorian-beskar\/","og_locale":"en_US","og_type":"article","og_title":"Star Wars The Mandalorian Retro Collection The Mandalorian (Beskar) - EndormoonStore","og_description":"Star Wars The Mandalorian Retro Collection The Mandalorian (Beskar) Figura 9,5 cm  El mandaloriano, conocido por unos pocos como Din Djarin, es un cazarrecompensas desgastado por la batalla que se abre paso a trav\u00e9s de una galaxia peligrosa en una \u00e9poca incierta.","og_url":"https:\/\/endormoonstore.com\/en\/star-wars-the-mandalorian-retro-collection-the-mandalorian-beskar\/","og_site_name":"EndormoonStore","article_modified_time":"2022-05-12T09:22:32+00:00","og_image":[{"width":921,"height":750,"url":"https:\/\/endormoonstore.com\/wp-content\/uploads\/2021\/10\/Star-Wars-Retro-Collection-The-Mandalorian-Beskar-1.jpeg","type":"image\/jpeg"}],"twitter_card":"summary_large_image","twitter_misc":{"Est. reading time":"1 minute"},"schema":{"@context":"https:\/\/schema.org","@graph":[{"@type":"WebPage","@id":"https:\/\/endormoonstore.com\/en\/star-wars-the-mandalorian-retro-collection-the-mandalorian-beskar\/","url":"https:\/\/endormoonstore.com\/en\/star-wars-the-mandalorian-retro-collection-the-mandalorian-beskar\/","name":"Star Wars The Mandalorian Retro Collection The Mandalorian (Beskar) - EndormoonStore","isPartOf":{"@id":"https:\/\/endormoonstore.com\/#website"},"primaryImageOfPage":{"@id":"https:\/\/endormoonstore.com\/en\/star-wars-the-mandalorian-retro-collection-the-mandalorian-beskar\/#primaryimage"},"image":{"@id":"https:\/\/endormoonstore.com\/en\/star-wars-the-mandalorian-retro-collection-the-mandalorian-beskar\/#primaryimage"},"thumbnailUrl":"https:\/\/endormoonstore.com\/wp-content\/uploads\/2021\/10\/Star-Wars-Retro-Collection-The-Mandalorian-Beskar-1.jpeg","datePublished":"2021-10-20T21:36:29+00:00","dateModified":"2022-05-12T09:22:32+00:00","breadcrumb":{"@id":"https:\/\/endormoonstore.com\/en\/star-wars-the-mandalorian-retro-collection-the-mandalorian-beskar\/#breadcrumb"},"inLanguage":"en-US","potentialAction":[{"@type":"ReadAction","target":["https:\/\/endormoonstore.com\/en\/star-wars-the-mandalorian-retro-collection-the-mandalorian-beskar\/"]}]},{"@type":"ImageObject","inLanguage":"en-US","@id":"https:\/\/endormoonstore.com\/en\/star-wars-the-mandalorian-retro-collection-the-mandalorian-beskar\/#primaryimage","url":"https:\/\/endormoonstore.com\/wp-content\/uploads\/2021\/10\/Star-Wars-Retro-Collection-The-Mandalorian-Beskar-1.jpeg","contentUrl":"https:\/\/endormoonstore.com\/wp-content\/uploads\/2021\/10\/Star-Wars-Retro-Collection-The-Mandalorian-Beskar-1.jpeg","width":921,"height":750},{"@type":"BreadcrumbList","@id":"https:\/\/endormoonstore.com\/en\/star-wars-the-mandalorian-retro-collection-the-mandalorian-beskar\/#breadcrumb","itemListElement":[{"@type":"ListItem","position":1,"name":"Shop","item":"https:\/\/endormoonstore.com\/en\/shop\/"},{"@type":"ListItem","position":2,"name":"Star Wars The Mandalorian Retro Collection The Mandalorian (Beskar)"}]},{"@type":"WebSite","@id":"https:\/\/endormoonstore.com\/#website","url":"https:\/\/endormoonstore.com\/","name":"EndormoonStore","description":"","potentialAction":[{"@type":"SearchAction","target":{"@type":"EntryPoint","urlTemplate":"https:\/\/endormoonstore.com\/?s={search_term_string}"},"query-input":{"@type":"PropertyValueSpecification","valueRequired":true,"valueName":"search_term_string"}}],"inLanguage":"en-US"}]}},"taxonomy_info":{"product_cat":[{"value":1390,"label":"Figures"}],"pa_brand":[{"value":2084,"label":"Hasbro"}],"pa_character":[{"value":2363,"label":"The Mandalorian"}],"pa_episode":[{"value":1993,"label":"The Mandalorian"}],"pa_license":[{"value":1644,"label":"Star Wars"}],"pa_product-type":[{"value":2387,"label":"Figure"}],"pa_theme":[{"value":3338,"label":"Retro Collection"}]},"featured_image_src_large":["https:\/\/endormoonstore.com\/wp-content\/uploads\/2021\/10\/Star-Wars-Retro-Collection-The-Mandalorian-Beskar-1.jpeg",921,750,false],"author_info":[],"comment_info":"","_links":{"self":[{"href":"https:\/\/endormoonstore.com\/en\/wp-json\/wp\/v2\/product\/116927","targetHints":{"allow":["GET"]}}],"collection":[{"href":"https:\/\/endormoonstore.com\/en\/wp-json\/wp\/v2\/product"}],"about":[{"href":"https:\/\/endormoonstore.com\/en\/wp-json\/wp\/v2\/types\/product"}],"wp:featuredmedia":[{"embeddable":true,"href":"https:\/\/endormoonstore.com\/en\/wp-json\/wp\/v2\/media\/116907"}],"wp:attachment":[{"href":"https:\/\/endormoonstore.com\/en\/wp-json\/wp\/v2\/media?parent=116927"}],"wp:term":[{"taxonomy":"product_cat","embeddable":true,"href":"https:\/\/endormoonstore.com\/en\/wp-json\/wp\/v2\/product_cat?post=116927"},{"taxonomy":"product_tag","embeddable":true,"href":"https:\/\/endormoonstore.com\/en\/wp-json\/wp\/v2\/product_tag?post=116927"}],"curies":[{"name":"wp","href":"https:\/\/api.w.org\/{rel}","templated":true}]}}