{"id":115555,"date":"2021-10-01T22:09:31","date_gmt":"2021-10-01T20:09:31","guid":{"rendered":"https:\/\/endormoonstore.com\/eva-01-test-type-neon-genesis-evangelion-metal-build\/"},"modified":"2025-07-05T15:15:56","modified_gmt":"2025-07-05T13:15:56","slug":"eva-01-test-type-neon-genesis-evangelion-metal-build","status":"publish","type":"product","link":"https:\/\/endormoonstore.com\/en\/eva-01-test-type-neon-genesis-evangelion-metal-build\/","title":{"rendered":"Eva-01 Test Type Neon Genesis Evangelion Metal Build"},"content":{"rendered":"<p><strong>Eva-01 Test Type Neon Genesis Evangelion Metal Build Re-Issued Figura 22 Cm<\/strong><\/p>\n<ul>\n<li>Tamashii Nations relanza esta figura del EVA-01 Test Type para la colecci\u00f3n Metal Build basada en el manga y anime Neon Genesis Evangelion.<\/li>\n<li>Dise\u00f1ada por el dise\u00f1ador de Evangelion, Ikuto Yamashita, y capta excepcionalmente la mezcla de metal y m\u00fasculo como no lo ha hecho ninguna otra antes.<\/li>\n<li>Se trata de una figura art\u00edculada hecha en ABS, PVC y Metal, recreada con una calidad superior capaz de adoptar cualquier postura.<\/li>\n<li>Incluye 4 pares de manos opcionales, un cuchillo, la espada Magoroku Exterminate, un rifle, una pistola de mano, cable umbilical, un hangar soporte con armer\u00eda, cabeza opcional con visor y armadura espinillera protectora.<\/li>\n<\/ul>\n<p>&nbsp;<\/p>\n<p>&nbsp;<\/p>\n","protected":false},"excerpt":{"rendered":"<p><strong>Eva-01 Test Type Neon Genesis Evangelion Metal Build\u00a0Figura 22 Cm<\/strong><\/p>\n<p>Tamashii Nations relanza esta figura del EVA-01 Test Type para la colecci\u00f3n Metal Build basada en el manga y anime Neon Genesis Evangelion.<\/p>\n","protected":false},"featured_media":75044,"template":"","meta":{"_acf_changed":false,"_kad_blocks_custom_css":"","_kad_blocks_head_custom_js":"","_kad_blocks_body_custom_js":"","_kad_blocks_footer_custom_js":""},"product_cat":[1390],"product_tag":[],"class_list":{"0":"post-115555","1":"product","2":"type-product","3":"status-publish","4":"has-post-thumbnail","6":"product_cat-figures","7":"pa_brand-tamashii-nations-en","8":"pa_character-evangelion-test-type-01-en","9":"pa_license-evangelion-en","10":"pa_product-type-figure","11":"pa_theme-metal-build-en","13":"first","14":"outofstock","15":"taxable","16":"shipping-taxable","17":"purchasable","18":"product-type-simple"},"acf":[],"yoast_head":"<!-- This site is optimized with the Yoast SEO plugin v26.1.1 - https:\/\/yoast.com\/wordpress\/plugins\/seo\/ -->\n<title>Eva-01 Test Type Neon Genesis Evangelion Metal Build - EndormoonStore<\/title>\n<meta name=\"robots\" content=\"index, follow, max-snippet:-1, max-image-preview:large, max-video-preview:-1\" \/>\n<link rel=\"canonical\" href=\"https:\/\/endormoonstore.com\/en\/eva-01-test-type-neon-genesis-evangelion-metal-build\/\" \/>\n<meta property=\"og:locale\" content=\"en_US\" \/>\n<meta property=\"og:type\" content=\"article\" \/>\n<meta property=\"og:title\" content=\"Eva-01 Test Type Neon Genesis Evangelion Metal Build - EndormoonStore\" \/>\n<meta property=\"og:description\" content=\"Eva-01 Test Type Neon Genesis Evangelion Metal Build\u00a0Figura 22 Cm  Tamashii Nations relanza esta figura del EVA-01 Test Type para la colecci\u00f3n Metal Build basada en el manga y anime Neon Genesis Evangelion.\" \/>\n<meta property=\"og:url\" content=\"https:\/\/endormoonstore.com\/en\/eva-01-test-type-neon-genesis-evangelion-metal-build\/\" \/>\n<meta property=\"og:site_name\" content=\"EndormoonStore\" \/>\n<meta property=\"article:modified_time\" content=\"2025-07-05T13:15:56+00:00\" \/>\n<meta property=\"og:image\" content=\"https:\/\/endormoonstore.com\/wp-content\/uploads\/2019\/04\/eva-01_test_type_figura_22_cm_neon_genesis_evangelion_metal_build-1.jpg\" \/>\n\t<meta property=\"og:image:width\" content=\"794\" \/>\n\t<meta property=\"og:image:height\" content=\"1200\" \/>\n\t<meta property=\"og:image:type\" content=\"image\/jpeg\" \/>\n<meta name=\"twitter:card\" content=\"summary_large_image\" \/>\n<meta name=\"twitter:label1\" content=\"Est. reading time\" \/>\n\t<meta name=\"twitter:data1\" content=\"1 minute\" \/>\n<script type=\"application\/ld+json\" class=\"yoast-schema-graph\">{\"@context\":\"https:\/\/schema.org\",\"@graph\":[{\"@type\":\"WebPage\",\"@id\":\"https:\/\/endormoonstore.com\/en\/eva-01-test-type-neon-genesis-evangelion-metal-build\/\",\"url\":\"https:\/\/endormoonstore.com\/en\/eva-01-test-type-neon-genesis-evangelion-metal-build\/\",\"name\":\"Eva-01 Test Type Neon Genesis Evangelion Metal Build - EndormoonStore\",\"isPartOf\":{\"@id\":\"https:\/\/endormoonstore.com\/#website\"},\"primaryImageOfPage\":{\"@id\":\"https:\/\/endormoonstore.com\/en\/eva-01-test-type-neon-genesis-evangelion-metal-build\/#primaryimage\"},\"image\":{\"@id\":\"https:\/\/endormoonstore.com\/en\/eva-01-test-type-neon-genesis-evangelion-metal-build\/#primaryimage\"},\"thumbnailUrl\":\"https:\/\/endormoonstore.com\/wp-content\/uploads\/2019\/04\/eva-01_test_type_figura_22_cm_neon_genesis_evangelion_metal_build-1.jpg\",\"datePublished\":\"2021-10-01T20:09:31+00:00\",\"dateModified\":\"2025-07-05T13:15:56+00:00\",\"breadcrumb\":{\"@id\":\"https:\/\/endormoonstore.com\/en\/eva-01-test-type-neon-genesis-evangelion-metal-build\/#breadcrumb\"},\"inLanguage\":\"en-US\",\"potentialAction\":[{\"@type\":\"ReadAction\",\"target\":[\"https:\/\/endormoonstore.com\/en\/eva-01-test-type-neon-genesis-evangelion-metal-build\/\"]}]},{\"@type\":\"ImageObject\",\"inLanguage\":\"en-US\",\"@id\":\"https:\/\/endormoonstore.com\/en\/eva-01-test-type-neon-genesis-evangelion-metal-build\/#primaryimage\",\"url\":\"https:\/\/endormoonstore.com\/wp-content\/uploads\/2019\/04\/eva-01_test_type_figura_22_cm_neon_genesis_evangelion_metal_build-1.jpg\",\"contentUrl\":\"https:\/\/endormoonstore.com\/wp-content\/uploads\/2019\/04\/eva-01_test_type_figura_22_cm_neon_genesis_evangelion_metal_build-1.jpg\",\"width\":794,\"height\":1200},{\"@type\":\"BreadcrumbList\",\"@id\":\"https:\/\/endormoonstore.com\/en\/eva-01-test-type-neon-genesis-evangelion-metal-build\/#breadcrumb\",\"itemListElement\":[{\"@type\":\"ListItem\",\"position\":1,\"name\":\"Shop\",\"item\":\"https:\/\/endormoonstore.com\/en\/shop\/\"},{\"@type\":\"ListItem\",\"position\":2,\"name\":\"Eva-01 Test Type Neon Genesis Evangelion Metal Build\"}]},{\"@type\":\"WebSite\",\"@id\":\"https:\/\/endormoonstore.com\/#website\",\"url\":\"https:\/\/endormoonstore.com\/\",\"name\":\"EndormoonStore\",\"description\":\"\",\"potentialAction\":[{\"@type\":\"SearchAction\",\"target\":{\"@type\":\"EntryPoint\",\"urlTemplate\":\"https:\/\/endormoonstore.com\/?s={search_term_string}\"},\"query-input\":{\"@type\":\"PropertyValueSpecification\",\"valueRequired\":true,\"valueName\":\"search_term_string\"}}],\"inLanguage\":\"en-US\"}]}<\/script>\n<!-- \/ Yoast SEO plugin. -->","yoast_head_json":{"title":"Eva-01 Test Type Neon Genesis Evangelion Metal Build - EndormoonStore","robots":{"index":"index","follow":"follow","max-snippet":"max-snippet:-1","max-image-preview":"max-image-preview:large","max-video-preview":"max-video-preview:-1"},"canonical":"https:\/\/endormoonstore.com\/en\/eva-01-test-type-neon-genesis-evangelion-metal-build\/","og_locale":"en_US","og_type":"article","og_title":"Eva-01 Test Type Neon Genesis Evangelion Metal Build - EndormoonStore","og_description":"Eva-01 Test Type Neon Genesis Evangelion Metal Build\u00a0Figura 22 Cm  Tamashii Nations relanza esta figura del EVA-01 Test Type para la colecci\u00f3n Metal Build basada en el manga y anime Neon Genesis Evangelion.","og_url":"https:\/\/endormoonstore.com\/en\/eva-01-test-type-neon-genesis-evangelion-metal-build\/","og_site_name":"EndormoonStore","article_modified_time":"2025-07-05T13:15:56+00:00","og_image":[{"width":794,"height":1200,"url":"https:\/\/endormoonstore.com\/wp-content\/uploads\/2019\/04\/eva-01_test_type_figura_22_cm_neon_genesis_evangelion_metal_build-1.jpg","type":"image\/jpeg"}],"twitter_card":"summary_large_image","twitter_misc":{"Est. reading time":"1 minute"},"schema":{"@context":"https:\/\/schema.org","@graph":[{"@type":"WebPage","@id":"https:\/\/endormoonstore.com\/en\/eva-01-test-type-neon-genesis-evangelion-metal-build\/","url":"https:\/\/endormoonstore.com\/en\/eva-01-test-type-neon-genesis-evangelion-metal-build\/","name":"Eva-01 Test Type Neon Genesis Evangelion Metal Build - EndormoonStore","isPartOf":{"@id":"https:\/\/endormoonstore.com\/#website"},"primaryImageOfPage":{"@id":"https:\/\/endormoonstore.com\/en\/eva-01-test-type-neon-genesis-evangelion-metal-build\/#primaryimage"},"image":{"@id":"https:\/\/endormoonstore.com\/en\/eva-01-test-type-neon-genesis-evangelion-metal-build\/#primaryimage"},"thumbnailUrl":"https:\/\/endormoonstore.com\/wp-content\/uploads\/2019\/04\/eva-01_test_type_figura_22_cm_neon_genesis_evangelion_metal_build-1.jpg","datePublished":"2021-10-01T20:09:31+00:00","dateModified":"2025-07-05T13:15:56+00:00","breadcrumb":{"@id":"https:\/\/endormoonstore.com\/en\/eva-01-test-type-neon-genesis-evangelion-metal-build\/#breadcrumb"},"inLanguage":"en-US","potentialAction":[{"@type":"ReadAction","target":["https:\/\/endormoonstore.com\/en\/eva-01-test-type-neon-genesis-evangelion-metal-build\/"]}]},{"@type":"ImageObject","inLanguage":"en-US","@id":"https:\/\/endormoonstore.com\/en\/eva-01-test-type-neon-genesis-evangelion-metal-build\/#primaryimage","url":"https:\/\/endormoonstore.com\/wp-content\/uploads\/2019\/04\/eva-01_test_type_figura_22_cm_neon_genesis_evangelion_metal_build-1.jpg","contentUrl":"https:\/\/endormoonstore.com\/wp-content\/uploads\/2019\/04\/eva-01_test_type_figura_22_cm_neon_genesis_evangelion_metal_build-1.jpg","width":794,"height":1200},{"@type":"BreadcrumbList","@id":"https:\/\/endormoonstore.com\/en\/eva-01-test-type-neon-genesis-evangelion-metal-build\/#breadcrumb","itemListElement":[{"@type":"ListItem","position":1,"name":"Shop","item":"https:\/\/endormoonstore.com\/en\/shop\/"},{"@type":"ListItem","position":2,"name":"Eva-01 Test Type Neon Genesis Evangelion Metal Build"}]},{"@type":"WebSite","@id":"https:\/\/endormoonstore.com\/#website","url":"https:\/\/endormoonstore.com\/","name":"EndormoonStore","description":"","potentialAction":[{"@type":"SearchAction","target":{"@type":"EntryPoint","urlTemplate":"https:\/\/endormoonstore.com\/?s={search_term_string}"},"query-input":{"@type":"PropertyValueSpecification","valueRequired":true,"valueName":"search_term_string"}}],"inLanguage":"en-US"}]}},"taxonomy_info":{"product_cat":[{"value":1390,"label":"Figures"}],"pa_brand":[{"value":2096,"label":"Tamashii Nations"}],"pa_character":[{"value":15736,"label":"Evangelion Test Type-01"}],"pa_license":[{"value":5875,"label":"Evangelion"}],"pa_product-type":[{"value":2387,"label":"Figure"}],"pa_theme":[{"value":5899,"label":"Metal Build"}]},"featured_image_src_large":["https:\/\/endormoonstore.com\/wp-content\/uploads\/2019\/04\/eva-01_test_type_figura_22_cm_neon_genesis_evangelion_metal_build-1-678x1024.jpg",678,1024,true],"author_info":[],"comment_info":"","_links":{"self":[{"href":"https:\/\/endormoonstore.com\/en\/wp-json\/wp\/v2\/product\/115555","targetHints":{"allow":["GET"]}}],"collection":[{"href":"https:\/\/endormoonstore.com\/en\/wp-json\/wp\/v2\/product"}],"about":[{"href":"https:\/\/endormoonstore.com\/en\/wp-json\/wp\/v2\/types\/product"}],"wp:featuredmedia":[{"embeddable":true,"href":"https:\/\/endormoonstore.com\/en\/wp-json\/wp\/v2\/media\/75044"}],"wp:attachment":[{"href":"https:\/\/endormoonstore.com\/en\/wp-json\/wp\/v2\/media?parent=115555"}],"wp:term":[{"taxonomy":"product_cat","embeddable":true,"href":"https:\/\/endormoonstore.com\/en\/wp-json\/wp\/v2\/product_cat?post=115555"},{"taxonomy":"product_tag","embeddable":true,"href":"https:\/\/endormoonstore.com\/en\/wp-json\/wp\/v2\/product_tag?post=115555"}],"curies":[{"name":"wp","href":"https:\/\/api.w.org\/{rel}","templated":true}]}}