{"id":115431,"date":"2021-09-29T22:42:33","date_gmt":"2021-09-29T20:42:33","guid":{"rendered":"https:\/\/endormoonstore.com\/star-wars-droids-the-vintage-collection-see-threepio-c-3po\/"},"modified":"2022-09-26T17:11:07","modified_gmt":"2022-09-26T15:11:07","slug":"star-wars-droids-the-vintage-collection-see-threepio-c-3po","status":"publish","type":"product","link":"https:\/\/endormoonstore.com\/en\/star-wars-droids-the-vintage-collection-see-threepio-c-3po\/","title":{"rendered":"Star Wars: Droids The Vintage Collection See-Threepio (C-3PO)"},"content":{"rendered":"<p><strong>Star Wars: Droids The Vintage Collection See-Threepio (C-3PO) Figure 9,5 cm<\/strong><\/p>\n<ul>\n<li>C-3PO anhela tiempos m\u00e1s pac\u00edficos, pero su continuo servicio a la Resistencia, y su conocimiento de m\u00e1s de siete millones de formas de comunicaci\u00f3n, mantiene al droide propenso a las preocupaciones en la primera l\u00ednea del conflicto gal\u00e1ctico.<\/li>\n<li>\u00a0Programado para la etiqueta y el protocolo, Threepio fue construido por un joven Anakin Skywalker y ha sido un compa\u00f1ero constante del astromec\u00e1nico R2-D2.\u00a0A lo largo de los a\u00f1os, estuvo involucrado en algunos de los momentos m\u00e1s definitorios y batallas emocionantes de la galaxia.<\/li>\n<li>Desde la derrota del Imperio, C-3PO ha servido a Leia Organa, jefa de una red de esp\u00edas de la Resistencia destinada a socavar la Primera Orden.<\/li>\n<li>Hasbro presenta dentro de su colecci\u00f3n Vintage Collection la figura de C-3PO, basado en la serie de dibujos &#8220;Star Wars Droids&#8221;.<\/li>\n<li>Se trata de una figura articulada hecha en PVC que mide 9,5 cm.<\/li>\n<li>Incluye una moneda de colecci\u00f3n con la imagen de C-3PO.<\/li>\n<\/ul>\n<p>&nbsp;<\/p>\n","protected":false},"excerpt":{"rendered":"<p><strong>Star Wars: Droids The Vintage Collection See-Threepio (C-3PO) Figure 9,5 cm<\/strong><\/p>\n<p>C-3PO anhela tiempos m\u00e1s pac\u00edficos, pero su continuo servicio a la Resistencia, y su conocimiento de m\u00e1s de siete millones de formas de comunicaci\u00f3n, mantiene al droide propenso a las preocupaciones en la primera l\u00ednea del conflicto gal\u00e1ctico.<\/p>\n","protected":false},"featured_media":115414,"template":"","meta":{"_acf_changed":false,"_kad_blocks_custom_css":"","_kad_blocks_head_custom_js":"","_kad_blocks_body_custom_js":"","_kad_blocks_footer_custom_js":""},"product_cat":[1390],"product_tag":[],"class_list":{"0":"post-115431","1":"product","2":"type-product","3":"status-publish","4":"has-post-thumbnail","6":"product_cat-figures","7":"pa_brand-hasbro-en","8":"pa_character-c-3po-en","9":"pa_episode-star-wars-droids-the-adventures-of-r2-d2-c-3po-en","10":"pa_license-star-wars-en","11":"pa_product-type-figure","12":"pa_theme-the-vintage-collection-en","14":"first","15":"instock","16":"taxable","17":"shipping-taxable","18":"purchasable","19":"product-type-simple"},"acf":[],"yoast_head":"<!-- This site is optimized with the Yoast SEO plugin v26.1.1 - https:\/\/yoast.com\/wordpress\/plugins\/seo\/ -->\n<title>Star Wars: Droids The Vintage Collection See-Threepio (C-3PO) - EndormoonStore<\/title>\n<meta name=\"robots\" content=\"index, follow, max-snippet:-1, max-image-preview:large, max-video-preview:-1\" \/>\n<link rel=\"canonical\" href=\"https:\/\/endormoonstore.com\/en\/star-wars-droids-the-vintage-collection-see-threepio-c-3po\/\" \/>\n<meta property=\"og:locale\" content=\"en_US\" \/>\n<meta property=\"og:type\" content=\"article\" \/>\n<meta property=\"og:title\" content=\"Star Wars: Droids The Vintage Collection See-Threepio (C-3PO) - EndormoonStore\" \/>\n<meta property=\"og:description\" content=\"Star Wars: Droids The Vintage Collection See-Threepio (C-3PO) Figure 9,5 cm  C-3PO anhela tiempos m\u00e1s pac\u00edficos, pero su continuo servicio a la Resistencia, y su conocimiento de m\u00e1s de siete millones de formas de comunicaci\u00f3n, mantiene al droide propenso a las preocupaciones en la primera l\u00ednea del conflicto gal\u00e1ctico.\" \/>\n<meta property=\"og:url\" content=\"https:\/\/endormoonstore.com\/en\/star-wars-droids-the-vintage-collection-see-threepio-c-3po\/\" \/>\n<meta property=\"og:site_name\" content=\"EndormoonStore\" \/>\n<meta property=\"article:modified_time\" content=\"2022-09-26T15:11:07+00:00\" \/>\n<meta property=\"og:image\" content=\"https:\/\/endormoonstore.com\/wp-content\/uploads\/2021\/09\/Star-Wars-Droids-The-Vintage-Collection-See-Threepio-C-3PO-1.jpg\" \/>\n\t<meta property=\"og:image:width\" content=\"1000\" \/>\n\t<meta property=\"og:image:height\" content=\"1000\" \/>\n\t<meta property=\"og:image:type\" content=\"image\/jpeg\" \/>\n<meta name=\"twitter:card\" content=\"summary_large_image\" \/>\n<meta name=\"twitter:label1\" content=\"Est. reading time\" \/>\n\t<meta name=\"twitter:data1\" content=\"1 minute\" \/>\n<script type=\"application\/ld+json\" class=\"yoast-schema-graph\">{\"@context\":\"https:\/\/schema.org\",\"@graph\":[{\"@type\":\"WebPage\",\"@id\":\"https:\/\/endormoonstore.com\/en\/star-wars-droids-the-vintage-collection-see-threepio-c-3po\/\",\"url\":\"https:\/\/endormoonstore.com\/en\/star-wars-droids-the-vintage-collection-see-threepio-c-3po\/\",\"name\":\"Star Wars: Droids The Vintage Collection See-Threepio (C-3PO) - EndormoonStore\",\"isPartOf\":{\"@id\":\"https:\/\/endormoonstore.com\/#website\"},\"primaryImageOfPage\":{\"@id\":\"https:\/\/endormoonstore.com\/en\/star-wars-droids-the-vintage-collection-see-threepio-c-3po\/#primaryimage\"},\"image\":{\"@id\":\"https:\/\/endormoonstore.com\/en\/star-wars-droids-the-vintage-collection-see-threepio-c-3po\/#primaryimage\"},\"thumbnailUrl\":\"https:\/\/endormoonstore.com\/wp-content\/uploads\/2021\/09\/Star-Wars-Droids-The-Vintage-Collection-See-Threepio-C-3PO-1.jpg\",\"datePublished\":\"2021-09-29T20:42:33+00:00\",\"dateModified\":\"2022-09-26T15:11:07+00:00\",\"breadcrumb\":{\"@id\":\"https:\/\/endormoonstore.com\/en\/star-wars-droids-the-vintage-collection-see-threepio-c-3po\/#breadcrumb\"},\"inLanguage\":\"en-US\",\"potentialAction\":[{\"@type\":\"ReadAction\",\"target\":[\"https:\/\/endormoonstore.com\/en\/star-wars-droids-the-vintage-collection-see-threepio-c-3po\/\"]}]},{\"@type\":\"ImageObject\",\"inLanguage\":\"en-US\",\"@id\":\"https:\/\/endormoonstore.com\/en\/star-wars-droids-the-vintage-collection-see-threepio-c-3po\/#primaryimage\",\"url\":\"https:\/\/endormoonstore.com\/wp-content\/uploads\/2021\/09\/Star-Wars-Droids-The-Vintage-Collection-See-Threepio-C-3PO-1.jpg\",\"contentUrl\":\"https:\/\/endormoonstore.com\/wp-content\/uploads\/2021\/09\/Star-Wars-Droids-The-Vintage-Collection-See-Threepio-C-3PO-1.jpg\",\"width\":1000,\"height\":1000},{\"@type\":\"BreadcrumbList\",\"@id\":\"https:\/\/endormoonstore.com\/en\/star-wars-droids-the-vintage-collection-see-threepio-c-3po\/#breadcrumb\",\"itemListElement\":[{\"@type\":\"ListItem\",\"position\":1,\"name\":\"Shop\",\"item\":\"https:\/\/endormoonstore.com\/en\/shop\/\"},{\"@type\":\"ListItem\",\"position\":2,\"name\":\"Star Wars: Droids The Vintage Collection See-Threepio (C-3PO)\"}]},{\"@type\":\"WebSite\",\"@id\":\"https:\/\/endormoonstore.com\/#website\",\"url\":\"https:\/\/endormoonstore.com\/\",\"name\":\"EndormoonStore\",\"description\":\"\",\"potentialAction\":[{\"@type\":\"SearchAction\",\"target\":{\"@type\":\"EntryPoint\",\"urlTemplate\":\"https:\/\/endormoonstore.com\/?s={search_term_string}\"},\"query-input\":{\"@type\":\"PropertyValueSpecification\",\"valueRequired\":true,\"valueName\":\"search_term_string\"}}],\"inLanguage\":\"en-US\"}]}<\/script>\n<!-- \/ Yoast SEO plugin. -->","yoast_head_json":{"title":"Star Wars: Droids The Vintage Collection See-Threepio (C-3PO) - EndormoonStore","robots":{"index":"index","follow":"follow","max-snippet":"max-snippet:-1","max-image-preview":"max-image-preview:large","max-video-preview":"max-video-preview:-1"},"canonical":"https:\/\/endormoonstore.com\/en\/star-wars-droids-the-vintage-collection-see-threepio-c-3po\/","og_locale":"en_US","og_type":"article","og_title":"Star Wars: Droids The Vintage Collection See-Threepio (C-3PO) - EndormoonStore","og_description":"Star Wars: Droids The Vintage Collection See-Threepio (C-3PO) Figure 9,5 cm  C-3PO anhela tiempos m\u00e1s pac\u00edficos, pero su continuo servicio a la Resistencia, y su conocimiento de m\u00e1s de siete millones de formas de comunicaci\u00f3n, mantiene al droide propenso a las preocupaciones en la primera l\u00ednea del conflicto gal\u00e1ctico.","og_url":"https:\/\/endormoonstore.com\/en\/star-wars-droids-the-vintage-collection-see-threepio-c-3po\/","og_site_name":"EndormoonStore","article_modified_time":"2022-09-26T15:11:07+00:00","og_image":[{"width":1000,"height":1000,"url":"https:\/\/endormoonstore.com\/wp-content\/uploads\/2021\/09\/Star-Wars-Droids-The-Vintage-Collection-See-Threepio-C-3PO-1.jpg","type":"image\/jpeg"}],"twitter_card":"summary_large_image","twitter_misc":{"Est. reading time":"1 minute"},"schema":{"@context":"https:\/\/schema.org","@graph":[{"@type":"WebPage","@id":"https:\/\/endormoonstore.com\/en\/star-wars-droids-the-vintage-collection-see-threepio-c-3po\/","url":"https:\/\/endormoonstore.com\/en\/star-wars-droids-the-vintage-collection-see-threepio-c-3po\/","name":"Star Wars: Droids The Vintage Collection See-Threepio (C-3PO) - EndormoonStore","isPartOf":{"@id":"https:\/\/endormoonstore.com\/#website"},"primaryImageOfPage":{"@id":"https:\/\/endormoonstore.com\/en\/star-wars-droids-the-vintage-collection-see-threepio-c-3po\/#primaryimage"},"image":{"@id":"https:\/\/endormoonstore.com\/en\/star-wars-droids-the-vintage-collection-see-threepio-c-3po\/#primaryimage"},"thumbnailUrl":"https:\/\/endormoonstore.com\/wp-content\/uploads\/2021\/09\/Star-Wars-Droids-The-Vintage-Collection-See-Threepio-C-3PO-1.jpg","datePublished":"2021-09-29T20:42:33+00:00","dateModified":"2022-09-26T15:11:07+00:00","breadcrumb":{"@id":"https:\/\/endormoonstore.com\/en\/star-wars-droids-the-vintage-collection-see-threepio-c-3po\/#breadcrumb"},"inLanguage":"en-US","potentialAction":[{"@type":"ReadAction","target":["https:\/\/endormoonstore.com\/en\/star-wars-droids-the-vintage-collection-see-threepio-c-3po\/"]}]},{"@type":"ImageObject","inLanguage":"en-US","@id":"https:\/\/endormoonstore.com\/en\/star-wars-droids-the-vintage-collection-see-threepio-c-3po\/#primaryimage","url":"https:\/\/endormoonstore.com\/wp-content\/uploads\/2021\/09\/Star-Wars-Droids-The-Vintage-Collection-See-Threepio-C-3PO-1.jpg","contentUrl":"https:\/\/endormoonstore.com\/wp-content\/uploads\/2021\/09\/Star-Wars-Droids-The-Vintage-Collection-See-Threepio-C-3PO-1.jpg","width":1000,"height":1000},{"@type":"BreadcrumbList","@id":"https:\/\/endormoonstore.com\/en\/star-wars-droids-the-vintage-collection-see-threepio-c-3po\/#breadcrumb","itemListElement":[{"@type":"ListItem","position":1,"name":"Shop","item":"https:\/\/endormoonstore.com\/en\/shop\/"},{"@type":"ListItem","position":2,"name":"Star Wars: Droids The Vintage Collection See-Threepio (C-3PO)"}]},{"@type":"WebSite","@id":"https:\/\/endormoonstore.com\/#website","url":"https:\/\/endormoonstore.com\/","name":"EndormoonStore","description":"","potentialAction":[{"@type":"SearchAction","target":{"@type":"EntryPoint","urlTemplate":"https:\/\/endormoonstore.com\/?s={search_term_string}"},"query-input":{"@type":"PropertyValueSpecification","valueRequired":true,"valueName":"search_term_string"}}],"inLanguage":"en-US"}]}},"taxonomy_info":{"product_cat":[{"value":1390,"label":"Figures"}],"pa_brand":[{"value":2084,"label":"Hasbro"}],"pa_character":[{"value":2765,"label":"C-3PO"}],"pa_episode":[{"value":9898,"label":"Star Wars: Droids The Adventures of R2-D2 &amp; C-3PO"}],"pa_license":[{"value":1644,"label":"Star Wars"}],"pa_product-type":[{"value":2387,"label":"Figure"}],"pa_theme":[{"value":1660,"label":"The Vintage Collection"}]},"featured_image_src_large":["https:\/\/endormoonstore.com\/wp-content\/uploads\/2021\/09\/Star-Wars-Droids-The-Vintage-Collection-See-Threepio-C-3PO-1.jpg",1000,1000,false],"author_info":[],"comment_info":"","_links":{"self":[{"href":"https:\/\/endormoonstore.com\/en\/wp-json\/wp\/v2\/product\/115431","targetHints":{"allow":["GET"]}}],"collection":[{"href":"https:\/\/endormoonstore.com\/en\/wp-json\/wp\/v2\/product"}],"about":[{"href":"https:\/\/endormoonstore.com\/en\/wp-json\/wp\/v2\/types\/product"}],"wp:featuredmedia":[{"embeddable":true,"href":"https:\/\/endormoonstore.com\/en\/wp-json\/wp\/v2\/media\/115414"}],"wp:attachment":[{"href":"https:\/\/endormoonstore.com\/en\/wp-json\/wp\/v2\/media?parent=115431"}],"wp:term":[{"taxonomy":"product_cat","embeddable":true,"href":"https:\/\/endormoonstore.com\/en\/wp-json\/wp\/v2\/product_cat?post=115431"},{"taxonomy":"product_tag","embeddable":true,"href":"https:\/\/endormoonstore.com\/en\/wp-json\/wp\/v2\/product_tag?post=115431"}],"curies":[{"name":"wp","href":"https:\/\/api.w.org\/{rel}","templated":true}]}}