{"id":114793,"date":"2021-09-24T22:42:17","date_gmt":"2021-09-24T20:42:17","guid":{"rendered":"https:\/\/endormoonstore.com\/star-wars-the-black-series-rey-skywalker-force-fx-elite-lightsaber\/"},"modified":"2022-08-17T09:28:50","modified_gmt":"2022-08-17T07:28:50","slug":"star-wars-the-black-series-rey-skywalker-force-fx-elite-lightsaber","status":"publish","type":"product","link":"https:\/\/endormoonstore.com\/en\/star-wars-the-black-series-rey-skywalker-force-fx-elite-lightsaber\/","title":{"rendered":"Star Wars The Black Series Rey Skywalker Force FX Elite Lightsaber"},"content":{"rendered":"<p><strong>Star Wars The Black Series Rey Skywalker Force FX Elite Lightsaber<\/strong><\/p>\n<ul>\n<li>Rey creci\u00f3 como un carro\u00f1era. Su vida cambi\u00f3 cuando acept\u00f3 ayudar a un droide en una misi\u00f3n urgente.<\/li>\n<li>Rey descubri\u00f3 que era poderosa en la Fuerza y \u200b\u200bbusc\u00f3 al desaparecido Maestro Jedi Luke Skywalker para entrenarla.\u00a0Se enfrent\u00f3 a su mayor prueba: una confrontaci\u00f3n con el miedo y el mal que determinar\u00eda el destino de la galaxia.<\/li>\n<li>Rey luego viaj\u00f3 a Tatooine para enterrar los sables de luz de Luke y Leia en su homenaje.<\/li>\n<li>Al revelar su propia arma Jedi reci\u00e9n construida, tom\u00f3 el nombre de Rey Skywalker.<\/li>\n<li>Hasbro presenta esta r\u00e9plica electr\u00f3nica del sable de luz de Rey Skywalker.<\/li>\n<li>Incluye sable de luz, soporte de exhibici\u00f3n e instrucciones.<\/li>\n<li>Calidad de coleccionista. Efectos de luz realistas.<\/li>\n<li>Efectos de sonido de pel\u00edcula aut\u00e9nticos.<\/li>\n<li>Empu\u00f1adura de metal.<\/li>\n<li>Soporte para exposici\u00f3n.<\/li>\n<li>Requiere pilas x3 (1.5v PILAS ALCALINAS AAA REQUERIDAS. *No incluidas).<\/li>\n<\/ul>\n<p>&nbsp;<\/p>\n<p>&nbsp;<\/p>\n","protected":false},"excerpt":{"rendered":"<p><strong>Star Wars The Black Series Rey Skywalker Force FX Elite Lightsaber<\/strong><\/p>\n<p>Rey creci\u00f3 como un carro\u00f1era. Su vida cambi\u00f3 cuando acept\u00f3 ayudar a un droide en una misi\u00f3n urgente.<\/p>\n","protected":false},"featured_media":114772,"template":"","meta":{"_acf_changed":false,"_kad_blocks_custom_css":"","_kad_blocks_head_custom_js":"","_kad_blocks_body_custom_js":"","_kad_blocks_footer_custom_js":""},"product_cat":[1390],"product_tag":[],"class_list":{"0":"post-114793","1":"product","2":"type-product","3":"status-publish","4":"has-post-thumbnail","6":"product_cat-figures","7":"pa_brand-hasbro-en","8":"pa_character-rey-en","9":"pa_episode-star-wars-the-rise-of-skywalker","10":"pa_license-star-wars-en","11":"pa_product-type-force-fx-elite-lightsaber-en","12":"pa_theme-the-black-series-en","14":"first","15":"outofstock","16":"taxable","17":"shipping-taxable","18":"purchasable","19":"product-type-simple"},"acf":[],"yoast_head":"<!-- This site is optimized with the Yoast SEO plugin v26.1.1 - https:\/\/yoast.com\/wordpress\/plugins\/seo\/ -->\n<title>Star Wars The Black Series Rey Skywalker Force FX Elite Lightsaber - EndormoonStore<\/title>\n<meta name=\"robots\" content=\"index, follow, max-snippet:-1, max-image-preview:large, max-video-preview:-1\" \/>\n<link rel=\"canonical\" href=\"https:\/\/endormoonstore.com\/en\/star-wars-the-black-series-rey-skywalker-force-fx-elite-lightsaber\/\" \/>\n<meta property=\"og:locale\" content=\"en_US\" \/>\n<meta property=\"og:type\" content=\"article\" \/>\n<meta property=\"og:title\" content=\"Star Wars The Black Series Rey Skywalker Force FX Elite Lightsaber - EndormoonStore\" \/>\n<meta property=\"og:description\" content=\"Star Wars The Black Series Rey Skywalker Force FX Elite Lightsaber  Rey creci\u00f3 como un carro\u00f1era. Su vida cambi\u00f3 cuando acept\u00f3 ayudar a un droide en una misi\u00f3n urgente.\" \/>\n<meta property=\"og:url\" content=\"https:\/\/endormoonstore.com\/en\/star-wars-the-black-series-rey-skywalker-force-fx-elite-lightsaber\/\" \/>\n<meta property=\"og:site_name\" content=\"EndormoonStore\" \/>\n<meta property=\"article:modified_time\" content=\"2022-08-17T07:28:50+00:00\" \/>\n<meta property=\"og:image\" content=\"https:\/\/endormoonstore.com\/wp-content\/uploads\/2021\/09\/Star-Wars-The-Black-Series-Rey-Skywalker-Force-FX-Elite-Lightsaber-1.jpeg\" \/>\n\t<meta property=\"og:image:width\" content=\"1000\" \/>\n\t<meta property=\"og:image:height\" content=\"750\" \/>\n\t<meta property=\"og:image:type\" content=\"image\/jpeg\" \/>\n<meta name=\"twitter:card\" content=\"summary_large_image\" \/>\n<meta name=\"twitter:label1\" content=\"Est. reading time\" \/>\n\t<meta name=\"twitter:data1\" content=\"1 minute\" \/>\n<script type=\"application\/ld+json\" class=\"yoast-schema-graph\">{\"@context\":\"https:\/\/schema.org\",\"@graph\":[{\"@type\":\"WebPage\",\"@id\":\"https:\/\/endormoonstore.com\/en\/star-wars-the-black-series-rey-skywalker-force-fx-elite-lightsaber\/\",\"url\":\"https:\/\/endormoonstore.com\/en\/star-wars-the-black-series-rey-skywalker-force-fx-elite-lightsaber\/\",\"name\":\"Star Wars The Black Series Rey Skywalker Force FX Elite Lightsaber - EndormoonStore\",\"isPartOf\":{\"@id\":\"https:\/\/endormoonstore.com\/#website\"},\"primaryImageOfPage\":{\"@id\":\"https:\/\/endormoonstore.com\/en\/star-wars-the-black-series-rey-skywalker-force-fx-elite-lightsaber\/#primaryimage\"},\"image\":{\"@id\":\"https:\/\/endormoonstore.com\/en\/star-wars-the-black-series-rey-skywalker-force-fx-elite-lightsaber\/#primaryimage\"},\"thumbnailUrl\":\"https:\/\/endormoonstore.com\/wp-content\/uploads\/2021\/09\/Star-Wars-The-Black-Series-Rey-Skywalker-Force-FX-Elite-Lightsaber-1.jpeg\",\"datePublished\":\"2021-09-24T20:42:17+00:00\",\"dateModified\":\"2022-08-17T07:28:50+00:00\",\"breadcrumb\":{\"@id\":\"https:\/\/endormoonstore.com\/en\/star-wars-the-black-series-rey-skywalker-force-fx-elite-lightsaber\/#breadcrumb\"},\"inLanguage\":\"en-US\",\"potentialAction\":[{\"@type\":\"ReadAction\",\"target\":[\"https:\/\/endormoonstore.com\/en\/star-wars-the-black-series-rey-skywalker-force-fx-elite-lightsaber\/\"]}]},{\"@type\":\"ImageObject\",\"inLanguage\":\"en-US\",\"@id\":\"https:\/\/endormoonstore.com\/en\/star-wars-the-black-series-rey-skywalker-force-fx-elite-lightsaber\/#primaryimage\",\"url\":\"https:\/\/endormoonstore.com\/wp-content\/uploads\/2021\/09\/Star-Wars-The-Black-Series-Rey-Skywalker-Force-FX-Elite-Lightsaber-1.jpeg\",\"contentUrl\":\"https:\/\/endormoonstore.com\/wp-content\/uploads\/2021\/09\/Star-Wars-The-Black-Series-Rey-Skywalker-Force-FX-Elite-Lightsaber-1.jpeg\",\"width\":1000,\"height\":750},{\"@type\":\"BreadcrumbList\",\"@id\":\"https:\/\/endormoonstore.com\/en\/star-wars-the-black-series-rey-skywalker-force-fx-elite-lightsaber\/#breadcrumb\",\"itemListElement\":[{\"@type\":\"ListItem\",\"position\":1,\"name\":\"Shop\",\"item\":\"https:\/\/endormoonstore.com\/en\/shop\/\"},{\"@type\":\"ListItem\",\"position\":2,\"name\":\"Star Wars The Black Series Rey Skywalker Force FX Elite Lightsaber\"}]},{\"@type\":\"WebSite\",\"@id\":\"https:\/\/endormoonstore.com\/#website\",\"url\":\"https:\/\/endormoonstore.com\/\",\"name\":\"EndormoonStore\",\"description\":\"\",\"potentialAction\":[{\"@type\":\"SearchAction\",\"target\":{\"@type\":\"EntryPoint\",\"urlTemplate\":\"https:\/\/endormoonstore.com\/?s={search_term_string}\"},\"query-input\":{\"@type\":\"PropertyValueSpecification\",\"valueRequired\":true,\"valueName\":\"search_term_string\"}}],\"inLanguage\":\"en-US\"}]}<\/script>\n<!-- \/ Yoast SEO plugin. -->","yoast_head_json":{"title":"Star Wars The Black Series Rey Skywalker Force FX Elite Lightsaber - EndormoonStore","robots":{"index":"index","follow":"follow","max-snippet":"max-snippet:-1","max-image-preview":"max-image-preview:large","max-video-preview":"max-video-preview:-1"},"canonical":"https:\/\/endormoonstore.com\/en\/star-wars-the-black-series-rey-skywalker-force-fx-elite-lightsaber\/","og_locale":"en_US","og_type":"article","og_title":"Star Wars The Black Series Rey Skywalker Force FX Elite Lightsaber - EndormoonStore","og_description":"Star Wars The Black Series Rey Skywalker Force FX Elite Lightsaber  Rey creci\u00f3 como un carro\u00f1era. Su vida cambi\u00f3 cuando acept\u00f3 ayudar a un droide en una misi\u00f3n urgente.","og_url":"https:\/\/endormoonstore.com\/en\/star-wars-the-black-series-rey-skywalker-force-fx-elite-lightsaber\/","og_site_name":"EndormoonStore","article_modified_time":"2022-08-17T07:28:50+00:00","og_image":[{"width":1000,"height":750,"url":"https:\/\/endormoonstore.com\/wp-content\/uploads\/2021\/09\/Star-Wars-The-Black-Series-Rey-Skywalker-Force-FX-Elite-Lightsaber-1.jpeg","type":"image\/jpeg"}],"twitter_card":"summary_large_image","twitter_misc":{"Est. reading time":"1 minute"},"schema":{"@context":"https:\/\/schema.org","@graph":[{"@type":"WebPage","@id":"https:\/\/endormoonstore.com\/en\/star-wars-the-black-series-rey-skywalker-force-fx-elite-lightsaber\/","url":"https:\/\/endormoonstore.com\/en\/star-wars-the-black-series-rey-skywalker-force-fx-elite-lightsaber\/","name":"Star Wars The Black Series Rey Skywalker Force FX Elite Lightsaber - EndormoonStore","isPartOf":{"@id":"https:\/\/endormoonstore.com\/#website"},"primaryImageOfPage":{"@id":"https:\/\/endormoonstore.com\/en\/star-wars-the-black-series-rey-skywalker-force-fx-elite-lightsaber\/#primaryimage"},"image":{"@id":"https:\/\/endormoonstore.com\/en\/star-wars-the-black-series-rey-skywalker-force-fx-elite-lightsaber\/#primaryimage"},"thumbnailUrl":"https:\/\/endormoonstore.com\/wp-content\/uploads\/2021\/09\/Star-Wars-The-Black-Series-Rey-Skywalker-Force-FX-Elite-Lightsaber-1.jpeg","datePublished":"2021-09-24T20:42:17+00:00","dateModified":"2022-08-17T07:28:50+00:00","breadcrumb":{"@id":"https:\/\/endormoonstore.com\/en\/star-wars-the-black-series-rey-skywalker-force-fx-elite-lightsaber\/#breadcrumb"},"inLanguage":"en-US","potentialAction":[{"@type":"ReadAction","target":["https:\/\/endormoonstore.com\/en\/star-wars-the-black-series-rey-skywalker-force-fx-elite-lightsaber\/"]}]},{"@type":"ImageObject","inLanguage":"en-US","@id":"https:\/\/endormoonstore.com\/en\/star-wars-the-black-series-rey-skywalker-force-fx-elite-lightsaber\/#primaryimage","url":"https:\/\/endormoonstore.com\/wp-content\/uploads\/2021\/09\/Star-Wars-The-Black-Series-Rey-Skywalker-Force-FX-Elite-Lightsaber-1.jpeg","contentUrl":"https:\/\/endormoonstore.com\/wp-content\/uploads\/2021\/09\/Star-Wars-The-Black-Series-Rey-Skywalker-Force-FX-Elite-Lightsaber-1.jpeg","width":1000,"height":750},{"@type":"BreadcrumbList","@id":"https:\/\/endormoonstore.com\/en\/star-wars-the-black-series-rey-skywalker-force-fx-elite-lightsaber\/#breadcrumb","itemListElement":[{"@type":"ListItem","position":1,"name":"Shop","item":"https:\/\/endormoonstore.com\/en\/shop\/"},{"@type":"ListItem","position":2,"name":"Star Wars The Black Series Rey Skywalker Force FX Elite Lightsaber"}]},{"@type":"WebSite","@id":"https:\/\/endormoonstore.com\/#website","url":"https:\/\/endormoonstore.com\/","name":"EndormoonStore","description":"","potentialAction":[{"@type":"SearchAction","target":{"@type":"EntryPoint","urlTemplate":"https:\/\/endormoonstore.com\/?s={search_term_string}"},"query-input":{"@type":"PropertyValueSpecification","valueRequired":true,"valueName":"search_term_string"}}],"inLanguage":"en-US"}]}},"taxonomy_info":{"product_cat":[{"value":1390,"label":"Figures"}],"pa_brand":[{"value":2084,"label":"Hasbro"}],"pa_character":[{"value":2834,"label":"Rey"}],"pa_episode":[{"value":2771,"label":"Star Wars: The Rise of Skywalker"}],"pa_license":[{"value":1644,"label":"Star Wars"}],"pa_product-type":[{"value":2558,"label":"Force FX Elite Lightsaber"}],"pa_theme":[{"value":2552,"label":"The Black Series"}]},"featured_image_src_large":["https:\/\/endormoonstore.com\/wp-content\/uploads\/2021\/09\/Star-Wars-The-Black-Series-Rey-Skywalker-Force-FX-Elite-Lightsaber-1.jpeg",1000,750,false],"author_info":[],"comment_info":"","_links":{"self":[{"href":"https:\/\/endormoonstore.com\/en\/wp-json\/wp\/v2\/product\/114793","targetHints":{"allow":["GET"]}}],"collection":[{"href":"https:\/\/endormoonstore.com\/en\/wp-json\/wp\/v2\/product"}],"about":[{"href":"https:\/\/endormoonstore.com\/en\/wp-json\/wp\/v2\/types\/product"}],"wp:featuredmedia":[{"embeddable":true,"href":"https:\/\/endormoonstore.com\/en\/wp-json\/wp\/v2\/media\/114772"}],"wp:attachment":[{"href":"https:\/\/endormoonstore.com\/en\/wp-json\/wp\/v2\/media?parent=114793"}],"wp:term":[{"taxonomy":"product_cat","embeddable":true,"href":"https:\/\/endormoonstore.com\/en\/wp-json\/wp\/v2\/product_cat?post=114793"},{"taxonomy":"product_tag","embeddable":true,"href":"https:\/\/endormoonstore.com\/en\/wp-json\/wp\/v2\/product_tag?post=114793"}],"curies":[{"name":"wp","href":"https:\/\/api.w.org\/{rel}","templated":true}]}}