{"id":114663,"date":"2021-09-24T20:36:16","date_gmt":"2021-09-24T18:36:16","guid":{"rendered":"https:\/\/endormoonstore.com\/kyojuro-rengoku-dx-ver-demon-slayer-kimetsu-no-yaiba-scale-1-8-bellfine\/"},"modified":"2023-02-25T20:11:41","modified_gmt":"2023-02-25T19:11:41","slug":"kyojuro-rengoku-dx-ver-demon-slayer-kimetsu-no-yaiba-scale-1-8-bellfine","status":"publish","type":"product","link":"https:\/\/endormoonstore.com\/en\/kyojuro-rengoku-dx-ver-demon-slayer-kimetsu-no-yaiba-scale-1-8-bellfine\/","title":{"rendered":"Kyojuro Rengoku DX VER Demon Slayer: Kimetsu no Yaiba Scale 1\/8  Bellfine"},"content":{"rendered":"<p><strong>Kyojuro Rengoku DX VER Demon Slayer: Kimetsu no Yaiba Scale 1\/8 Bellfine Estatua 35 cm<\/strong><\/p>\n<div class=\"pull-left margenDatosSecundarios\">\n<div id=\"ctl00_MainContent_dvSinopsis\" class=\"pull-left w100\">\n<ul>\n<li><em>\u00a1Cumplir\u00e9 con mi deber!\u00a0\u00a1No permitir\u00e9 que muera nadie aqu\u00ed! <\/em><\/li>\n<li>Good Smile Company nos trae a Espa\u00f1a del fabricante Bellfine esta espectacular estatua a escala 1\/8 de Kyojuro Rengoku, personaje de la serie anime Kimetsu no Yaiba: Demon Slayer.<\/li>\n<li>Se trata de una Estatua hecha en ABS\/PVC de unos 33 cm de alto con una base para exposici\u00f3n.<\/li>\n<li>Prestando una especial atenci\u00f3n al modelado<\/li>\n<li>Preste atenci\u00f3n no solo al color de la figura en s\u00ed, sino tambi\u00e9n a la espada y el grabado de la espada Nichirin<\/li>\n<li>Dise\u00f1ada por Akira Fujisawa y Kazuo Okubo (UNO)<\/li>\n<li>\u00a1Esta versi\u00f3n DX incluye un pedestal de lujo con un enorme efecto de llama!<\/li>\n<\/ul>\n<\/div>\n<\/div>\n<p>&nbsp;<\/p>\n<p>&nbsp;<\/p>\n<p>&nbsp;<\/p>\n<p>&nbsp;<\/p>\n<p>&nbsp;<\/p>\n<p>&nbsp;<\/p>\n<p>&nbsp;<\/p>\n<p>&nbsp;<\/p>\n<p>&nbsp;<\/p>\n<p>&nbsp;<\/p>\n","protected":false},"excerpt":{"rendered":"<p><strong>Kyojuro Rengoku DX VER Demon Slayer: Kimetsu no Yaiba Scale 1\/8 Bellfine Estatua 35 cm<\/strong><\/p>\n<p><em>\u00a1Cumplir\u00e9 con mi deber!\u00a0\u00a1No permitir\u00e9 que muera nadie aqu\u00ed!<\/em><\/p>\n<p><strong>*** IMPORTANT NOTE: The price of the offer is valid only for payments by Transfer, Bizum (Only in Spain) or Debit or Credit Card. For payment by paypal you can contact us before buying.<\/strong><\/p>\n<p><strong>Sales made by PayPal without express authorization from the company will be notified to the buyer and canceled. Returning the money to the buyer immediately.<\/strong><\/p>\n","protected":false},"featured_media":114646,"template":"","meta":{"_acf_changed":false,"_kad_blocks_custom_css":"","_kad_blocks_head_custom_js":"","_kad_blocks_body_custom_js":"","_kad_blocks_footer_custom_js":""},"product_cat":[1390],"product_tag":[],"class_list":{"0":"post-114663","1":"product","2":"type-product","3":"status-publish","4":"has-post-thumbnail","6":"product_cat-figures","7":"pa_brand-good-smile-company-en","8":"pa_character-kyojuro-rengoku-en","9":"pa_license-kimetsu-no-yaiba-demon-slayer-en","10":"pa_product-type-statue","11":"pa_theme-1-8-scale-figure-en","13":"first","14":"outofstock","15":"taxable","16":"shipping-taxable","17":"purchasable","18":"product-type-simple"},"acf":[],"yoast_head":"<!-- This site is optimized with the Yoast SEO plugin v26.1.1 - https:\/\/yoast.com\/wordpress\/plugins\/seo\/ -->\n<title>Kyojuro Rengoku DX VER Demon Slayer: Kimetsu no Yaiba Scale 1\/8 Bellfine - EndormoonStore<\/title>\n<meta name=\"robots\" content=\"index, follow, max-snippet:-1, max-image-preview:large, max-video-preview:-1\" \/>\n<link rel=\"canonical\" href=\"https:\/\/endormoonstore.com\/kyojuro-rengoku-dx-ver-demon-slayer-kimetsu-no-yaiba-scale-1-8-bellfine\/\" \/>\n<meta property=\"og:locale\" content=\"en_US\" \/>\n<meta property=\"og:type\" content=\"article\" \/>\n<meta property=\"og:title\" content=\"Kyojuro Rengoku DX VER Demon Slayer: Kimetsu no Yaiba Scale 1\/8 Bellfine - EndormoonStore\" \/>\n<meta property=\"og:description\" content=\"Kyojuro Rengoku DX VER Demon Slayer: Kimetsu no Yaiba Scale 1\/8 Bellfine Estatua 35 cm  \u00a1Cumplir\u00e9 con mi deber!\u00a0\u00a1No permitir\u00e9 que muera nadie aqu\u00ed!  *** IMPORTANT NOTE: The price of the offer is valid only for payments by Transfer, Bizum (Only in Spain) or Debit or Credit Card. For payment by paypal you can contact us before buying.  Sales made by PayPal without express authorization from the company will be notified to the buyer and canceled. Returning the money to the buyer immediately.\" \/>\n<meta property=\"og:url\" content=\"https:\/\/endormoonstore.com\/kyojuro-rengoku-dx-ver-demon-slayer-kimetsu-no-yaiba-scale-1-8-bellfine\/\" \/>\n<meta property=\"og:site_name\" content=\"EndormoonStore\" \/>\n<meta property=\"article:modified_time\" content=\"2023-02-25T19:11:41+00:00\" \/>\n<meta property=\"og:image\" content=\"https:\/\/endormoonstore.com\/wp-content\/uploads\/2021\/09\/Kyojuro-Rengoku-DX-VER-Demon-Slayer-Kimetsu-no-Yaiba-18-Scale-Figure-1.jpeg\" \/>\n\t<meta property=\"og:image:width\" content=\"624\" \/>\n\t<meta property=\"og:image:height\" content=\"750\" \/>\n\t<meta property=\"og:image:type\" content=\"image\/jpeg\" \/>\n<meta name=\"twitter:card\" content=\"summary_large_image\" \/>\n<meta name=\"twitter:label1\" content=\"Est. reading time\" \/>\n\t<meta name=\"twitter:data1\" content=\"1 minute\" \/>\n<script type=\"application\/ld+json\" class=\"yoast-schema-graph\">{\"@context\":\"https:\/\/schema.org\",\"@graph\":[{\"@type\":\"WebPage\",\"@id\":\"https:\/\/endormoonstore.com\/kyojuro-rengoku-dx-ver-demon-slayer-kimetsu-no-yaiba-scale-1-8-bellfine\/\",\"url\":\"https:\/\/endormoonstore.com\/kyojuro-rengoku-dx-ver-demon-slayer-kimetsu-no-yaiba-scale-1-8-bellfine\/\",\"name\":\"Kyojuro Rengoku DX VER Demon Slayer: Kimetsu no Yaiba Scale 1\/8 Bellfine - EndormoonStore\",\"isPartOf\":{\"@id\":\"https:\/\/endormoonstore.com\/#website\"},\"primaryImageOfPage\":{\"@id\":\"https:\/\/endormoonstore.com\/kyojuro-rengoku-dx-ver-demon-slayer-kimetsu-no-yaiba-scale-1-8-bellfine\/#primaryimage\"},\"image\":{\"@id\":\"https:\/\/endormoonstore.com\/kyojuro-rengoku-dx-ver-demon-slayer-kimetsu-no-yaiba-scale-1-8-bellfine\/#primaryimage\"},\"thumbnailUrl\":\"https:\/\/endormoonstore.com\/wp-content\/uploads\/2021\/09\/Kyojuro-Rengoku-DX-VER-Demon-Slayer-Kimetsu-no-Yaiba-18-Scale-Figure-1.jpeg\",\"datePublished\":\"2021-09-24T18:36:16+00:00\",\"dateModified\":\"2023-02-25T19:11:41+00:00\",\"breadcrumb\":{\"@id\":\"https:\/\/endormoonstore.com\/kyojuro-rengoku-dx-ver-demon-slayer-kimetsu-no-yaiba-scale-1-8-bellfine\/#breadcrumb\"},\"inLanguage\":\"en-US\",\"potentialAction\":[{\"@type\":\"ReadAction\",\"target\":[\"https:\/\/endormoonstore.com\/kyojuro-rengoku-dx-ver-demon-slayer-kimetsu-no-yaiba-scale-1-8-bellfine\/\"]}]},{\"@type\":\"ImageObject\",\"inLanguage\":\"en-US\",\"@id\":\"https:\/\/endormoonstore.com\/kyojuro-rengoku-dx-ver-demon-slayer-kimetsu-no-yaiba-scale-1-8-bellfine\/#primaryimage\",\"url\":\"https:\/\/endormoonstore.com\/wp-content\/uploads\/2021\/09\/Kyojuro-Rengoku-DX-VER-Demon-Slayer-Kimetsu-no-Yaiba-18-Scale-Figure-1.jpeg\",\"contentUrl\":\"https:\/\/endormoonstore.com\/wp-content\/uploads\/2021\/09\/Kyojuro-Rengoku-DX-VER-Demon-Slayer-Kimetsu-no-Yaiba-18-Scale-Figure-1.jpeg\",\"width\":624,\"height\":750},{\"@type\":\"BreadcrumbList\",\"@id\":\"https:\/\/endormoonstore.com\/kyojuro-rengoku-dx-ver-demon-slayer-kimetsu-no-yaiba-scale-1-8-bellfine\/#breadcrumb\",\"itemListElement\":[{\"@type\":\"ListItem\",\"position\":1,\"name\":\"Shop\",\"item\":\"https:\/\/endormoonstore.com\/en\/shop\/\"},{\"@type\":\"ListItem\",\"position\":2,\"name\":\"Kyojuro Rengoku DX VER Demon Slayer: Kimetsu no Yaiba Scale 1\/8 Bellfine\"}]},{\"@type\":\"WebSite\",\"@id\":\"https:\/\/endormoonstore.com\/#website\",\"url\":\"https:\/\/endormoonstore.com\/\",\"name\":\"EndormoonStore\",\"description\":\"\",\"potentialAction\":[{\"@type\":\"SearchAction\",\"target\":{\"@type\":\"EntryPoint\",\"urlTemplate\":\"https:\/\/endormoonstore.com\/?s={search_term_string}\"},\"query-input\":{\"@type\":\"PropertyValueSpecification\",\"valueRequired\":true,\"valueName\":\"search_term_string\"}}],\"inLanguage\":\"en-US\"}]}<\/script>\n<!-- \/ Yoast SEO plugin. -->","yoast_head_json":{"title":"Kyojuro Rengoku DX VER Demon Slayer: Kimetsu no Yaiba Scale 1\/8 Bellfine - EndormoonStore","robots":{"index":"index","follow":"follow","max-snippet":"max-snippet:-1","max-image-preview":"max-image-preview:large","max-video-preview":"max-video-preview:-1"},"canonical":"https:\/\/endormoonstore.com\/kyojuro-rengoku-dx-ver-demon-slayer-kimetsu-no-yaiba-scale-1-8-bellfine\/","og_locale":"en_US","og_type":"article","og_title":"Kyojuro Rengoku DX VER Demon Slayer: Kimetsu no Yaiba Scale 1\/8 Bellfine - EndormoonStore","og_description":"Kyojuro Rengoku DX VER Demon Slayer: Kimetsu no Yaiba Scale 1\/8 Bellfine Estatua 35 cm  \u00a1Cumplir\u00e9 con mi deber!\u00a0\u00a1No permitir\u00e9 que muera nadie aqu\u00ed!  *** IMPORTANT NOTE: The price of the offer is valid only for payments by Transfer, Bizum (Only in Spain) or Debit or Credit Card. For payment by paypal you can contact us before buying.  Sales made by PayPal without express authorization from the company will be notified to the buyer and canceled. Returning the money to the buyer immediately.","og_url":"https:\/\/endormoonstore.com\/kyojuro-rengoku-dx-ver-demon-slayer-kimetsu-no-yaiba-scale-1-8-bellfine\/","og_site_name":"EndormoonStore","article_modified_time":"2023-02-25T19:11:41+00:00","og_image":[{"width":624,"height":750,"url":"https:\/\/endormoonstore.com\/wp-content\/uploads\/2021\/09\/Kyojuro-Rengoku-DX-VER-Demon-Slayer-Kimetsu-no-Yaiba-18-Scale-Figure-1.jpeg","type":"image\/jpeg"}],"twitter_card":"summary_large_image","twitter_misc":{"Est. reading time":"1 minute"},"schema":{"@context":"https:\/\/schema.org","@graph":[{"@type":"WebPage","@id":"https:\/\/endormoonstore.com\/kyojuro-rengoku-dx-ver-demon-slayer-kimetsu-no-yaiba-scale-1-8-bellfine\/","url":"https:\/\/endormoonstore.com\/kyojuro-rengoku-dx-ver-demon-slayer-kimetsu-no-yaiba-scale-1-8-bellfine\/","name":"Kyojuro Rengoku DX VER Demon Slayer: Kimetsu no Yaiba Scale 1\/8 Bellfine - EndormoonStore","isPartOf":{"@id":"https:\/\/endormoonstore.com\/#website"},"primaryImageOfPage":{"@id":"https:\/\/endormoonstore.com\/kyojuro-rengoku-dx-ver-demon-slayer-kimetsu-no-yaiba-scale-1-8-bellfine\/#primaryimage"},"image":{"@id":"https:\/\/endormoonstore.com\/kyojuro-rengoku-dx-ver-demon-slayer-kimetsu-no-yaiba-scale-1-8-bellfine\/#primaryimage"},"thumbnailUrl":"https:\/\/endormoonstore.com\/wp-content\/uploads\/2021\/09\/Kyojuro-Rengoku-DX-VER-Demon-Slayer-Kimetsu-no-Yaiba-18-Scale-Figure-1.jpeg","datePublished":"2021-09-24T18:36:16+00:00","dateModified":"2023-02-25T19:11:41+00:00","breadcrumb":{"@id":"https:\/\/endormoonstore.com\/kyojuro-rengoku-dx-ver-demon-slayer-kimetsu-no-yaiba-scale-1-8-bellfine\/#breadcrumb"},"inLanguage":"en-US","potentialAction":[{"@type":"ReadAction","target":["https:\/\/endormoonstore.com\/kyojuro-rengoku-dx-ver-demon-slayer-kimetsu-no-yaiba-scale-1-8-bellfine\/"]}]},{"@type":"ImageObject","inLanguage":"en-US","@id":"https:\/\/endormoonstore.com\/kyojuro-rengoku-dx-ver-demon-slayer-kimetsu-no-yaiba-scale-1-8-bellfine\/#primaryimage","url":"https:\/\/endormoonstore.com\/wp-content\/uploads\/2021\/09\/Kyojuro-Rengoku-DX-VER-Demon-Slayer-Kimetsu-no-Yaiba-18-Scale-Figure-1.jpeg","contentUrl":"https:\/\/endormoonstore.com\/wp-content\/uploads\/2021\/09\/Kyojuro-Rengoku-DX-VER-Demon-Slayer-Kimetsu-no-Yaiba-18-Scale-Figure-1.jpeg","width":624,"height":750},{"@type":"BreadcrumbList","@id":"https:\/\/endormoonstore.com\/kyojuro-rengoku-dx-ver-demon-slayer-kimetsu-no-yaiba-scale-1-8-bellfine\/#breadcrumb","itemListElement":[{"@type":"ListItem","position":1,"name":"Shop","item":"https:\/\/endormoonstore.com\/en\/shop\/"},{"@type":"ListItem","position":2,"name":"Kyojuro Rengoku DX VER Demon Slayer: Kimetsu no Yaiba Scale 1\/8 Bellfine"}]},{"@type":"WebSite","@id":"https:\/\/endormoonstore.com\/#website","url":"https:\/\/endormoonstore.com\/","name":"EndormoonStore","description":"","potentialAction":[{"@type":"SearchAction","target":{"@type":"EntryPoint","urlTemplate":"https:\/\/endormoonstore.com\/?s={search_term_string}"},"query-input":{"@type":"PropertyValueSpecification","valueRequired":true,"valueName":"search_term_string"}}],"inLanguage":"en-US"}]}},"taxonomy_info":{"product_cat":[{"value":1390,"label":"Figures"}],"pa_brand":[{"value":2081,"label":"Good Smile Company"}],"pa_character":[{"value":2603,"label":"Kyojuro Rengoku"}],"pa_license":[{"value":2609,"label":"Kimetsu no Yaiba: Demon Slayer"}],"pa_product-type":[{"value":2357,"label":"Statue"}],"pa_theme":[{"value":9778,"label":"1\/8 Scale Figure"}]},"featured_image_src_large":["https:\/\/endormoonstore.com\/wp-content\/uploads\/2021\/09\/Kyojuro-Rengoku-DX-VER-Demon-Slayer-Kimetsu-no-Yaiba-18-Scale-Figure-1.jpeg",624,750,false],"author_info":[],"comment_info":"","_links":{"self":[{"href":"https:\/\/endormoonstore.com\/en\/wp-json\/wp\/v2\/product\/114663","targetHints":{"allow":["GET"]}}],"collection":[{"href":"https:\/\/endormoonstore.com\/en\/wp-json\/wp\/v2\/product"}],"about":[{"href":"https:\/\/endormoonstore.com\/en\/wp-json\/wp\/v2\/types\/product"}],"wp:featuredmedia":[{"embeddable":true,"href":"https:\/\/endormoonstore.com\/en\/wp-json\/wp\/v2\/media\/114646"}],"wp:attachment":[{"href":"https:\/\/endormoonstore.com\/en\/wp-json\/wp\/v2\/media?parent=114663"}],"wp:term":[{"taxonomy":"product_cat","embeddable":true,"href":"https:\/\/endormoonstore.com\/en\/wp-json\/wp\/v2\/product_cat?post=114663"},{"taxonomy":"product_tag","embeddable":true,"href":"https:\/\/endormoonstore.com\/en\/wp-json\/wp\/v2\/product_tag?post=114663"}],"curies":[{"name":"wp","href":"https:\/\/api.w.org\/{rel}","templated":true}]}}