{"id":114509,"date":"2021-09-22T15:47:38","date_gmt":"2021-09-22T13:47:38","guid":{"rendered":"https:\/\/endormoonstore.com\/superslot-ford-escort-mkii-castrol-edition-goodwood-members-meeting-2019-ref-h4208\/"},"modified":"2021-09-22T15:52:39","modified_gmt":"2021-09-22T13:52:39","slug":"superslot-ford-escort-mkii-castrol-edition-goodwood-members-meeting-2019-ref-h4208","status":"publish","type":"product","link":"https:\/\/endormoonstore.com\/en\/superslot-ford-escort-mkii-castrol-edition-goodwood-members-meeting-2019-ref-h4208\/","title":{"rendered":"Superslot Ford Escort MKII Castrol Edition Goodwood Members Meeting 2019 Ref H4208"},"content":{"rendered":"<p><strong>Superslot Ford Escort MKII Castrol Edition Goodwood Members Meeting 2019 Ref H4208<\/strong><\/p>\n<ul>\n<li>Propiedad de Kerry Michael y conducido por ases del automovilismo como Mark Blundell, este fant\u00e1stico Mk2 Escort con decoraci\u00f3n de Castrol es uno de los favoritos en el evento anual del trofeo Gerry Marshall de la reuni\u00f3n de miembros de Goodwood.<\/li>\n<li>Si bien puede tener poca potencia en comparaci\u00f3n con los grandes motores Rover SD1 y Camaros que pueblan la parrilla junto a \u00e9l, el peque\u00f1o Escort tambi\u00e9n carece de fuerza en l\u00ednea recta.<\/li>\n<li>\u00a0Sin embargo, lo recupera m\u00e1s en las curvas y especialmente en la estrecha chicane de Goodwood.<\/li>\n<li>\u00a0\u00a1Aqu\u00ed en Superslot nos encanta una Escort ordenada y este ejemplo est\u00e1 garantizado para acelerar el coraz\u00f3n!<\/li>\n<\/ul>\n<p>&nbsp;<\/p>\n<p>&nbsp;<\/p>\n","protected":false},"excerpt":{"rendered":"<p><strong>Superslot Ford Escort MKII Castrol Edition Goodwood Members Meeting 2019 Ref H4208<\/strong><\/p>\n<p>Propiedad de Kerry Michael y conducido por ases del automovilismo como Mark Blundell, este fant\u00e1stico Mk2 Escort con decoraci\u00f3n de Castrol es uno de los favoritos en el evento anual del trofeo Gerry Marshall de la reuni\u00f3n de miembros de Goodwood.<\/p>\n","protected":false},"featured_media":114508,"template":"","meta":{"_acf_changed":false,"_kad_blocks_custom_css":"","_kad_blocks_head_custom_js":"","_kad_blocks_body_custom_js":"","_kad_blocks_footer_custom_js":""},"product_cat":[1388],"product_tag":[],"class_list":{"0":"post-114509","1":"product","2":"type-product","3":"status-publish","4":"has-post-thumbnail","6":"product_cat-modelism","7":"pa_brand-superslot-en","8":"pa_manufacturer-ford-en","9":"pa_theme-slot-en","11":"first","12":"instock","13":"taxable","14":"shipping-taxable","15":"purchasable","16":"product-type-simple"},"acf":[],"yoast_head":"<!-- This site is optimized with the Yoast SEO plugin v26.1.1 - https:\/\/yoast.com\/wordpress\/plugins\/seo\/ -->\n<title>Superslot Ford Escort MKII Castrol Edition Goodwood Members Meeting 2019 Ref H4208 - EndormoonStore<\/title>\n<meta name=\"robots\" content=\"index, follow, max-snippet:-1, max-image-preview:large, max-video-preview:-1\" \/>\n<link rel=\"canonical\" href=\"https:\/\/endormoonstore.com\/en\/superslot-ford-escort-mkii-castrol-edition-goodwood-members-meeting-2019-ref-h4208\/\" \/>\n<meta property=\"og:locale\" content=\"en_US\" \/>\n<meta property=\"og:type\" content=\"article\" \/>\n<meta property=\"og:title\" content=\"Superslot Ford Escort MKII Castrol Edition Goodwood Members Meeting 2019 Ref H4208 - EndormoonStore\" \/>\n<meta property=\"og:description\" content=\"Superslot Ford Escort MKII Castrol Edition Goodwood Members Meeting 2019 Ref H4208  Propiedad de Kerry Michael y conducido por ases del automovilismo como Mark Blundell, este fant\u00e1stico Mk2 Escort con decoraci\u00f3n de Castrol es uno de los favoritos en el evento anual del trofeo Gerry Marshall de la reuni\u00f3n de miembros de Goodwood.\" \/>\n<meta property=\"og:url\" content=\"https:\/\/endormoonstore.com\/en\/superslot-ford-escort-mkii-castrol-edition-goodwood-members-meeting-2019-ref-h4208\/\" \/>\n<meta property=\"og:site_name\" content=\"EndormoonStore\" \/>\n<meta property=\"article:modified_time\" content=\"2021-09-22T13:52:39+00:00\" \/>\n<meta property=\"og:image\" content=\"https:\/\/endormoonstore.com\/wp-content\/uploads\/2021\/09\/Superslot-Ford-Escort-MKII-Castrol-Edition-Goodwood-Members-Meeting-2019-Ref-H4208.jpeg\" \/>\n\t<meta property=\"og:image:width\" content=\"1500\" \/>\n\t<meta property=\"og:image:height\" content=\"938\" \/>\n\t<meta property=\"og:image:type\" content=\"image\/jpeg\" \/>\n<meta name=\"twitter:card\" content=\"summary_large_image\" \/>\n<meta name=\"twitter:label1\" content=\"Est. reading time\" \/>\n\t<meta name=\"twitter:data1\" content=\"1 minute\" \/>\n<script type=\"application\/ld+json\" class=\"yoast-schema-graph\">{\"@context\":\"https:\/\/schema.org\",\"@graph\":[{\"@type\":\"WebPage\",\"@id\":\"https:\/\/endormoonstore.com\/en\/superslot-ford-escort-mkii-castrol-edition-goodwood-members-meeting-2019-ref-h4208\/\",\"url\":\"https:\/\/endormoonstore.com\/en\/superslot-ford-escort-mkii-castrol-edition-goodwood-members-meeting-2019-ref-h4208\/\",\"name\":\"Superslot Ford Escort MKII Castrol Edition Goodwood Members Meeting 2019 Ref H4208 - EndormoonStore\",\"isPartOf\":{\"@id\":\"https:\/\/endormoonstore.com\/#website\"},\"primaryImageOfPage\":{\"@id\":\"https:\/\/endormoonstore.com\/en\/superslot-ford-escort-mkii-castrol-edition-goodwood-members-meeting-2019-ref-h4208\/#primaryimage\"},\"image\":{\"@id\":\"https:\/\/endormoonstore.com\/en\/superslot-ford-escort-mkii-castrol-edition-goodwood-members-meeting-2019-ref-h4208\/#primaryimage\"},\"thumbnailUrl\":\"https:\/\/endormoonstore.com\/wp-content\/uploads\/2021\/09\/Superslot-Ford-Escort-MKII-Castrol-Edition-Goodwood-Members-Meeting-2019-Ref-H4208.jpeg\",\"datePublished\":\"2021-09-22T13:47:38+00:00\",\"dateModified\":\"2021-09-22T13:52:39+00:00\",\"breadcrumb\":{\"@id\":\"https:\/\/endormoonstore.com\/en\/superslot-ford-escort-mkii-castrol-edition-goodwood-members-meeting-2019-ref-h4208\/#breadcrumb\"},\"inLanguage\":\"en-US\",\"potentialAction\":[{\"@type\":\"ReadAction\",\"target\":[\"https:\/\/endormoonstore.com\/en\/superslot-ford-escort-mkii-castrol-edition-goodwood-members-meeting-2019-ref-h4208\/\"]}]},{\"@type\":\"ImageObject\",\"inLanguage\":\"en-US\",\"@id\":\"https:\/\/endormoonstore.com\/en\/superslot-ford-escort-mkii-castrol-edition-goodwood-members-meeting-2019-ref-h4208\/#primaryimage\",\"url\":\"https:\/\/endormoonstore.com\/wp-content\/uploads\/2021\/09\/Superslot-Ford-Escort-MKII-Castrol-Edition-Goodwood-Members-Meeting-2019-Ref-H4208.jpeg\",\"contentUrl\":\"https:\/\/endormoonstore.com\/wp-content\/uploads\/2021\/09\/Superslot-Ford-Escort-MKII-Castrol-Edition-Goodwood-Members-Meeting-2019-Ref-H4208.jpeg\",\"width\":1500,\"height\":938},{\"@type\":\"BreadcrumbList\",\"@id\":\"https:\/\/endormoonstore.com\/en\/superslot-ford-escort-mkii-castrol-edition-goodwood-members-meeting-2019-ref-h4208\/#breadcrumb\",\"itemListElement\":[{\"@type\":\"ListItem\",\"position\":1,\"name\":\"Shop\",\"item\":\"https:\/\/endormoonstore.com\/en\/shop\/\"},{\"@type\":\"ListItem\",\"position\":2,\"name\":\"Superslot Ford Escort MKII Castrol Edition Goodwood Members Meeting 2019 Ref H4208\"}]},{\"@type\":\"WebSite\",\"@id\":\"https:\/\/endormoonstore.com\/#website\",\"url\":\"https:\/\/endormoonstore.com\/\",\"name\":\"EndormoonStore\",\"description\":\"\",\"potentialAction\":[{\"@type\":\"SearchAction\",\"target\":{\"@type\":\"EntryPoint\",\"urlTemplate\":\"https:\/\/endormoonstore.com\/?s={search_term_string}\"},\"query-input\":{\"@type\":\"PropertyValueSpecification\",\"valueRequired\":true,\"valueName\":\"search_term_string\"}}],\"inLanguage\":\"en-US\"}]}<\/script>\n<!-- \/ Yoast SEO plugin. -->","yoast_head_json":{"title":"Superslot Ford Escort MKII Castrol Edition Goodwood Members Meeting 2019 Ref H4208 - EndormoonStore","robots":{"index":"index","follow":"follow","max-snippet":"max-snippet:-1","max-image-preview":"max-image-preview:large","max-video-preview":"max-video-preview:-1"},"canonical":"https:\/\/endormoonstore.com\/en\/superslot-ford-escort-mkii-castrol-edition-goodwood-members-meeting-2019-ref-h4208\/","og_locale":"en_US","og_type":"article","og_title":"Superslot Ford Escort MKII Castrol Edition Goodwood Members Meeting 2019 Ref H4208 - EndormoonStore","og_description":"Superslot Ford Escort MKII Castrol Edition Goodwood Members Meeting 2019 Ref H4208  Propiedad de Kerry Michael y conducido por ases del automovilismo como Mark Blundell, este fant\u00e1stico Mk2 Escort con decoraci\u00f3n de Castrol es uno de los favoritos en el evento anual del trofeo Gerry Marshall de la reuni\u00f3n de miembros de Goodwood.","og_url":"https:\/\/endormoonstore.com\/en\/superslot-ford-escort-mkii-castrol-edition-goodwood-members-meeting-2019-ref-h4208\/","og_site_name":"EndormoonStore","article_modified_time":"2021-09-22T13:52:39+00:00","og_image":[{"width":1500,"height":938,"url":"https:\/\/endormoonstore.com\/wp-content\/uploads\/2021\/09\/Superslot-Ford-Escort-MKII-Castrol-Edition-Goodwood-Members-Meeting-2019-Ref-H4208.jpeg","type":"image\/jpeg"}],"twitter_card":"summary_large_image","twitter_misc":{"Est. reading time":"1 minute"},"schema":{"@context":"https:\/\/schema.org","@graph":[{"@type":"WebPage","@id":"https:\/\/endormoonstore.com\/en\/superslot-ford-escort-mkii-castrol-edition-goodwood-members-meeting-2019-ref-h4208\/","url":"https:\/\/endormoonstore.com\/en\/superslot-ford-escort-mkii-castrol-edition-goodwood-members-meeting-2019-ref-h4208\/","name":"Superslot Ford Escort MKII Castrol Edition Goodwood Members Meeting 2019 Ref H4208 - EndormoonStore","isPartOf":{"@id":"https:\/\/endormoonstore.com\/#website"},"primaryImageOfPage":{"@id":"https:\/\/endormoonstore.com\/en\/superslot-ford-escort-mkii-castrol-edition-goodwood-members-meeting-2019-ref-h4208\/#primaryimage"},"image":{"@id":"https:\/\/endormoonstore.com\/en\/superslot-ford-escort-mkii-castrol-edition-goodwood-members-meeting-2019-ref-h4208\/#primaryimage"},"thumbnailUrl":"https:\/\/endormoonstore.com\/wp-content\/uploads\/2021\/09\/Superslot-Ford-Escort-MKII-Castrol-Edition-Goodwood-Members-Meeting-2019-Ref-H4208.jpeg","datePublished":"2021-09-22T13:47:38+00:00","dateModified":"2021-09-22T13:52:39+00:00","breadcrumb":{"@id":"https:\/\/endormoonstore.com\/en\/superslot-ford-escort-mkii-castrol-edition-goodwood-members-meeting-2019-ref-h4208\/#breadcrumb"},"inLanguage":"en-US","potentialAction":[{"@type":"ReadAction","target":["https:\/\/endormoonstore.com\/en\/superslot-ford-escort-mkii-castrol-edition-goodwood-members-meeting-2019-ref-h4208\/"]}]},{"@type":"ImageObject","inLanguage":"en-US","@id":"https:\/\/endormoonstore.com\/en\/superslot-ford-escort-mkii-castrol-edition-goodwood-members-meeting-2019-ref-h4208\/#primaryimage","url":"https:\/\/endormoonstore.com\/wp-content\/uploads\/2021\/09\/Superslot-Ford-Escort-MKII-Castrol-Edition-Goodwood-Members-Meeting-2019-Ref-H4208.jpeg","contentUrl":"https:\/\/endormoonstore.com\/wp-content\/uploads\/2021\/09\/Superslot-Ford-Escort-MKII-Castrol-Edition-Goodwood-Members-Meeting-2019-Ref-H4208.jpeg","width":1500,"height":938},{"@type":"BreadcrumbList","@id":"https:\/\/endormoonstore.com\/en\/superslot-ford-escort-mkii-castrol-edition-goodwood-members-meeting-2019-ref-h4208\/#breadcrumb","itemListElement":[{"@type":"ListItem","position":1,"name":"Shop","item":"https:\/\/endormoonstore.com\/en\/shop\/"},{"@type":"ListItem","position":2,"name":"Superslot Ford Escort MKII Castrol Edition Goodwood Members Meeting 2019 Ref H4208"}]},{"@type":"WebSite","@id":"https:\/\/endormoonstore.com\/#website","url":"https:\/\/endormoonstore.com\/","name":"EndormoonStore","description":"","potentialAction":[{"@type":"SearchAction","target":{"@type":"EntryPoint","urlTemplate":"https:\/\/endormoonstore.com\/?s={search_term_string}"},"query-input":{"@type":"PropertyValueSpecification","valueRequired":true,"valueName":"search_term_string"}}],"inLanguage":"en-US"}]}},"taxonomy_info":{"product_cat":[{"value":1388,"label":"Modelism"}],"pa_brand":[{"value":1760,"label":"SuperSlot"}],"pa_manufacturer":[{"value":3632,"label":"Ford"}],"pa_theme":[{"value":2162,"label":"Slot"}]},"featured_image_src_large":["https:\/\/endormoonstore.com\/wp-content\/uploads\/2021\/09\/Superslot-Ford-Escort-MKII-Castrol-Edition-Goodwood-Members-Meeting-2019-Ref-H4208.jpeg",1500,938,false],"author_info":[],"comment_info":"","_links":{"self":[{"href":"https:\/\/endormoonstore.com\/en\/wp-json\/wp\/v2\/product\/114509","targetHints":{"allow":["GET"]}}],"collection":[{"href":"https:\/\/endormoonstore.com\/en\/wp-json\/wp\/v2\/product"}],"about":[{"href":"https:\/\/endormoonstore.com\/en\/wp-json\/wp\/v2\/types\/product"}],"wp:featuredmedia":[{"embeddable":true,"href":"https:\/\/endormoonstore.com\/en\/wp-json\/wp\/v2\/media\/114508"}],"wp:attachment":[{"href":"https:\/\/endormoonstore.com\/en\/wp-json\/wp\/v2\/media?parent=114509"}],"wp:term":[{"taxonomy":"product_cat","embeddable":true,"href":"https:\/\/endormoonstore.com\/en\/wp-json\/wp\/v2\/product_cat?post=114509"},{"taxonomy":"product_tag","embeddable":true,"href":"https:\/\/endormoonstore.com\/en\/wp-json\/wp\/v2\/product_tag?post=114509"}],"curies":[{"name":"wp","href":"https:\/\/api.w.org\/{rel}","templated":true}]}}