{"id":113035,"date":"2021-09-11T20:49:28","date_gmt":"2021-09-11T18:49:28","guid":{"rendered":"https:\/\/endormoonstore.com\/izuku-midoriya-stealth-suit-ver-my-hero-academia-nendoroid\/"},"modified":"2022-05-21T13:52:54","modified_gmt":"2022-05-21T11:52:54","slug":"izuku-midoriya-stealth-suit-ver-my-hero-academia-nendoroid","status":"publish","type":"product","link":"https:\/\/endormoonstore.com\/en\/izuku-midoriya-stealth-suit-ver-my-hero-academia-nendoroid\/","title":{"rendered":"Izuku Midoriya Stealth Suit Ver. My Hero Academia Nendoroid"},"content":{"rendered":"<p><strong>Izuku Midoriya Stealth Suit Ver. My Hero Academia Nendoroid Figura 10 cm<\/strong><\/p>\n<ul>\n<li>Good Smile Company presenta la figura de la pel\u00edcula de anime My Hero Academia The Movie: World Heroes &#8216;Mission llega un Nendoroid de Izuku Midoriya con su traje original de la pel\u00edcula.<\/li>\n<li>Su traje de sigilo se ha recreado fielmente en forma de Nendoroid.<\/li>\n<li>Se trata de una figura hecha en PVC de unos 10 cm de alto.<\/li>\n<li>Viene con 3 caras que incluyen: una expresi\u00f3n de sonrisa, una expresi\u00f3n de combate y una expresi\u00f3n de sonrisa diferente con los ojos cerrados, una placa de texto y una base soporte para su exposici\u00f3n.<\/li>\n<li>Los otros dos Nendoroid se venden por separado<\/li>\n<\/ul>\n<p>&nbsp;<\/p>\n<p>&nbsp;<\/p>\n<p>&nbsp;<\/p>\n","protected":false},"excerpt":{"rendered":"<p><strong>Izuku Midoriya Stealth Suit Ver. My Hero Academia Nendoroid Figura 10 cm<\/strong><\/p>\n<p>Good Smile Company presenta la figura de la pel\u00edcula de anime My Hero Academia The Movie: World Heroes &#8216;Mission llega un Nendoroid de Izuku Midoriya con su traje original de la pel\u00edcula.<\/p>\n","protected":false},"featured_media":113024,"template":"","meta":{"_acf_changed":false,"_kad_blocks_custom_css":"","_kad_blocks_head_custom_js":"","_kad_blocks_body_custom_js":"","_kad_blocks_footer_custom_js":""},"product_cat":[1390],"product_tag":[],"class_list":{"0":"post-113035","1":"product","2":"type-product","3":"status-publish","4":"has-post-thumbnail","6":"product_cat-figures","7":"pa_brand-good-smile-company-en","8":"pa_character-izuku-midoriya-en","9":"pa_episode-my-hero-academia-the-movie-world-heroes-mission-en","10":"pa_license-my-hero-academia-en","11":"pa_product-type-figure","12":"pa_theme-nendoroid-en","14":"first","15":"instock","16":"sale","17":"taxable","18":"shipping-taxable","19":"purchasable","20":"product-type-simple"},"acf":[],"yoast_head":"<!-- This site is optimized with the Yoast SEO plugin v26.1.1 - https:\/\/yoast.com\/wordpress\/plugins\/seo\/ -->\n<title>Izuku Midoriya Stealth Suit Ver. My Hero Academia Nendoroid - EndormoonStore<\/title>\n<meta name=\"robots\" content=\"index, follow, max-snippet:-1, max-image-preview:large, max-video-preview:-1\" \/>\n<link rel=\"canonical\" href=\"https:\/\/endormoonstore.com\/en\/izuku-midoriya-stealth-suit-ver-my-hero-academia-nendoroid\/\" \/>\n<meta property=\"og:locale\" content=\"en_US\" \/>\n<meta property=\"og:type\" content=\"article\" \/>\n<meta property=\"og:title\" content=\"Izuku Midoriya Stealth Suit Ver. My Hero Academia Nendoroid - EndormoonStore\" \/>\n<meta property=\"og:description\" content=\"Izuku Midoriya Stealth Suit Ver. My Hero Academia Nendoroid Figura 10 cm  Good Smile Company presenta la figura de la pel\u00edcula de anime My Hero Academia The Movie: World Heroes &#039;Mission llega un Nendoroid de Izuku Midoriya con su traje original de la pel\u00edcula.\" \/>\n<meta property=\"og:url\" content=\"https:\/\/endormoonstore.com\/en\/izuku-midoriya-stealth-suit-ver-my-hero-academia-nendoroid\/\" \/>\n<meta property=\"og:site_name\" content=\"EndormoonStore\" \/>\n<meta property=\"article:modified_time\" content=\"2022-05-21T11:52:54+00:00\" \/>\n<meta property=\"og:image\" content=\"https:\/\/endormoonstore.com\/wp-content\/uploads\/2021\/09\/Izuku-Midoriya-Stealth-Suit-Ver.-My-Hero-Academia-Nendoroid-1.jpeg\" \/>\n\t<meta property=\"og:image:width\" content=\"562\" \/>\n\t<meta property=\"og:image:height\" content=\"750\" \/>\n\t<meta property=\"og:image:type\" content=\"image\/jpeg\" \/>\n<meta name=\"twitter:card\" content=\"summary_large_image\" \/>\n<meta name=\"twitter:label1\" content=\"Est. reading time\" \/>\n\t<meta name=\"twitter:data1\" content=\"1 minute\" \/>\n<script type=\"application\/ld+json\" class=\"yoast-schema-graph\">{\"@context\":\"https:\/\/schema.org\",\"@graph\":[{\"@type\":\"WebPage\",\"@id\":\"https:\/\/endormoonstore.com\/en\/izuku-midoriya-stealth-suit-ver-my-hero-academia-nendoroid\/\",\"url\":\"https:\/\/endormoonstore.com\/en\/izuku-midoriya-stealth-suit-ver-my-hero-academia-nendoroid\/\",\"name\":\"Izuku Midoriya Stealth Suit Ver. My Hero Academia Nendoroid - EndormoonStore\",\"isPartOf\":{\"@id\":\"https:\/\/endormoonstore.com\/#website\"},\"primaryImageOfPage\":{\"@id\":\"https:\/\/endormoonstore.com\/en\/izuku-midoriya-stealth-suit-ver-my-hero-academia-nendoroid\/#primaryimage\"},\"image\":{\"@id\":\"https:\/\/endormoonstore.com\/en\/izuku-midoriya-stealth-suit-ver-my-hero-academia-nendoroid\/#primaryimage\"},\"thumbnailUrl\":\"https:\/\/endormoonstore.com\/wp-content\/uploads\/2021\/09\/Izuku-Midoriya-Stealth-Suit-Ver.-My-Hero-Academia-Nendoroid-1.jpeg\",\"datePublished\":\"2021-09-11T18:49:28+00:00\",\"dateModified\":\"2022-05-21T11:52:54+00:00\",\"breadcrumb\":{\"@id\":\"https:\/\/endormoonstore.com\/en\/izuku-midoriya-stealth-suit-ver-my-hero-academia-nendoroid\/#breadcrumb\"},\"inLanguage\":\"en-US\",\"potentialAction\":[{\"@type\":\"ReadAction\",\"target\":[\"https:\/\/endormoonstore.com\/en\/izuku-midoriya-stealth-suit-ver-my-hero-academia-nendoroid\/\"]}]},{\"@type\":\"ImageObject\",\"inLanguage\":\"en-US\",\"@id\":\"https:\/\/endormoonstore.com\/en\/izuku-midoriya-stealth-suit-ver-my-hero-academia-nendoroid\/#primaryimage\",\"url\":\"https:\/\/endormoonstore.com\/wp-content\/uploads\/2021\/09\/Izuku-Midoriya-Stealth-Suit-Ver.-My-Hero-Academia-Nendoroid-1.jpeg\",\"contentUrl\":\"https:\/\/endormoonstore.com\/wp-content\/uploads\/2021\/09\/Izuku-Midoriya-Stealth-Suit-Ver.-My-Hero-Academia-Nendoroid-1.jpeg\",\"width\":562,\"height\":750},{\"@type\":\"BreadcrumbList\",\"@id\":\"https:\/\/endormoonstore.com\/en\/izuku-midoriya-stealth-suit-ver-my-hero-academia-nendoroid\/#breadcrumb\",\"itemListElement\":[{\"@type\":\"ListItem\",\"position\":1,\"name\":\"Shop\",\"item\":\"https:\/\/endormoonstore.com\/en\/shop\/\"},{\"@type\":\"ListItem\",\"position\":2,\"name\":\"Izuku Midoriya Stealth Suit Ver. My Hero Academia Nendoroid\"}]},{\"@type\":\"WebSite\",\"@id\":\"https:\/\/endormoonstore.com\/#website\",\"url\":\"https:\/\/endormoonstore.com\/\",\"name\":\"EndormoonStore\",\"description\":\"\",\"potentialAction\":[{\"@type\":\"SearchAction\",\"target\":{\"@type\":\"EntryPoint\",\"urlTemplate\":\"https:\/\/endormoonstore.com\/?s={search_term_string}\"},\"query-input\":{\"@type\":\"PropertyValueSpecification\",\"valueRequired\":true,\"valueName\":\"search_term_string\"}}],\"inLanguage\":\"en-US\"}]}<\/script>\n<!-- \/ Yoast SEO plugin. -->","yoast_head_json":{"title":"Izuku Midoriya Stealth Suit Ver. My Hero Academia Nendoroid - EndormoonStore","robots":{"index":"index","follow":"follow","max-snippet":"max-snippet:-1","max-image-preview":"max-image-preview:large","max-video-preview":"max-video-preview:-1"},"canonical":"https:\/\/endormoonstore.com\/en\/izuku-midoriya-stealth-suit-ver-my-hero-academia-nendoroid\/","og_locale":"en_US","og_type":"article","og_title":"Izuku Midoriya Stealth Suit Ver. My Hero Academia Nendoroid - EndormoonStore","og_description":"Izuku Midoriya Stealth Suit Ver. My Hero Academia Nendoroid Figura 10 cm  Good Smile Company presenta la figura de la pel\u00edcula de anime My Hero Academia The Movie: World Heroes 'Mission llega un Nendoroid de Izuku Midoriya con su traje original de la pel\u00edcula.","og_url":"https:\/\/endormoonstore.com\/en\/izuku-midoriya-stealth-suit-ver-my-hero-academia-nendoroid\/","og_site_name":"EndormoonStore","article_modified_time":"2022-05-21T11:52:54+00:00","og_image":[{"width":562,"height":750,"url":"https:\/\/endormoonstore.com\/wp-content\/uploads\/2021\/09\/Izuku-Midoriya-Stealth-Suit-Ver.-My-Hero-Academia-Nendoroid-1.jpeg","type":"image\/jpeg"}],"twitter_card":"summary_large_image","twitter_misc":{"Est. reading time":"1 minute"},"schema":{"@context":"https:\/\/schema.org","@graph":[{"@type":"WebPage","@id":"https:\/\/endormoonstore.com\/en\/izuku-midoriya-stealth-suit-ver-my-hero-academia-nendoroid\/","url":"https:\/\/endormoonstore.com\/en\/izuku-midoriya-stealth-suit-ver-my-hero-academia-nendoroid\/","name":"Izuku Midoriya Stealth Suit Ver. My Hero Academia Nendoroid - EndormoonStore","isPartOf":{"@id":"https:\/\/endormoonstore.com\/#website"},"primaryImageOfPage":{"@id":"https:\/\/endormoonstore.com\/en\/izuku-midoriya-stealth-suit-ver-my-hero-academia-nendoroid\/#primaryimage"},"image":{"@id":"https:\/\/endormoonstore.com\/en\/izuku-midoriya-stealth-suit-ver-my-hero-academia-nendoroid\/#primaryimage"},"thumbnailUrl":"https:\/\/endormoonstore.com\/wp-content\/uploads\/2021\/09\/Izuku-Midoriya-Stealth-Suit-Ver.-My-Hero-Academia-Nendoroid-1.jpeg","datePublished":"2021-09-11T18:49:28+00:00","dateModified":"2022-05-21T11:52:54+00:00","breadcrumb":{"@id":"https:\/\/endormoonstore.com\/en\/izuku-midoriya-stealth-suit-ver-my-hero-academia-nendoroid\/#breadcrumb"},"inLanguage":"en-US","potentialAction":[{"@type":"ReadAction","target":["https:\/\/endormoonstore.com\/en\/izuku-midoriya-stealth-suit-ver-my-hero-academia-nendoroid\/"]}]},{"@type":"ImageObject","inLanguage":"en-US","@id":"https:\/\/endormoonstore.com\/en\/izuku-midoriya-stealth-suit-ver-my-hero-academia-nendoroid\/#primaryimage","url":"https:\/\/endormoonstore.com\/wp-content\/uploads\/2021\/09\/Izuku-Midoriya-Stealth-Suit-Ver.-My-Hero-Academia-Nendoroid-1.jpeg","contentUrl":"https:\/\/endormoonstore.com\/wp-content\/uploads\/2021\/09\/Izuku-Midoriya-Stealth-Suit-Ver.-My-Hero-Academia-Nendoroid-1.jpeg","width":562,"height":750},{"@type":"BreadcrumbList","@id":"https:\/\/endormoonstore.com\/en\/izuku-midoriya-stealth-suit-ver-my-hero-academia-nendoroid\/#breadcrumb","itemListElement":[{"@type":"ListItem","position":1,"name":"Shop","item":"https:\/\/endormoonstore.com\/en\/shop\/"},{"@type":"ListItem","position":2,"name":"Izuku Midoriya Stealth Suit Ver. My Hero Academia Nendoroid"}]},{"@type":"WebSite","@id":"https:\/\/endormoonstore.com\/#website","url":"https:\/\/endormoonstore.com\/","name":"EndormoonStore","description":"","potentialAction":[{"@type":"SearchAction","target":{"@type":"EntryPoint","urlTemplate":"https:\/\/endormoonstore.com\/?s={search_term_string}"},"query-input":{"@type":"PropertyValueSpecification","valueRequired":true,"valueName":"search_term_string"}}],"inLanguage":"en-US"}]}},"taxonomy_info":{"product_cat":[{"value":1390,"label":"Figures"}],"pa_brand":[{"value":2081,"label":"Good Smile Company"}],"pa_character":[{"value":5548,"label":"Izuku Midoriya"}],"pa_episode":[{"value":9382,"label":"My Hero Academia The Movie: World Heroes' Mission"}],"pa_license":[{"value":4217,"label":"My Hero Academia"}],"pa_product-type":[{"value":2387,"label":"Figure"}],"pa_theme":[{"value":1861,"label":"Nendoroid"}]},"featured_image_src_large":["https:\/\/endormoonstore.com\/wp-content\/uploads\/2021\/09\/Izuku-Midoriya-Stealth-Suit-Ver.-My-Hero-Academia-Nendoroid-1.jpeg",562,750,false],"author_info":[],"comment_info":"","_links":{"self":[{"href":"https:\/\/endormoonstore.com\/en\/wp-json\/wp\/v2\/product\/113035","targetHints":{"allow":["GET"]}}],"collection":[{"href":"https:\/\/endormoonstore.com\/en\/wp-json\/wp\/v2\/product"}],"about":[{"href":"https:\/\/endormoonstore.com\/en\/wp-json\/wp\/v2\/types\/product"}],"wp:featuredmedia":[{"embeddable":true,"href":"https:\/\/endormoonstore.com\/en\/wp-json\/wp\/v2\/media\/113024"}],"wp:attachment":[{"href":"https:\/\/endormoonstore.com\/en\/wp-json\/wp\/v2\/media?parent=113035"}],"wp:term":[{"taxonomy":"product_cat","embeddable":true,"href":"https:\/\/endormoonstore.com\/en\/wp-json\/wp\/v2\/product_cat?post=113035"},{"taxonomy":"product_tag","embeddable":true,"href":"https:\/\/endormoonstore.com\/en\/wp-json\/wp\/v2\/product_tag?post=113035"}],"curies":[{"name":"wp","href":"https:\/\/api.w.org\/{rel}","templated":true}]}}