{"id":112755,"date":"2021-09-06T22:49:16","date_gmt":"2021-09-06T20:49:16","guid":{"rendered":"https:\/\/endormoonstore.com\/tanjiro-kamado-nichirin-sword-demon-slayer-kimetsu-no-yaiba-proplica\/"},"modified":"2022-05-10T23:17:41","modified_gmt":"2022-05-10T21:17:41","slug":"tanjiro-kamado-nichirin-sword-demon-slayer-kimetsu-no-yaiba-proplica","status":"publish","type":"product","link":"https:\/\/endormoonstore.com\/en\/tanjiro-kamado-nichirin-sword-demon-slayer-kimetsu-no-yaiba-proplica\/","title":{"rendered":"Tanjiro Kamado Nichirin Sword Demon Slayer: Kimetsu no Yaiba Proplica"},"content":{"rendered":"<p><strong>Tanjiro Kamado Nichirin Sword Demon Slayer: Kimetsu no Yaiba Proplica Espada 88 cm<\/strong><\/p>\n<ul>\n<li>Tamashii Nations lanza, para su colecci\u00f3n PROPLICA, la espada Nichirin de Tanjiro Kamado, basado en el anime &#8220;Demon Slayer&#8221;.<\/li>\n<li>Se trata de una reproducci\u00f3n fiel a tama\u00f1o real de 88 cm de largo.<\/li>\n<li>Est\u00e1 hecha en ABS para capturar la belleza y la sensaci\u00f3n de una hoja de la vida real usando cuidadosamente pl\u00e1stico moldeado.<\/li>\n<li>Presenta detalles finos como un protector de tsuba pintado en un negro met\u00e1lico, adem\u00e1s incluye m\u00e1s de 50 sonidos del anime, desde la canci\u00f3n principal de Demon Slayer hasta di\u00e1logos de Tanjiro Kamado.<\/li>\n<li>Incluye adem\u00e1s un soporte para exponer la r\u00e9plica y un manual.<\/li>\n<\/ul>\n","protected":false},"excerpt":{"rendered":"<p><strong>Tanjiro Kamado Nichirin Sword Demon Slayer: Kimetsu no Yaiba Proplica Espada 88 cm<\/strong><\/p>\n<p>Tamashii Nations lanza, para su colecci\u00f3n PROPLICA, la espada Nichirin de Tanjiro Kamado, basado en el anime &#8220;Demon Slayer&#8221;.<\/p>\n","protected":false},"featured_media":112734,"template":"","meta":{"_acf_changed":false,"_kad_blocks_custom_css":"","_kad_blocks_head_custom_js":"","_kad_blocks_body_custom_js":"","_kad_blocks_footer_custom_js":""},"product_cat":[1390],"product_tag":[],"class_list":{"0":"post-112755","1":"product","2":"type-product","3":"status-publish","4":"has-post-thumbnail","6":"product_cat-figures","7":"pa_brand-tamashii-nations-en","8":"pa_character-tanjiro-kamado-en","9":"pa_license-kimetsu-no-yaiba-demon-slayer-en","10":"pa_product-type-sword","11":"pa_theme-proplica-en","13":"first","14":"outofstock","15":"taxable","16":"shipping-taxable","17":"purchasable","18":"product-type-simple"},"acf":[],"yoast_head":"<!-- This site is optimized with the Yoast SEO plugin v26.1.1 - https:\/\/yoast.com\/wordpress\/plugins\/seo\/ -->\n<title>Tanjiro Kamado Nichirin Sword Demon Slayer: Kimetsu no Yaiba Proplica - EndormoonStore<\/title>\n<meta name=\"robots\" content=\"index, follow, max-snippet:-1, max-image-preview:large, max-video-preview:-1\" \/>\n<link rel=\"canonical\" href=\"https:\/\/endormoonstore.com\/en\/tanjiro-kamado-nichirin-sword-demon-slayer-kimetsu-no-yaiba-proplica\/\" \/>\n<meta property=\"og:locale\" content=\"en_US\" \/>\n<meta property=\"og:type\" content=\"article\" \/>\n<meta property=\"og:title\" content=\"Tanjiro Kamado Nichirin Sword Demon Slayer: Kimetsu no Yaiba Proplica - EndormoonStore\" \/>\n<meta property=\"og:description\" content=\"Tanjiro Kamado Nichirin Sword Demon Slayer: Kimetsu no Yaiba Proplica Espada 88 cm  Tamashii Nations lanza, para su colecci\u00f3n PROPLICA, la espada Nichirin de Tanjiro Kamado, basado en el anime &quot;Demon Slayer&quot;.\" \/>\n<meta property=\"og:url\" content=\"https:\/\/endormoonstore.com\/en\/tanjiro-kamado-nichirin-sword-demon-slayer-kimetsu-no-yaiba-proplica\/\" \/>\n<meta property=\"og:site_name\" content=\"EndormoonStore\" \/>\n<meta property=\"article:modified_time\" content=\"2022-05-10T21:17:41+00:00\" \/>\n<meta property=\"og:image\" content=\"https:\/\/endormoonstore.com\/wp-content\/uploads\/2021\/09\/Tanjiro-Kamado-Nichirin-Sword-Demon-Slayer-Kimetsu-no-Yaiba-Proplica-1.jpeg\" \/>\n\t<meta property=\"og:image:width\" content=\"999\" \/>\n\t<meta property=\"og:image:height\" content=\"750\" \/>\n\t<meta property=\"og:image:type\" content=\"image\/jpeg\" \/>\n<meta name=\"twitter:card\" content=\"summary_large_image\" \/>\n<meta name=\"twitter:label1\" content=\"Est. reading time\" \/>\n\t<meta name=\"twitter:data1\" content=\"1 minute\" \/>\n<script type=\"application\/ld+json\" class=\"yoast-schema-graph\">{\"@context\":\"https:\/\/schema.org\",\"@graph\":[{\"@type\":\"WebPage\",\"@id\":\"https:\/\/endormoonstore.com\/en\/tanjiro-kamado-nichirin-sword-demon-slayer-kimetsu-no-yaiba-proplica\/\",\"url\":\"https:\/\/endormoonstore.com\/en\/tanjiro-kamado-nichirin-sword-demon-slayer-kimetsu-no-yaiba-proplica\/\",\"name\":\"Tanjiro Kamado Nichirin Sword Demon Slayer: Kimetsu no Yaiba Proplica - EndormoonStore\",\"isPartOf\":{\"@id\":\"https:\/\/endormoonstore.com\/#website\"},\"primaryImageOfPage\":{\"@id\":\"https:\/\/endormoonstore.com\/en\/tanjiro-kamado-nichirin-sword-demon-slayer-kimetsu-no-yaiba-proplica\/#primaryimage\"},\"image\":{\"@id\":\"https:\/\/endormoonstore.com\/en\/tanjiro-kamado-nichirin-sword-demon-slayer-kimetsu-no-yaiba-proplica\/#primaryimage\"},\"thumbnailUrl\":\"https:\/\/endormoonstore.com\/wp-content\/uploads\/2021\/09\/Tanjiro-Kamado-Nichirin-Sword-Demon-Slayer-Kimetsu-no-Yaiba-Proplica-1.jpeg\",\"datePublished\":\"2021-09-06T20:49:16+00:00\",\"dateModified\":\"2022-05-10T21:17:41+00:00\",\"breadcrumb\":{\"@id\":\"https:\/\/endormoonstore.com\/en\/tanjiro-kamado-nichirin-sword-demon-slayer-kimetsu-no-yaiba-proplica\/#breadcrumb\"},\"inLanguage\":\"en-US\",\"potentialAction\":[{\"@type\":\"ReadAction\",\"target\":[\"https:\/\/endormoonstore.com\/en\/tanjiro-kamado-nichirin-sword-demon-slayer-kimetsu-no-yaiba-proplica\/\"]}]},{\"@type\":\"ImageObject\",\"inLanguage\":\"en-US\",\"@id\":\"https:\/\/endormoonstore.com\/en\/tanjiro-kamado-nichirin-sword-demon-slayer-kimetsu-no-yaiba-proplica\/#primaryimage\",\"url\":\"https:\/\/endormoonstore.com\/wp-content\/uploads\/2021\/09\/Tanjiro-Kamado-Nichirin-Sword-Demon-Slayer-Kimetsu-no-Yaiba-Proplica-1.jpeg\",\"contentUrl\":\"https:\/\/endormoonstore.com\/wp-content\/uploads\/2021\/09\/Tanjiro-Kamado-Nichirin-Sword-Demon-Slayer-Kimetsu-no-Yaiba-Proplica-1.jpeg\",\"width\":999,\"height\":750},{\"@type\":\"BreadcrumbList\",\"@id\":\"https:\/\/endormoonstore.com\/en\/tanjiro-kamado-nichirin-sword-demon-slayer-kimetsu-no-yaiba-proplica\/#breadcrumb\",\"itemListElement\":[{\"@type\":\"ListItem\",\"position\":1,\"name\":\"Shop\",\"item\":\"https:\/\/endormoonstore.com\/en\/shop\/\"},{\"@type\":\"ListItem\",\"position\":2,\"name\":\"Tanjiro Kamado Nichirin Sword Demon Slayer: Kimetsu no Yaiba Proplica\"}]},{\"@type\":\"WebSite\",\"@id\":\"https:\/\/endormoonstore.com\/#website\",\"url\":\"https:\/\/endormoonstore.com\/\",\"name\":\"EndormoonStore\",\"description\":\"\",\"potentialAction\":[{\"@type\":\"SearchAction\",\"target\":{\"@type\":\"EntryPoint\",\"urlTemplate\":\"https:\/\/endormoonstore.com\/?s={search_term_string}\"},\"query-input\":{\"@type\":\"PropertyValueSpecification\",\"valueRequired\":true,\"valueName\":\"search_term_string\"}}],\"inLanguage\":\"en-US\"}]}<\/script>\n<!-- \/ Yoast SEO plugin. -->","yoast_head_json":{"title":"Tanjiro Kamado Nichirin Sword Demon Slayer: Kimetsu no Yaiba Proplica - EndormoonStore","robots":{"index":"index","follow":"follow","max-snippet":"max-snippet:-1","max-image-preview":"max-image-preview:large","max-video-preview":"max-video-preview:-1"},"canonical":"https:\/\/endormoonstore.com\/en\/tanjiro-kamado-nichirin-sword-demon-slayer-kimetsu-no-yaiba-proplica\/","og_locale":"en_US","og_type":"article","og_title":"Tanjiro Kamado Nichirin Sword Demon Slayer: Kimetsu no Yaiba Proplica - EndormoonStore","og_description":"Tanjiro Kamado Nichirin Sword Demon Slayer: Kimetsu no Yaiba Proplica Espada 88 cm  Tamashii Nations lanza, para su colecci\u00f3n PROPLICA, la espada Nichirin de Tanjiro Kamado, basado en el anime \"Demon Slayer\".","og_url":"https:\/\/endormoonstore.com\/en\/tanjiro-kamado-nichirin-sword-demon-slayer-kimetsu-no-yaiba-proplica\/","og_site_name":"EndormoonStore","article_modified_time":"2022-05-10T21:17:41+00:00","og_image":[{"width":999,"height":750,"url":"https:\/\/endormoonstore.com\/wp-content\/uploads\/2021\/09\/Tanjiro-Kamado-Nichirin-Sword-Demon-Slayer-Kimetsu-no-Yaiba-Proplica-1.jpeg","type":"image\/jpeg"}],"twitter_card":"summary_large_image","twitter_misc":{"Est. reading time":"1 minute"},"schema":{"@context":"https:\/\/schema.org","@graph":[{"@type":"WebPage","@id":"https:\/\/endormoonstore.com\/en\/tanjiro-kamado-nichirin-sword-demon-slayer-kimetsu-no-yaiba-proplica\/","url":"https:\/\/endormoonstore.com\/en\/tanjiro-kamado-nichirin-sword-demon-slayer-kimetsu-no-yaiba-proplica\/","name":"Tanjiro Kamado Nichirin Sword Demon Slayer: Kimetsu no Yaiba Proplica - EndormoonStore","isPartOf":{"@id":"https:\/\/endormoonstore.com\/#website"},"primaryImageOfPage":{"@id":"https:\/\/endormoonstore.com\/en\/tanjiro-kamado-nichirin-sword-demon-slayer-kimetsu-no-yaiba-proplica\/#primaryimage"},"image":{"@id":"https:\/\/endormoonstore.com\/en\/tanjiro-kamado-nichirin-sword-demon-slayer-kimetsu-no-yaiba-proplica\/#primaryimage"},"thumbnailUrl":"https:\/\/endormoonstore.com\/wp-content\/uploads\/2021\/09\/Tanjiro-Kamado-Nichirin-Sword-Demon-Slayer-Kimetsu-no-Yaiba-Proplica-1.jpeg","datePublished":"2021-09-06T20:49:16+00:00","dateModified":"2022-05-10T21:17:41+00:00","breadcrumb":{"@id":"https:\/\/endormoonstore.com\/en\/tanjiro-kamado-nichirin-sword-demon-slayer-kimetsu-no-yaiba-proplica\/#breadcrumb"},"inLanguage":"en-US","potentialAction":[{"@type":"ReadAction","target":["https:\/\/endormoonstore.com\/en\/tanjiro-kamado-nichirin-sword-demon-slayer-kimetsu-no-yaiba-proplica\/"]}]},{"@type":"ImageObject","inLanguage":"en-US","@id":"https:\/\/endormoonstore.com\/en\/tanjiro-kamado-nichirin-sword-demon-slayer-kimetsu-no-yaiba-proplica\/#primaryimage","url":"https:\/\/endormoonstore.com\/wp-content\/uploads\/2021\/09\/Tanjiro-Kamado-Nichirin-Sword-Demon-Slayer-Kimetsu-no-Yaiba-Proplica-1.jpeg","contentUrl":"https:\/\/endormoonstore.com\/wp-content\/uploads\/2021\/09\/Tanjiro-Kamado-Nichirin-Sword-Demon-Slayer-Kimetsu-no-Yaiba-Proplica-1.jpeg","width":999,"height":750},{"@type":"BreadcrumbList","@id":"https:\/\/endormoonstore.com\/en\/tanjiro-kamado-nichirin-sword-demon-slayer-kimetsu-no-yaiba-proplica\/#breadcrumb","itemListElement":[{"@type":"ListItem","position":1,"name":"Shop","item":"https:\/\/endormoonstore.com\/en\/shop\/"},{"@type":"ListItem","position":2,"name":"Tanjiro Kamado Nichirin Sword Demon Slayer: Kimetsu no Yaiba Proplica"}]},{"@type":"WebSite","@id":"https:\/\/endormoonstore.com\/#website","url":"https:\/\/endormoonstore.com\/","name":"EndormoonStore","description":"","potentialAction":[{"@type":"SearchAction","target":{"@type":"EntryPoint","urlTemplate":"https:\/\/endormoonstore.com\/?s={search_term_string}"},"query-input":{"@type":"PropertyValueSpecification","valueRequired":true,"valueName":"search_term_string"}}],"inLanguage":"en-US"}]}},"taxonomy_info":{"product_cat":[{"value":1390,"label":"Figures"}],"pa_brand":[{"value":2096,"label":"Tamashii Nations"}],"pa_character":[{"value":3188,"label":"Tanjiro Kamado"}],"pa_license":[{"value":2609,"label":"Kimetsu no Yaiba: Demon Slayer"}],"pa_product-type":[{"value":9139,"label":"Sword"}],"pa_theme":[{"value":2204,"label":"Proplica"}]},"featured_image_src_large":["https:\/\/endormoonstore.com\/wp-content\/uploads\/2021\/09\/Tanjiro-Kamado-Nichirin-Sword-Demon-Slayer-Kimetsu-no-Yaiba-Proplica-1.jpeg",999,750,false],"author_info":[],"comment_info":"","_links":{"self":[{"href":"https:\/\/endormoonstore.com\/en\/wp-json\/wp\/v2\/product\/112755","targetHints":{"allow":["GET"]}}],"collection":[{"href":"https:\/\/endormoonstore.com\/en\/wp-json\/wp\/v2\/product"}],"about":[{"href":"https:\/\/endormoonstore.com\/en\/wp-json\/wp\/v2\/types\/product"}],"wp:featuredmedia":[{"embeddable":true,"href":"https:\/\/endormoonstore.com\/en\/wp-json\/wp\/v2\/media\/112734"}],"wp:attachment":[{"href":"https:\/\/endormoonstore.com\/en\/wp-json\/wp\/v2\/media?parent=112755"}],"wp:term":[{"taxonomy":"product_cat","embeddable":true,"href":"https:\/\/endormoonstore.com\/en\/wp-json\/wp\/v2\/product_cat?post=112755"},{"taxonomy":"product_tag","embeddable":true,"href":"https:\/\/endormoonstore.com\/en\/wp-json\/wp\/v2\/product_tag?post=112755"}],"curies":[{"name":"wp","href":"https:\/\/api.w.org\/{rel}","templated":true}]}}