{"id":112730,"date":"2021-09-06T22:26:07","date_gmt":"2021-09-06T20:26:07","guid":{"rendered":"https:\/\/endormoonstore.com\/zenitsu-agatsuma-breath-of-thunder-demon-slayer-kimetsu-no-yaiba-figuarts-zero\/"},"modified":"2022-01-03T23:50:44","modified_gmt":"2022-01-03T22:50:44","slug":"zenitsu-agatsuma-breath-of-thunder-demon-slayer-kimetsu-no-yaiba-figuarts-zero","status":"publish","type":"product","link":"https:\/\/endormoonstore.com\/en\/zenitsu-agatsuma-breath-of-thunder-demon-slayer-kimetsu-no-yaiba-figuarts-zero\/","title":{"rendered":"Zenitsu Agatsuma Breath of Thunder Demon Slayer Kimetsu no Yaiba Figuarts Zero"},"content":{"rendered":"<p><strong>Zenitsu Agatsuma Breath of Thunder Demon Slayer Kimetsu no Yaiba Figuarts Zero Figura 21 cm<\/strong><\/p>\n<ul>\n<li>Tamashii Nations presenta esta figura para la colecci\u00f3n Figuarts Zero basada en el anime &#8220;Demon Slayer&#8221;.<\/li>\n<li>Se trata de la figura de Zenitsu Agatsuma en su versi\u00f3n Breath of Thunder.<\/li>\n<li>Est\u00e1 hecha en PVC y mide unos 21 cm.<\/li>\n<li>Incluye efectos especiales, escultura din\u00e1mica y partes transl\u00facidas para recrear una magn\u00edfica exhibici\u00f3n, adem\u00e1s de una base soporte para su exposici\u00f3n.<\/li>\n<\/ul>\n<p>&nbsp;<\/p>\n","protected":false},"excerpt":{"rendered":"<p><strong>Zenitsu Agatsuma Breath of Thunder Demon Slayer Kimetsu no Yaiba Figuarts Zero Figura 21 cm<\/strong><\/p>\n<p>Tamashii Nations presenta esta figura para la colecci\u00f3n Figuarts Zero basada en el anime &#8220;Demon Slayer&#8221;.<\/p>\n","protected":false},"featured_media":112721,"template":"","meta":{"_acf_changed":false,"_kad_blocks_custom_css":"","_kad_blocks_head_custom_js":"","_kad_blocks_body_custom_js":"","_kad_blocks_footer_custom_js":""},"product_cat":[1390],"product_tag":[],"class_list":{"0":"post-112730","1":"product","2":"type-product","3":"status-publish","4":"has-post-thumbnail","6":"product_cat-figures","7":"pa_brand-tamashii-nations-en","8":"pa_character-zenitsu-agatsuma-en","9":"pa_license-kimetsu-no-yaiba-demon-slayer-en","10":"pa_product-type-figure","11":"pa_theme-figuarts-zero-en","13":"first","14":"instock","15":"taxable","16":"shipping-taxable","17":"purchasable","18":"product-type-simple"},"acf":[],"yoast_head":"<!-- This site is optimized with the Yoast SEO plugin v26.1.1 - https:\/\/yoast.com\/wordpress\/plugins\/seo\/ -->\n<title>Zenitsu Agatsuma Breath of Thunder Demon Slayer Kimetsu no Yaiba Figuarts Zero - EndormoonStore<\/title>\n<meta name=\"robots\" content=\"index, follow, max-snippet:-1, max-image-preview:large, max-video-preview:-1\" \/>\n<link rel=\"canonical\" href=\"https:\/\/endormoonstore.com\/en\/zenitsu-agatsuma-breath-of-thunder-demon-slayer-kimetsu-no-yaiba-figuarts-zero\/\" \/>\n<meta property=\"og:locale\" content=\"en_US\" \/>\n<meta property=\"og:type\" content=\"article\" \/>\n<meta property=\"og:title\" content=\"Zenitsu Agatsuma Breath of Thunder Demon Slayer Kimetsu no Yaiba Figuarts Zero - EndormoonStore\" \/>\n<meta property=\"og:description\" content=\"Zenitsu Agatsuma Breath of Thunder Demon Slayer Kimetsu no Yaiba Figuarts Zero Figura 21 cm  Tamashii Nations presenta esta figura para la colecci\u00f3n Figuarts Zero basada en el anime &quot;Demon Slayer&quot;.\" \/>\n<meta property=\"og:url\" content=\"https:\/\/endormoonstore.com\/en\/zenitsu-agatsuma-breath-of-thunder-demon-slayer-kimetsu-no-yaiba-figuarts-zero\/\" \/>\n<meta property=\"og:site_name\" content=\"EndormoonStore\" \/>\n<meta property=\"article:modified_time\" content=\"2022-01-03T22:50:44+00:00\" \/>\n<meta property=\"og:image\" content=\"https:\/\/endormoonstore.com\/wp-content\/uploads\/2021\/09\/Zenitsu-Agatsuma-Breath-of-Thunder-Demon-Slayer-Kimetsu-no-Yaiba-Figuarts-Zero-1.jpeg\" \/>\n\t<meta property=\"og:image:width\" content=\"1000\" \/>\n\t<meta property=\"og:image:height\" content=\"750\" \/>\n\t<meta property=\"og:image:type\" content=\"image\/jpeg\" \/>\n<meta name=\"twitter:card\" content=\"summary_large_image\" \/>\n<meta name=\"twitter:label1\" content=\"Est. reading time\" \/>\n\t<meta name=\"twitter:data1\" content=\"1 minute\" \/>\n<script type=\"application\/ld+json\" class=\"yoast-schema-graph\">{\"@context\":\"https:\/\/schema.org\",\"@graph\":[{\"@type\":\"WebPage\",\"@id\":\"https:\/\/endormoonstore.com\/en\/zenitsu-agatsuma-breath-of-thunder-demon-slayer-kimetsu-no-yaiba-figuarts-zero\/\",\"url\":\"https:\/\/endormoonstore.com\/en\/zenitsu-agatsuma-breath-of-thunder-demon-slayer-kimetsu-no-yaiba-figuarts-zero\/\",\"name\":\"Zenitsu Agatsuma Breath of Thunder Demon Slayer Kimetsu no Yaiba Figuarts Zero - EndormoonStore\",\"isPartOf\":{\"@id\":\"https:\/\/endormoonstore.com\/#website\"},\"primaryImageOfPage\":{\"@id\":\"https:\/\/endormoonstore.com\/en\/zenitsu-agatsuma-breath-of-thunder-demon-slayer-kimetsu-no-yaiba-figuarts-zero\/#primaryimage\"},\"image\":{\"@id\":\"https:\/\/endormoonstore.com\/en\/zenitsu-agatsuma-breath-of-thunder-demon-slayer-kimetsu-no-yaiba-figuarts-zero\/#primaryimage\"},\"thumbnailUrl\":\"https:\/\/endormoonstore.com\/wp-content\/uploads\/2021\/09\/Zenitsu-Agatsuma-Breath-of-Thunder-Demon-Slayer-Kimetsu-no-Yaiba-Figuarts-Zero-1.jpeg\",\"datePublished\":\"2021-09-06T20:26:07+00:00\",\"dateModified\":\"2022-01-03T22:50:44+00:00\",\"breadcrumb\":{\"@id\":\"https:\/\/endormoonstore.com\/en\/zenitsu-agatsuma-breath-of-thunder-demon-slayer-kimetsu-no-yaiba-figuarts-zero\/#breadcrumb\"},\"inLanguage\":\"en-US\",\"potentialAction\":[{\"@type\":\"ReadAction\",\"target\":[\"https:\/\/endormoonstore.com\/en\/zenitsu-agatsuma-breath-of-thunder-demon-slayer-kimetsu-no-yaiba-figuarts-zero\/\"]}]},{\"@type\":\"ImageObject\",\"inLanguage\":\"en-US\",\"@id\":\"https:\/\/endormoonstore.com\/en\/zenitsu-agatsuma-breath-of-thunder-demon-slayer-kimetsu-no-yaiba-figuarts-zero\/#primaryimage\",\"url\":\"https:\/\/endormoonstore.com\/wp-content\/uploads\/2021\/09\/Zenitsu-Agatsuma-Breath-of-Thunder-Demon-Slayer-Kimetsu-no-Yaiba-Figuarts-Zero-1.jpeg\",\"contentUrl\":\"https:\/\/endormoonstore.com\/wp-content\/uploads\/2021\/09\/Zenitsu-Agatsuma-Breath-of-Thunder-Demon-Slayer-Kimetsu-no-Yaiba-Figuarts-Zero-1.jpeg\",\"width\":1000,\"height\":750},{\"@type\":\"BreadcrumbList\",\"@id\":\"https:\/\/endormoonstore.com\/en\/zenitsu-agatsuma-breath-of-thunder-demon-slayer-kimetsu-no-yaiba-figuarts-zero\/#breadcrumb\",\"itemListElement\":[{\"@type\":\"ListItem\",\"position\":1,\"name\":\"Shop\",\"item\":\"https:\/\/endormoonstore.com\/en\/shop\/\"},{\"@type\":\"ListItem\",\"position\":2,\"name\":\"Zenitsu Agatsuma Breath of Thunder Demon Slayer Kimetsu no Yaiba Figuarts Zero\"}]},{\"@type\":\"WebSite\",\"@id\":\"https:\/\/endormoonstore.com\/#website\",\"url\":\"https:\/\/endormoonstore.com\/\",\"name\":\"EndormoonStore\",\"description\":\"\",\"potentialAction\":[{\"@type\":\"SearchAction\",\"target\":{\"@type\":\"EntryPoint\",\"urlTemplate\":\"https:\/\/endormoonstore.com\/?s={search_term_string}\"},\"query-input\":{\"@type\":\"PropertyValueSpecification\",\"valueRequired\":true,\"valueName\":\"search_term_string\"}}],\"inLanguage\":\"en-US\"}]}<\/script>\n<!-- \/ Yoast SEO plugin. -->","yoast_head_json":{"title":"Zenitsu Agatsuma Breath of Thunder Demon Slayer Kimetsu no Yaiba Figuarts Zero - EndormoonStore","robots":{"index":"index","follow":"follow","max-snippet":"max-snippet:-1","max-image-preview":"max-image-preview:large","max-video-preview":"max-video-preview:-1"},"canonical":"https:\/\/endormoonstore.com\/en\/zenitsu-agatsuma-breath-of-thunder-demon-slayer-kimetsu-no-yaiba-figuarts-zero\/","og_locale":"en_US","og_type":"article","og_title":"Zenitsu Agatsuma Breath of Thunder Demon Slayer Kimetsu no Yaiba Figuarts Zero - EndormoonStore","og_description":"Zenitsu Agatsuma Breath of Thunder Demon Slayer Kimetsu no Yaiba Figuarts Zero Figura 21 cm  Tamashii Nations presenta esta figura para la colecci\u00f3n Figuarts Zero basada en el anime \"Demon Slayer\".","og_url":"https:\/\/endormoonstore.com\/en\/zenitsu-agatsuma-breath-of-thunder-demon-slayer-kimetsu-no-yaiba-figuarts-zero\/","og_site_name":"EndormoonStore","article_modified_time":"2022-01-03T22:50:44+00:00","og_image":[{"width":1000,"height":750,"url":"https:\/\/endormoonstore.com\/wp-content\/uploads\/2021\/09\/Zenitsu-Agatsuma-Breath-of-Thunder-Demon-Slayer-Kimetsu-no-Yaiba-Figuarts-Zero-1.jpeg","type":"image\/jpeg"}],"twitter_card":"summary_large_image","twitter_misc":{"Est. reading time":"1 minute"},"schema":{"@context":"https:\/\/schema.org","@graph":[{"@type":"WebPage","@id":"https:\/\/endormoonstore.com\/en\/zenitsu-agatsuma-breath-of-thunder-demon-slayer-kimetsu-no-yaiba-figuarts-zero\/","url":"https:\/\/endormoonstore.com\/en\/zenitsu-agatsuma-breath-of-thunder-demon-slayer-kimetsu-no-yaiba-figuarts-zero\/","name":"Zenitsu Agatsuma Breath of Thunder Demon Slayer Kimetsu no Yaiba Figuarts Zero - EndormoonStore","isPartOf":{"@id":"https:\/\/endormoonstore.com\/#website"},"primaryImageOfPage":{"@id":"https:\/\/endormoonstore.com\/en\/zenitsu-agatsuma-breath-of-thunder-demon-slayer-kimetsu-no-yaiba-figuarts-zero\/#primaryimage"},"image":{"@id":"https:\/\/endormoonstore.com\/en\/zenitsu-agatsuma-breath-of-thunder-demon-slayer-kimetsu-no-yaiba-figuarts-zero\/#primaryimage"},"thumbnailUrl":"https:\/\/endormoonstore.com\/wp-content\/uploads\/2021\/09\/Zenitsu-Agatsuma-Breath-of-Thunder-Demon-Slayer-Kimetsu-no-Yaiba-Figuarts-Zero-1.jpeg","datePublished":"2021-09-06T20:26:07+00:00","dateModified":"2022-01-03T22:50:44+00:00","breadcrumb":{"@id":"https:\/\/endormoonstore.com\/en\/zenitsu-agatsuma-breath-of-thunder-demon-slayer-kimetsu-no-yaiba-figuarts-zero\/#breadcrumb"},"inLanguage":"en-US","potentialAction":[{"@type":"ReadAction","target":["https:\/\/endormoonstore.com\/en\/zenitsu-agatsuma-breath-of-thunder-demon-slayer-kimetsu-no-yaiba-figuarts-zero\/"]}]},{"@type":"ImageObject","inLanguage":"en-US","@id":"https:\/\/endormoonstore.com\/en\/zenitsu-agatsuma-breath-of-thunder-demon-slayer-kimetsu-no-yaiba-figuarts-zero\/#primaryimage","url":"https:\/\/endormoonstore.com\/wp-content\/uploads\/2021\/09\/Zenitsu-Agatsuma-Breath-of-Thunder-Demon-Slayer-Kimetsu-no-Yaiba-Figuarts-Zero-1.jpeg","contentUrl":"https:\/\/endormoonstore.com\/wp-content\/uploads\/2021\/09\/Zenitsu-Agatsuma-Breath-of-Thunder-Demon-Slayer-Kimetsu-no-Yaiba-Figuarts-Zero-1.jpeg","width":1000,"height":750},{"@type":"BreadcrumbList","@id":"https:\/\/endormoonstore.com\/en\/zenitsu-agatsuma-breath-of-thunder-demon-slayer-kimetsu-no-yaiba-figuarts-zero\/#breadcrumb","itemListElement":[{"@type":"ListItem","position":1,"name":"Shop","item":"https:\/\/endormoonstore.com\/en\/shop\/"},{"@type":"ListItem","position":2,"name":"Zenitsu Agatsuma Breath of Thunder Demon Slayer Kimetsu no Yaiba Figuarts Zero"}]},{"@type":"WebSite","@id":"https:\/\/endormoonstore.com\/#website","url":"https:\/\/endormoonstore.com\/","name":"EndormoonStore","description":"","potentialAction":[{"@type":"SearchAction","target":{"@type":"EntryPoint","urlTemplate":"https:\/\/endormoonstore.com\/?s={search_term_string}"},"query-input":{"@type":"PropertyValueSpecification","valueRequired":true,"valueName":"search_term_string"}}],"inLanguage":"en-US"}]}},"taxonomy_info":{"product_cat":[{"value":1390,"label":"Figures"}],"pa_brand":[{"value":2096,"label":"Tamashii Nations"}],"pa_character":[{"value":3182,"label":"Zenitsu Agatsuma"}],"pa_license":[{"value":2609,"label":"Kimetsu no Yaiba: Demon Slayer"}],"pa_product-type":[{"value":2387,"label":"Figure"}],"pa_theme":[{"value":2900,"label":"Figuarts Zero"}]},"featured_image_src_large":["https:\/\/endormoonstore.com\/wp-content\/uploads\/2021\/09\/Zenitsu-Agatsuma-Breath-of-Thunder-Demon-Slayer-Kimetsu-no-Yaiba-Figuarts-Zero-1.jpeg",1000,750,false],"author_info":[],"comment_info":"","_links":{"self":[{"href":"https:\/\/endormoonstore.com\/en\/wp-json\/wp\/v2\/product\/112730","targetHints":{"allow":["GET"]}}],"collection":[{"href":"https:\/\/endormoonstore.com\/en\/wp-json\/wp\/v2\/product"}],"about":[{"href":"https:\/\/endormoonstore.com\/en\/wp-json\/wp\/v2\/types\/product"}],"wp:featuredmedia":[{"embeddable":true,"href":"https:\/\/endormoonstore.com\/en\/wp-json\/wp\/v2\/media\/112721"}],"wp:attachment":[{"href":"https:\/\/endormoonstore.com\/en\/wp-json\/wp\/v2\/media?parent=112730"}],"wp:term":[{"taxonomy":"product_cat","embeddable":true,"href":"https:\/\/endormoonstore.com\/en\/wp-json\/wp\/v2\/product_cat?post=112730"},{"taxonomy":"product_tag","embeddable":true,"href":"https:\/\/endormoonstore.com\/en\/wp-json\/wp\/v2\/product_tag?post=112730"}],"curies":[{"name":"wp","href":"https:\/\/api.w.org\/{rel}","templated":true}]}}