{"id":112654,"date":"2021-09-05T22:53:00","date_gmt":"2021-09-05T20:53:00","guid":{"rendered":"https:\/\/endormoonstore.com\/ghostbusters-plasma-series-ghostbusters-afterlife-peter-venkman\/"},"modified":"2021-09-21T21:02:55","modified_gmt":"2021-09-21T19:02:55","slug":"ghostbusters-plasma-series-ghostbusters-afterlife-peter-venkman","status":"publish","type":"product","link":"https:\/\/endormoonstore.com\/en\/ghostbusters-plasma-series-ghostbusters-afterlife-peter-venkman\/","title":{"rendered":"Ghostbusters Plasma Series Ghostbusters Afterlife Peter Venkman"},"content":{"rendered":"<p><strong>Ghostbusters Plasma Series Ghostbusters Afterlife Peter Venkman Figure 15 cm<\/strong><\/p>\n<ul>\n<li class=\"p1\">Cuando horribles demonios y espectros espeluznantes vengan a la ciudad, \u00a1los Cazafantasmas est\u00e1n listos para responder a la llamada.<\/li>\n<li class=\"p1\">Esta figura de acci\u00f3n de Peter Venkman de 15 cm esta detalla para parecerse al personaje de la pel\u00edcula Ghostbusters: Afterlife de 2021, con detalles.\u00a0 premium y m\u00faltiples puntos de articulaci\u00f3n.<\/li>\n<li class=\"p1\">La figura incluye paquete de protones, varita de neutrona, flujo de plasma 5 accesorios de tarjetas ps\u00edquicas inspiradas en las pel\u00edculas cl\u00e1sicas de los Cazafantasmas de 1984 y los Cazafantasmas: Afterlife<\/li>\n<li>\u00bfProfesor Peter Venkman?\u00a0S\u00ed, nos sorprendi\u00f3 mucho que alguien le diera la tenencia a ese tipo.<\/li>\n<li class=\"p1\">Los Cazafantasmas se enfrentar\u00e1n a todo tipo de fantasmas espantosos y necr\u00f3fagos horripilantes en Ghostbusters: Afterlife.<\/li>\n<\/ul>\n<div class=\"pull-left margenDatosSecundarios\">\n<div id=\"ctl00_MainContent_dvSinopsis\" class=\"pull-left w100\">\n<div class=\"pull-left margenDatosSecundarios\">\n<div id=\"ctl00_MainContent_dvSinopsis\" class=\"pull-left w100\">\n<p>&nbsp;<\/p>\n<\/div>\n<p>&nbsp;<\/p>\n<\/div>\n<\/div>\n<\/div>\n","protected":false},"excerpt":{"rendered":"<p><strong>Ghostbusters Plasma Series Ghostbusters Afterlife Peter Venkman Figure 15 cm<\/strong><\/p>\n<p>Cuando horribles demonios y espectros espeluznantes vengan a la ciudad, \u00a1los Cazafantasmas est\u00e1n listos para responder a la llamada.<\/p>\n","protected":false},"featured_media":112639,"template":"","meta":{"_acf_changed":false,"_kad_blocks_custom_css":"","_kad_blocks_head_custom_js":"","_kad_blocks_body_custom_js":"","_kad_blocks_footer_custom_js":""},"product_cat":[1390],"product_tag":[],"class_list":{"0":"post-112654","1":"product","2":"type-product","3":"status-publish","4":"has-post-thumbnail","6":"product_cat-figures","7":"pa_brand-hasbro-en","8":"pa_character-peter-venkman-en","9":"pa_episode-ghostbusters-afterlife-en","10":"pa_license-ghostbusters-en","11":"pa_product-type-figure","12":"pa_theme-serie-plasma-en","14":"first","15":"instock","16":"taxable","17":"shipping-taxable","18":"purchasable","19":"product-type-simple"},"acf":[],"yoast_head":"<!-- This site is optimized with the Yoast SEO plugin v26.1.1 - https:\/\/yoast.com\/wordpress\/plugins\/seo\/ -->\n<title>Ghostbusters Plasma Series Ghostbusters Afterlife Peter Venkman - EndormoonStore<\/title>\n<meta name=\"robots\" content=\"index, follow, max-snippet:-1, max-image-preview:large, max-video-preview:-1\" \/>\n<link rel=\"canonical\" href=\"https:\/\/endormoonstore.com\/en\/ghostbusters-plasma-series-ghostbusters-afterlife-peter-venkman\/\" \/>\n<meta property=\"og:locale\" content=\"en_US\" \/>\n<meta property=\"og:type\" content=\"article\" \/>\n<meta property=\"og:title\" content=\"Ghostbusters Plasma Series Ghostbusters Afterlife Peter Venkman - EndormoonStore\" \/>\n<meta property=\"og:description\" content=\"Ghostbusters Plasma Series Ghostbusters Afterlife Peter Venkman Figure 15 cm  Cuando horribles demonios y espectros espeluznantes vengan a la ciudad, \u00a1los Cazafantasmas est\u00e1n listos para responder a la llamada.\" \/>\n<meta property=\"og:url\" content=\"https:\/\/endormoonstore.com\/en\/ghostbusters-plasma-series-ghostbusters-afterlife-peter-venkman\/\" \/>\n<meta property=\"og:site_name\" content=\"EndormoonStore\" \/>\n<meta property=\"article:modified_time\" content=\"2021-09-21T19:02:55+00:00\" \/>\n<meta property=\"og:image\" content=\"https:\/\/endormoonstore.com\/wp-content\/uploads\/2021\/09\/Ghostbusters-Plasma-Series-Ghostbusters-Afterlife-Peter-Venkman-1.jpeg\" \/>\n\t<meta property=\"og:image:width\" content=\"750\" \/>\n\t<meta property=\"og:image:height\" content=\"750\" \/>\n\t<meta property=\"og:image:type\" content=\"image\/jpeg\" \/>\n<meta name=\"twitter:card\" content=\"summary_large_image\" \/>\n<meta name=\"twitter:label1\" content=\"Est. reading time\" \/>\n\t<meta name=\"twitter:data1\" content=\"1 minute\" \/>\n<script type=\"application\/ld+json\" class=\"yoast-schema-graph\">{\"@context\":\"https:\/\/schema.org\",\"@graph\":[{\"@type\":\"WebPage\",\"@id\":\"https:\/\/endormoonstore.com\/en\/ghostbusters-plasma-series-ghostbusters-afterlife-peter-venkman\/\",\"url\":\"https:\/\/endormoonstore.com\/en\/ghostbusters-plasma-series-ghostbusters-afterlife-peter-venkman\/\",\"name\":\"Ghostbusters Plasma Series Ghostbusters Afterlife Peter Venkman - EndormoonStore\",\"isPartOf\":{\"@id\":\"https:\/\/endormoonstore.com\/#website\"},\"primaryImageOfPage\":{\"@id\":\"https:\/\/endormoonstore.com\/en\/ghostbusters-plasma-series-ghostbusters-afterlife-peter-venkman\/#primaryimage\"},\"image\":{\"@id\":\"https:\/\/endormoonstore.com\/en\/ghostbusters-plasma-series-ghostbusters-afterlife-peter-venkman\/#primaryimage\"},\"thumbnailUrl\":\"https:\/\/endormoonstore.com\/wp-content\/uploads\/2021\/09\/Ghostbusters-Plasma-Series-Ghostbusters-Afterlife-Peter-Venkman-1.jpeg\",\"datePublished\":\"2021-09-05T20:53:00+00:00\",\"dateModified\":\"2021-09-21T19:02:55+00:00\",\"breadcrumb\":{\"@id\":\"https:\/\/endormoonstore.com\/en\/ghostbusters-plasma-series-ghostbusters-afterlife-peter-venkman\/#breadcrumb\"},\"inLanguage\":\"en-US\",\"potentialAction\":[{\"@type\":\"ReadAction\",\"target\":[\"https:\/\/endormoonstore.com\/en\/ghostbusters-plasma-series-ghostbusters-afterlife-peter-venkman\/\"]}]},{\"@type\":\"ImageObject\",\"inLanguage\":\"en-US\",\"@id\":\"https:\/\/endormoonstore.com\/en\/ghostbusters-plasma-series-ghostbusters-afterlife-peter-venkman\/#primaryimage\",\"url\":\"https:\/\/endormoonstore.com\/wp-content\/uploads\/2021\/09\/Ghostbusters-Plasma-Series-Ghostbusters-Afterlife-Peter-Venkman-1.jpeg\",\"contentUrl\":\"https:\/\/endormoonstore.com\/wp-content\/uploads\/2021\/09\/Ghostbusters-Plasma-Series-Ghostbusters-Afterlife-Peter-Venkman-1.jpeg\",\"width\":750,\"height\":750},{\"@type\":\"BreadcrumbList\",\"@id\":\"https:\/\/endormoonstore.com\/en\/ghostbusters-plasma-series-ghostbusters-afterlife-peter-venkman\/#breadcrumb\",\"itemListElement\":[{\"@type\":\"ListItem\",\"position\":1,\"name\":\"Shop\",\"item\":\"https:\/\/endormoonstore.com\/en\/shop\/\"},{\"@type\":\"ListItem\",\"position\":2,\"name\":\"Ghostbusters Plasma Series Ghostbusters Afterlife Peter Venkman\"}]},{\"@type\":\"WebSite\",\"@id\":\"https:\/\/endormoonstore.com\/#website\",\"url\":\"https:\/\/endormoonstore.com\/\",\"name\":\"EndormoonStore\",\"description\":\"\",\"potentialAction\":[{\"@type\":\"SearchAction\",\"target\":{\"@type\":\"EntryPoint\",\"urlTemplate\":\"https:\/\/endormoonstore.com\/?s={search_term_string}\"},\"query-input\":{\"@type\":\"PropertyValueSpecification\",\"valueRequired\":true,\"valueName\":\"search_term_string\"}}],\"inLanguage\":\"en-US\"}]}<\/script>\n<!-- \/ Yoast SEO plugin. -->","yoast_head_json":{"title":"Ghostbusters Plasma Series Ghostbusters Afterlife Peter Venkman - EndormoonStore","robots":{"index":"index","follow":"follow","max-snippet":"max-snippet:-1","max-image-preview":"max-image-preview:large","max-video-preview":"max-video-preview:-1"},"canonical":"https:\/\/endormoonstore.com\/en\/ghostbusters-plasma-series-ghostbusters-afterlife-peter-venkman\/","og_locale":"en_US","og_type":"article","og_title":"Ghostbusters Plasma Series Ghostbusters Afterlife Peter Venkman - EndormoonStore","og_description":"Ghostbusters Plasma Series Ghostbusters Afterlife Peter Venkman Figure 15 cm  Cuando horribles demonios y espectros espeluznantes vengan a la ciudad, \u00a1los Cazafantasmas est\u00e1n listos para responder a la llamada.","og_url":"https:\/\/endormoonstore.com\/en\/ghostbusters-plasma-series-ghostbusters-afterlife-peter-venkman\/","og_site_name":"EndormoonStore","article_modified_time":"2021-09-21T19:02:55+00:00","og_image":[{"width":750,"height":750,"url":"https:\/\/endormoonstore.com\/wp-content\/uploads\/2021\/09\/Ghostbusters-Plasma-Series-Ghostbusters-Afterlife-Peter-Venkman-1.jpeg","type":"image\/jpeg"}],"twitter_card":"summary_large_image","twitter_misc":{"Est. reading time":"1 minute"},"schema":{"@context":"https:\/\/schema.org","@graph":[{"@type":"WebPage","@id":"https:\/\/endormoonstore.com\/en\/ghostbusters-plasma-series-ghostbusters-afterlife-peter-venkman\/","url":"https:\/\/endormoonstore.com\/en\/ghostbusters-plasma-series-ghostbusters-afterlife-peter-venkman\/","name":"Ghostbusters Plasma Series Ghostbusters Afterlife Peter Venkman - EndormoonStore","isPartOf":{"@id":"https:\/\/endormoonstore.com\/#website"},"primaryImageOfPage":{"@id":"https:\/\/endormoonstore.com\/en\/ghostbusters-plasma-series-ghostbusters-afterlife-peter-venkman\/#primaryimage"},"image":{"@id":"https:\/\/endormoonstore.com\/en\/ghostbusters-plasma-series-ghostbusters-afterlife-peter-venkman\/#primaryimage"},"thumbnailUrl":"https:\/\/endormoonstore.com\/wp-content\/uploads\/2021\/09\/Ghostbusters-Plasma-Series-Ghostbusters-Afterlife-Peter-Venkman-1.jpeg","datePublished":"2021-09-05T20:53:00+00:00","dateModified":"2021-09-21T19:02:55+00:00","breadcrumb":{"@id":"https:\/\/endormoonstore.com\/en\/ghostbusters-plasma-series-ghostbusters-afterlife-peter-venkman\/#breadcrumb"},"inLanguage":"en-US","potentialAction":[{"@type":"ReadAction","target":["https:\/\/endormoonstore.com\/en\/ghostbusters-plasma-series-ghostbusters-afterlife-peter-venkman\/"]}]},{"@type":"ImageObject","inLanguage":"en-US","@id":"https:\/\/endormoonstore.com\/en\/ghostbusters-plasma-series-ghostbusters-afterlife-peter-venkman\/#primaryimage","url":"https:\/\/endormoonstore.com\/wp-content\/uploads\/2021\/09\/Ghostbusters-Plasma-Series-Ghostbusters-Afterlife-Peter-Venkman-1.jpeg","contentUrl":"https:\/\/endormoonstore.com\/wp-content\/uploads\/2021\/09\/Ghostbusters-Plasma-Series-Ghostbusters-Afterlife-Peter-Venkman-1.jpeg","width":750,"height":750},{"@type":"BreadcrumbList","@id":"https:\/\/endormoonstore.com\/en\/ghostbusters-plasma-series-ghostbusters-afterlife-peter-venkman\/#breadcrumb","itemListElement":[{"@type":"ListItem","position":1,"name":"Shop","item":"https:\/\/endormoonstore.com\/en\/shop\/"},{"@type":"ListItem","position":2,"name":"Ghostbusters Plasma Series Ghostbusters Afterlife Peter Venkman"}]},{"@type":"WebSite","@id":"https:\/\/endormoonstore.com\/#website","url":"https:\/\/endormoonstore.com\/","name":"EndormoonStore","description":"","potentialAction":[{"@type":"SearchAction","target":{"@type":"EntryPoint","urlTemplate":"https:\/\/endormoonstore.com\/?s={search_term_string}"},"query-input":{"@type":"PropertyValueSpecification","valueRequired":true,"valueName":"search_term_string"}}],"inLanguage":"en-US"}]}},"taxonomy_info":{"product_cat":[{"value":1390,"label":"Figures"}],"pa_brand":[{"value":2084,"label":"Hasbro"}],"pa_character":[{"value":8420,"label":"Peter Venkman"}],"pa_episode":[{"value":9247,"label":"Ghostbusters Afterlife"}],"pa_license":[{"value":4937,"label":"Ghostbusters"}],"pa_product-type":[{"value":2387,"label":"Figure"}],"pa_theme":[{"value":4964,"label":"Serie Plasma"}]},"featured_image_src_large":["https:\/\/endormoonstore.com\/wp-content\/uploads\/2021\/09\/Ghostbusters-Plasma-Series-Ghostbusters-Afterlife-Peter-Venkman-1.jpeg",750,750,false],"author_info":[],"comment_info":"","_links":{"self":[{"href":"https:\/\/endormoonstore.com\/en\/wp-json\/wp\/v2\/product\/112654","targetHints":{"allow":["GET"]}}],"collection":[{"href":"https:\/\/endormoonstore.com\/en\/wp-json\/wp\/v2\/product"}],"about":[{"href":"https:\/\/endormoonstore.com\/en\/wp-json\/wp\/v2\/types\/product"}],"wp:featuredmedia":[{"embeddable":true,"href":"https:\/\/endormoonstore.com\/en\/wp-json\/wp\/v2\/media\/112639"}],"wp:attachment":[{"href":"https:\/\/endormoonstore.com\/en\/wp-json\/wp\/v2\/media?parent=112654"}],"wp:term":[{"taxonomy":"product_cat","embeddable":true,"href":"https:\/\/endormoonstore.com\/en\/wp-json\/wp\/v2\/product_cat?post=112654"},{"taxonomy":"product_tag","embeddable":true,"href":"https:\/\/endormoonstore.com\/en\/wp-json\/wp\/v2\/product_tag?post=112654"}],"curies":[{"name":"wp","href":"https:\/\/api.w.org\/{rel}","templated":true}]}}