{"id":112587,"date":"2021-09-04T23:18:56","date_gmt":"2021-09-04T21:18:56","guid":{"rendered":"https:\/\/endormoonstore.com\/superslot-aston-martin-vantage-gt3-2019-tf-sport-british-gt-ref-h4076\/"},"modified":"2021-09-04T23:22:26","modified_gmt":"2021-09-04T21:22:26","slug":"superslot-aston-martin-vantage-gt3-2019-tf-sport-british-gt-ref-h4076","status":"publish","type":"product","link":"https:\/\/endormoonstore.com\/en\/superslot-aston-martin-vantage-gt3-2019-tf-sport-british-gt-ref-h4076\/","title":{"rendered":"Superslot Aston Martin Vantage GT3 2019 TF Sport British GT Ref H4076"},"content":{"rendered":"<p><strong>Superslot Aston Martin Vantage GT3 2019 TF Sport British GT Ref H4076<\/strong><\/p>\n<ul>\n<li>Para el Campeonato Brit\u00e1nico de GT de 2019, el incondicional TF Sport se mud\u00f3 al nuevo Aston Martin GT3.\u00a0Junto a Graham Davidson en un coche estaba el actual campe\u00f3n brit\u00e1nico de GT y superestrella de la serie, Johnny Adam.<\/li>\n<li>El coche se ve fant\u00e1stico en su esquema azul mate, reproducido fielmente aqu\u00ed por Superslot y del campo GT3 no solo es la clase en los circuitos brit\u00e1nicos sino tambi\u00e9n su pista Superslot en casa.<\/li>\n<li>Un aspirante al t\u00edtulo de 2019, este Aston Martin es un autom\u00f3vil de rendimiento real.<\/li>\n<li>Aston Martin, &#8220;Aston Martin Racing&#8221; y los logotipos relacionados y otras marcas comerciales son propiedad de Aston Martin y Aston Martin Racing, que tienen licencia y \/ o los utilizan.<\/li>\n<li>Estas marcas comerciales no se pueden utilizar, modificar ni reproducir sin permiso.<\/li>\n<\/ul>\n","protected":false},"excerpt":{"rendered":"<p><strong>Superslot Aston Martin Vantage GT3 2019 TF Sport British GT Ref H4076<\/strong><\/p>\n<p>Para el Campeonato Brit\u00e1nico de GT de 2019, el incondicional TF Sport se mud\u00f3 al nuevo Aston Martin GT3.\u00a0Junto a Graham Davidson en un coche estaba el actual campe\u00f3n brit\u00e1nico de GT y superestrella de la serie, Johnny Adam.<\/p>\n","protected":false},"featured_media":112586,"template":"","meta":{"_acf_changed":false,"_kad_blocks_custom_css":"","_kad_blocks_head_custom_js":"","_kad_blocks_body_custom_js":"","_kad_blocks_footer_custom_js":""},"product_cat":[1388],"product_tag":[],"class_list":{"0":"post-112587","1":"product","2":"type-product","3":"status-publish","4":"has-post-thumbnail","6":"product_cat-modelism","7":"pa_brand-superslot-en","8":"pa_manufacturer-aston-martin-en","9":"pa_theme-slot-en","11":"first","12":"outofstock","13":"taxable","14":"shipping-taxable","15":"purchasable","16":"product-type-simple"},"acf":[],"yoast_head":"<!-- This site is optimized with the Yoast SEO plugin v26.1.1 - https:\/\/yoast.com\/wordpress\/plugins\/seo\/ -->\n<title>Superslot Aston Martin Vantage GT3 2019 TF Sport British GT Ref H4076 - EndormoonStore<\/title>\n<meta name=\"robots\" content=\"index, follow, max-snippet:-1, max-image-preview:large, max-video-preview:-1\" \/>\n<link rel=\"canonical\" href=\"https:\/\/endormoonstore.com\/superslot-aston-martin-vantage-gt3-2019-tf-sport-british-gt-ref-h4076\/\" \/>\n<meta property=\"og:locale\" content=\"en_US\" \/>\n<meta property=\"og:type\" content=\"article\" \/>\n<meta property=\"og:title\" content=\"Superslot Aston Martin Vantage GT3 2019 TF Sport British GT Ref H4076 - EndormoonStore\" \/>\n<meta property=\"og:description\" content=\"Superslot Aston Martin Vantage GT3 2019 TF Sport British GT Ref H4076  Para el Campeonato Brit\u00e1nico de GT de 2019, el incondicional TF Sport se mud\u00f3 al nuevo Aston Martin GT3.\u00a0Junto a Graham Davidson en un coche estaba el actual campe\u00f3n brit\u00e1nico de GT y superestrella de la serie, Johnny Adam.\" \/>\n<meta property=\"og:url\" content=\"https:\/\/endormoonstore.com\/superslot-aston-martin-vantage-gt3-2019-tf-sport-british-gt-ref-h4076\/\" \/>\n<meta property=\"og:site_name\" content=\"EndormoonStore\" \/>\n<meta property=\"article:modified_time\" content=\"2021-09-04T21:22:26+00:00\" \/>\n<meta property=\"og:image\" content=\"https:\/\/endormoonstore.com\/wp-content\/uploads\/2021\/09\/Superslot-Aston-Martin-Vantage-GT3-2019-TF-Sport-British-GT-Ref-h4076.jpeg\" \/>\n\t<meta property=\"og:image:width\" content=\"1500\" \/>\n\t<meta property=\"og:image:height\" content=\"938\" \/>\n\t<meta property=\"og:image:type\" content=\"image\/jpeg\" \/>\n<meta name=\"twitter:card\" content=\"summary_large_image\" \/>\n<meta name=\"twitter:label1\" content=\"Est. reading time\" \/>\n\t<meta name=\"twitter:data1\" content=\"1 minute\" \/>\n<script type=\"application\/ld+json\" class=\"yoast-schema-graph\">{\"@context\":\"https:\/\/schema.org\",\"@graph\":[{\"@type\":\"WebPage\",\"@id\":\"https:\/\/endormoonstore.com\/superslot-aston-martin-vantage-gt3-2019-tf-sport-british-gt-ref-h4076\/\",\"url\":\"https:\/\/endormoonstore.com\/superslot-aston-martin-vantage-gt3-2019-tf-sport-british-gt-ref-h4076\/\",\"name\":\"Superslot Aston Martin Vantage GT3 2019 TF Sport British GT Ref H4076 - EndormoonStore\",\"isPartOf\":{\"@id\":\"https:\/\/endormoonstore.com\/#website\"},\"primaryImageOfPage\":{\"@id\":\"https:\/\/endormoonstore.com\/superslot-aston-martin-vantage-gt3-2019-tf-sport-british-gt-ref-h4076\/#primaryimage\"},\"image\":{\"@id\":\"https:\/\/endormoonstore.com\/superslot-aston-martin-vantage-gt3-2019-tf-sport-british-gt-ref-h4076\/#primaryimage\"},\"thumbnailUrl\":\"https:\/\/endormoonstore.com\/wp-content\/uploads\/2021\/09\/Superslot-Aston-Martin-Vantage-GT3-2019-TF-Sport-British-GT-Ref-h4076.jpeg\",\"datePublished\":\"2021-09-04T21:18:56+00:00\",\"dateModified\":\"2021-09-04T21:22:26+00:00\",\"breadcrumb\":{\"@id\":\"https:\/\/endormoonstore.com\/superslot-aston-martin-vantage-gt3-2019-tf-sport-british-gt-ref-h4076\/#breadcrumb\"},\"inLanguage\":\"en-US\",\"potentialAction\":[{\"@type\":\"ReadAction\",\"target\":[\"https:\/\/endormoonstore.com\/superslot-aston-martin-vantage-gt3-2019-tf-sport-british-gt-ref-h4076\/\"]}]},{\"@type\":\"ImageObject\",\"inLanguage\":\"en-US\",\"@id\":\"https:\/\/endormoonstore.com\/superslot-aston-martin-vantage-gt3-2019-tf-sport-british-gt-ref-h4076\/#primaryimage\",\"url\":\"https:\/\/endormoonstore.com\/wp-content\/uploads\/2021\/09\/Superslot-Aston-Martin-Vantage-GT3-2019-TF-Sport-British-GT-Ref-h4076.jpeg\",\"contentUrl\":\"https:\/\/endormoonstore.com\/wp-content\/uploads\/2021\/09\/Superslot-Aston-Martin-Vantage-GT3-2019-TF-Sport-British-GT-Ref-h4076.jpeg\",\"width\":1500,\"height\":938},{\"@type\":\"BreadcrumbList\",\"@id\":\"https:\/\/endormoonstore.com\/superslot-aston-martin-vantage-gt3-2019-tf-sport-british-gt-ref-h4076\/#breadcrumb\",\"itemListElement\":[{\"@type\":\"ListItem\",\"position\":1,\"name\":\"Shop\",\"item\":\"https:\/\/endormoonstore.com\/en\/shop\/\"},{\"@type\":\"ListItem\",\"position\":2,\"name\":\"Superslot Aston Martin Vantage GT3 2019 TF Sport British GT Ref H4076\"}]},{\"@type\":\"WebSite\",\"@id\":\"https:\/\/endormoonstore.com\/#website\",\"url\":\"https:\/\/endormoonstore.com\/\",\"name\":\"EndormoonStore\",\"description\":\"\",\"potentialAction\":[{\"@type\":\"SearchAction\",\"target\":{\"@type\":\"EntryPoint\",\"urlTemplate\":\"https:\/\/endormoonstore.com\/?s={search_term_string}\"},\"query-input\":{\"@type\":\"PropertyValueSpecification\",\"valueRequired\":true,\"valueName\":\"search_term_string\"}}],\"inLanguage\":\"en-US\"}]}<\/script>\n<!-- \/ Yoast SEO plugin. -->","yoast_head_json":{"title":"Superslot Aston Martin Vantage GT3 2019 TF Sport British GT Ref H4076 - EndormoonStore","robots":{"index":"index","follow":"follow","max-snippet":"max-snippet:-1","max-image-preview":"max-image-preview:large","max-video-preview":"max-video-preview:-1"},"canonical":"https:\/\/endormoonstore.com\/superslot-aston-martin-vantage-gt3-2019-tf-sport-british-gt-ref-h4076\/","og_locale":"en_US","og_type":"article","og_title":"Superslot Aston Martin Vantage GT3 2019 TF Sport British GT Ref H4076 - EndormoonStore","og_description":"Superslot Aston Martin Vantage GT3 2019 TF Sport British GT Ref H4076  Para el Campeonato Brit\u00e1nico de GT de 2019, el incondicional TF Sport se mud\u00f3 al nuevo Aston Martin GT3.\u00a0Junto a Graham Davidson en un coche estaba el actual campe\u00f3n brit\u00e1nico de GT y superestrella de la serie, Johnny Adam.","og_url":"https:\/\/endormoonstore.com\/superslot-aston-martin-vantage-gt3-2019-tf-sport-british-gt-ref-h4076\/","og_site_name":"EndormoonStore","article_modified_time":"2021-09-04T21:22:26+00:00","og_image":[{"width":1500,"height":938,"url":"https:\/\/endormoonstore.com\/wp-content\/uploads\/2021\/09\/Superslot-Aston-Martin-Vantage-GT3-2019-TF-Sport-British-GT-Ref-h4076.jpeg","type":"image\/jpeg"}],"twitter_card":"summary_large_image","twitter_misc":{"Est. reading time":"1 minute"},"schema":{"@context":"https:\/\/schema.org","@graph":[{"@type":"WebPage","@id":"https:\/\/endormoonstore.com\/superslot-aston-martin-vantage-gt3-2019-tf-sport-british-gt-ref-h4076\/","url":"https:\/\/endormoonstore.com\/superslot-aston-martin-vantage-gt3-2019-tf-sport-british-gt-ref-h4076\/","name":"Superslot Aston Martin Vantage GT3 2019 TF Sport British GT Ref H4076 - EndormoonStore","isPartOf":{"@id":"https:\/\/endormoonstore.com\/#website"},"primaryImageOfPage":{"@id":"https:\/\/endormoonstore.com\/superslot-aston-martin-vantage-gt3-2019-tf-sport-british-gt-ref-h4076\/#primaryimage"},"image":{"@id":"https:\/\/endormoonstore.com\/superslot-aston-martin-vantage-gt3-2019-tf-sport-british-gt-ref-h4076\/#primaryimage"},"thumbnailUrl":"https:\/\/endormoonstore.com\/wp-content\/uploads\/2021\/09\/Superslot-Aston-Martin-Vantage-GT3-2019-TF-Sport-British-GT-Ref-h4076.jpeg","datePublished":"2021-09-04T21:18:56+00:00","dateModified":"2021-09-04T21:22:26+00:00","breadcrumb":{"@id":"https:\/\/endormoonstore.com\/superslot-aston-martin-vantage-gt3-2019-tf-sport-british-gt-ref-h4076\/#breadcrumb"},"inLanguage":"en-US","potentialAction":[{"@type":"ReadAction","target":["https:\/\/endormoonstore.com\/superslot-aston-martin-vantage-gt3-2019-tf-sport-british-gt-ref-h4076\/"]}]},{"@type":"ImageObject","inLanguage":"en-US","@id":"https:\/\/endormoonstore.com\/superslot-aston-martin-vantage-gt3-2019-tf-sport-british-gt-ref-h4076\/#primaryimage","url":"https:\/\/endormoonstore.com\/wp-content\/uploads\/2021\/09\/Superslot-Aston-Martin-Vantage-GT3-2019-TF-Sport-British-GT-Ref-h4076.jpeg","contentUrl":"https:\/\/endormoonstore.com\/wp-content\/uploads\/2021\/09\/Superslot-Aston-Martin-Vantage-GT3-2019-TF-Sport-British-GT-Ref-h4076.jpeg","width":1500,"height":938},{"@type":"BreadcrumbList","@id":"https:\/\/endormoonstore.com\/superslot-aston-martin-vantage-gt3-2019-tf-sport-british-gt-ref-h4076\/#breadcrumb","itemListElement":[{"@type":"ListItem","position":1,"name":"Shop","item":"https:\/\/endormoonstore.com\/en\/shop\/"},{"@type":"ListItem","position":2,"name":"Superslot Aston Martin Vantage GT3 2019 TF Sport British GT Ref H4076"}]},{"@type":"WebSite","@id":"https:\/\/endormoonstore.com\/#website","url":"https:\/\/endormoonstore.com\/","name":"EndormoonStore","description":"","potentialAction":[{"@type":"SearchAction","target":{"@type":"EntryPoint","urlTemplate":"https:\/\/endormoonstore.com\/?s={search_term_string}"},"query-input":{"@type":"PropertyValueSpecification","valueRequired":true,"valueName":"search_term_string"}}],"inLanguage":"en-US"}]}},"taxonomy_info":{"product_cat":[{"value":1388,"label":"Modelism"}],"pa_brand":[{"value":1760,"label":"SuperSlot"}],"pa_manufacturer":[{"value":9295,"label":"Aston Martin"}],"pa_theme":[{"value":2162,"label":"Slot"}]},"featured_image_src_large":["https:\/\/endormoonstore.com\/wp-content\/uploads\/2021\/09\/Superslot-Aston-Martin-Vantage-GT3-2019-TF-Sport-British-GT-Ref-h4076.jpeg",1500,938,false],"author_info":[],"comment_info":"","_links":{"self":[{"href":"https:\/\/endormoonstore.com\/en\/wp-json\/wp\/v2\/product\/112587","targetHints":{"allow":["GET"]}}],"collection":[{"href":"https:\/\/endormoonstore.com\/en\/wp-json\/wp\/v2\/product"}],"about":[{"href":"https:\/\/endormoonstore.com\/en\/wp-json\/wp\/v2\/types\/product"}],"wp:featuredmedia":[{"embeddable":true,"href":"https:\/\/endormoonstore.com\/en\/wp-json\/wp\/v2\/media\/112586"}],"wp:attachment":[{"href":"https:\/\/endormoonstore.com\/en\/wp-json\/wp\/v2\/media?parent=112587"}],"wp:term":[{"taxonomy":"product_cat","embeddable":true,"href":"https:\/\/endormoonstore.com\/en\/wp-json\/wp\/v2\/product_cat?post=112587"},{"taxonomy":"product_tag","embeddable":true,"href":"https:\/\/endormoonstore.com\/en\/wp-json\/wp\/v2\/product_tag?post=112587"}],"curies":[{"name":"wp","href":"https:\/\/api.w.org\/{rel}","templated":true}]}}