{"id":112557,"date":"2021-09-04T21:44:14","date_gmt":"2021-09-04T19:44:14","guid":{"rendered":"https:\/\/endormoonstore.com\/superslot-aston-martin-db5-white-gold-amoc-brands-hatch-2019-ref-h4166\/"},"modified":"2021-09-04T21:54:27","modified_gmt":"2021-09-04T19:54:27","slug":"superslot-aston-martin-db5-white-gold-amoc-brands-hatch-2019-ref-h4166","status":"publish","type":"product","link":"https:\/\/endormoonstore.com\/en\/superslot-aston-martin-db5-white-gold-amoc-brands-hatch-2019-ref-h4166\/","title":{"rendered":"Superslot Aston Martin DB5 White Gold AMOC Brands Hatch 2019 Ref H4166"},"content":{"rendered":"<p><strong>Superslot Aston Martin DB5 White Gold AMOC Brands Hatch 2019 Ref H4166<\/strong><\/p>\n<ul>\n<li>Un Aston Martin DB5 no es algo habitual en los circuitos de carreras de todo el mundo.<\/li>\n<li>Pero en la serie AMOC de 2019, Martin Stephenson se opuso a esa tendencia.<\/li>\n<li>\u00a0Este DB5 blanco y dorado de magn\u00edficos colores ha competido en la serie durante varios a\u00f1os, y ciertamente aporta algo de glamour a la pista de carreras cada vez que aparece, tanto en la pista asfaltada como en la pista Sperslot.<\/li>\n<li>Si est\u00e1 buscando un autom\u00f3vil con estilo y clase, \u00a1esta es la pr\u00f3xima opci\u00f3n para su colecci\u00f3n!<\/li>\n<\/ul>\n<p>&nbsp;<\/p>\n<p>&nbsp;<\/p>\n","protected":false},"excerpt":{"rendered":"<p><strong>Superslot Aston Martin DB5 White Gold AMOC Brands Hatch 2019 Ref H4166<\/strong><\/p>\n<p>Un Aston Martin DB5 no es algo habitual en los circuitos de carreras de todo el mundo.<\/p>\n","protected":false},"featured_media":112556,"template":"","meta":{"_acf_changed":false,"_kad_blocks_custom_css":"","_kad_blocks_head_custom_js":"","_kad_blocks_body_custom_js":"","_kad_blocks_footer_custom_js":""},"product_cat":[1388],"product_tag":[],"class_list":{"0":"post-112557","1":"product","2":"type-product","3":"status-publish","4":"has-post-thumbnail","6":"product_cat-modelism","7":"pa_brand-superslot-en","8":"pa_manufacturer-aston-martin-en","9":"pa_theme-slot-en","11":"first","12":"outofstock","13":"taxable","14":"shipping-taxable","15":"purchasable","16":"product-type-simple"},"acf":[],"yoast_head":"<!-- This site is optimized with the Yoast SEO plugin v26.1.1 - https:\/\/yoast.com\/wordpress\/plugins\/seo\/ -->\n<title>Superslot Aston Martin DB5 White Gold AMOC Brands Hatch 2019 Ref H4166 - EndormoonStore<\/title>\n<meta name=\"robots\" content=\"index, follow, max-snippet:-1, max-image-preview:large, max-video-preview:-1\" \/>\n<link rel=\"canonical\" href=\"https:\/\/endormoonstore.com\/superslot-aston-martin-db5-white-gold-amoc-brands-hatch-2019-ref-h4166\/\" \/>\n<meta property=\"og:locale\" content=\"en_US\" \/>\n<meta property=\"og:type\" content=\"article\" \/>\n<meta property=\"og:title\" content=\"Superslot Aston Martin DB5 White Gold AMOC Brands Hatch 2019 Ref H4166 - EndormoonStore\" \/>\n<meta property=\"og:description\" content=\"Superslot Aston Martin DB5 White Gold AMOC Brands Hatch 2019 Ref H4166  Un Aston Martin DB5 no es algo habitual en los circuitos de carreras de todo el mundo.\" \/>\n<meta property=\"og:url\" content=\"https:\/\/endormoonstore.com\/superslot-aston-martin-db5-white-gold-amoc-brands-hatch-2019-ref-h4166\/\" \/>\n<meta property=\"og:site_name\" content=\"EndormoonStore\" \/>\n<meta property=\"article:modified_time\" content=\"2021-09-04T19:54:27+00:00\" \/>\n<meta property=\"og:image\" content=\"https:\/\/endormoonstore.com\/wp-content\/uploads\/2021\/09\/Superslot-Aston-Martin-DB5-White-Gold-AMOC-Brands-Hatch-2019-Ref-H4166.jpeg\" \/>\n\t<meta property=\"og:image:width\" content=\"1500\" \/>\n\t<meta property=\"og:image:height\" content=\"938\" \/>\n\t<meta property=\"og:image:type\" content=\"image\/jpeg\" \/>\n<meta name=\"twitter:card\" content=\"summary_large_image\" \/>\n<meta name=\"twitter:label1\" content=\"Est. reading time\" \/>\n\t<meta name=\"twitter:data1\" content=\"1 minute\" \/>\n<script type=\"application\/ld+json\" class=\"yoast-schema-graph\">{\"@context\":\"https:\/\/schema.org\",\"@graph\":[{\"@type\":\"WebPage\",\"@id\":\"https:\/\/endormoonstore.com\/superslot-aston-martin-db5-white-gold-amoc-brands-hatch-2019-ref-h4166\/\",\"url\":\"https:\/\/endormoonstore.com\/superslot-aston-martin-db5-white-gold-amoc-brands-hatch-2019-ref-h4166\/\",\"name\":\"Superslot Aston Martin DB5 White Gold AMOC Brands Hatch 2019 Ref H4166 - EndormoonStore\",\"isPartOf\":{\"@id\":\"https:\/\/endormoonstore.com\/#website\"},\"primaryImageOfPage\":{\"@id\":\"https:\/\/endormoonstore.com\/superslot-aston-martin-db5-white-gold-amoc-brands-hatch-2019-ref-h4166\/#primaryimage\"},\"image\":{\"@id\":\"https:\/\/endormoonstore.com\/superslot-aston-martin-db5-white-gold-amoc-brands-hatch-2019-ref-h4166\/#primaryimage\"},\"thumbnailUrl\":\"https:\/\/endormoonstore.com\/wp-content\/uploads\/2021\/09\/Superslot-Aston-Martin-DB5-White-Gold-AMOC-Brands-Hatch-2019-Ref-H4166.jpeg\",\"datePublished\":\"2021-09-04T19:44:14+00:00\",\"dateModified\":\"2021-09-04T19:54:27+00:00\",\"breadcrumb\":{\"@id\":\"https:\/\/endormoonstore.com\/superslot-aston-martin-db5-white-gold-amoc-brands-hatch-2019-ref-h4166\/#breadcrumb\"},\"inLanguage\":\"en-US\",\"potentialAction\":[{\"@type\":\"ReadAction\",\"target\":[\"https:\/\/endormoonstore.com\/superslot-aston-martin-db5-white-gold-amoc-brands-hatch-2019-ref-h4166\/\"]}]},{\"@type\":\"ImageObject\",\"inLanguage\":\"en-US\",\"@id\":\"https:\/\/endormoonstore.com\/superslot-aston-martin-db5-white-gold-amoc-brands-hatch-2019-ref-h4166\/#primaryimage\",\"url\":\"https:\/\/endormoonstore.com\/wp-content\/uploads\/2021\/09\/Superslot-Aston-Martin-DB5-White-Gold-AMOC-Brands-Hatch-2019-Ref-H4166.jpeg\",\"contentUrl\":\"https:\/\/endormoonstore.com\/wp-content\/uploads\/2021\/09\/Superslot-Aston-Martin-DB5-White-Gold-AMOC-Brands-Hatch-2019-Ref-H4166.jpeg\",\"width\":1500,\"height\":938},{\"@type\":\"BreadcrumbList\",\"@id\":\"https:\/\/endormoonstore.com\/superslot-aston-martin-db5-white-gold-amoc-brands-hatch-2019-ref-h4166\/#breadcrumb\",\"itemListElement\":[{\"@type\":\"ListItem\",\"position\":1,\"name\":\"Shop\",\"item\":\"https:\/\/endormoonstore.com\/en\/shop\/\"},{\"@type\":\"ListItem\",\"position\":2,\"name\":\"Superslot Aston Martin DB5 White Gold AMOC Brands Hatch 2019 Ref H4166\"}]},{\"@type\":\"WebSite\",\"@id\":\"https:\/\/endormoonstore.com\/#website\",\"url\":\"https:\/\/endormoonstore.com\/\",\"name\":\"EndormoonStore\",\"description\":\"\",\"potentialAction\":[{\"@type\":\"SearchAction\",\"target\":{\"@type\":\"EntryPoint\",\"urlTemplate\":\"https:\/\/endormoonstore.com\/?s={search_term_string}\"},\"query-input\":{\"@type\":\"PropertyValueSpecification\",\"valueRequired\":true,\"valueName\":\"search_term_string\"}}],\"inLanguage\":\"en-US\"}]}<\/script>\n<!-- \/ Yoast SEO plugin. -->","yoast_head_json":{"title":"Superslot Aston Martin DB5 White Gold AMOC Brands Hatch 2019 Ref H4166 - EndormoonStore","robots":{"index":"index","follow":"follow","max-snippet":"max-snippet:-1","max-image-preview":"max-image-preview:large","max-video-preview":"max-video-preview:-1"},"canonical":"https:\/\/endormoonstore.com\/superslot-aston-martin-db5-white-gold-amoc-brands-hatch-2019-ref-h4166\/","og_locale":"en_US","og_type":"article","og_title":"Superslot Aston Martin DB5 White Gold AMOC Brands Hatch 2019 Ref H4166 - EndormoonStore","og_description":"Superslot Aston Martin DB5 White Gold AMOC Brands Hatch 2019 Ref H4166  Un Aston Martin DB5 no es algo habitual en los circuitos de carreras de todo el mundo.","og_url":"https:\/\/endormoonstore.com\/superslot-aston-martin-db5-white-gold-amoc-brands-hatch-2019-ref-h4166\/","og_site_name":"EndormoonStore","article_modified_time":"2021-09-04T19:54:27+00:00","og_image":[{"width":1500,"height":938,"url":"https:\/\/endormoonstore.com\/wp-content\/uploads\/2021\/09\/Superslot-Aston-Martin-DB5-White-Gold-AMOC-Brands-Hatch-2019-Ref-H4166.jpeg","type":"image\/jpeg"}],"twitter_card":"summary_large_image","twitter_misc":{"Est. reading time":"1 minute"},"schema":{"@context":"https:\/\/schema.org","@graph":[{"@type":"WebPage","@id":"https:\/\/endormoonstore.com\/superslot-aston-martin-db5-white-gold-amoc-brands-hatch-2019-ref-h4166\/","url":"https:\/\/endormoonstore.com\/superslot-aston-martin-db5-white-gold-amoc-brands-hatch-2019-ref-h4166\/","name":"Superslot Aston Martin DB5 White Gold AMOC Brands Hatch 2019 Ref H4166 - EndormoonStore","isPartOf":{"@id":"https:\/\/endormoonstore.com\/#website"},"primaryImageOfPage":{"@id":"https:\/\/endormoonstore.com\/superslot-aston-martin-db5-white-gold-amoc-brands-hatch-2019-ref-h4166\/#primaryimage"},"image":{"@id":"https:\/\/endormoonstore.com\/superslot-aston-martin-db5-white-gold-amoc-brands-hatch-2019-ref-h4166\/#primaryimage"},"thumbnailUrl":"https:\/\/endormoonstore.com\/wp-content\/uploads\/2021\/09\/Superslot-Aston-Martin-DB5-White-Gold-AMOC-Brands-Hatch-2019-Ref-H4166.jpeg","datePublished":"2021-09-04T19:44:14+00:00","dateModified":"2021-09-04T19:54:27+00:00","breadcrumb":{"@id":"https:\/\/endormoonstore.com\/superslot-aston-martin-db5-white-gold-amoc-brands-hatch-2019-ref-h4166\/#breadcrumb"},"inLanguage":"en-US","potentialAction":[{"@type":"ReadAction","target":["https:\/\/endormoonstore.com\/superslot-aston-martin-db5-white-gold-amoc-brands-hatch-2019-ref-h4166\/"]}]},{"@type":"ImageObject","inLanguage":"en-US","@id":"https:\/\/endormoonstore.com\/superslot-aston-martin-db5-white-gold-amoc-brands-hatch-2019-ref-h4166\/#primaryimage","url":"https:\/\/endormoonstore.com\/wp-content\/uploads\/2021\/09\/Superslot-Aston-Martin-DB5-White-Gold-AMOC-Brands-Hatch-2019-Ref-H4166.jpeg","contentUrl":"https:\/\/endormoonstore.com\/wp-content\/uploads\/2021\/09\/Superslot-Aston-Martin-DB5-White-Gold-AMOC-Brands-Hatch-2019-Ref-H4166.jpeg","width":1500,"height":938},{"@type":"BreadcrumbList","@id":"https:\/\/endormoonstore.com\/superslot-aston-martin-db5-white-gold-amoc-brands-hatch-2019-ref-h4166\/#breadcrumb","itemListElement":[{"@type":"ListItem","position":1,"name":"Shop","item":"https:\/\/endormoonstore.com\/en\/shop\/"},{"@type":"ListItem","position":2,"name":"Superslot Aston Martin DB5 White Gold AMOC Brands Hatch 2019 Ref H4166"}]},{"@type":"WebSite","@id":"https:\/\/endormoonstore.com\/#website","url":"https:\/\/endormoonstore.com\/","name":"EndormoonStore","description":"","potentialAction":[{"@type":"SearchAction","target":{"@type":"EntryPoint","urlTemplate":"https:\/\/endormoonstore.com\/?s={search_term_string}"},"query-input":{"@type":"PropertyValueSpecification","valueRequired":true,"valueName":"search_term_string"}}],"inLanguage":"en-US"}]}},"taxonomy_info":{"product_cat":[{"value":1388,"label":"Modelism"}],"pa_brand":[{"value":1760,"label":"SuperSlot"}],"pa_manufacturer":[{"value":9295,"label":"Aston Martin"}],"pa_theme":[{"value":2162,"label":"Slot"}]},"featured_image_src_large":["https:\/\/endormoonstore.com\/wp-content\/uploads\/2021\/09\/Superslot-Aston-Martin-DB5-White-Gold-AMOC-Brands-Hatch-2019-Ref-H4166.jpeg",1500,938,false],"author_info":[],"comment_info":"","_links":{"self":[{"href":"https:\/\/endormoonstore.com\/en\/wp-json\/wp\/v2\/product\/112557","targetHints":{"allow":["GET"]}}],"collection":[{"href":"https:\/\/endormoonstore.com\/en\/wp-json\/wp\/v2\/product"}],"about":[{"href":"https:\/\/endormoonstore.com\/en\/wp-json\/wp\/v2\/types\/product"}],"wp:featuredmedia":[{"embeddable":true,"href":"https:\/\/endormoonstore.com\/en\/wp-json\/wp\/v2\/media\/112556"}],"wp:attachment":[{"href":"https:\/\/endormoonstore.com\/en\/wp-json\/wp\/v2\/media?parent=112557"}],"wp:term":[{"taxonomy":"product_cat","embeddable":true,"href":"https:\/\/endormoonstore.com\/en\/wp-json\/wp\/v2\/product_cat?post=112557"},{"taxonomy":"product_tag","embeddable":true,"href":"https:\/\/endormoonstore.com\/en\/wp-json\/wp\/v2\/product_tag?post=112557"}],"curies":[{"name":"wp","href":"https:\/\/api.w.org\/{rel}","templated":true}]}}