{"id":112542,"date":"2021-09-04T15:49:08","date_gmt":"2021-09-04T13:49:08","guid":{"rendered":"https:\/\/endormoonstore.com\/superslot-lotus-evora-gulf-edition-ref-h4183\/"},"modified":"2021-09-04T15:53:55","modified_gmt":"2021-09-04T13:53:55","slug":"superslot-lotus-evora-gulf-edition-ref-h4183","status":"publish","type":"product","link":"https:\/\/endormoonstore.com\/en\/superslot-lotus-evora-gulf-edition-ref-h4183\/","title":{"rendered":"Superslot Lotus Evora Gulf Edition Ref H4183"},"content":{"rendered":"<p><strong>Superslot Lotus Evora Gulf Edition Ref H4183<\/strong><\/p>\n<ul>\n<li>Uno de los patrocinadores m\u00e1s famosos e ic\u00f3nicos de la historia del automovilismo, Gulf es sin\u00f3nimo de ganar y carreras de GT, al igual que Lotus.<\/li>\n<li>Con el Evora, tienen un contendiente GT4 listo para usar, y en manos de Stanbridge Motorsport en la serie GT Cup de este a\u00f1o, el autom\u00f3vil ha demostrado no solo ser una m\u00e1quina de gran apariencia, sino tambi\u00e9n una brillante librea.<\/li>\n<li>Este modelo de coche traga monedas es otra excelente adici\u00f3n a nuestra l\u00ednea Gulf Superslot, cualquier coleccionista estar\u00eda orgulloso de agregar esto a su colecci\u00f3n.<\/li>\n<li>Producido bajo licencia de Group Lotus Plc.\u00a0LOTUS, Lotus Roundel, nombres de autom\u00f3viles y todos los logotipos asociados y dise\u00f1os distintivos son marcas comerciales de Group Lotus Plc.<\/li>\n<\/ul>\n<p>&nbsp;<\/p>\n<p>&nbsp;<\/p>\n","protected":false},"excerpt":{"rendered":"<p><strong>Superslot Lotus Evora Gulf Edition Ref H4183<\/strong><\/p>\n<p>Uno de los patrocinadores m\u00e1s famosos e ic\u00f3nicos de la historia del automovilismo, Gulf es sin\u00f3nimo de ganar y carreras de GT, al igual que Lotus.<\/p>\n","protected":false},"featured_media":112541,"template":"","meta":{"_acf_changed":false,"_kad_blocks_custom_css":"","_kad_blocks_head_custom_js":"","_kad_blocks_body_custom_js":"","_kad_blocks_footer_custom_js":""},"product_cat":[1388],"product_tag":[],"class_list":{"0":"post-112542","1":"product","2":"type-product","3":"status-publish","4":"has-post-thumbnail","6":"product_cat-modelism","7":"pa_brand-superslot-en","8":"pa_manufacturer-lotus-en","9":"pa_theme-slot-en","11":"first","12":"outofstock","13":"taxable","14":"shipping-taxable","15":"purchasable","16":"product-type-simple"},"acf":[],"yoast_head":"<!-- This site is optimized with the Yoast SEO plugin v26.1.1 - https:\/\/yoast.com\/wordpress\/plugins\/seo\/ -->\n<title>Superslot Lotus Evora Gulf Edition Ref H4183 - EndormoonStore<\/title>\n<meta name=\"robots\" content=\"index, follow, max-snippet:-1, max-image-preview:large, max-video-preview:-1\" \/>\n<link rel=\"canonical\" href=\"https:\/\/endormoonstore.com\/en\/superslot-lotus-evora-gulf-edition-ref-h4183\/\" \/>\n<meta property=\"og:locale\" content=\"en_US\" \/>\n<meta property=\"og:type\" content=\"article\" \/>\n<meta property=\"og:title\" content=\"Superslot Lotus Evora Gulf Edition Ref H4183 - EndormoonStore\" \/>\n<meta property=\"og:description\" content=\"Superslot Lotus Evora Gulf Edition Ref H4183  Uno de los patrocinadores m\u00e1s famosos e ic\u00f3nicos de la historia del automovilismo, Gulf es sin\u00f3nimo de ganar y carreras de GT, al igual que Lotus.\" \/>\n<meta property=\"og:url\" content=\"https:\/\/endormoonstore.com\/en\/superslot-lotus-evora-gulf-edition-ref-h4183\/\" \/>\n<meta property=\"og:site_name\" content=\"EndormoonStore\" \/>\n<meta property=\"article:modified_time\" content=\"2021-09-04T13:53:55+00:00\" \/>\n<meta property=\"og:image\" content=\"https:\/\/endormoonstore.com\/wp-content\/uploads\/2021\/09\/Superslot-Lotus-Evora-Gulf-Edition-Ref-H4183.jpeg\" \/>\n\t<meta property=\"og:image:width\" content=\"1500\" \/>\n\t<meta property=\"og:image:height\" content=\"938\" \/>\n\t<meta property=\"og:image:type\" content=\"image\/jpeg\" \/>\n<meta name=\"twitter:card\" content=\"summary_large_image\" \/>\n<meta name=\"twitter:label1\" content=\"Est. reading time\" \/>\n\t<meta name=\"twitter:data1\" content=\"1 minute\" \/>\n<script type=\"application\/ld+json\" class=\"yoast-schema-graph\">{\"@context\":\"https:\/\/schema.org\",\"@graph\":[{\"@type\":\"WebPage\",\"@id\":\"https:\/\/endormoonstore.com\/en\/superslot-lotus-evora-gulf-edition-ref-h4183\/\",\"url\":\"https:\/\/endormoonstore.com\/en\/superslot-lotus-evora-gulf-edition-ref-h4183\/\",\"name\":\"Superslot Lotus Evora Gulf Edition Ref H4183 - EndormoonStore\",\"isPartOf\":{\"@id\":\"https:\/\/endormoonstore.com\/#website\"},\"primaryImageOfPage\":{\"@id\":\"https:\/\/endormoonstore.com\/en\/superslot-lotus-evora-gulf-edition-ref-h4183\/#primaryimage\"},\"image\":{\"@id\":\"https:\/\/endormoonstore.com\/en\/superslot-lotus-evora-gulf-edition-ref-h4183\/#primaryimage\"},\"thumbnailUrl\":\"https:\/\/endormoonstore.com\/wp-content\/uploads\/2021\/09\/Superslot-Lotus-Evora-Gulf-Edition-Ref-H4183.jpeg\",\"datePublished\":\"2021-09-04T13:49:08+00:00\",\"dateModified\":\"2021-09-04T13:53:55+00:00\",\"breadcrumb\":{\"@id\":\"https:\/\/endormoonstore.com\/en\/superslot-lotus-evora-gulf-edition-ref-h4183\/#breadcrumb\"},\"inLanguage\":\"en-US\",\"potentialAction\":[{\"@type\":\"ReadAction\",\"target\":[\"https:\/\/endormoonstore.com\/en\/superslot-lotus-evora-gulf-edition-ref-h4183\/\"]}]},{\"@type\":\"ImageObject\",\"inLanguage\":\"en-US\",\"@id\":\"https:\/\/endormoonstore.com\/en\/superslot-lotus-evora-gulf-edition-ref-h4183\/#primaryimage\",\"url\":\"https:\/\/endormoonstore.com\/wp-content\/uploads\/2021\/09\/Superslot-Lotus-Evora-Gulf-Edition-Ref-H4183.jpeg\",\"contentUrl\":\"https:\/\/endormoonstore.com\/wp-content\/uploads\/2021\/09\/Superslot-Lotus-Evora-Gulf-Edition-Ref-H4183.jpeg\",\"width\":1500,\"height\":938},{\"@type\":\"BreadcrumbList\",\"@id\":\"https:\/\/endormoonstore.com\/en\/superslot-lotus-evora-gulf-edition-ref-h4183\/#breadcrumb\",\"itemListElement\":[{\"@type\":\"ListItem\",\"position\":1,\"name\":\"Shop\",\"item\":\"https:\/\/endormoonstore.com\/en\/shop\/\"},{\"@type\":\"ListItem\",\"position\":2,\"name\":\"Superslot Lotus Evora Gulf Edition Ref H4183\"}]},{\"@type\":\"WebSite\",\"@id\":\"https:\/\/endormoonstore.com\/#website\",\"url\":\"https:\/\/endormoonstore.com\/\",\"name\":\"EndormoonStore\",\"description\":\"\",\"potentialAction\":[{\"@type\":\"SearchAction\",\"target\":{\"@type\":\"EntryPoint\",\"urlTemplate\":\"https:\/\/endormoonstore.com\/?s={search_term_string}\"},\"query-input\":{\"@type\":\"PropertyValueSpecification\",\"valueRequired\":true,\"valueName\":\"search_term_string\"}}],\"inLanguage\":\"en-US\"}]}<\/script>\n<!-- \/ Yoast SEO plugin. -->","yoast_head_json":{"title":"Superslot Lotus Evora Gulf Edition Ref H4183 - EndormoonStore","robots":{"index":"index","follow":"follow","max-snippet":"max-snippet:-1","max-image-preview":"max-image-preview:large","max-video-preview":"max-video-preview:-1"},"canonical":"https:\/\/endormoonstore.com\/en\/superslot-lotus-evora-gulf-edition-ref-h4183\/","og_locale":"en_US","og_type":"article","og_title":"Superslot Lotus Evora Gulf Edition Ref H4183 - EndormoonStore","og_description":"Superslot Lotus Evora Gulf Edition Ref H4183  Uno de los patrocinadores m\u00e1s famosos e ic\u00f3nicos de la historia del automovilismo, Gulf es sin\u00f3nimo de ganar y carreras de GT, al igual que Lotus.","og_url":"https:\/\/endormoonstore.com\/en\/superslot-lotus-evora-gulf-edition-ref-h4183\/","og_site_name":"EndormoonStore","article_modified_time":"2021-09-04T13:53:55+00:00","og_image":[{"width":1500,"height":938,"url":"https:\/\/endormoonstore.com\/wp-content\/uploads\/2021\/09\/Superslot-Lotus-Evora-Gulf-Edition-Ref-H4183.jpeg","type":"image\/jpeg"}],"twitter_card":"summary_large_image","twitter_misc":{"Est. reading time":"1 minute"},"schema":{"@context":"https:\/\/schema.org","@graph":[{"@type":"WebPage","@id":"https:\/\/endormoonstore.com\/en\/superslot-lotus-evora-gulf-edition-ref-h4183\/","url":"https:\/\/endormoonstore.com\/en\/superslot-lotus-evora-gulf-edition-ref-h4183\/","name":"Superslot Lotus Evora Gulf Edition Ref H4183 - EndormoonStore","isPartOf":{"@id":"https:\/\/endormoonstore.com\/#website"},"primaryImageOfPage":{"@id":"https:\/\/endormoonstore.com\/en\/superslot-lotus-evora-gulf-edition-ref-h4183\/#primaryimage"},"image":{"@id":"https:\/\/endormoonstore.com\/en\/superslot-lotus-evora-gulf-edition-ref-h4183\/#primaryimage"},"thumbnailUrl":"https:\/\/endormoonstore.com\/wp-content\/uploads\/2021\/09\/Superslot-Lotus-Evora-Gulf-Edition-Ref-H4183.jpeg","datePublished":"2021-09-04T13:49:08+00:00","dateModified":"2021-09-04T13:53:55+00:00","breadcrumb":{"@id":"https:\/\/endormoonstore.com\/en\/superslot-lotus-evora-gulf-edition-ref-h4183\/#breadcrumb"},"inLanguage":"en-US","potentialAction":[{"@type":"ReadAction","target":["https:\/\/endormoonstore.com\/en\/superslot-lotus-evora-gulf-edition-ref-h4183\/"]}]},{"@type":"ImageObject","inLanguage":"en-US","@id":"https:\/\/endormoonstore.com\/en\/superslot-lotus-evora-gulf-edition-ref-h4183\/#primaryimage","url":"https:\/\/endormoonstore.com\/wp-content\/uploads\/2021\/09\/Superslot-Lotus-Evora-Gulf-Edition-Ref-H4183.jpeg","contentUrl":"https:\/\/endormoonstore.com\/wp-content\/uploads\/2021\/09\/Superslot-Lotus-Evora-Gulf-Edition-Ref-H4183.jpeg","width":1500,"height":938},{"@type":"BreadcrumbList","@id":"https:\/\/endormoonstore.com\/en\/superslot-lotus-evora-gulf-edition-ref-h4183\/#breadcrumb","itemListElement":[{"@type":"ListItem","position":1,"name":"Shop","item":"https:\/\/endormoonstore.com\/en\/shop\/"},{"@type":"ListItem","position":2,"name":"Superslot Lotus Evora Gulf Edition Ref H4183"}]},{"@type":"WebSite","@id":"https:\/\/endormoonstore.com\/#website","url":"https:\/\/endormoonstore.com\/","name":"EndormoonStore","description":"","potentialAction":[{"@type":"SearchAction","target":{"@type":"EntryPoint","urlTemplate":"https:\/\/endormoonstore.com\/?s={search_term_string}"},"query-input":{"@type":"PropertyValueSpecification","valueRequired":true,"valueName":"search_term_string"}}],"inLanguage":"en-US"}]}},"taxonomy_info":{"product_cat":[{"value":1388,"label":"Modelism"}],"pa_brand":[{"value":1760,"label":"SuperSlot"}],"pa_manufacturer":[{"value":9271,"label":"Lotus"}],"pa_theme":[{"value":2162,"label":"Slot"}]},"featured_image_src_large":["https:\/\/endormoonstore.com\/wp-content\/uploads\/2021\/09\/Superslot-Lotus-Evora-Gulf-Edition-Ref-H4183.jpeg",1500,938,false],"author_info":[],"comment_info":"","_links":{"self":[{"href":"https:\/\/endormoonstore.com\/en\/wp-json\/wp\/v2\/product\/112542","targetHints":{"allow":["GET"]}}],"collection":[{"href":"https:\/\/endormoonstore.com\/en\/wp-json\/wp\/v2\/product"}],"about":[{"href":"https:\/\/endormoonstore.com\/en\/wp-json\/wp\/v2\/types\/product"}],"wp:featuredmedia":[{"embeddable":true,"href":"https:\/\/endormoonstore.com\/en\/wp-json\/wp\/v2\/media\/112541"}],"wp:attachment":[{"href":"https:\/\/endormoonstore.com\/en\/wp-json\/wp\/v2\/media?parent=112542"}],"wp:term":[{"taxonomy":"product_cat","embeddable":true,"href":"https:\/\/endormoonstore.com\/en\/wp-json\/wp\/v2\/product_cat?post=112542"},{"taxonomy":"product_tag","embeddable":true,"href":"https:\/\/endormoonstore.com\/en\/wp-json\/wp\/v2\/product_tag?post=112542"}],"curies":[{"name":"wp","href":"https:\/\/api.w.org\/{rel}","templated":true}]}}