{"id":112522,"date":"2021-09-04T13:31:25","date_gmt":"2021-09-04T11:31:25","guid":{"rendered":"https:\/\/endormoonstore.com\/superslot-batmobile-1966-tv-series-ref-h4175\/"},"modified":"2021-09-04T13:43:36","modified_gmt":"2021-09-04T11:43:36","slug":"superslot-batmobile-1966-tv-series-ref-h4175","status":"publish","type":"product","link":"https:\/\/endormoonstore.com\/en\/superslot-batmobile-1966-tv-series-ref-h4175\/","title":{"rendered":"Superslot Batmobile 1966 TV Series Ref H4175"},"content":{"rendered":"<p><strong>Superslot Batmobile 1966 TV Series Ref H4175<\/strong><\/p>\n<ul>\n<li>Batman se remonta a 1939, donde se present\u00f3 por primera vez en DC Comics.<\/li>\n<li>Desde entonces, se ha convertido en uno, si no el m\u00e1s famoso de los superh\u00e9roes de todos los tiempos.<\/li>\n<li>Batman pas\u00f3 de las p\u00e1ginas de los c\u00f3mics a la pantalla de televisi\u00f3n en la d\u00e9cada de 1960 cuando la serie de televisi\u00f3n Batman se emiti\u00f3 por primera vez protagonizada por Adam West como Batman \/ Bruce Wayne.<\/li>\n<li>Tanto Batman como su compa\u00f1ero Robin eran dos luchadores contra el crimen all\u00ed para defender Gotham City, su modo de transporte era el Batim\u00f3vil.<\/li>\n<li>Este detallado coche de Superslot inspirado en el\u00a0 Batm\u00f3vil de la d\u00e9cada de 1960 captura la forma de este coche ic\u00f3nico y ofrece a los fans de Batman de todo el mundo la oportunidad de llevar a Batman a la pista.<\/li>\n<li>Este auto viene completo con una figura detallada de Batman en el asiento del conductor.<\/li>\n<\/ul>\n<p><strong>\u00a0<\/strong><\/p>\n<p>&nbsp;<\/p>\n<p>&nbsp;<\/p>\n","protected":false},"excerpt":{"rendered":"<p><strong>Superslot Batmobile 1966 TV Series Ref H4175<\/strong><\/p>\n<p>Batman se remonta a 1939, donde se present\u00f3 por primera vez en DC Comics.<\/p>\n","protected":false},"featured_media":112517,"template":"","meta":{"_acf_changed":false,"_kad_blocks_custom_css":"","_kad_blocks_head_custom_js":"","_kad_blocks_body_custom_js":"","_kad_blocks_footer_custom_js":""},"product_cat":[1388],"product_tag":[],"class_list":{"0":"post-112522","1":"product","2":"type-product","3":"status-publish","4":"has-post-thumbnail","6":"product_cat-modelism","7":"pa_brand-superslot-en","8":"pa_manufacturer-ford-en","9":"pa_theme-slot-en","11":"first","12":"outofstock","13":"taxable","14":"shipping-taxable","15":"purchasable","16":"product-type-simple"},"acf":[],"yoast_head":"<!-- This site is optimized with the Yoast SEO plugin v26.1.1 - https:\/\/yoast.com\/wordpress\/plugins\/seo\/ -->\n<title>Superslot Batmobile 1966 TV Series Ref H4175 - EndormoonStore<\/title>\n<meta name=\"robots\" content=\"index, follow, max-snippet:-1, max-image-preview:large, max-video-preview:-1\" \/>\n<link rel=\"canonical\" href=\"https:\/\/endormoonstore.com\/superslot-batmobile-1966-tv-series-ref-h4175\/\" \/>\n<meta property=\"og:locale\" content=\"en_US\" \/>\n<meta property=\"og:type\" content=\"article\" \/>\n<meta property=\"og:title\" content=\"Superslot Batmobile 1966 TV Series Ref H4175 - EndormoonStore\" \/>\n<meta property=\"og:description\" content=\"Superslot Batmobile 1966 TV Series Ref H4175  Batman se remonta a 1939, donde se present\u00f3 por primera vez en DC Comics.\" \/>\n<meta property=\"og:url\" content=\"https:\/\/endormoonstore.com\/superslot-batmobile-1966-tv-series-ref-h4175\/\" \/>\n<meta property=\"og:site_name\" content=\"EndormoonStore\" \/>\n<meta property=\"article:modified_time\" content=\"2021-09-04T11:43:36+00:00\" \/>\n<meta property=\"og:image\" content=\"https:\/\/endormoonstore.com\/wp-content\/uploads\/2021\/09\/Superslot-Batmobile-1966-TV-Series-Ref-H4175-1.jpeg\" \/>\n\t<meta property=\"og:image:width\" content=\"1500\" \/>\n\t<meta property=\"og:image:height\" content=\"938\" \/>\n\t<meta property=\"og:image:type\" content=\"image\/jpeg\" \/>\n<meta name=\"twitter:card\" content=\"summary_large_image\" \/>\n<meta name=\"twitter:label1\" content=\"Est. reading time\" \/>\n\t<meta name=\"twitter:data1\" content=\"1 minute\" \/>\n<script type=\"application\/ld+json\" class=\"yoast-schema-graph\">{\"@context\":\"https:\/\/schema.org\",\"@graph\":[{\"@type\":\"WebPage\",\"@id\":\"https:\/\/endormoonstore.com\/superslot-batmobile-1966-tv-series-ref-h4175\/\",\"url\":\"https:\/\/endormoonstore.com\/superslot-batmobile-1966-tv-series-ref-h4175\/\",\"name\":\"Superslot Batmobile 1966 TV Series Ref H4175 - EndormoonStore\",\"isPartOf\":{\"@id\":\"https:\/\/endormoonstore.com\/#website\"},\"primaryImageOfPage\":{\"@id\":\"https:\/\/endormoonstore.com\/superslot-batmobile-1966-tv-series-ref-h4175\/#primaryimage\"},\"image\":{\"@id\":\"https:\/\/endormoonstore.com\/superslot-batmobile-1966-tv-series-ref-h4175\/#primaryimage\"},\"thumbnailUrl\":\"https:\/\/endormoonstore.com\/wp-content\/uploads\/2021\/09\/Superslot-Batmobile-1966-TV-Series-Ref-H4175-1.jpeg\",\"datePublished\":\"2021-09-04T11:31:25+00:00\",\"dateModified\":\"2021-09-04T11:43:36+00:00\",\"breadcrumb\":{\"@id\":\"https:\/\/endormoonstore.com\/superslot-batmobile-1966-tv-series-ref-h4175\/#breadcrumb\"},\"inLanguage\":\"en-US\",\"potentialAction\":[{\"@type\":\"ReadAction\",\"target\":[\"https:\/\/endormoonstore.com\/superslot-batmobile-1966-tv-series-ref-h4175\/\"]}]},{\"@type\":\"ImageObject\",\"inLanguage\":\"en-US\",\"@id\":\"https:\/\/endormoonstore.com\/superslot-batmobile-1966-tv-series-ref-h4175\/#primaryimage\",\"url\":\"https:\/\/endormoonstore.com\/wp-content\/uploads\/2021\/09\/Superslot-Batmobile-1966-TV-Series-Ref-H4175-1.jpeg\",\"contentUrl\":\"https:\/\/endormoonstore.com\/wp-content\/uploads\/2021\/09\/Superslot-Batmobile-1966-TV-Series-Ref-H4175-1.jpeg\",\"width\":1500,\"height\":938},{\"@type\":\"BreadcrumbList\",\"@id\":\"https:\/\/endormoonstore.com\/superslot-batmobile-1966-tv-series-ref-h4175\/#breadcrumb\",\"itemListElement\":[{\"@type\":\"ListItem\",\"position\":1,\"name\":\"Shop\",\"item\":\"https:\/\/endormoonstore.com\/en\/shop\/\"},{\"@type\":\"ListItem\",\"position\":2,\"name\":\"Superslot Batmobile 1966 TV Series Ref H4175\"}]},{\"@type\":\"WebSite\",\"@id\":\"https:\/\/endormoonstore.com\/#website\",\"url\":\"https:\/\/endormoonstore.com\/\",\"name\":\"EndormoonStore\",\"description\":\"\",\"potentialAction\":[{\"@type\":\"SearchAction\",\"target\":{\"@type\":\"EntryPoint\",\"urlTemplate\":\"https:\/\/endormoonstore.com\/?s={search_term_string}\"},\"query-input\":{\"@type\":\"PropertyValueSpecification\",\"valueRequired\":true,\"valueName\":\"search_term_string\"}}],\"inLanguage\":\"en-US\"}]}<\/script>\n<!-- \/ Yoast SEO plugin. -->","yoast_head_json":{"title":"Superslot Batmobile 1966 TV Series Ref H4175 - EndormoonStore","robots":{"index":"index","follow":"follow","max-snippet":"max-snippet:-1","max-image-preview":"max-image-preview:large","max-video-preview":"max-video-preview:-1"},"canonical":"https:\/\/endormoonstore.com\/superslot-batmobile-1966-tv-series-ref-h4175\/","og_locale":"en_US","og_type":"article","og_title":"Superslot Batmobile 1966 TV Series Ref H4175 - EndormoonStore","og_description":"Superslot Batmobile 1966 TV Series Ref H4175  Batman se remonta a 1939, donde se present\u00f3 por primera vez en DC Comics.","og_url":"https:\/\/endormoonstore.com\/superslot-batmobile-1966-tv-series-ref-h4175\/","og_site_name":"EndormoonStore","article_modified_time":"2021-09-04T11:43:36+00:00","og_image":[{"width":1500,"height":938,"url":"https:\/\/endormoonstore.com\/wp-content\/uploads\/2021\/09\/Superslot-Batmobile-1966-TV-Series-Ref-H4175-1.jpeg","type":"image\/jpeg"}],"twitter_card":"summary_large_image","twitter_misc":{"Est. reading time":"1 minute"},"schema":{"@context":"https:\/\/schema.org","@graph":[{"@type":"WebPage","@id":"https:\/\/endormoonstore.com\/superslot-batmobile-1966-tv-series-ref-h4175\/","url":"https:\/\/endormoonstore.com\/superslot-batmobile-1966-tv-series-ref-h4175\/","name":"Superslot Batmobile 1966 TV Series Ref H4175 - EndormoonStore","isPartOf":{"@id":"https:\/\/endormoonstore.com\/#website"},"primaryImageOfPage":{"@id":"https:\/\/endormoonstore.com\/superslot-batmobile-1966-tv-series-ref-h4175\/#primaryimage"},"image":{"@id":"https:\/\/endormoonstore.com\/superslot-batmobile-1966-tv-series-ref-h4175\/#primaryimage"},"thumbnailUrl":"https:\/\/endormoonstore.com\/wp-content\/uploads\/2021\/09\/Superslot-Batmobile-1966-TV-Series-Ref-H4175-1.jpeg","datePublished":"2021-09-04T11:31:25+00:00","dateModified":"2021-09-04T11:43:36+00:00","breadcrumb":{"@id":"https:\/\/endormoonstore.com\/superslot-batmobile-1966-tv-series-ref-h4175\/#breadcrumb"},"inLanguage":"en-US","potentialAction":[{"@type":"ReadAction","target":["https:\/\/endormoonstore.com\/superslot-batmobile-1966-tv-series-ref-h4175\/"]}]},{"@type":"ImageObject","inLanguage":"en-US","@id":"https:\/\/endormoonstore.com\/superslot-batmobile-1966-tv-series-ref-h4175\/#primaryimage","url":"https:\/\/endormoonstore.com\/wp-content\/uploads\/2021\/09\/Superslot-Batmobile-1966-TV-Series-Ref-H4175-1.jpeg","contentUrl":"https:\/\/endormoonstore.com\/wp-content\/uploads\/2021\/09\/Superslot-Batmobile-1966-TV-Series-Ref-H4175-1.jpeg","width":1500,"height":938},{"@type":"BreadcrumbList","@id":"https:\/\/endormoonstore.com\/superslot-batmobile-1966-tv-series-ref-h4175\/#breadcrumb","itemListElement":[{"@type":"ListItem","position":1,"name":"Shop","item":"https:\/\/endormoonstore.com\/en\/shop\/"},{"@type":"ListItem","position":2,"name":"Superslot Batmobile 1966 TV Series Ref H4175"}]},{"@type":"WebSite","@id":"https:\/\/endormoonstore.com\/#website","url":"https:\/\/endormoonstore.com\/","name":"EndormoonStore","description":"","potentialAction":[{"@type":"SearchAction","target":{"@type":"EntryPoint","urlTemplate":"https:\/\/endormoonstore.com\/?s={search_term_string}"},"query-input":{"@type":"PropertyValueSpecification","valueRequired":true,"valueName":"search_term_string"}}],"inLanguage":"en-US"}]}},"taxonomy_info":{"product_cat":[{"value":1388,"label":"Modelism"}],"pa_brand":[{"value":1760,"label":"SuperSlot"}],"pa_manufacturer":[{"value":3632,"label":"Ford"}],"pa_theme":[{"value":2162,"label":"Slot"}]},"featured_image_src_large":["https:\/\/endormoonstore.com\/wp-content\/uploads\/2021\/09\/Superslot-Batmobile-1966-TV-Series-Ref-H4175-1.jpeg",1500,938,false],"author_info":[],"comment_info":"","_links":{"self":[{"href":"https:\/\/endormoonstore.com\/en\/wp-json\/wp\/v2\/product\/112522","targetHints":{"allow":["GET"]}}],"collection":[{"href":"https:\/\/endormoonstore.com\/en\/wp-json\/wp\/v2\/product"}],"about":[{"href":"https:\/\/endormoonstore.com\/en\/wp-json\/wp\/v2\/types\/product"}],"wp:featuredmedia":[{"embeddable":true,"href":"https:\/\/endormoonstore.com\/en\/wp-json\/wp\/v2\/media\/112517"}],"wp:attachment":[{"href":"https:\/\/endormoonstore.com\/en\/wp-json\/wp\/v2\/media?parent=112522"}],"wp:term":[{"taxonomy":"product_cat","embeddable":true,"href":"https:\/\/endormoonstore.com\/en\/wp-json\/wp\/v2\/product_cat?post=112522"},{"taxonomy":"product_tag","embeddable":true,"href":"https:\/\/endormoonstore.com\/en\/wp-json\/wp\/v2\/product_tag?post=112522"}],"curies":[{"name":"wp","href":"https:\/\/api.w.org\/{rel}","templated":true}]}}