{"id":112018,"date":"2021-08-19T09:00:46","date_gmt":"2021-08-19T07:00:46","guid":{"rendered":"https:\/\/endormoonstore.com\/doctor-strange-supreme-marvel-legends-series\/"},"modified":"2022-01-13T20:50:30","modified_gmt":"2022-01-13T19:50:30","slug":"doctor-strange-supreme-marvel-legends-series","status":"publish","type":"product","link":"https:\/\/endormoonstore.com\/en\/doctor-strange-supreme-marvel-legends-series\/","title":{"rendered":"Doctor Strange Supreme Marvel Legends Series"},"content":{"rendered":"<p><strong>Doctor Strange Supreme Marvel Legends Series Figura 15 cm<\/strong><\/p>\n<ul>\n<li>Hasbro Fans presenta la figura de Doctor Strange Supreme basada en los personajes de la serie de televisi\u00f3n &#8220;What If&#8230;&#8221;.<\/li>\n<li>Cuando un evento imprevisto cambia la perspectiva de Stephen Strange sobre la vida, el camino que elige est\u00e1 lleno de una magia a\u00fan m\u00e1s oscura.<\/li>\n<li>Se trata de una figura hecha en PVC de un tama\u00f1o de 15 cm con m\u00faltiples puntos de articulaci\u00f3n.<\/li>\n<li>Incluye una mano opcional<\/li>\n<li>Tambi\u00e9n incluye capa y una parte de la figura de Uatu, el vigilante, que hace de narrador en la serie.<\/li>\n<\/ul>\n<p>&nbsp;<\/p>\n<p>&nbsp;<\/p>\n<p>&nbsp;<\/p>\n","protected":false},"excerpt":{"rendered":"<p><strong>Doctor Strange Supreme Marvel Legends Series Figura 15 cm<\/strong><\/p>\n<p>Hasbro Fans presenta la figura de Doctor Strange Supreme basada en los personajes de la serie de televisi\u00f3n &#8220;What If&#8230;&#8221;.<\/p>\n","protected":false},"featured_media":112005,"template":"","meta":{"_acf_changed":false,"_kad_blocks_custom_css":"","_kad_blocks_head_custom_js":"","_kad_blocks_body_custom_js":"","_kad_blocks_footer_custom_js":""},"product_cat":[1390],"product_tag":[],"class_list":{"0":"post-112018","1":"product","2":"type-product","3":"status-publish","4":"has-post-thumbnail","6":"product_cat-figures","7":"pa_brand-hasbro-en","8":"pa_character-doctor-strange-supreme-en","9":"pa_episode-what-if-en","10":"pa_license-marvel-en","11":"pa_product-type-figure","12":"pa_theme-marvel-legends-series-en","14":"first","15":"outofstock","16":"taxable","17":"shipping-taxable","18":"purchasable","19":"product-type-simple"},"acf":[],"yoast_head":"<!-- This site is optimized with the Yoast SEO plugin v26.1.1 - https:\/\/yoast.com\/wordpress\/plugins\/seo\/ -->\n<title>Doctor Strange Supreme Marvel Legends Series - EndormoonStore<\/title>\n<meta name=\"robots\" content=\"index, follow, max-snippet:-1, max-image-preview:large, max-video-preview:-1\" \/>\n<link rel=\"canonical\" href=\"https:\/\/endormoonstore.com\/doctor-strange-supreme-marvel-legends-series\/\" \/>\n<meta property=\"og:locale\" content=\"en_US\" \/>\n<meta property=\"og:type\" content=\"article\" \/>\n<meta property=\"og:title\" content=\"Doctor Strange Supreme Marvel Legends Series - EndormoonStore\" \/>\n<meta property=\"og:description\" content=\"Doctor Strange Supreme Marvel Legends Series Figura 15 cm  Hasbro Fans presenta la figura de Doctor Strange Supreme basada en los personajes de la serie de televisi\u00f3n &quot;What If...&quot;.\" \/>\n<meta property=\"og:url\" content=\"https:\/\/endormoonstore.com\/doctor-strange-supreme-marvel-legends-series\/\" \/>\n<meta property=\"og:site_name\" content=\"EndormoonStore\" \/>\n<meta property=\"article:modified_time\" content=\"2022-01-13T19:50:30+00:00\" \/>\n<meta property=\"og:image\" content=\"https:\/\/endormoonstore.com\/wp-content\/uploads\/2021\/08\/Doctor-Strange-Supreme-Marvel-Legends-Series-1.jpeg\" \/>\n\t<meta property=\"og:image:width\" content=\"750\" \/>\n\t<meta property=\"og:image:height\" content=\"750\" \/>\n\t<meta property=\"og:image:type\" content=\"image\/jpeg\" \/>\n<meta name=\"twitter:card\" content=\"summary_large_image\" \/>\n<meta name=\"twitter:label1\" content=\"Est. reading time\" \/>\n\t<meta name=\"twitter:data1\" content=\"1 minute\" \/>\n<script type=\"application\/ld+json\" class=\"yoast-schema-graph\">{\"@context\":\"https:\/\/schema.org\",\"@graph\":[{\"@type\":\"WebPage\",\"@id\":\"https:\/\/endormoonstore.com\/doctor-strange-supreme-marvel-legends-series\/\",\"url\":\"https:\/\/endormoonstore.com\/doctor-strange-supreme-marvel-legends-series\/\",\"name\":\"Doctor Strange Supreme Marvel Legends Series - EndormoonStore\",\"isPartOf\":{\"@id\":\"https:\/\/endormoonstore.com\/#website\"},\"primaryImageOfPage\":{\"@id\":\"https:\/\/endormoonstore.com\/doctor-strange-supreme-marvel-legends-series\/#primaryimage\"},\"image\":{\"@id\":\"https:\/\/endormoonstore.com\/doctor-strange-supreme-marvel-legends-series\/#primaryimage\"},\"thumbnailUrl\":\"https:\/\/endormoonstore.com\/wp-content\/uploads\/2021\/08\/Doctor-Strange-Supreme-Marvel-Legends-Series-1.jpeg\",\"datePublished\":\"2021-08-19T07:00:46+00:00\",\"dateModified\":\"2022-01-13T19:50:30+00:00\",\"breadcrumb\":{\"@id\":\"https:\/\/endormoonstore.com\/doctor-strange-supreme-marvel-legends-series\/#breadcrumb\"},\"inLanguage\":\"en-US\",\"potentialAction\":[{\"@type\":\"ReadAction\",\"target\":[\"https:\/\/endormoonstore.com\/doctor-strange-supreme-marvel-legends-series\/\"]}]},{\"@type\":\"ImageObject\",\"inLanguage\":\"en-US\",\"@id\":\"https:\/\/endormoonstore.com\/doctor-strange-supreme-marvel-legends-series\/#primaryimage\",\"url\":\"https:\/\/endormoonstore.com\/wp-content\/uploads\/2021\/08\/Doctor-Strange-Supreme-Marvel-Legends-Series-1.jpeg\",\"contentUrl\":\"https:\/\/endormoonstore.com\/wp-content\/uploads\/2021\/08\/Doctor-Strange-Supreme-Marvel-Legends-Series-1.jpeg\",\"width\":750,\"height\":750},{\"@type\":\"BreadcrumbList\",\"@id\":\"https:\/\/endormoonstore.com\/doctor-strange-supreme-marvel-legends-series\/#breadcrumb\",\"itemListElement\":[{\"@type\":\"ListItem\",\"position\":1,\"name\":\"Shop\",\"item\":\"https:\/\/endormoonstore.com\/en\/shop\/\"},{\"@type\":\"ListItem\",\"position\":2,\"name\":\"Doctor Strange Supreme Marvel Legends Series\"}]},{\"@type\":\"WebSite\",\"@id\":\"https:\/\/endormoonstore.com\/#website\",\"url\":\"https:\/\/endormoonstore.com\/\",\"name\":\"EndormoonStore\",\"description\":\"\",\"potentialAction\":[{\"@type\":\"SearchAction\",\"target\":{\"@type\":\"EntryPoint\",\"urlTemplate\":\"https:\/\/endormoonstore.com\/?s={search_term_string}\"},\"query-input\":{\"@type\":\"PropertyValueSpecification\",\"valueRequired\":true,\"valueName\":\"search_term_string\"}}],\"inLanguage\":\"en-US\"}]}<\/script>\n<!-- \/ Yoast SEO plugin. -->","yoast_head_json":{"title":"Doctor Strange Supreme Marvel Legends Series - EndormoonStore","robots":{"index":"index","follow":"follow","max-snippet":"max-snippet:-1","max-image-preview":"max-image-preview:large","max-video-preview":"max-video-preview:-1"},"canonical":"https:\/\/endormoonstore.com\/doctor-strange-supreme-marvel-legends-series\/","og_locale":"en_US","og_type":"article","og_title":"Doctor Strange Supreme Marvel Legends Series - EndormoonStore","og_description":"Doctor Strange Supreme Marvel Legends Series Figura 15 cm  Hasbro Fans presenta la figura de Doctor Strange Supreme basada en los personajes de la serie de televisi\u00f3n \"What If...\".","og_url":"https:\/\/endormoonstore.com\/doctor-strange-supreme-marvel-legends-series\/","og_site_name":"EndormoonStore","article_modified_time":"2022-01-13T19:50:30+00:00","og_image":[{"width":750,"height":750,"url":"https:\/\/endormoonstore.com\/wp-content\/uploads\/2021\/08\/Doctor-Strange-Supreme-Marvel-Legends-Series-1.jpeg","type":"image\/jpeg"}],"twitter_card":"summary_large_image","twitter_misc":{"Est. reading time":"1 minute"},"schema":{"@context":"https:\/\/schema.org","@graph":[{"@type":"WebPage","@id":"https:\/\/endormoonstore.com\/doctor-strange-supreme-marvel-legends-series\/","url":"https:\/\/endormoonstore.com\/doctor-strange-supreme-marvel-legends-series\/","name":"Doctor Strange Supreme Marvel Legends Series - EndormoonStore","isPartOf":{"@id":"https:\/\/endormoonstore.com\/#website"},"primaryImageOfPage":{"@id":"https:\/\/endormoonstore.com\/doctor-strange-supreme-marvel-legends-series\/#primaryimage"},"image":{"@id":"https:\/\/endormoonstore.com\/doctor-strange-supreme-marvel-legends-series\/#primaryimage"},"thumbnailUrl":"https:\/\/endormoonstore.com\/wp-content\/uploads\/2021\/08\/Doctor-Strange-Supreme-Marvel-Legends-Series-1.jpeg","datePublished":"2021-08-19T07:00:46+00:00","dateModified":"2022-01-13T19:50:30+00:00","breadcrumb":{"@id":"https:\/\/endormoonstore.com\/doctor-strange-supreme-marvel-legends-series\/#breadcrumb"},"inLanguage":"en-US","potentialAction":[{"@type":"ReadAction","target":["https:\/\/endormoonstore.com\/doctor-strange-supreme-marvel-legends-series\/"]}]},{"@type":"ImageObject","inLanguage":"en-US","@id":"https:\/\/endormoonstore.com\/doctor-strange-supreme-marvel-legends-series\/#primaryimage","url":"https:\/\/endormoonstore.com\/wp-content\/uploads\/2021\/08\/Doctor-Strange-Supreme-Marvel-Legends-Series-1.jpeg","contentUrl":"https:\/\/endormoonstore.com\/wp-content\/uploads\/2021\/08\/Doctor-Strange-Supreme-Marvel-Legends-Series-1.jpeg","width":750,"height":750},{"@type":"BreadcrumbList","@id":"https:\/\/endormoonstore.com\/doctor-strange-supreme-marvel-legends-series\/#breadcrumb","itemListElement":[{"@type":"ListItem","position":1,"name":"Shop","item":"https:\/\/endormoonstore.com\/en\/shop\/"},{"@type":"ListItem","position":2,"name":"Doctor Strange Supreme Marvel Legends Series"}]},{"@type":"WebSite","@id":"https:\/\/endormoonstore.com\/#website","url":"https:\/\/endormoonstore.com\/","name":"EndormoonStore","description":"","potentialAction":[{"@type":"SearchAction","target":{"@type":"EntryPoint","urlTemplate":"https:\/\/endormoonstore.com\/?s={search_term_string}"},"query-input":{"@type":"PropertyValueSpecification","valueRequired":true,"valueName":"search_term_string"}}],"inLanguage":"en-US"}]}},"taxonomy_info":{"product_cat":[{"value":1390,"label":"Figures"}],"pa_brand":[{"value":2084,"label":"Hasbro"}],"pa_character":[{"value":9181,"label":"Doctor Strange Supreme"}],"pa_episode":[{"value":9151,"label":"What If...?"}],"pa_license":[{"value":1642,"label":"Marvel"}],"pa_product-type":[{"value":2387,"label":"Figure"}],"pa_theme":[{"value":2071,"label":"Marvel Legends Series"}]},"featured_image_src_large":["https:\/\/endormoonstore.com\/wp-content\/uploads\/2021\/08\/Doctor-Strange-Supreme-Marvel-Legends-Series-1.jpeg",750,750,false],"author_info":[],"comment_info":"","_links":{"self":[{"href":"https:\/\/endormoonstore.com\/en\/wp-json\/wp\/v2\/product\/112018","targetHints":{"allow":["GET"]}}],"collection":[{"href":"https:\/\/endormoonstore.com\/en\/wp-json\/wp\/v2\/product"}],"about":[{"href":"https:\/\/endormoonstore.com\/en\/wp-json\/wp\/v2\/types\/product"}],"wp:featuredmedia":[{"embeddable":true,"href":"https:\/\/endormoonstore.com\/en\/wp-json\/wp\/v2\/media\/112005"}],"wp:attachment":[{"href":"https:\/\/endormoonstore.com\/en\/wp-json\/wp\/v2\/media?parent=112018"}],"wp:term":[{"taxonomy":"product_cat","embeddable":true,"href":"https:\/\/endormoonstore.com\/en\/wp-json\/wp\/v2\/product_cat?post=112018"},{"taxonomy":"product_tag","embeddable":true,"href":"https:\/\/endormoonstore.com\/en\/wp-json\/wp\/v2\/product_tag?post=112018"}],"curies":[{"name":"wp","href":"https:\/\/api.w.org\/{rel}","templated":true}]}}