{"id":111808,"date":"2021-08-16T21:53:29","date_gmt":"2021-08-16T19:53:29","guid":{"rendered":"https:\/\/endormoonstore.com\/cobra-kai-johnny-lawrence-action-figure-series-1\/"},"modified":"2022-04-13T16:06:54","modified_gmt":"2022-04-13T14:06:54","slug":"cobra-kai-johnny-lawrence-action-figure-series-1","status":"publish","type":"product","link":"https:\/\/endormoonstore.com\/en\/cobra-kai-johnny-lawrence-action-figure-series-1\/","title":{"rendered":"Cobra Kai Johnny Lawrence Action Figure Series 1"},"content":{"rendered":"<p><strong>Cobra Kai Johnny Lawrence Action Figure Series 1 Figuras 18 cm<\/strong><\/p>\n<ul>\n<li>\u00a1Un lanzamiento de Diamond Select Toys! \u00a1Una continuaci\u00f3n de la pel\u00edcula cl\u00e1sica The Karate Kid.<\/li>\n<li>La exitosa serie de televisi\u00f3n de Netflix Cobra Kai es ahora una serie de figuras de acci\u00f3n de lujo.<\/li>\n<li>Esta figura de Johnny Lawrence\u00a0mide unos 18 cm y presenta m\u00e1s de 16 puntos de articulaci\u00f3n.<\/li>\n<li>Adem\u00e1s de manos intercambiables para una variedad de movimientos de artes marciales.<\/li>\n<li>Empaquetado en una caja de ventana a todo color.<\/li>\n<li>Esculpido por Chris Dahlberg y Rocco Tartamella.<\/li>\n<\/ul>\n<p>&nbsp;<\/p>\n","protected":false},"excerpt":{"rendered":"<p><strong>Cobra Kai Johnny Lawrence Action Figure Series 1 Figuras 18 cm<\/strong><\/p>\n<p>\u00a1Un lanzamiento de Diamond Select Toys! \u00a1Una continuaci\u00f3n de la pel\u00edcula cl\u00e1sica The Karate Kid.<\/p>\n","protected":false},"featured_media":111801,"template":"","meta":{"_acf_changed":false,"_kad_blocks_custom_css":"","_kad_blocks_head_custom_js":"","_kad_blocks_body_custom_js":"","_kad_blocks_footer_custom_js":""},"product_cat":[1390],"product_tag":[],"class_list":{"0":"post-111808","1":"product","2":"type-product","3":"status-publish","4":"has-post-thumbnail","6":"product_cat-figures","7":"pa_brand-diamond-select-toys-en","8":"pa_character-johnny-lawrence-en","9":"pa_license-cobra-kai-en","10":"pa_product-type-figure","11":"pa_theme-deluxe-action-figure-en","13":"first","14":"outofstock","15":"taxable","16":"shipping-taxable","17":"purchasable","18":"product-type-simple"},"acf":[],"yoast_head":"<!-- This site is optimized with the Yoast SEO plugin v26.1.1 - https:\/\/yoast.com\/wordpress\/plugins\/seo\/ -->\n<title>Cobra Kai Johnny Lawrence Action Figure Series 1 - EndormoonStore<\/title>\n<meta name=\"robots\" content=\"index, follow, max-snippet:-1, max-image-preview:large, max-video-preview:-1\" \/>\n<link rel=\"canonical\" href=\"https:\/\/endormoonstore.com\/en\/cobra-kai-johnny-lawrence-action-figure-series-1\/\" \/>\n<meta property=\"og:locale\" content=\"en_US\" \/>\n<meta property=\"og:type\" content=\"article\" \/>\n<meta property=\"og:title\" content=\"Cobra Kai Johnny Lawrence Action Figure Series 1 - EndormoonStore\" \/>\n<meta property=\"og:description\" content=\"Cobra Kai Johnny Lawrence Action Figure Series 1 Figuras 18 cm  \u00a1Un lanzamiento de Diamond Select Toys! \u00a1Una continuaci\u00f3n de la pel\u00edcula cl\u00e1sica The Karate Kid.\" \/>\n<meta property=\"og:url\" content=\"https:\/\/endormoonstore.com\/en\/cobra-kai-johnny-lawrence-action-figure-series-1\/\" \/>\n<meta property=\"og:site_name\" content=\"EndormoonStore\" \/>\n<meta property=\"article:modified_time\" content=\"2022-04-13T14:06:54+00:00\" \/>\n<meta property=\"og:image\" content=\"https:\/\/endormoonstore.com\/wp-content\/uploads\/2021\/08\/Johnny-Lawrence-Series-1-Action-Figure-1.jpg\" \/>\n\t<meta property=\"og:image:width\" content=\"1000\" \/>\n\t<meta property=\"og:image:height\" content=\"1000\" \/>\n\t<meta property=\"og:image:type\" content=\"image\/jpeg\" \/>\n<meta name=\"twitter:card\" content=\"summary_large_image\" \/>\n<meta name=\"twitter:label1\" content=\"Est. reading time\" \/>\n\t<meta name=\"twitter:data1\" content=\"1 minute\" \/>\n<script type=\"application\/ld+json\" class=\"yoast-schema-graph\">{\"@context\":\"https:\/\/schema.org\",\"@graph\":[{\"@type\":\"WebPage\",\"@id\":\"https:\/\/endormoonstore.com\/en\/cobra-kai-johnny-lawrence-action-figure-series-1\/\",\"url\":\"https:\/\/endormoonstore.com\/en\/cobra-kai-johnny-lawrence-action-figure-series-1\/\",\"name\":\"Cobra Kai Johnny Lawrence Action Figure Series 1 - EndormoonStore\",\"isPartOf\":{\"@id\":\"https:\/\/endormoonstore.com\/#website\"},\"primaryImageOfPage\":{\"@id\":\"https:\/\/endormoonstore.com\/en\/cobra-kai-johnny-lawrence-action-figure-series-1\/#primaryimage\"},\"image\":{\"@id\":\"https:\/\/endormoonstore.com\/en\/cobra-kai-johnny-lawrence-action-figure-series-1\/#primaryimage\"},\"thumbnailUrl\":\"https:\/\/endormoonstore.com\/wp-content\/uploads\/2021\/08\/Johnny-Lawrence-Series-1-Action-Figure-1.jpg\",\"datePublished\":\"2021-08-16T19:53:29+00:00\",\"dateModified\":\"2022-04-13T14:06:54+00:00\",\"breadcrumb\":{\"@id\":\"https:\/\/endormoonstore.com\/en\/cobra-kai-johnny-lawrence-action-figure-series-1\/#breadcrumb\"},\"inLanguage\":\"en-US\",\"potentialAction\":[{\"@type\":\"ReadAction\",\"target\":[\"https:\/\/endormoonstore.com\/en\/cobra-kai-johnny-lawrence-action-figure-series-1\/\"]}]},{\"@type\":\"ImageObject\",\"inLanguage\":\"en-US\",\"@id\":\"https:\/\/endormoonstore.com\/en\/cobra-kai-johnny-lawrence-action-figure-series-1\/#primaryimage\",\"url\":\"https:\/\/endormoonstore.com\/wp-content\/uploads\/2021\/08\/Johnny-Lawrence-Series-1-Action-Figure-1.jpg\",\"contentUrl\":\"https:\/\/endormoonstore.com\/wp-content\/uploads\/2021\/08\/Johnny-Lawrence-Series-1-Action-Figure-1.jpg\",\"width\":1000,\"height\":1000},{\"@type\":\"BreadcrumbList\",\"@id\":\"https:\/\/endormoonstore.com\/en\/cobra-kai-johnny-lawrence-action-figure-series-1\/#breadcrumb\",\"itemListElement\":[{\"@type\":\"ListItem\",\"position\":1,\"name\":\"Shop\",\"item\":\"https:\/\/endormoonstore.com\/en\/shop\/\"},{\"@type\":\"ListItem\",\"position\":2,\"name\":\"Cobra Kai Johnny Lawrence Action Figure Series 1\"}]},{\"@type\":\"WebSite\",\"@id\":\"https:\/\/endormoonstore.com\/#website\",\"url\":\"https:\/\/endormoonstore.com\/\",\"name\":\"EndormoonStore\",\"description\":\"\",\"potentialAction\":[{\"@type\":\"SearchAction\",\"target\":{\"@type\":\"EntryPoint\",\"urlTemplate\":\"https:\/\/endormoonstore.com\/?s={search_term_string}\"},\"query-input\":{\"@type\":\"PropertyValueSpecification\",\"valueRequired\":true,\"valueName\":\"search_term_string\"}}],\"inLanguage\":\"en-US\"}]}<\/script>\n<!-- \/ Yoast SEO plugin. -->","yoast_head_json":{"title":"Cobra Kai Johnny Lawrence Action Figure Series 1 - EndormoonStore","robots":{"index":"index","follow":"follow","max-snippet":"max-snippet:-1","max-image-preview":"max-image-preview:large","max-video-preview":"max-video-preview:-1"},"canonical":"https:\/\/endormoonstore.com\/en\/cobra-kai-johnny-lawrence-action-figure-series-1\/","og_locale":"en_US","og_type":"article","og_title":"Cobra Kai Johnny Lawrence Action Figure Series 1 - EndormoonStore","og_description":"Cobra Kai Johnny Lawrence Action Figure Series 1 Figuras 18 cm  \u00a1Un lanzamiento de Diamond Select Toys! \u00a1Una continuaci\u00f3n de la pel\u00edcula cl\u00e1sica The Karate Kid.","og_url":"https:\/\/endormoonstore.com\/en\/cobra-kai-johnny-lawrence-action-figure-series-1\/","og_site_name":"EndormoonStore","article_modified_time":"2022-04-13T14:06:54+00:00","og_image":[{"width":1000,"height":1000,"url":"https:\/\/endormoonstore.com\/wp-content\/uploads\/2021\/08\/Johnny-Lawrence-Series-1-Action-Figure-1.jpg","type":"image\/jpeg"}],"twitter_card":"summary_large_image","twitter_misc":{"Est. reading time":"1 minute"},"schema":{"@context":"https:\/\/schema.org","@graph":[{"@type":"WebPage","@id":"https:\/\/endormoonstore.com\/en\/cobra-kai-johnny-lawrence-action-figure-series-1\/","url":"https:\/\/endormoonstore.com\/en\/cobra-kai-johnny-lawrence-action-figure-series-1\/","name":"Cobra Kai Johnny Lawrence Action Figure Series 1 - EndormoonStore","isPartOf":{"@id":"https:\/\/endormoonstore.com\/#website"},"primaryImageOfPage":{"@id":"https:\/\/endormoonstore.com\/en\/cobra-kai-johnny-lawrence-action-figure-series-1\/#primaryimage"},"image":{"@id":"https:\/\/endormoonstore.com\/en\/cobra-kai-johnny-lawrence-action-figure-series-1\/#primaryimage"},"thumbnailUrl":"https:\/\/endormoonstore.com\/wp-content\/uploads\/2021\/08\/Johnny-Lawrence-Series-1-Action-Figure-1.jpg","datePublished":"2021-08-16T19:53:29+00:00","dateModified":"2022-04-13T14:06:54+00:00","breadcrumb":{"@id":"https:\/\/endormoonstore.com\/en\/cobra-kai-johnny-lawrence-action-figure-series-1\/#breadcrumb"},"inLanguage":"en-US","potentialAction":[{"@type":"ReadAction","target":["https:\/\/endormoonstore.com\/en\/cobra-kai-johnny-lawrence-action-figure-series-1\/"]}]},{"@type":"ImageObject","inLanguage":"en-US","@id":"https:\/\/endormoonstore.com\/en\/cobra-kai-johnny-lawrence-action-figure-series-1\/#primaryimage","url":"https:\/\/endormoonstore.com\/wp-content\/uploads\/2021\/08\/Johnny-Lawrence-Series-1-Action-Figure-1.jpg","contentUrl":"https:\/\/endormoonstore.com\/wp-content\/uploads\/2021\/08\/Johnny-Lawrence-Series-1-Action-Figure-1.jpg","width":1000,"height":1000},{"@type":"BreadcrumbList","@id":"https:\/\/endormoonstore.com\/en\/cobra-kai-johnny-lawrence-action-figure-series-1\/#breadcrumb","itemListElement":[{"@type":"ListItem","position":1,"name":"Shop","item":"https:\/\/endormoonstore.com\/en\/shop\/"},{"@type":"ListItem","position":2,"name":"Cobra Kai Johnny Lawrence Action Figure Series 1"}]},{"@type":"WebSite","@id":"https:\/\/endormoonstore.com\/#website","url":"https:\/\/endormoonstore.com\/","name":"EndormoonStore","description":"","potentialAction":[{"@type":"SearchAction","target":{"@type":"EntryPoint","urlTemplate":"https:\/\/endormoonstore.com\/?s={search_term_string}"},"query-input":{"@type":"PropertyValueSpecification","valueRequired":true,"valueName":"search_term_string"}}],"inLanguage":"en-US"}]}},"taxonomy_info":{"product_cat":[{"value":1390,"label":"Figures"}],"pa_brand":[{"value":1632,"label":"Diamond Select Toys"}],"pa_character":[{"value":9127,"label":"Johnny Lawrence"}],"pa_license":[{"value":9133,"label":"Cobra Kai"}],"pa_product-type":[{"value":2387,"label":"Figure"}],"pa_theme":[{"value":3761,"label":"Deluxe Action Figure"}]},"featured_image_src_large":["https:\/\/endormoonstore.com\/wp-content\/uploads\/2021\/08\/Johnny-Lawrence-Series-1-Action-Figure-1.jpg",1000,1000,false],"author_info":[],"comment_info":"","_links":{"self":[{"href":"https:\/\/endormoonstore.com\/en\/wp-json\/wp\/v2\/product\/111808","targetHints":{"allow":["GET"]}}],"collection":[{"href":"https:\/\/endormoonstore.com\/en\/wp-json\/wp\/v2\/product"}],"about":[{"href":"https:\/\/endormoonstore.com\/en\/wp-json\/wp\/v2\/types\/product"}],"wp:featuredmedia":[{"embeddable":true,"href":"https:\/\/endormoonstore.com\/en\/wp-json\/wp\/v2\/media\/111801"}],"wp:attachment":[{"href":"https:\/\/endormoonstore.com\/en\/wp-json\/wp\/v2\/media?parent=111808"}],"wp:term":[{"taxonomy":"product_cat","embeddable":true,"href":"https:\/\/endormoonstore.com\/en\/wp-json\/wp\/v2\/product_cat?post=111808"},{"taxonomy":"product_tag","embeddable":true,"href":"https:\/\/endormoonstore.com\/en\/wp-json\/wp\/v2\/product_tag?post=111808"}],"curies":[{"name":"wp","href":"https:\/\/api.w.org\/{rel}","templated":true}]}}