{"id":111398,"date":"2021-08-11T22:24:35","date_gmt":"2021-08-11T20:24:35","guid":{"rendered":"https:\/\/endormoonstore.com\/transformers-collaborative-jurassic-park-mash-up-tyrannocon-rex-autobot-jp93\/"},"modified":"2022-01-04T19:41:08","modified_gmt":"2022-01-04T18:41:08","slug":"transformers-collaborative-jurassic-park-mash-up-tyrannocon-rex-autobot-jp93","status":"publish","type":"product","link":"https:\/\/endormoonstore.com\/en\/transformers-collaborative-jurassic-park-mash-up-tyrannocon-rex-autobot-jp93\/","title":{"rendered":"Transformers Collaborative Jurassic Park Mash-Up, Tyrannocon Rex &#038; Autobot JP93"},"content":{"rendered":"<p><strong>Transformers Collaborative Jurassic Park Mash-Up, Tyrannocon Rex &amp; Autobot JP93<\/strong><\/p>\n<ul>\n<li>Los Transformers siempre son, m\u00e1s de lo que se ve, pero ahora, a trav\u00e9s de Transformers Collaborative, los fan pueden experimentar estos personajes m\u00e1s grandes.<\/li>\n<li>Mientras se unen, combinan y se encuentran con otros personajes, equipos y personas que comparten esta misma cualidad especial.<\/li>\n<li>\u00a1Los mundos chocan en este paquete combinado de Transformers-Jurassic Park!<\/li>\n<li>El ic\u00f3nico T.rex y Ford Explorer de la pel\u00edcula Jurassic Park son ahora robots Transformers, llamados Tyrannocon Rex y Autobot JP93.<\/li>\n<li>La figura de Tyrannocon Rex se convierte en modo T.rex en 27 pasos y la figura de Autobot JP93 se convierte en modo Ford Explorer en 18 pasos.<\/li>\n<li>Ambas figuras cuentan con decoraci\u00f3n y detalles inspirados en la pel\u00edcula Jurassic Park.<\/li>\n<li>Tyrannocon Rex est\u00e1 suelto. Repito: Tyrannocon Rex est\u00e1 suelto.<\/li>\n<li>No te asustes. El Autobot JP93 ha sido enviado y est\u00e1 equipado para manejar la situaci\u00f3n. JP93 rastrear\u00e1 el rex fuera de la contenci\u00f3n y lo devolver\u00e1 a su lugar de inmediato.<\/li>\n<li>Si ves a Tyrannocon Rex, no te acerques. Llame a Jurassic Park Security cuando est\u00e9 fuera del alcance.<\/li>\n<li>La caja est\u00e1 inspirada en la ic\u00f3nica escena del ataque de T.rex en Jurassic Park<\/li>\n<li>Figuras de unos 18 y 14 cm<\/li>\n<\/ul>\n","protected":false},"excerpt":{"rendered":"<p><strong>Transformers Collaborative Jurassic Park Mash-Up, Tyrannocon Rex &amp; Autobot JP93<\/strong><\/p>\n<p>Los Transformers siempre son, m\u00e1s de lo que se ve, pero ahora, a trav\u00e9s de Transformers Collaborative, los fan pueden experimentar estos personajes m\u00e1s grandes.<\/p>\n","protected":false},"featured_media":111353,"template":"","meta":{"_acf_changed":false,"_kad_blocks_custom_css":"","_kad_blocks_head_custom_js":"","_kad_blocks_body_custom_js":"","_kad_blocks_footer_custom_js":""},"product_cat":[1390],"product_tag":[],"class_list":{"0":"post-111398","1":"product","2":"type-product","3":"status-publish","4":"has-post-thumbnail","6":"product_cat-figures","7":"pa_brand-hasbro-en","8":"pa_character-autobot-jp93-en","9":"pa_character-tyrannocon-rex-en","10":"pa_episode-jurassic-park-en","11":"pa_license-transformers-en","12":"pa_product-type-figure","13":"pa_theme-transformers-collaborative-en","15":"first","16":"instock","17":"taxable","18":"shipping-taxable","19":"purchasable","20":"product-type-simple"},"acf":[],"yoast_head":"<!-- This site is optimized with the Yoast SEO plugin v26.1.1 - https:\/\/yoast.com\/wordpress\/plugins\/seo\/ -->\n<title>Transformers Collaborative Jurassic Park Mash-Up, Tyrannocon Rex &amp; Autobot JP93 - EndormoonStore<\/title>\n<meta name=\"robots\" content=\"index, follow, max-snippet:-1, max-image-preview:large, max-video-preview:-1\" \/>\n<link rel=\"canonical\" href=\"https:\/\/endormoonstore.com\/en\/transformers-collaborative-jurassic-park-mash-up-tyrannocon-rex-autobot-jp93\/\" \/>\n<meta property=\"og:locale\" content=\"en_US\" \/>\n<meta property=\"og:type\" content=\"article\" \/>\n<meta property=\"og:title\" content=\"Transformers Collaborative Jurassic Park Mash-Up, Tyrannocon Rex &amp; Autobot JP93 - EndormoonStore\" \/>\n<meta property=\"og:description\" content=\"Transformers Collaborative Jurassic Park Mash-Up, Tyrannocon Rex &amp; Autobot JP93  Los Transformers siempre son, m\u00e1s de lo que se ve, pero ahora, a trav\u00e9s de Transformers Collaborative, los fan pueden experimentar estos personajes m\u00e1s grandes.\" \/>\n<meta property=\"og:url\" content=\"https:\/\/endormoonstore.com\/en\/transformers-collaborative-jurassic-park-mash-up-tyrannocon-rex-autobot-jp93\/\" \/>\n<meta property=\"og:site_name\" content=\"EndormoonStore\" \/>\n<meta property=\"article:modified_time\" content=\"2022-01-04T18:41:08+00:00\" \/>\n<meta property=\"og:image\" content=\"https:\/\/endormoonstore.com\/wp-content\/uploads\/2021\/08\/Transformers-Collaborative-Jurassic-Park-Mash-Up-Tyrannocon-Rex-Autobot-JP93-1.jpeg\" \/>\n\t<meta property=\"og:image:width\" content=\"1000\" \/>\n\t<meta property=\"og:image:height\" content=\"750\" \/>\n\t<meta property=\"og:image:type\" content=\"image\/jpeg\" \/>\n<meta name=\"twitter:card\" content=\"summary_large_image\" \/>\n<meta name=\"twitter:label1\" content=\"Est. reading time\" \/>\n\t<meta name=\"twitter:data1\" content=\"1 minute\" \/>\n<script type=\"application\/ld+json\" class=\"yoast-schema-graph\">{\"@context\":\"https:\/\/schema.org\",\"@graph\":[{\"@type\":\"WebPage\",\"@id\":\"https:\/\/endormoonstore.com\/en\/transformers-collaborative-jurassic-park-mash-up-tyrannocon-rex-autobot-jp93\/\",\"url\":\"https:\/\/endormoonstore.com\/en\/transformers-collaborative-jurassic-park-mash-up-tyrannocon-rex-autobot-jp93\/\",\"name\":\"Transformers Collaborative Jurassic Park Mash-Up, Tyrannocon Rex & Autobot JP93 - EndormoonStore\",\"isPartOf\":{\"@id\":\"https:\/\/endormoonstore.com\/#website\"},\"primaryImageOfPage\":{\"@id\":\"https:\/\/endormoonstore.com\/en\/transformers-collaborative-jurassic-park-mash-up-tyrannocon-rex-autobot-jp93\/#primaryimage\"},\"image\":{\"@id\":\"https:\/\/endormoonstore.com\/en\/transformers-collaborative-jurassic-park-mash-up-tyrannocon-rex-autobot-jp93\/#primaryimage\"},\"thumbnailUrl\":\"https:\/\/endormoonstore.com\/wp-content\/uploads\/2021\/08\/Transformers-Collaborative-Jurassic-Park-Mash-Up-Tyrannocon-Rex-Autobot-JP93-1.jpeg\",\"datePublished\":\"2021-08-11T20:24:35+00:00\",\"dateModified\":\"2022-01-04T18:41:08+00:00\",\"breadcrumb\":{\"@id\":\"https:\/\/endormoonstore.com\/en\/transformers-collaborative-jurassic-park-mash-up-tyrannocon-rex-autobot-jp93\/#breadcrumb\"},\"inLanguage\":\"en-US\",\"potentialAction\":[{\"@type\":\"ReadAction\",\"target\":[\"https:\/\/endormoonstore.com\/en\/transformers-collaborative-jurassic-park-mash-up-tyrannocon-rex-autobot-jp93\/\"]}]},{\"@type\":\"ImageObject\",\"inLanguage\":\"en-US\",\"@id\":\"https:\/\/endormoonstore.com\/en\/transformers-collaborative-jurassic-park-mash-up-tyrannocon-rex-autobot-jp93\/#primaryimage\",\"url\":\"https:\/\/endormoonstore.com\/wp-content\/uploads\/2021\/08\/Transformers-Collaborative-Jurassic-Park-Mash-Up-Tyrannocon-Rex-Autobot-JP93-1.jpeg\",\"contentUrl\":\"https:\/\/endormoonstore.com\/wp-content\/uploads\/2021\/08\/Transformers-Collaborative-Jurassic-Park-Mash-Up-Tyrannocon-Rex-Autobot-JP93-1.jpeg\",\"width\":1000,\"height\":750},{\"@type\":\"BreadcrumbList\",\"@id\":\"https:\/\/endormoonstore.com\/en\/transformers-collaborative-jurassic-park-mash-up-tyrannocon-rex-autobot-jp93\/#breadcrumb\",\"itemListElement\":[{\"@type\":\"ListItem\",\"position\":1,\"name\":\"Shop\",\"item\":\"https:\/\/endormoonstore.com\/en\/shop\/\"},{\"@type\":\"ListItem\",\"position\":2,\"name\":\"Transformers Collaborative Jurassic Park Mash-Up, Tyrannocon Rex &#038; Autobot JP93\"}]},{\"@type\":\"WebSite\",\"@id\":\"https:\/\/endormoonstore.com\/#website\",\"url\":\"https:\/\/endormoonstore.com\/\",\"name\":\"EndormoonStore\",\"description\":\"\",\"potentialAction\":[{\"@type\":\"SearchAction\",\"target\":{\"@type\":\"EntryPoint\",\"urlTemplate\":\"https:\/\/endormoonstore.com\/?s={search_term_string}\"},\"query-input\":{\"@type\":\"PropertyValueSpecification\",\"valueRequired\":true,\"valueName\":\"search_term_string\"}}],\"inLanguage\":\"en-US\"}]}<\/script>\n<!-- \/ Yoast SEO plugin. -->","yoast_head_json":{"title":"Transformers Collaborative Jurassic Park Mash-Up, Tyrannocon Rex & Autobot JP93 - EndormoonStore","robots":{"index":"index","follow":"follow","max-snippet":"max-snippet:-1","max-image-preview":"max-image-preview:large","max-video-preview":"max-video-preview:-1"},"canonical":"https:\/\/endormoonstore.com\/en\/transformers-collaborative-jurassic-park-mash-up-tyrannocon-rex-autobot-jp93\/","og_locale":"en_US","og_type":"article","og_title":"Transformers Collaborative Jurassic Park Mash-Up, Tyrannocon Rex & Autobot JP93 - EndormoonStore","og_description":"Transformers Collaborative Jurassic Park Mash-Up, Tyrannocon Rex &amp; Autobot JP93  Los Transformers siempre son, m\u00e1s de lo que se ve, pero ahora, a trav\u00e9s de Transformers Collaborative, los fan pueden experimentar estos personajes m\u00e1s grandes.","og_url":"https:\/\/endormoonstore.com\/en\/transformers-collaborative-jurassic-park-mash-up-tyrannocon-rex-autobot-jp93\/","og_site_name":"EndormoonStore","article_modified_time":"2022-01-04T18:41:08+00:00","og_image":[{"width":1000,"height":750,"url":"https:\/\/endormoonstore.com\/wp-content\/uploads\/2021\/08\/Transformers-Collaborative-Jurassic-Park-Mash-Up-Tyrannocon-Rex-Autobot-JP93-1.jpeg","type":"image\/jpeg"}],"twitter_card":"summary_large_image","twitter_misc":{"Est. reading time":"1 minute"},"schema":{"@context":"https:\/\/schema.org","@graph":[{"@type":"WebPage","@id":"https:\/\/endormoonstore.com\/en\/transformers-collaborative-jurassic-park-mash-up-tyrannocon-rex-autobot-jp93\/","url":"https:\/\/endormoonstore.com\/en\/transformers-collaborative-jurassic-park-mash-up-tyrannocon-rex-autobot-jp93\/","name":"Transformers Collaborative Jurassic Park Mash-Up, Tyrannocon Rex & Autobot JP93 - EndormoonStore","isPartOf":{"@id":"https:\/\/endormoonstore.com\/#website"},"primaryImageOfPage":{"@id":"https:\/\/endormoonstore.com\/en\/transformers-collaborative-jurassic-park-mash-up-tyrannocon-rex-autobot-jp93\/#primaryimage"},"image":{"@id":"https:\/\/endormoonstore.com\/en\/transformers-collaborative-jurassic-park-mash-up-tyrannocon-rex-autobot-jp93\/#primaryimage"},"thumbnailUrl":"https:\/\/endormoonstore.com\/wp-content\/uploads\/2021\/08\/Transformers-Collaborative-Jurassic-Park-Mash-Up-Tyrannocon-Rex-Autobot-JP93-1.jpeg","datePublished":"2021-08-11T20:24:35+00:00","dateModified":"2022-01-04T18:41:08+00:00","breadcrumb":{"@id":"https:\/\/endormoonstore.com\/en\/transformers-collaborative-jurassic-park-mash-up-tyrannocon-rex-autobot-jp93\/#breadcrumb"},"inLanguage":"en-US","potentialAction":[{"@type":"ReadAction","target":["https:\/\/endormoonstore.com\/en\/transformers-collaborative-jurassic-park-mash-up-tyrannocon-rex-autobot-jp93\/"]}]},{"@type":"ImageObject","inLanguage":"en-US","@id":"https:\/\/endormoonstore.com\/en\/transformers-collaborative-jurassic-park-mash-up-tyrannocon-rex-autobot-jp93\/#primaryimage","url":"https:\/\/endormoonstore.com\/wp-content\/uploads\/2021\/08\/Transformers-Collaborative-Jurassic-Park-Mash-Up-Tyrannocon-Rex-Autobot-JP93-1.jpeg","contentUrl":"https:\/\/endormoonstore.com\/wp-content\/uploads\/2021\/08\/Transformers-Collaborative-Jurassic-Park-Mash-Up-Tyrannocon-Rex-Autobot-JP93-1.jpeg","width":1000,"height":750},{"@type":"BreadcrumbList","@id":"https:\/\/endormoonstore.com\/en\/transformers-collaborative-jurassic-park-mash-up-tyrannocon-rex-autobot-jp93\/#breadcrumb","itemListElement":[{"@type":"ListItem","position":1,"name":"Shop","item":"https:\/\/endormoonstore.com\/en\/shop\/"},{"@type":"ListItem","position":2,"name":"Transformers Collaborative Jurassic Park Mash-Up, Tyrannocon Rex &#038; Autobot JP93"}]},{"@type":"WebSite","@id":"https:\/\/endormoonstore.com\/#website","url":"https:\/\/endormoonstore.com\/","name":"EndormoonStore","description":"","potentialAction":[{"@type":"SearchAction","target":{"@type":"EntryPoint","urlTemplate":"https:\/\/endormoonstore.com\/?s={search_term_string}"},"query-input":{"@type":"PropertyValueSpecification","valueRequired":true,"valueName":"search_term_string"}}],"inLanguage":"en-US"}]}},"taxonomy_info":{"product_cat":[{"value":1390,"label":"Figures"}],"pa_brand":[{"value":2084,"label":"Hasbro"}],"pa_character":[{"value":9024,"label":"Autobot JP93"},{"value":9018,"label":"Tyrannocon Rex"}],"pa_episode":[{"value":9030,"label":"Jurassic Park"}],"pa_license":[{"value":1873,"label":"Transformers"}],"pa_product-type":[{"value":2387,"label":"Figure"}],"pa_theme":[{"value":4370,"label":"Transformers Collaborative"}]},"featured_image_src_large":["https:\/\/endormoonstore.com\/wp-content\/uploads\/2021\/08\/Transformers-Collaborative-Jurassic-Park-Mash-Up-Tyrannocon-Rex-Autobot-JP93-1.jpeg",1000,750,false],"author_info":[],"comment_info":"","_links":{"self":[{"href":"https:\/\/endormoonstore.com\/en\/wp-json\/wp\/v2\/product\/111398","targetHints":{"allow":["GET"]}}],"collection":[{"href":"https:\/\/endormoonstore.com\/en\/wp-json\/wp\/v2\/product"}],"about":[{"href":"https:\/\/endormoonstore.com\/en\/wp-json\/wp\/v2\/types\/product"}],"wp:featuredmedia":[{"embeddable":true,"href":"https:\/\/endormoonstore.com\/en\/wp-json\/wp\/v2\/media\/111353"}],"wp:attachment":[{"href":"https:\/\/endormoonstore.com\/en\/wp-json\/wp\/v2\/media?parent=111398"}],"wp:term":[{"taxonomy":"product_cat","embeddable":true,"href":"https:\/\/endormoonstore.com\/en\/wp-json\/wp\/v2\/product_cat?post=111398"},{"taxonomy":"product_tag","embeddable":true,"href":"https:\/\/endormoonstore.com\/en\/wp-json\/wp\/v2\/product_tag?post=111398"}],"curies":[{"name":"wp","href":"https:\/\/api.w.org\/{rel}","templated":true}]}}