{"id":111349,"date":"2021-08-11T21:20:49","date_gmt":"2021-08-11T19:20:49","guid":{"rendered":"https:\/\/endormoonstore.com\/narancia-ghirga-jojos-bizarre-adventure-golden-wind-nendoroid\/"},"modified":"2022-07-19T15:53:39","modified_gmt":"2022-07-19T13:53:39","slug":"narancia-ghirga-jojos-bizarre-adventure-golden-wind-nendoroid","status":"publish","type":"product","link":"https:\/\/endormoonstore.com\/en\/narancia-ghirga-jojos-bizarre-adventure-golden-wind-nendoroid\/","title":{"rendered":"Narancia Ghirga JoJo&#8217;s Bizarre Adventure Golden Wind Nendoroid"},"content":{"rendered":"<p><strong>Narancia Ghirga JoJo&#8217;s Bizarre Adventure Golden Wind Nendoroid Figura 10 cm<\/strong><\/p>\n<ul>\n<li>Good Smile Company nos trae a Espa\u00f1a de la compa\u00f1\u00eda Medicos Entertaintment, este nuevo Nendoroid de Narancia Ghirga<\/li>\n<li>\u00a1De la parte 5 de la serie de anime JoJo&#8217;s Bizarre Adventure: Golden Wind llega un Nendoroid de Narancia Ghirga!<\/li>\n<li>La figura est\u00e1 completamente articulada para que puedas exhibirlo en una amplia variedad de poses.<\/li>\n<li>Viene con 3 placas frontales: una expresi\u00f3n est\u00e1ndar, una expresi\u00f3n de combate y una expresi\u00f3n sonriente.<\/li>\n<li>El set tambi\u00e9n incluye su Stand, Aerosmith, su radar y un cuchillo.<\/li>\n<li>\u00a1Tambi\u00e9n se incluye una versi\u00f3n reducida de Formaggio, un miembro del equipo de asesinos que apunt\u00f3 a Narancia!<\/li>\n<\/ul>\n<p>&nbsp;<\/p>\n","protected":false},"excerpt":{"rendered":"<p><strong>Narancia Ghirga JoJo&#8217;s Bizarre Adventure Golden Wind Nendoroid Figura 10 cm<\/strong><\/p>\n<p>Good Smile Company nos trae a Espa\u00f1a de la compa\u00f1\u00eda Medicos Entertaintment, este nuevo Nendoroid de Narancia Ghirga<\/p>\n","protected":false},"featured_media":111336,"template":"","meta":{"_acf_changed":false,"_kad_blocks_custom_css":"","_kad_blocks_head_custom_js":"","_kad_blocks_body_custom_js":"","_kad_blocks_footer_custom_js":""},"product_cat":[1390],"product_tag":[],"class_list":{"0":"post-111349","1":"product","2":"type-product","3":"status-publish","4":"has-post-thumbnail","6":"product_cat-figures","7":"pa_brand-good-smile-company-en","8":"pa_character-narancia-ghirga-en","9":"pa_license-jojos-bizarre-adventure-en","10":"pa_product-type-figure","11":"pa_theme-nendoroid-en","13":"first","14":"outofstock","15":"taxable","16":"shipping-taxable","17":"purchasable","18":"product-type-simple"},"acf":[],"yoast_head":"<!-- This site is optimized with the Yoast SEO plugin v26.1.1 - https:\/\/yoast.com\/wordpress\/plugins\/seo\/ -->\n<title>Narancia Ghirga JoJo&#039;s Bizarre Adventure Golden Wind Nendoroid - EndormoonStore<\/title>\n<meta name=\"robots\" content=\"index, follow, max-snippet:-1, max-image-preview:large, max-video-preview:-1\" \/>\n<link rel=\"canonical\" href=\"https:\/\/endormoonstore.com\/narancia-ghirga-jojos-bizarre-adventure-golden-wind-nendoroid\/\" \/>\n<meta property=\"og:locale\" content=\"en_US\" \/>\n<meta property=\"og:type\" content=\"article\" \/>\n<meta property=\"og:title\" content=\"Narancia Ghirga JoJo&#039;s Bizarre Adventure Golden Wind Nendoroid - EndormoonStore\" \/>\n<meta property=\"og:description\" content=\"Narancia Ghirga JoJo&#039;s Bizarre Adventure Golden Wind Nendoroid Figura 10 cm  Good Smile Company nos trae a Espa\u00f1a de la compa\u00f1\u00eda Medicos Entertaintment, este nuevo Nendoroid de Narancia Ghirga\" \/>\n<meta property=\"og:url\" content=\"https:\/\/endormoonstore.com\/narancia-ghirga-jojos-bizarre-adventure-golden-wind-nendoroid\/\" \/>\n<meta property=\"og:site_name\" content=\"EndormoonStore\" \/>\n<meta property=\"article:modified_time\" content=\"2022-07-19T13:53:39+00:00\" \/>\n<meta property=\"og:image\" content=\"https:\/\/endormoonstore.com\/wp-content\/uploads\/2021\/08\/Narancia-Ghirga-JoJos-Bizarre-Adventure-Nendoroid-1.jpeg\" \/>\n\t<meta property=\"og:image:width\" content=\"562\" \/>\n\t<meta property=\"og:image:height\" content=\"750\" \/>\n\t<meta property=\"og:image:type\" content=\"image\/jpeg\" \/>\n<meta name=\"twitter:card\" content=\"summary_large_image\" \/>\n<meta name=\"twitter:label1\" content=\"Est. reading time\" \/>\n\t<meta name=\"twitter:data1\" content=\"1 minute\" \/>\n<script type=\"application\/ld+json\" class=\"yoast-schema-graph\">{\"@context\":\"https:\/\/schema.org\",\"@graph\":[{\"@type\":\"WebPage\",\"@id\":\"https:\/\/endormoonstore.com\/narancia-ghirga-jojos-bizarre-adventure-golden-wind-nendoroid\/\",\"url\":\"https:\/\/endormoonstore.com\/narancia-ghirga-jojos-bizarre-adventure-golden-wind-nendoroid\/\",\"name\":\"Narancia Ghirga JoJo's Bizarre Adventure Golden Wind Nendoroid - EndormoonStore\",\"isPartOf\":{\"@id\":\"https:\/\/endormoonstore.com\/#website\"},\"primaryImageOfPage\":{\"@id\":\"https:\/\/endormoonstore.com\/narancia-ghirga-jojos-bizarre-adventure-golden-wind-nendoroid\/#primaryimage\"},\"image\":{\"@id\":\"https:\/\/endormoonstore.com\/narancia-ghirga-jojos-bizarre-adventure-golden-wind-nendoroid\/#primaryimage\"},\"thumbnailUrl\":\"https:\/\/endormoonstore.com\/wp-content\/uploads\/2021\/08\/Narancia-Ghirga-JoJos-Bizarre-Adventure-Nendoroid-1.jpeg\",\"datePublished\":\"2021-08-11T19:20:49+00:00\",\"dateModified\":\"2022-07-19T13:53:39+00:00\",\"breadcrumb\":{\"@id\":\"https:\/\/endormoonstore.com\/narancia-ghirga-jojos-bizarre-adventure-golden-wind-nendoroid\/#breadcrumb\"},\"inLanguage\":\"en-US\",\"potentialAction\":[{\"@type\":\"ReadAction\",\"target\":[\"https:\/\/endormoonstore.com\/narancia-ghirga-jojos-bizarre-adventure-golden-wind-nendoroid\/\"]}]},{\"@type\":\"ImageObject\",\"inLanguage\":\"en-US\",\"@id\":\"https:\/\/endormoonstore.com\/narancia-ghirga-jojos-bizarre-adventure-golden-wind-nendoroid\/#primaryimage\",\"url\":\"https:\/\/endormoonstore.com\/wp-content\/uploads\/2021\/08\/Narancia-Ghirga-JoJos-Bizarre-Adventure-Nendoroid-1.jpeg\",\"contentUrl\":\"https:\/\/endormoonstore.com\/wp-content\/uploads\/2021\/08\/Narancia-Ghirga-JoJos-Bizarre-Adventure-Nendoroid-1.jpeg\",\"width\":562,\"height\":750},{\"@type\":\"BreadcrumbList\",\"@id\":\"https:\/\/endormoonstore.com\/narancia-ghirga-jojos-bizarre-adventure-golden-wind-nendoroid\/#breadcrumb\",\"itemListElement\":[{\"@type\":\"ListItem\",\"position\":1,\"name\":\"Shop\",\"item\":\"https:\/\/endormoonstore.com\/en\/shop\/\"},{\"@type\":\"ListItem\",\"position\":2,\"name\":\"Narancia Ghirga JoJo&#8217;s Bizarre Adventure Golden Wind Nendoroid\"}]},{\"@type\":\"WebSite\",\"@id\":\"https:\/\/endormoonstore.com\/#website\",\"url\":\"https:\/\/endormoonstore.com\/\",\"name\":\"EndormoonStore\",\"description\":\"\",\"potentialAction\":[{\"@type\":\"SearchAction\",\"target\":{\"@type\":\"EntryPoint\",\"urlTemplate\":\"https:\/\/endormoonstore.com\/?s={search_term_string}\"},\"query-input\":{\"@type\":\"PropertyValueSpecification\",\"valueRequired\":true,\"valueName\":\"search_term_string\"}}],\"inLanguage\":\"en-US\"}]}<\/script>\n<!-- \/ Yoast SEO plugin. -->","yoast_head_json":{"title":"Narancia Ghirga JoJo's Bizarre Adventure Golden Wind Nendoroid - EndormoonStore","robots":{"index":"index","follow":"follow","max-snippet":"max-snippet:-1","max-image-preview":"max-image-preview:large","max-video-preview":"max-video-preview:-1"},"canonical":"https:\/\/endormoonstore.com\/narancia-ghirga-jojos-bizarre-adventure-golden-wind-nendoroid\/","og_locale":"en_US","og_type":"article","og_title":"Narancia Ghirga JoJo's Bizarre Adventure Golden Wind Nendoroid - EndormoonStore","og_description":"Narancia Ghirga JoJo's Bizarre Adventure Golden Wind Nendoroid Figura 10 cm  Good Smile Company nos trae a Espa\u00f1a de la compa\u00f1\u00eda Medicos Entertaintment, este nuevo Nendoroid de Narancia Ghirga","og_url":"https:\/\/endormoonstore.com\/narancia-ghirga-jojos-bizarre-adventure-golden-wind-nendoroid\/","og_site_name":"EndormoonStore","article_modified_time":"2022-07-19T13:53:39+00:00","og_image":[{"width":562,"height":750,"url":"https:\/\/endormoonstore.com\/wp-content\/uploads\/2021\/08\/Narancia-Ghirga-JoJos-Bizarre-Adventure-Nendoroid-1.jpeg","type":"image\/jpeg"}],"twitter_card":"summary_large_image","twitter_misc":{"Est. reading time":"1 minute"},"schema":{"@context":"https:\/\/schema.org","@graph":[{"@type":"WebPage","@id":"https:\/\/endormoonstore.com\/narancia-ghirga-jojos-bizarre-adventure-golden-wind-nendoroid\/","url":"https:\/\/endormoonstore.com\/narancia-ghirga-jojos-bizarre-adventure-golden-wind-nendoroid\/","name":"Narancia Ghirga JoJo's Bizarre Adventure Golden Wind Nendoroid - EndormoonStore","isPartOf":{"@id":"https:\/\/endormoonstore.com\/#website"},"primaryImageOfPage":{"@id":"https:\/\/endormoonstore.com\/narancia-ghirga-jojos-bizarre-adventure-golden-wind-nendoroid\/#primaryimage"},"image":{"@id":"https:\/\/endormoonstore.com\/narancia-ghirga-jojos-bizarre-adventure-golden-wind-nendoroid\/#primaryimage"},"thumbnailUrl":"https:\/\/endormoonstore.com\/wp-content\/uploads\/2021\/08\/Narancia-Ghirga-JoJos-Bizarre-Adventure-Nendoroid-1.jpeg","datePublished":"2021-08-11T19:20:49+00:00","dateModified":"2022-07-19T13:53:39+00:00","breadcrumb":{"@id":"https:\/\/endormoonstore.com\/narancia-ghirga-jojos-bizarre-adventure-golden-wind-nendoroid\/#breadcrumb"},"inLanguage":"en-US","potentialAction":[{"@type":"ReadAction","target":["https:\/\/endormoonstore.com\/narancia-ghirga-jojos-bizarre-adventure-golden-wind-nendoroid\/"]}]},{"@type":"ImageObject","inLanguage":"en-US","@id":"https:\/\/endormoonstore.com\/narancia-ghirga-jojos-bizarre-adventure-golden-wind-nendoroid\/#primaryimage","url":"https:\/\/endormoonstore.com\/wp-content\/uploads\/2021\/08\/Narancia-Ghirga-JoJos-Bizarre-Adventure-Nendoroid-1.jpeg","contentUrl":"https:\/\/endormoonstore.com\/wp-content\/uploads\/2021\/08\/Narancia-Ghirga-JoJos-Bizarre-Adventure-Nendoroid-1.jpeg","width":562,"height":750},{"@type":"BreadcrumbList","@id":"https:\/\/endormoonstore.com\/narancia-ghirga-jojos-bizarre-adventure-golden-wind-nendoroid\/#breadcrumb","itemListElement":[{"@type":"ListItem","position":1,"name":"Shop","item":"https:\/\/endormoonstore.com\/en\/shop\/"},{"@type":"ListItem","position":2,"name":"Narancia Ghirga JoJo&#8217;s Bizarre Adventure Golden Wind Nendoroid"}]},{"@type":"WebSite","@id":"https:\/\/endormoonstore.com\/#website","url":"https:\/\/endormoonstore.com\/","name":"EndormoonStore","description":"","potentialAction":[{"@type":"SearchAction","target":{"@type":"EntryPoint","urlTemplate":"https:\/\/endormoonstore.com\/?s={search_term_string}"},"query-input":{"@type":"PropertyValueSpecification","valueRequired":true,"valueName":"search_term_string"}}],"inLanguage":"en-US"}]}},"taxonomy_info":{"product_cat":[{"value":1390,"label":"Figures"}],"pa_brand":[{"value":2081,"label":"Good Smile Company"}],"pa_character":[{"value":9012,"label":"Narancia Ghirga"}],"pa_license":[{"value":1915,"label":"JoJo\u00b4s Bizarre Adventure"}],"pa_product-type":[{"value":2387,"label":"Figure"}],"pa_theme":[{"value":1861,"label":"Nendoroid"}]},"featured_image_src_large":["https:\/\/endormoonstore.com\/wp-content\/uploads\/2021\/08\/Narancia-Ghirga-JoJos-Bizarre-Adventure-Nendoroid-1.jpeg",562,750,false],"author_info":[],"comment_info":"","_links":{"self":[{"href":"https:\/\/endormoonstore.com\/en\/wp-json\/wp\/v2\/product\/111349","targetHints":{"allow":["GET"]}}],"collection":[{"href":"https:\/\/endormoonstore.com\/en\/wp-json\/wp\/v2\/product"}],"about":[{"href":"https:\/\/endormoonstore.com\/en\/wp-json\/wp\/v2\/types\/product"}],"wp:featuredmedia":[{"embeddable":true,"href":"https:\/\/endormoonstore.com\/en\/wp-json\/wp\/v2\/media\/111336"}],"wp:attachment":[{"href":"https:\/\/endormoonstore.com\/en\/wp-json\/wp\/v2\/media?parent=111349"}],"wp:term":[{"taxonomy":"product_cat","embeddable":true,"href":"https:\/\/endormoonstore.com\/en\/wp-json\/wp\/v2\/product_cat?post=111349"},{"taxonomy":"product_tag","embeddable":true,"href":"https:\/\/endormoonstore.com\/en\/wp-json\/wp\/v2\/product_tag?post=111349"}],"curies":[{"name":"wp","href":"https:\/\/api.w.org\/{rel}","templated":true}]}}