{"id":111238,"date":"2021-08-10T21:03:35","date_gmt":"2021-08-10T19:03:35","guid":{"rendered":"https:\/\/endormoonstore.com\/star-wars-the-black-series-carbonized-collection-paz-vizsla\/"},"modified":"2022-03-12T14:42:39","modified_gmt":"2022-03-12T13:42:39","slug":"star-wars-the-black-series-carbonized-collection-paz-vizsla","status":"publish","type":"product","link":"https:\/\/endormoonstore.com\/en\/star-wars-the-black-series-carbonized-collection-paz-vizsla\/","title":{"rendered":"Star Wars The Black Series Carbonized Collection Paz Vizsla"},"content":{"rendered":"<p><strong>Star Wars The Black Series Carbonized Collection Paz Vizsla Figura 15 cm<\/strong><\/p>\n<ul>\n<li>Un guerrero musculoso envuelto en la armadura beskar m\u00e1s fuerte, Paz Vizsla es parte de un enclave secreto de su gente.<\/li>\n<li>La figura de Paz Vizsla de Carbonized Collection de unos 15 cm est\u00e1 cuidadosamente detallada para parecerse al personaje de la serie\u00a0 The Mandalorian.<\/li>\n<li>Con detalles premium, m\u00faltiples puntos de articulaci\u00f3n y un acabado met\u00e1lico.<\/li>\n<li>Esta figura de acci\u00f3n de Star Wars The Black Series viene con un accesorio bl\u00e1ster extra\u00edble<\/li>\n<\/ul>\n<p>&nbsp;<\/p>\n","protected":false},"excerpt":{"rendered":"<p><strong>Star Wars The Black Series Carbonized Collection Paz Vizsla Figura 15 cm<\/strong><\/p>\n<p>Un guerrero musculoso envuelto en la armadura beskar m\u00e1s fuerte, Paz Vizsla es parte de un enclave secreto de su gente.<\/p>\n","protected":false},"featured_media":111227,"template":"","meta":{"_acf_changed":false,"_kad_blocks_custom_css":"","_kad_blocks_head_custom_js":"","_kad_blocks_body_custom_js":"","_kad_blocks_footer_custom_js":""},"product_cat":[1390],"product_tag":[],"class_list":{"0":"post-111238","1":"product","2":"type-product","3":"status-publish","4":"has-post-thumbnail","6":"product_cat-figures","7":"pa_brand-hasbro-en","8":"pa_character-paz-vizsla-en","9":"pa_episode-the-mandalorian-en","10":"pa_license-star-wars-en","11":"pa_product-type-figure","12":"pa_theme-the-black-series-carbonized-collection-en","14":"first","15":"instock","16":"taxable","17":"shipping-taxable","18":"purchasable","19":"product-type-simple"},"acf":[],"yoast_head":"<!-- This site is optimized with the Yoast SEO plugin v26.1.1 - https:\/\/yoast.com\/wordpress\/plugins\/seo\/ -->\n<title>Star Wars The Black Series Carbonized Collection Paz Vizsla - EndormoonStore<\/title>\n<meta name=\"robots\" content=\"index, follow, max-snippet:-1, max-image-preview:large, max-video-preview:-1\" \/>\n<link rel=\"canonical\" href=\"https:\/\/endormoonstore.com\/en\/star-wars-the-black-series-carbonized-collection-paz-vizsla\/\" \/>\n<meta property=\"og:locale\" content=\"en_US\" \/>\n<meta property=\"og:type\" content=\"article\" \/>\n<meta property=\"og:title\" content=\"Star Wars The Black Series Carbonized Collection Paz Vizsla - EndormoonStore\" \/>\n<meta property=\"og:description\" content=\"Star Wars The Black Series Carbonized Collection Paz Vizsla Figura 15 cm  Un guerrero musculoso envuelto en la armadura beskar m\u00e1s fuerte, Paz Vizsla es parte de un enclave secreto de su gente.\" \/>\n<meta property=\"og:url\" content=\"https:\/\/endormoonstore.com\/en\/star-wars-the-black-series-carbonized-collection-paz-vizsla\/\" \/>\n<meta property=\"og:site_name\" content=\"EndormoonStore\" \/>\n<meta property=\"article:modified_time\" content=\"2022-03-12T13:42:39+00:00\" \/>\n<meta property=\"og:image\" content=\"https:\/\/endormoonstore.com\/wp-content\/uploads\/2021\/08\/Star-Wars-The-Black-Series-Carbonized-Collection-Paz-Vizsla-1.jpg\" \/>\n\t<meta property=\"og:image:width\" content=\"1000\" \/>\n\t<meta property=\"og:image:height\" content=\"1000\" \/>\n\t<meta property=\"og:image:type\" content=\"image\/jpeg\" \/>\n<meta name=\"twitter:card\" content=\"summary_large_image\" \/>\n<meta name=\"twitter:label1\" content=\"Est. reading time\" \/>\n\t<meta name=\"twitter:data1\" content=\"1 minute\" \/>\n<script type=\"application\/ld+json\" class=\"yoast-schema-graph\">{\"@context\":\"https:\/\/schema.org\",\"@graph\":[{\"@type\":\"WebPage\",\"@id\":\"https:\/\/endormoonstore.com\/en\/star-wars-the-black-series-carbonized-collection-paz-vizsla\/\",\"url\":\"https:\/\/endormoonstore.com\/en\/star-wars-the-black-series-carbonized-collection-paz-vizsla\/\",\"name\":\"Star Wars The Black Series Carbonized Collection Paz Vizsla - EndormoonStore\",\"isPartOf\":{\"@id\":\"https:\/\/endormoonstore.com\/#website\"},\"primaryImageOfPage\":{\"@id\":\"https:\/\/endormoonstore.com\/en\/star-wars-the-black-series-carbonized-collection-paz-vizsla\/#primaryimage\"},\"image\":{\"@id\":\"https:\/\/endormoonstore.com\/en\/star-wars-the-black-series-carbonized-collection-paz-vizsla\/#primaryimage\"},\"thumbnailUrl\":\"https:\/\/endormoonstore.com\/wp-content\/uploads\/2021\/08\/Star-Wars-The-Black-Series-Carbonized-Collection-Paz-Vizsla-1.jpg\",\"datePublished\":\"2021-08-10T19:03:35+00:00\",\"dateModified\":\"2022-03-12T13:42:39+00:00\",\"breadcrumb\":{\"@id\":\"https:\/\/endormoonstore.com\/en\/star-wars-the-black-series-carbonized-collection-paz-vizsla\/#breadcrumb\"},\"inLanguage\":\"en-US\",\"potentialAction\":[{\"@type\":\"ReadAction\",\"target\":[\"https:\/\/endormoonstore.com\/en\/star-wars-the-black-series-carbonized-collection-paz-vizsla\/\"]}]},{\"@type\":\"ImageObject\",\"inLanguage\":\"en-US\",\"@id\":\"https:\/\/endormoonstore.com\/en\/star-wars-the-black-series-carbonized-collection-paz-vizsla\/#primaryimage\",\"url\":\"https:\/\/endormoonstore.com\/wp-content\/uploads\/2021\/08\/Star-Wars-The-Black-Series-Carbonized-Collection-Paz-Vizsla-1.jpg\",\"contentUrl\":\"https:\/\/endormoonstore.com\/wp-content\/uploads\/2021\/08\/Star-Wars-The-Black-Series-Carbonized-Collection-Paz-Vizsla-1.jpg\",\"width\":1000,\"height\":1000},{\"@type\":\"BreadcrumbList\",\"@id\":\"https:\/\/endormoonstore.com\/en\/star-wars-the-black-series-carbonized-collection-paz-vizsla\/#breadcrumb\",\"itemListElement\":[{\"@type\":\"ListItem\",\"position\":1,\"name\":\"Shop\",\"item\":\"https:\/\/endormoonstore.com\/en\/shop\/\"},{\"@type\":\"ListItem\",\"position\":2,\"name\":\"Star Wars The Black Series Carbonized Collection Paz Vizsla\"}]},{\"@type\":\"WebSite\",\"@id\":\"https:\/\/endormoonstore.com\/#website\",\"url\":\"https:\/\/endormoonstore.com\/\",\"name\":\"EndormoonStore\",\"description\":\"\",\"potentialAction\":[{\"@type\":\"SearchAction\",\"target\":{\"@type\":\"EntryPoint\",\"urlTemplate\":\"https:\/\/endormoonstore.com\/?s={search_term_string}\"},\"query-input\":{\"@type\":\"PropertyValueSpecification\",\"valueRequired\":true,\"valueName\":\"search_term_string\"}}],\"inLanguage\":\"en-US\"}]}<\/script>\n<!-- \/ Yoast SEO plugin. -->","yoast_head_json":{"title":"Star Wars The Black Series Carbonized Collection Paz Vizsla - EndormoonStore","robots":{"index":"index","follow":"follow","max-snippet":"max-snippet:-1","max-image-preview":"max-image-preview:large","max-video-preview":"max-video-preview:-1"},"canonical":"https:\/\/endormoonstore.com\/en\/star-wars-the-black-series-carbonized-collection-paz-vizsla\/","og_locale":"en_US","og_type":"article","og_title":"Star Wars The Black Series Carbonized Collection Paz Vizsla - EndormoonStore","og_description":"Star Wars The Black Series Carbonized Collection Paz Vizsla Figura 15 cm  Un guerrero musculoso envuelto en la armadura beskar m\u00e1s fuerte, Paz Vizsla es parte de un enclave secreto de su gente.","og_url":"https:\/\/endormoonstore.com\/en\/star-wars-the-black-series-carbonized-collection-paz-vizsla\/","og_site_name":"EndormoonStore","article_modified_time":"2022-03-12T13:42:39+00:00","og_image":[{"width":1000,"height":1000,"url":"https:\/\/endormoonstore.com\/wp-content\/uploads\/2021\/08\/Star-Wars-The-Black-Series-Carbonized-Collection-Paz-Vizsla-1.jpg","type":"image\/jpeg"}],"twitter_card":"summary_large_image","twitter_misc":{"Est. reading time":"1 minute"},"schema":{"@context":"https:\/\/schema.org","@graph":[{"@type":"WebPage","@id":"https:\/\/endormoonstore.com\/en\/star-wars-the-black-series-carbonized-collection-paz-vizsla\/","url":"https:\/\/endormoonstore.com\/en\/star-wars-the-black-series-carbonized-collection-paz-vizsla\/","name":"Star Wars The Black Series Carbonized Collection Paz Vizsla - EndormoonStore","isPartOf":{"@id":"https:\/\/endormoonstore.com\/#website"},"primaryImageOfPage":{"@id":"https:\/\/endormoonstore.com\/en\/star-wars-the-black-series-carbonized-collection-paz-vizsla\/#primaryimage"},"image":{"@id":"https:\/\/endormoonstore.com\/en\/star-wars-the-black-series-carbonized-collection-paz-vizsla\/#primaryimage"},"thumbnailUrl":"https:\/\/endormoonstore.com\/wp-content\/uploads\/2021\/08\/Star-Wars-The-Black-Series-Carbonized-Collection-Paz-Vizsla-1.jpg","datePublished":"2021-08-10T19:03:35+00:00","dateModified":"2022-03-12T13:42:39+00:00","breadcrumb":{"@id":"https:\/\/endormoonstore.com\/en\/star-wars-the-black-series-carbonized-collection-paz-vizsla\/#breadcrumb"},"inLanguage":"en-US","potentialAction":[{"@type":"ReadAction","target":["https:\/\/endormoonstore.com\/en\/star-wars-the-black-series-carbonized-collection-paz-vizsla\/"]}]},{"@type":"ImageObject","inLanguage":"en-US","@id":"https:\/\/endormoonstore.com\/en\/star-wars-the-black-series-carbonized-collection-paz-vizsla\/#primaryimage","url":"https:\/\/endormoonstore.com\/wp-content\/uploads\/2021\/08\/Star-Wars-The-Black-Series-Carbonized-Collection-Paz-Vizsla-1.jpg","contentUrl":"https:\/\/endormoonstore.com\/wp-content\/uploads\/2021\/08\/Star-Wars-The-Black-Series-Carbonized-Collection-Paz-Vizsla-1.jpg","width":1000,"height":1000},{"@type":"BreadcrumbList","@id":"https:\/\/endormoonstore.com\/en\/star-wars-the-black-series-carbonized-collection-paz-vizsla\/#breadcrumb","itemListElement":[{"@type":"ListItem","position":1,"name":"Shop","item":"https:\/\/endormoonstore.com\/en\/shop\/"},{"@type":"ListItem","position":2,"name":"Star Wars The Black Series Carbonized Collection Paz Vizsla"}]},{"@type":"WebSite","@id":"https:\/\/endormoonstore.com\/#website","url":"https:\/\/endormoonstore.com\/","name":"EndormoonStore","description":"","potentialAction":[{"@type":"SearchAction","target":{"@type":"EntryPoint","urlTemplate":"https:\/\/endormoonstore.com\/?s={search_term_string}"},"query-input":{"@type":"PropertyValueSpecification","valueRequired":true,"valueName":"search_term_string"}}],"inLanguage":"en-US"}]}},"taxonomy_info":{"product_cat":[{"value":1390,"label":"Figures"}],"pa_brand":[{"value":2084,"label":"Hasbro"}],"pa_character":[{"value":9000,"label":"Paz Vizsla"}],"pa_episode":[{"value":1993,"label":"The Mandalorian"}],"pa_license":[{"value":1644,"label":"Star Wars"}],"pa_product-type":[{"value":2387,"label":"Figure"}],"pa_theme":[{"value":4475,"label":"The Black Series Carbonized Collection"}]},"featured_image_src_large":["https:\/\/endormoonstore.com\/wp-content\/uploads\/2021\/08\/Star-Wars-The-Black-Series-Carbonized-Collection-Paz-Vizsla-1.jpg",1000,1000,false],"author_info":[],"comment_info":"","_links":{"self":[{"href":"https:\/\/endormoonstore.com\/en\/wp-json\/wp\/v2\/product\/111238","targetHints":{"allow":["GET"]}}],"collection":[{"href":"https:\/\/endormoonstore.com\/en\/wp-json\/wp\/v2\/product"}],"about":[{"href":"https:\/\/endormoonstore.com\/en\/wp-json\/wp\/v2\/types\/product"}],"wp:featuredmedia":[{"embeddable":true,"href":"https:\/\/endormoonstore.com\/en\/wp-json\/wp\/v2\/media\/111227"}],"wp:attachment":[{"href":"https:\/\/endormoonstore.com\/en\/wp-json\/wp\/v2\/media?parent=111238"}],"wp:term":[{"taxonomy":"product_cat","embeddable":true,"href":"https:\/\/endormoonstore.com\/en\/wp-json\/wp\/v2\/product_cat?post=111238"},{"taxonomy":"product_tag","embeddable":true,"href":"https:\/\/endormoonstore.com\/en\/wp-json\/wp\/v2\/product_tag?post=111238"}],"curies":[{"name":"wp","href":"https:\/\/api.w.org\/{rel}","templated":true}]}}