{"id":110999,"date":"2021-08-06T12:36:08","date_gmt":"2021-08-06T10:36:08","guid":{"rendered":"https:\/\/endormoonstore.com\/solido-bmw-e30-m3-dtm-1988-31-k-thiim\/"},"modified":"2021-08-06T12:43:48","modified_gmt":"2021-08-06T10:43:48","slug":"solido-bmw-e30-m3-dtm-1988-31-k-thiim","status":"publish","type":"product","link":"https:\/\/endormoonstore.com\/en\/solido-bmw-e30-m3-dtm-1988-31-k-thiim\/","title":{"rendered":"Solido BMW E30 M3 DTM 1988 #31 K.Thiim"},"content":{"rendered":"<p><strong>Solido BMW E30 M3 DTM 1988 #31 K.Thiim Ref SLDS1801508 Escala 1:18<\/strong><\/p>\n<ul>\n<li>En 1988, el piloto dan\u00e9s Kurt Thiim comenz\u00f3 su temporada con un BMW E30 DTM de MK Motorsport antes de partir para conducir para la competencia: \u00a1el Mercedes-Benz 190E!<\/li>\n<li>Sin embargo, fue con BMW que logr\u00f3 sus mejores resultados ese a\u00f1o, incluida una victoria en la primera carrera en N\u00fcrburgring.<\/li>\n<li style=\"text-align: left;\">Escala:1:18<\/li>\n<li style=\"text-align: left;\">Material: Die-Cast<\/li>\n<li>Ruedas son direccionables Las puertas tambien se peden abrir.<\/li>\n<\/ul>\n","protected":false},"excerpt":{"rendered":"<p><strong>Solido BMW E30 M3 DTM 1988 #31 K.Thiim Ref SLDS1801508 Escala 1:18<\/strong><\/p>\n<p>En 1988, el piloto dan\u00e9s Kurt Thiim comenz\u00f3 su temporada con un BMW E30 DTM de MK Motorsport antes de partir para conducir para la competencia: \u00a1el Mercedes-Benz 190E!<\/p>\n","protected":false},"featured_media":110980,"template":"","meta":{"_acf_changed":false,"_kad_blocks_custom_css":"","_kad_blocks_head_custom_js":"","_kad_blocks_body_custom_js":"","_kad_blocks_footer_custom_js":""},"product_cat":[1388],"product_tag":[],"class_list":{"0":"post-110999","1":"product","2":"type-product","3":"status-publish","4":"has-post-thumbnail","6":"product_cat-modelism","7":"pa_brand-solido-en","8":"pa_manufacturer-bmw-en","9":"pa_theme-die-cast-en","11":"first","12":"instock","13":"taxable","14":"shipping-taxable","15":"purchasable","16":"product-type-simple"},"acf":[],"yoast_head":"<!-- This site is optimized with the Yoast SEO plugin v26.1.1 - https:\/\/yoast.com\/wordpress\/plugins\/seo\/ -->\n<title>Solido BMW E30 M3 DTM 1988 #31 K.Thiim - EndormoonStore<\/title>\n<meta name=\"robots\" content=\"index, follow, max-snippet:-1, max-image-preview:large, max-video-preview:-1\" \/>\n<link rel=\"canonical\" href=\"https:\/\/endormoonstore.com\/en\/solido-bmw-e30-m3-dtm-1988-31-k-thiim\/\" \/>\n<meta property=\"og:locale\" content=\"en_US\" \/>\n<meta property=\"og:type\" content=\"article\" \/>\n<meta property=\"og:title\" content=\"Solido BMW E30 M3 DTM 1988 #31 K.Thiim - EndormoonStore\" \/>\n<meta property=\"og:description\" content=\"Solido BMW E30 M3 DTM 1988 #31 K.Thiim Ref SLDS1801508 Escala 1:18  En 1988, el piloto dan\u00e9s Kurt Thiim comenz\u00f3 su temporada con un BMW E30 DTM de MK Motorsport antes de partir para conducir para la competencia: \u00a1el Mercedes-Benz 190E!\" \/>\n<meta property=\"og:url\" content=\"https:\/\/endormoonstore.com\/en\/solido-bmw-e30-m3-dtm-1988-31-k-thiim\/\" \/>\n<meta property=\"og:site_name\" content=\"EndormoonStore\" \/>\n<meta property=\"article:modified_time\" content=\"2021-08-06T10:43:48+00:00\" \/>\n<meta property=\"og:image\" content=\"https:\/\/endormoonstore.com\/wp-content\/uploads\/2021\/08\/Solido-BMW-E30-M3-DTM-1988-31-K.Thiim-1.jpg\" \/>\n\t<meta property=\"og:image:width\" content=\"1000\" \/>\n\t<meta property=\"og:image:height\" content=\"667\" \/>\n\t<meta property=\"og:image:type\" content=\"image\/jpeg\" \/>\n<meta name=\"twitter:card\" content=\"summary_large_image\" \/>\n<meta name=\"twitter:label1\" content=\"Est. reading time\" \/>\n\t<meta name=\"twitter:data1\" content=\"1 minute\" \/>\n<script type=\"application\/ld+json\" class=\"yoast-schema-graph\">{\"@context\":\"https:\/\/schema.org\",\"@graph\":[{\"@type\":\"WebPage\",\"@id\":\"https:\/\/endormoonstore.com\/en\/solido-bmw-e30-m3-dtm-1988-31-k-thiim\/\",\"url\":\"https:\/\/endormoonstore.com\/en\/solido-bmw-e30-m3-dtm-1988-31-k-thiim\/\",\"name\":\"Solido BMW E30 M3 DTM 1988 #31 K.Thiim - EndormoonStore\",\"isPartOf\":{\"@id\":\"https:\/\/endormoonstore.com\/#website\"},\"primaryImageOfPage\":{\"@id\":\"https:\/\/endormoonstore.com\/en\/solido-bmw-e30-m3-dtm-1988-31-k-thiim\/#primaryimage\"},\"image\":{\"@id\":\"https:\/\/endormoonstore.com\/en\/solido-bmw-e30-m3-dtm-1988-31-k-thiim\/#primaryimage\"},\"thumbnailUrl\":\"https:\/\/endormoonstore.com\/wp-content\/uploads\/2021\/08\/Solido-BMW-E30-M3-DTM-1988-31-K.Thiim-1.jpg\",\"datePublished\":\"2021-08-06T10:36:08+00:00\",\"dateModified\":\"2021-08-06T10:43:48+00:00\",\"breadcrumb\":{\"@id\":\"https:\/\/endormoonstore.com\/en\/solido-bmw-e30-m3-dtm-1988-31-k-thiim\/#breadcrumb\"},\"inLanguage\":\"en-US\",\"potentialAction\":[{\"@type\":\"ReadAction\",\"target\":[\"https:\/\/endormoonstore.com\/en\/solido-bmw-e30-m3-dtm-1988-31-k-thiim\/\"]}]},{\"@type\":\"ImageObject\",\"inLanguage\":\"en-US\",\"@id\":\"https:\/\/endormoonstore.com\/en\/solido-bmw-e30-m3-dtm-1988-31-k-thiim\/#primaryimage\",\"url\":\"https:\/\/endormoonstore.com\/wp-content\/uploads\/2021\/08\/Solido-BMW-E30-M3-DTM-1988-31-K.Thiim-1.jpg\",\"contentUrl\":\"https:\/\/endormoonstore.com\/wp-content\/uploads\/2021\/08\/Solido-BMW-E30-M3-DTM-1988-31-K.Thiim-1.jpg\",\"width\":1000,\"height\":667},{\"@type\":\"BreadcrumbList\",\"@id\":\"https:\/\/endormoonstore.com\/en\/solido-bmw-e30-m3-dtm-1988-31-k-thiim\/#breadcrumb\",\"itemListElement\":[{\"@type\":\"ListItem\",\"position\":1,\"name\":\"Shop\",\"item\":\"https:\/\/endormoonstore.com\/en\/shop\/\"},{\"@type\":\"ListItem\",\"position\":2,\"name\":\"Solido BMW E30 M3 DTM 1988 #31 K.Thiim\"}]},{\"@type\":\"WebSite\",\"@id\":\"https:\/\/endormoonstore.com\/#website\",\"url\":\"https:\/\/endormoonstore.com\/\",\"name\":\"EndormoonStore\",\"description\":\"\",\"potentialAction\":[{\"@type\":\"SearchAction\",\"target\":{\"@type\":\"EntryPoint\",\"urlTemplate\":\"https:\/\/endormoonstore.com\/?s={search_term_string}\"},\"query-input\":{\"@type\":\"PropertyValueSpecification\",\"valueRequired\":true,\"valueName\":\"search_term_string\"}}],\"inLanguage\":\"en-US\"}]}<\/script>\n<!-- \/ Yoast SEO plugin. -->","yoast_head_json":{"title":"Solido BMW E30 M3 DTM 1988 #31 K.Thiim - EndormoonStore","robots":{"index":"index","follow":"follow","max-snippet":"max-snippet:-1","max-image-preview":"max-image-preview:large","max-video-preview":"max-video-preview:-1"},"canonical":"https:\/\/endormoonstore.com\/en\/solido-bmw-e30-m3-dtm-1988-31-k-thiim\/","og_locale":"en_US","og_type":"article","og_title":"Solido BMW E30 M3 DTM 1988 #31 K.Thiim - EndormoonStore","og_description":"Solido BMW E30 M3 DTM 1988 #31 K.Thiim Ref SLDS1801508 Escala 1:18  En 1988, el piloto dan\u00e9s Kurt Thiim comenz\u00f3 su temporada con un BMW E30 DTM de MK Motorsport antes de partir para conducir para la competencia: \u00a1el Mercedes-Benz 190E!","og_url":"https:\/\/endormoonstore.com\/en\/solido-bmw-e30-m3-dtm-1988-31-k-thiim\/","og_site_name":"EndormoonStore","article_modified_time":"2021-08-06T10:43:48+00:00","og_image":[{"width":1000,"height":667,"url":"https:\/\/endormoonstore.com\/wp-content\/uploads\/2021\/08\/Solido-BMW-E30-M3-DTM-1988-31-K.Thiim-1.jpg","type":"image\/jpeg"}],"twitter_card":"summary_large_image","twitter_misc":{"Est. reading time":"1 minute"},"schema":{"@context":"https:\/\/schema.org","@graph":[{"@type":"WebPage","@id":"https:\/\/endormoonstore.com\/en\/solido-bmw-e30-m3-dtm-1988-31-k-thiim\/","url":"https:\/\/endormoonstore.com\/en\/solido-bmw-e30-m3-dtm-1988-31-k-thiim\/","name":"Solido BMW E30 M3 DTM 1988 #31 K.Thiim - EndormoonStore","isPartOf":{"@id":"https:\/\/endormoonstore.com\/#website"},"primaryImageOfPage":{"@id":"https:\/\/endormoonstore.com\/en\/solido-bmw-e30-m3-dtm-1988-31-k-thiim\/#primaryimage"},"image":{"@id":"https:\/\/endormoonstore.com\/en\/solido-bmw-e30-m3-dtm-1988-31-k-thiim\/#primaryimage"},"thumbnailUrl":"https:\/\/endormoonstore.com\/wp-content\/uploads\/2021\/08\/Solido-BMW-E30-M3-DTM-1988-31-K.Thiim-1.jpg","datePublished":"2021-08-06T10:36:08+00:00","dateModified":"2021-08-06T10:43:48+00:00","breadcrumb":{"@id":"https:\/\/endormoonstore.com\/en\/solido-bmw-e30-m3-dtm-1988-31-k-thiim\/#breadcrumb"},"inLanguage":"en-US","potentialAction":[{"@type":"ReadAction","target":["https:\/\/endormoonstore.com\/en\/solido-bmw-e30-m3-dtm-1988-31-k-thiim\/"]}]},{"@type":"ImageObject","inLanguage":"en-US","@id":"https:\/\/endormoonstore.com\/en\/solido-bmw-e30-m3-dtm-1988-31-k-thiim\/#primaryimage","url":"https:\/\/endormoonstore.com\/wp-content\/uploads\/2021\/08\/Solido-BMW-E30-M3-DTM-1988-31-K.Thiim-1.jpg","contentUrl":"https:\/\/endormoonstore.com\/wp-content\/uploads\/2021\/08\/Solido-BMW-E30-M3-DTM-1988-31-K.Thiim-1.jpg","width":1000,"height":667},{"@type":"BreadcrumbList","@id":"https:\/\/endormoonstore.com\/en\/solido-bmw-e30-m3-dtm-1988-31-k-thiim\/#breadcrumb","itemListElement":[{"@type":"ListItem","position":1,"name":"Shop","item":"https:\/\/endormoonstore.com\/en\/shop\/"},{"@type":"ListItem","position":2,"name":"Solido BMW E30 M3 DTM 1988 #31 K.Thiim"}]},{"@type":"WebSite","@id":"https:\/\/endormoonstore.com\/#website","url":"https:\/\/endormoonstore.com\/","name":"EndormoonStore","description":"","potentialAction":[{"@type":"SearchAction","target":{"@type":"EntryPoint","urlTemplate":"https:\/\/endormoonstore.com\/?s={search_term_string}"},"query-input":{"@type":"PropertyValueSpecification","valueRequired":true,"valueName":"search_term_string"}}],"inLanguage":"en-US"}]}},"taxonomy_info":{"product_cat":[{"value":1388,"label":"Modelism"}],"pa_brand":[{"value":4283,"label":"Solido"}],"pa_manufacturer":[{"value":8025,"label":"BMW"}],"pa_theme":[{"value":4259,"label":"Die-Cast"}]},"featured_image_src_large":["https:\/\/endormoonstore.com\/wp-content\/uploads\/2021\/08\/Solido-BMW-E30-M3-DTM-1988-31-K.Thiim-1.jpg",1000,667,false],"author_info":[],"comment_info":"","_links":{"self":[{"href":"https:\/\/endormoonstore.com\/en\/wp-json\/wp\/v2\/product\/110999","targetHints":{"allow":["GET"]}}],"collection":[{"href":"https:\/\/endormoonstore.com\/en\/wp-json\/wp\/v2\/product"}],"about":[{"href":"https:\/\/endormoonstore.com\/en\/wp-json\/wp\/v2\/types\/product"}],"wp:featuredmedia":[{"embeddable":true,"href":"https:\/\/endormoonstore.com\/en\/wp-json\/wp\/v2\/media\/110980"}],"wp:attachment":[{"href":"https:\/\/endormoonstore.com\/en\/wp-json\/wp\/v2\/media?parent=110999"}],"wp:term":[{"taxonomy":"product_cat","embeddable":true,"href":"https:\/\/endormoonstore.com\/en\/wp-json\/wp\/v2\/product_cat?post=110999"},{"taxonomy":"product_tag","embeddable":true,"href":"https:\/\/endormoonstore.com\/en\/wp-json\/wp\/v2\/product_tag?post=110999"}],"curies":[{"name":"wp","href":"https:\/\/api.w.org\/{rel}","templated":true}]}}