{"id":110968,"date":"2021-08-06T11:33:51","date_gmt":"2021-08-06T09:33:51","guid":{"rendered":"https:\/\/endormoonstore.com\/solido-mercedes-benz-190-evo-ii-dtm-1991-10-j-laffite\/"},"modified":"2021-08-06T11:41:42","modified_gmt":"2021-08-06T09:41:42","slug":"solido-mercedes-benz-190-evo-ii-dtm-1991-10-j-laffite","status":"publish","type":"product","link":"https:\/\/endormoonstore.com\/en\/solido-mercedes-benz-190-evo-ii-dtm-1991-10-j-laffite\/","title":{"rendered":"Solido Mercedes Benz 190 Evo II DTM 1991 #10 J.Laffite"},"content":{"rendered":"<p><strong>Solido Mercedes Benz 190 Evo II DTM 1991 #10 J.Laffite Ref SLDS1801006 Escala 1:18<\/strong><\/p>\n<ul>\n<li>Jacques Lafitte es bien conocido por los entusiastas de la F\u00f3rmula 1.<\/li>\n<li>Primero piloto y luego presentador de TV para TF1, el franc\u00e9s dej\u00f3 la F1 despu\u00e9s de un grave accidente en 1986.<\/li>\n<li>Sin embargo, esto no signific\u00f3 que abandonara el automovilismo, como se demostr\u00f3 con su participaci\u00f3n en la temporada 1991 del DTM con el Mercedes-Benz 190E Evo2 de Team Snobeck: una temporada en la que subi\u00f3 tres veces al podio.<\/li>\n<li style=\"text-align: left;\">Escala:1:18<\/li>\n<li style=\"text-align: left;\">Material: Die-Cast<\/li>\n<li>Ruedas son direccionables Las puertas tambien se peden abrir.<\/li>\n<\/ul>\n","protected":false},"excerpt":{"rendered":"<p><strong>Solido Mercedes Benz 190 Evo II DTM 1991 #10 J.Laffite Ref SLDS1801006 Escala 1:18<\/strong><\/p>\n<p>Jacques Lafitte es bien conocido por los entusiastas de la F\u00f3rmula 1.<\/p>\n","protected":false},"featured_media":110949,"template":"","meta":{"_acf_changed":false,"_kad_blocks_custom_css":"","_kad_blocks_head_custom_js":"","_kad_blocks_body_custom_js":"","_kad_blocks_footer_custom_js":""},"product_cat":[1388],"product_tag":[],"class_list":{"0":"post-110968","1":"product","2":"type-product","3":"status-publish","4":"has-post-thumbnail","6":"product_cat-modelism","7":"pa_brand-solido-en","8":"pa_manufacturer-mercedes-benz-en","9":"pa_theme-die-cast-en","11":"first","12":"instock","13":"taxable","14":"shipping-taxable","15":"purchasable","16":"product-type-simple"},"acf":[],"yoast_head":"<!-- This site is optimized with the Yoast SEO plugin v26.1.1 - https:\/\/yoast.com\/wordpress\/plugins\/seo\/ -->\n<title>Solido Mercedes Benz 190 Evo II DTM 1991 #10 J.Laffite - EndormoonStore<\/title>\n<meta name=\"robots\" content=\"index, follow, max-snippet:-1, max-image-preview:large, max-video-preview:-1\" \/>\n<link rel=\"canonical\" href=\"https:\/\/endormoonstore.com\/en\/solido-mercedes-benz-190-evo-ii-dtm-1991-10-j-laffite\/\" \/>\n<meta property=\"og:locale\" content=\"en_US\" \/>\n<meta property=\"og:type\" content=\"article\" \/>\n<meta property=\"og:title\" content=\"Solido Mercedes Benz 190 Evo II DTM 1991 #10 J.Laffite - EndormoonStore\" \/>\n<meta property=\"og:description\" content=\"Solido Mercedes Benz 190 Evo II DTM 1991 #10 J.Laffite Ref SLDS1801006 Escala 1:18  Jacques Lafitte es bien conocido por los entusiastas de la F\u00f3rmula 1.\" \/>\n<meta property=\"og:url\" content=\"https:\/\/endormoonstore.com\/en\/solido-mercedes-benz-190-evo-ii-dtm-1991-10-j-laffite\/\" \/>\n<meta property=\"og:site_name\" content=\"EndormoonStore\" \/>\n<meta property=\"article:modified_time\" content=\"2021-08-06T09:41:42+00:00\" \/>\n<meta property=\"og:image\" content=\"https:\/\/endormoonstore.com\/wp-content\/uploads\/2021\/08\/Solido-Mercedes-Benz-190-Evo-II-DTM-1991-10-J.Laffite-1.jpg\" \/>\n\t<meta property=\"og:image:width\" content=\"1000\" \/>\n\t<meta property=\"og:image:height\" content=\"667\" \/>\n\t<meta property=\"og:image:type\" content=\"image\/jpeg\" \/>\n<meta name=\"twitter:card\" content=\"summary_large_image\" \/>\n<meta name=\"twitter:label1\" content=\"Est. reading time\" \/>\n\t<meta name=\"twitter:data1\" content=\"1 minute\" \/>\n<script type=\"application\/ld+json\" class=\"yoast-schema-graph\">{\"@context\":\"https:\/\/schema.org\",\"@graph\":[{\"@type\":\"WebPage\",\"@id\":\"https:\/\/endormoonstore.com\/en\/solido-mercedes-benz-190-evo-ii-dtm-1991-10-j-laffite\/\",\"url\":\"https:\/\/endormoonstore.com\/en\/solido-mercedes-benz-190-evo-ii-dtm-1991-10-j-laffite\/\",\"name\":\"Solido Mercedes Benz 190 Evo II DTM 1991 #10 J.Laffite - EndormoonStore\",\"isPartOf\":{\"@id\":\"https:\/\/endormoonstore.com\/#website\"},\"primaryImageOfPage\":{\"@id\":\"https:\/\/endormoonstore.com\/en\/solido-mercedes-benz-190-evo-ii-dtm-1991-10-j-laffite\/#primaryimage\"},\"image\":{\"@id\":\"https:\/\/endormoonstore.com\/en\/solido-mercedes-benz-190-evo-ii-dtm-1991-10-j-laffite\/#primaryimage\"},\"thumbnailUrl\":\"https:\/\/endormoonstore.com\/wp-content\/uploads\/2021\/08\/Solido-Mercedes-Benz-190-Evo-II-DTM-1991-10-J.Laffite-1.jpg\",\"datePublished\":\"2021-08-06T09:33:51+00:00\",\"dateModified\":\"2021-08-06T09:41:42+00:00\",\"breadcrumb\":{\"@id\":\"https:\/\/endormoonstore.com\/en\/solido-mercedes-benz-190-evo-ii-dtm-1991-10-j-laffite\/#breadcrumb\"},\"inLanguage\":\"en-US\",\"potentialAction\":[{\"@type\":\"ReadAction\",\"target\":[\"https:\/\/endormoonstore.com\/en\/solido-mercedes-benz-190-evo-ii-dtm-1991-10-j-laffite\/\"]}]},{\"@type\":\"ImageObject\",\"inLanguage\":\"en-US\",\"@id\":\"https:\/\/endormoonstore.com\/en\/solido-mercedes-benz-190-evo-ii-dtm-1991-10-j-laffite\/#primaryimage\",\"url\":\"https:\/\/endormoonstore.com\/wp-content\/uploads\/2021\/08\/Solido-Mercedes-Benz-190-Evo-II-DTM-1991-10-J.Laffite-1.jpg\",\"contentUrl\":\"https:\/\/endormoonstore.com\/wp-content\/uploads\/2021\/08\/Solido-Mercedes-Benz-190-Evo-II-DTM-1991-10-J.Laffite-1.jpg\",\"width\":1000,\"height\":667},{\"@type\":\"BreadcrumbList\",\"@id\":\"https:\/\/endormoonstore.com\/en\/solido-mercedes-benz-190-evo-ii-dtm-1991-10-j-laffite\/#breadcrumb\",\"itemListElement\":[{\"@type\":\"ListItem\",\"position\":1,\"name\":\"Shop\",\"item\":\"https:\/\/endormoonstore.com\/en\/shop\/\"},{\"@type\":\"ListItem\",\"position\":2,\"name\":\"Solido Mercedes Benz 190 Evo II DTM 1991 #10 J.Laffite\"}]},{\"@type\":\"WebSite\",\"@id\":\"https:\/\/endormoonstore.com\/#website\",\"url\":\"https:\/\/endormoonstore.com\/\",\"name\":\"EndormoonStore\",\"description\":\"\",\"potentialAction\":[{\"@type\":\"SearchAction\",\"target\":{\"@type\":\"EntryPoint\",\"urlTemplate\":\"https:\/\/endormoonstore.com\/?s={search_term_string}\"},\"query-input\":{\"@type\":\"PropertyValueSpecification\",\"valueRequired\":true,\"valueName\":\"search_term_string\"}}],\"inLanguage\":\"en-US\"}]}<\/script>\n<!-- \/ Yoast SEO plugin. -->","yoast_head_json":{"title":"Solido Mercedes Benz 190 Evo II DTM 1991 #10 J.Laffite - EndormoonStore","robots":{"index":"index","follow":"follow","max-snippet":"max-snippet:-1","max-image-preview":"max-image-preview:large","max-video-preview":"max-video-preview:-1"},"canonical":"https:\/\/endormoonstore.com\/en\/solido-mercedes-benz-190-evo-ii-dtm-1991-10-j-laffite\/","og_locale":"en_US","og_type":"article","og_title":"Solido Mercedes Benz 190 Evo II DTM 1991 #10 J.Laffite - EndormoonStore","og_description":"Solido Mercedes Benz 190 Evo II DTM 1991 #10 J.Laffite Ref SLDS1801006 Escala 1:18  Jacques Lafitte es bien conocido por los entusiastas de la F\u00f3rmula 1.","og_url":"https:\/\/endormoonstore.com\/en\/solido-mercedes-benz-190-evo-ii-dtm-1991-10-j-laffite\/","og_site_name":"EndormoonStore","article_modified_time":"2021-08-06T09:41:42+00:00","og_image":[{"width":1000,"height":667,"url":"https:\/\/endormoonstore.com\/wp-content\/uploads\/2021\/08\/Solido-Mercedes-Benz-190-Evo-II-DTM-1991-10-J.Laffite-1.jpg","type":"image\/jpeg"}],"twitter_card":"summary_large_image","twitter_misc":{"Est. reading time":"1 minute"},"schema":{"@context":"https:\/\/schema.org","@graph":[{"@type":"WebPage","@id":"https:\/\/endormoonstore.com\/en\/solido-mercedes-benz-190-evo-ii-dtm-1991-10-j-laffite\/","url":"https:\/\/endormoonstore.com\/en\/solido-mercedes-benz-190-evo-ii-dtm-1991-10-j-laffite\/","name":"Solido Mercedes Benz 190 Evo II DTM 1991 #10 J.Laffite - EndormoonStore","isPartOf":{"@id":"https:\/\/endormoonstore.com\/#website"},"primaryImageOfPage":{"@id":"https:\/\/endormoonstore.com\/en\/solido-mercedes-benz-190-evo-ii-dtm-1991-10-j-laffite\/#primaryimage"},"image":{"@id":"https:\/\/endormoonstore.com\/en\/solido-mercedes-benz-190-evo-ii-dtm-1991-10-j-laffite\/#primaryimage"},"thumbnailUrl":"https:\/\/endormoonstore.com\/wp-content\/uploads\/2021\/08\/Solido-Mercedes-Benz-190-Evo-II-DTM-1991-10-J.Laffite-1.jpg","datePublished":"2021-08-06T09:33:51+00:00","dateModified":"2021-08-06T09:41:42+00:00","breadcrumb":{"@id":"https:\/\/endormoonstore.com\/en\/solido-mercedes-benz-190-evo-ii-dtm-1991-10-j-laffite\/#breadcrumb"},"inLanguage":"en-US","potentialAction":[{"@type":"ReadAction","target":["https:\/\/endormoonstore.com\/en\/solido-mercedes-benz-190-evo-ii-dtm-1991-10-j-laffite\/"]}]},{"@type":"ImageObject","inLanguage":"en-US","@id":"https:\/\/endormoonstore.com\/en\/solido-mercedes-benz-190-evo-ii-dtm-1991-10-j-laffite\/#primaryimage","url":"https:\/\/endormoonstore.com\/wp-content\/uploads\/2021\/08\/Solido-Mercedes-Benz-190-Evo-II-DTM-1991-10-J.Laffite-1.jpg","contentUrl":"https:\/\/endormoonstore.com\/wp-content\/uploads\/2021\/08\/Solido-Mercedes-Benz-190-Evo-II-DTM-1991-10-J.Laffite-1.jpg","width":1000,"height":667},{"@type":"BreadcrumbList","@id":"https:\/\/endormoonstore.com\/en\/solido-mercedes-benz-190-evo-ii-dtm-1991-10-j-laffite\/#breadcrumb","itemListElement":[{"@type":"ListItem","position":1,"name":"Shop","item":"https:\/\/endormoonstore.com\/en\/shop\/"},{"@type":"ListItem","position":2,"name":"Solido Mercedes Benz 190 Evo II DTM 1991 #10 J.Laffite"}]},{"@type":"WebSite","@id":"https:\/\/endormoonstore.com\/#website","url":"https:\/\/endormoonstore.com\/","name":"EndormoonStore","description":"","potentialAction":[{"@type":"SearchAction","target":{"@type":"EntryPoint","urlTemplate":"https:\/\/endormoonstore.com\/?s={search_term_string}"},"query-input":{"@type":"PropertyValueSpecification","valueRequired":true,"valueName":"search_term_string"}}],"inLanguage":"en-US"}]}},"taxonomy_info":{"product_cat":[{"value":1388,"label":"Modelism"}],"pa_brand":[{"value":4283,"label":"Solido"}],"pa_manufacturer":[{"value":4289,"label":"Mercedes Benz"}],"pa_theme":[{"value":4259,"label":"Die-Cast"}]},"featured_image_src_large":["https:\/\/endormoonstore.com\/wp-content\/uploads\/2021\/08\/Solido-Mercedes-Benz-190-Evo-II-DTM-1991-10-J.Laffite-1.jpg",1000,667,false],"author_info":[],"comment_info":"","_links":{"self":[{"href":"https:\/\/endormoonstore.com\/en\/wp-json\/wp\/v2\/product\/110968","targetHints":{"allow":["GET"]}}],"collection":[{"href":"https:\/\/endormoonstore.com\/en\/wp-json\/wp\/v2\/product"}],"about":[{"href":"https:\/\/endormoonstore.com\/en\/wp-json\/wp\/v2\/types\/product"}],"wp:featuredmedia":[{"embeddable":true,"href":"https:\/\/endormoonstore.com\/en\/wp-json\/wp\/v2\/media\/110949"}],"wp:attachment":[{"href":"https:\/\/endormoonstore.com\/en\/wp-json\/wp\/v2\/media?parent=110968"}],"wp:term":[{"taxonomy":"product_cat","embeddable":true,"href":"https:\/\/endormoonstore.com\/en\/wp-json\/wp\/v2\/product_cat?post=110968"},{"taxonomy":"product_tag","embeddable":true,"href":"https:\/\/endormoonstore.com\/en\/wp-json\/wp\/v2\/product_tag?post=110968"}],"curies":[{"name":"wp","href":"https:\/\/api.w.org\/{rel}","templated":true}]}}