{"id":110903,"date":"2021-08-04T22:08:42","date_gmt":"2021-08-04T20:08:42","guid":{"rendered":"https:\/\/endormoonstore.com\/star-wars-the-black-series-the-clone-wars-mace-windu\/"},"modified":"2022-03-17T15:58:26","modified_gmt":"2022-03-17T14:58:26","slug":"star-wars-the-black-series-the-clone-wars-mace-windu","status":"publish","type":"product","link":"https:\/\/endormoonstore.com\/en\/star-wars-the-black-series-the-clone-wars-mace-windu\/","title":{"rendered":"Star Wars The Black Series The Clone Wars Mace Windu"},"content":{"rendered":"<p><strong>Star Wars The Black Series The Clone Wars Mace Windu Figura 15 cm<\/strong><\/p>\n<ul>\n<li>Un sombr\u00edo Maestro Jedi, Mace Windu fue el campe\u00f3n de la Orden Jedi, con poca tolerancia por las fallas del Senado. los argumentos de los pol\u00edticos o las opiniones de los rebeldes Jedi.<\/li>\n<li>Esta figura de la linea Black Series de unos 15 cm.<\/li>\n<li>Est\u00e1 detalla para parecerse al personaje de Mace Windu de la serie de animaci\u00f3n Star Wars: Clone Wars.<\/li>\n<li>Con detalles premium y m\u00faltiples puntos de articulaci\u00f3n.<\/li>\n<li>Incluye: Figura y 1 accesorio.<\/li>\n<\/ul>\n","protected":false},"excerpt":{"rendered":"<p><strong>Star Wars The Black Series The Clone Wars Mace Windu Figura 15 cm<\/strong><\/p>\n<p>Un sombr\u00edo Maestro Jedi, Mace Windu fue el campe\u00f3n de la Orden Jedi, con poca tolerancia por las fallas del Senado. los argumentos de los pol\u00edticos o las opiniones de los rebeldes Jedi.<\/p>\n","protected":false},"featured_media":126336,"template":"","meta":{"_acf_changed":false,"_kad_blocks_custom_css":"","_kad_blocks_head_custom_js":"","_kad_blocks_body_custom_js":"","_kad_blocks_footer_custom_js":""},"product_cat":[1390],"product_tag":[],"class_list":{"0":"post-110903","1":"product","2":"type-product","3":"status-publish","4":"has-post-thumbnail","6":"product_cat-figures","7":"pa_brand-hasbro-en","8":"pa_character-mace-windu-en","9":"pa_episode-star-wars-the-clone-wars-en","10":"pa_license-star-wars-en","11":"pa_product-type-figure","12":"pa_theme-the-black-series-en","14":"first","15":"instock","16":"taxable","17":"shipping-taxable","18":"purchasable","19":"product-type-simple"},"acf":[],"yoast_head":"<!-- This site is optimized with the Yoast SEO plugin v26.1.1 - https:\/\/yoast.com\/wordpress\/plugins\/seo\/ -->\n<title>Star Wars The Black Series The Clone Wars Mace Windu - EndormoonStore<\/title>\n<meta name=\"robots\" content=\"index, follow, max-snippet:-1, max-image-preview:large, max-video-preview:-1\" \/>\n<link rel=\"canonical\" href=\"https:\/\/endormoonstore.com\/en\/star-wars-the-black-series-the-clone-wars-mace-windu\/\" \/>\n<meta property=\"og:locale\" content=\"en_US\" \/>\n<meta property=\"og:type\" content=\"article\" \/>\n<meta property=\"og:title\" content=\"Star Wars The Black Series The Clone Wars Mace Windu - EndormoonStore\" \/>\n<meta property=\"og:description\" content=\"Star Wars The Black Series The Clone Wars Mace Windu Figura 15 cm  Un sombr\u00edo Maestro Jedi, Mace Windu fue el campe\u00f3n de la Orden Jedi, con poca tolerancia por las fallas del Senado. los argumentos de los pol\u00edticos o las opiniones de los rebeldes Jedi.\" \/>\n<meta property=\"og:url\" content=\"https:\/\/endormoonstore.com\/en\/star-wars-the-black-series-the-clone-wars-mace-windu\/\" \/>\n<meta property=\"og:site_name\" content=\"EndormoonStore\" \/>\n<meta property=\"article:modified_time\" content=\"2022-03-17T14:58:26+00:00\" \/>\n<meta property=\"og:image\" content=\"https:\/\/endormoonstore.com\/wp-content\/uploads\/2021\/08\/Star-Wars-The-Black-Series-The-Clone-Wars-Mace-Windu-1.jpg\" \/>\n\t<meta property=\"og:image:width\" content=\"1000\" \/>\n\t<meta property=\"og:image:height\" content=\"1000\" \/>\n\t<meta property=\"og:image:type\" content=\"image\/jpeg\" \/>\n<meta name=\"twitter:card\" content=\"summary_large_image\" \/>\n<meta name=\"twitter:label1\" content=\"Est. reading time\" \/>\n\t<meta name=\"twitter:data1\" content=\"1 minute\" \/>\n<script type=\"application\/ld+json\" class=\"yoast-schema-graph\">{\"@context\":\"https:\/\/schema.org\",\"@graph\":[{\"@type\":\"WebPage\",\"@id\":\"https:\/\/endormoonstore.com\/en\/star-wars-the-black-series-the-clone-wars-mace-windu\/\",\"url\":\"https:\/\/endormoonstore.com\/en\/star-wars-the-black-series-the-clone-wars-mace-windu\/\",\"name\":\"Star Wars The Black Series The Clone Wars Mace Windu - EndormoonStore\",\"isPartOf\":{\"@id\":\"https:\/\/endormoonstore.com\/#website\"},\"primaryImageOfPage\":{\"@id\":\"https:\/\/endormoonstore.com\/en\/star-wars-the-black-series-the-clone-wars-mace-windu\/#primaryimage\"},\"image\":{\"@id\":\"https:\/\/endormoonstore.com\/en\/star-wars-the-black-series-the-clone-wars-mace-windu\/#primaryimage\"},\"thumbnailUrl\":\"https:\/\/endormoonstore.com\/wp-content\/uploads\/2021\/08\/Star-Wars-The-Black-Series-The-Clone-Wars-Mace-Windu-1.jpg\",\"datePublished\":\"2021-08-04T20:08:42+00:00\",\"dateModified\":\"2022-03-17T14:58:26+00:00\",\"breadcrumb\":{\"@id\":\"https:\/\/endormoonstore.com\/en\/star-wars-the-black-series-the-clone-wars-mace-windu\/#breadcrumb\"},\"inLanguage\":\"en-US\",\"potentialAction\":[{\"@type\":\"ReadAction\",\"target\":[\"https:\/\/endormoonstore.com\/en\/star-wars-the-black-series-the-clone-wars-mace-windu\/\"]}]},{\"@type\":\"ImageObject\",\"inLanguage\":\"en-US\",\"@id\":\"https:\/\/endormoonstore.com\/en\/star-wars-the-black-series-the-clone-wars-mace-windu\/#primaryimage\",\"url\":\"https:\/\/endormoonstore.com\/wp-content\/uploads\/2021\/08\/Star-Wars-The-Black-Series-The-Clone-Wars-Mace-Windu-1.jpg\",\"contentUrl\":\"https:\/\/endormoonstore.com\/wp-content\/uploads\/2021\/08\/Star-Wars-The-Black-Series-The-Clone-Wars-Mace-Windu-1.jpg\",\"width\":1000,\"height\":1000},{\"@type\":\"BreadcrumbList\",\"@id\":\"https:\/\/endormoonstore.com\/en\/star-wars-the-black-series-the-clone-wars-mace-windu\/#breadcrumb\",\"itemListElement\":[{\"@type\":\"ListItem\",\"position\":1,\"name\":\"Shop\",\"item\":\"https:\/\/endormoonstore.com\/en\/shop\/\"},{\"@type\":\"ListItem\",\"position\":2,\"name\":\"Star Wars The Black Series The Clone Wars Mace Windu\"}]},{\"@type\":\"WebSite\",\"@id\":\"https:\/\/endormoonstore.com\/#website\",\"url\":\"https:\/\/endormoonstore.com\/\",\"name\":\"EndormoonStore\",\"description\":\"\",\"potentialAction\":[{\"@type\":\"SearchAction\",\"target\":{\"@type\":\"EntryPoint\",\"urlTemplate\":\"https:\/\/endormoonstore.com\/?s={search_term_string}\"},\"query-input\":{\"@type\":\"PropertyValueSpecification\",\"valueRequired\":true,\"valueName\":\"search_term_string\"}}],\"inLanguage\":\"en-US\"}]}<\/script>\n<!-- \/ Yoast SEO plugin. -->","yoast_head_json":{"title":"Star Wars The Black Series The Clone Wars Mace Windu - EndormoonStore","robots":{"index":"index","follow":"follow","max-snippet":"max-snippet:-1","max-image-preview":"max-image-preview:large","max-video-preview":"max-video-preview:-1"},"canonical":"https:\/\/endormoonstore.com\/en\/star-wars-the-black-series-the-clone-wars-mace-windu\/","og_locale":"en_US","og_type":"article","og_title":"Star Wars The Black Series The Clone Wars Mace Windu - EndormoonStore","og_description":"Star Wars The Black Series The Clone Wars Mace Windu Figura 15 cm  Un sombr\u00edo Maestro Jedi, Mace Windu fue el campe\u00f3n de la Orden Jedi, con poca tolerancia por las fallas del Senado. los argumentos de los pol\u00edticos o las opiniones de los rebeldes Jedi.","og_url":"https:\/\/endormoonstore.com\/en\/star-wars-the-black-series-the-clone-wars-mace-windu\/","og_site_name":"EndormoonStore","article_modified_time":"2022-03-17T14:58:26+00:00","og_image":[{"width":1000,"height":1000,"url":"https:\/\/endormoonstore.com\/wp-content\/uploads\/2021\/08\/Star-Wars-The-Black-Series-The-Clone-Wars-Mace-Windu-1.jpg","type":"image\/jpeg"}],"twitter_card":"summary_large_image","twitter_misc":{"Est. reading time":"1 minute"},"schema":{"@context":"https:\/\/schema.org","@graph":[{"@type":"WebPage","@id":"https:\/\/endormoonstore.com\/en\/star-wars-the-black-series-the-clone-wars-mace-windu\/","url":"https:\/\/endormoonstore.com\/en\/star-wars-the-black-series-the-clone-wars-mace-windu\/","name":"Star Wars The Black Series The Clone Wars Mace Windu - EndormoonStore","isPartOf":{"@id":"https:\/\/endormoonstore.com\/#website"},"primaryImageOfPage":{"@id":"https:\/\/endormoonstore.com\/en\/star-wars-the-black-series-the-clone-wars-mace-windu\/#primaryimage"},"image":{"@id":"https:\/\/endormoonstore.com\/en\/star-wars-the-black-series-the-clone-wars-mace-windu\/#primaryimage"},"thumbnailUrl":"https:\/\/endormoonstore.com\/wp-content\/uploads\/2021\/08\/Star-Wars-The-Black-Series-The-Clone-Wars-Mace-Windu-1.jpg","datePublished":"2021-08-04T20:08:42+00:00","dateModified":"2022-03-17T14:58:26+00:00","breadcrumb":{"@id":"https:\/\/endormoonstore.com\/en\/star-wars-the-black-series-the-clone-wars-mace-windu\/#breadcrumb"},"inLanguage":"en-US","potentialAction":[{"@type":"ReadAction","target":["https:\/\/endormoonstore.com\/en\/star-wars-the-black-series-the-clone-wars-mace-windu\/"]}]},{"@type":"ImageObject","inLanguage":"en-US","@id":"https:\/\/endormoonstore.com\/en\/star-wars-the-black-series-the-clone-wars-mace-windu\/#primaryimage","url":"https:\/\/endormoonstore.com\/wp-content\/uploads\/2021\/08\/Star-Wars-The-Black-Series-The-Clone-Wars-Mace-Windu-1.jpg","contentUrl":"https:\/\/endormoonstore.com\/wp-content\/uploads\/2021\/08\/Star-Wars-The-Black-Series-The-Clone-Wars-Mace-Windu-1.jpg","width":1000,"height":1000},{"@type":"BreadcrumbList","@id":"https:\/\/endormoonstore.com\/en\/star-wars-the-black-series-the-clone-wars-mace-windu\/#breadcrumb","itemListElement":[{"@type":"ListItem","position":1,"name":"Shop","item":"https:\/\/endormoonstore.com\/en\/shop\/"},{"@type":"ListItem","position":2,"name":"Star Wars The Black Series The Clone Wars Mace Windu"}]},{"@type":"WebSite","@id":"https:\/\/endormoonstore.com\/#website","url":"https:\/\/endormoonstore.com\/","name":"EndormoonStore","description":"","potentialAction":[{"@type":"SearchAction","target":{"@type":"EntryPoint","urlTemplate":"https:\/\/endormoonstore.com\/?s={search_term_string}"},"query-input":{"@type":"PropertyValueSpecification","valueRequired":true,"valueName":"search_term_string"}}],"inLanguage":"en-US"}]}},"taxonomy_info":{"product_cat":[{"value":1390,"label":"Figures"}],"pa_brand":[{"value":2084,"label":"Hasbro"}],"pa_character":[{"value":4694,"label":"Mace Windu"}],"pa_episode":[{"value":2333,"label":"Star Wars: The Clone Wars"}],"pa_license":[{"value":1644,"label":"Star Wars"}],"pa_product-type":[{"value":2387,"label":"Figure"}],"pa_theme":[{"value":2552,"label":"The Black Series"}]},"featured_image_src_large":["https:\/\/endormoonstore.com\/wp-content\/uploads\/2021\/08\/Star-Wars-The-Black-Series-The-Clone-Wars-Mace-Windu-1.jpg",1000,1000,false],"author_info":[],"comment_info":"","_links":{"self":[{"href":"https:\/\/endormoonstore.com\/en\/wp-json\/wp\/v2\/product\/110903","targetHints":{"allow":["GET"]}}],"collection":[{"href":"https:\/\/endormoonstore.com\/en\/wp-json\/wp\/v2\/product"}],"about":[{"href":"https:\/\/endormoonstore.com\/en\/wp-json\/wp\/v2\/types\/product"}],"wp:featuredmedia":[{"embeddable":true,"href":"https:\/\/endormoonstore.com\/en\/wp-json\/wp\/v2\/media\/126336"}],"wp:attachment":[{"href":"https:\/\/endormoonstore.com\/en\/wp-json\/wp\/v2\/media?parent=110903"}],"wp:term":[{"taxonomy":"product_cat","embeddable":true,"href":"https:\/\/endormoonstore.com\/en\/wp-json\/wp\/v2\/product_cat?post=110903"},{"taxonomy":"product_tag","embeddable":true,"href":"https:\/\/endormoonstore.com\/en\/wp-json\/wp\/v2\/product_tag?post=110903"}],"curies":[{"name":"wp","href":"https:\/\/api.w.org\/{rel}","templated":true}]}}