{"id":110345,"date":"2021-07-22T21:07:08","date_gmt":"2021-07-22T19:07:08","guid":{"rendered":"https:\/\/endormoonstore.com\/levi-attack-on-titan-figma\/"},"modified":"2022-09-03T12:57:59","modified_gmt":"2022-09-03T10:57:59","slug":"levi-attack-on-titan-figma","status":"publish","type":"product","link":"https:\/\/endormoonstore.com\/en\/levi-attack-on-titan-figma\/","title":{"rendered":"Levi Attack on Titan figma"},"content":{"rendered":"<p><strong>Levi Attack on Titan figma Figura 14 cm<\/strong><\/p>\n<ul>\n<li>Good Smile Company, dentro de su linea de figuras Figma, presenta la figura de Levi de la popular serie de anime &#8220;Attack on Titan&#8221;.<\/li>\n<li>Se trata de una figura de 14 cm de alto que Se incluyen tres expresiones: Su rostro est\u00e1ndar, una expresi\u00f3n con los dientes apretados lista para el combate y una expresi\u00f3n de coraz\u00f3n fr\u00edo perfecta para Levi.<\/li>\n<li>Sus espadas dobles se incluyen para escenas de combate, junto con su equipo de maniobra vertical y partes de efectos.<\/li>\n<li>Tambi\u00e9n se incluyen piezas de mano especiales para mostrar a Levi sosteniendo las cuchillas en su agarre inverso de marca registrada.<\/li>\n<li>Tambi\u00e9n se incluyen los ganchos conectados a un cable que sale disparado del equipo, junto con su manto de la Legi\u00f3n Scouting.<\/li>\n<li>Se incluye un soporte de figma articulado, que permite tomar varias poses.<\/li>\n<\/ul>\n","protected":false},"excerpt":{"rendered":"<p><strong>Levi Attack on Titan figma Figura 14 cm<\/strong><\/p>\n<p>Good Smile Company, dentro de su linea de figuras Figma, presenta la figura de Levi de la popular serie de anime &#8220;Attack on Titan&#8221;.<\/p>\n","protected":false},"featured_media":110334,"template":"","meta":{"_acf_changed":false,"_kad_blocks_custom_css":"","_kad_blocks_head_custom_js":"","_kad_blocks_body_custom_js":"","_kad_blocks_footer_custom_js":""},"product_cat":[1390],"product_tag":[],"class_list":{"0":"post-110345","1":"product","2":"type-product","3":"status-publish","4":"has-post-thumbnail","6":"product_cat-figures","7":"pa_brand-good-smile-company-en","8":"pa_character-levi-en","9":"pa_license-attack-on-titan-en","10":"pa_product-type-figure","11":"pa_theme-figma-en","13":"first","14":"outofstock","15":"taxable","16":"shipping-taxable","17":"purchasable","18":"product-type-simple"},"acf":[],"yoast_head":"<!-- This site is optimized with the Yoast SEO plugin v26.1.1 - https:\/\/yoast.com\/wordpress\/plugins\/seo\/ -->\n<title>Levi Attack on Titan figma - EndormoonStore<\/title>\n<meta name=\"robots\" content=\"index, follow, max-snippet:-1, max-image-preview:large, max-video-preview:-1\" \/>\n<link rel=\"canonical\" href=\"https:\/\/endormoonstore.com\/levi-attack-on-titan-figma\/\" \/>\n<meta property=\"og:locale\" content=\"en_US\" \/>\n<meta property=\"og:type\" content=\"article\" \/>\n<meta property=\"og:title\" content=\"Levi Attack on Titan figma - EndormoonStore\" \/>\n<meta property=\"og:description\" content=\"Levi Attack on Titan figma Figura 14 cm  Good Smile Company, dentro de su linea de figuras Figma, presenta la figura de Levi de la popular serie de anime &quot;Attack on Titan&quot;.\" \/>\n<meta property=\"og:url\" content=\"https:\/\/endormoonstore.com\/levi-attack-on-titan-figma\/\" \/>\n<meta property=\"og:site_name\" content=\"EndormoonStore\" \/>\n<meta property=\"article:modified_time\" content=\"2022-09-03T10:57:59+00:00\" \/>\n<meta property=\"og:image\" content=\"https:\/\/endormoonstore.com\/wp-content\/uploads\/2021\/07\/Levi-Attack-on-Titan-figma-1.jpeg\" \/>\n\t<meta property=\"og:image:width\" content=\"750\" \/>\n\t<meta property=\"og:image:height\" content=\"600\" \/>\n\t<meta property=\"og:image:type\" content=\"image\/jpeg\" \/>\n<meta name=\"twitter:card\" content=\"summary_large_image\" \/>\n<meta name=\"twitter:label1\" content=\"Est. reading time\" \/>\n\t<meta name=\"twitter:data1\" content=\"1 minute\" \/>\n<script type=\"application\/ld+json\" class=\"yoast-schema-graph\">{\"@context\":\"https:\/\/schema.org\",\"@graph\":[{\"@type\":\"WebPage\",\"@id\":\"https:\/\/endormoonstore.com\/levi-attack-on-titan-figma\/\",\"url\":\"https:\/\/endormoonstore.com\/levi-attack-on-titan-figma\/\",\"name\":\"Levi Attack on Titan figma - EndormoonStore\",\"isPartOf\":{\"@id\":\"https:\/\/endormoonstore.com\/#website\"},\"primaryImageOfPage\":{\"@id\":\"https:\/\/endormoonstore.com\/levi-attack-on-titan-figma\/#primaryimage\"},\"image\":{\"@id\":\"https:\/\/endormoonstore.com\/levi-attack-on-titan-figma\/#primaryimage\"},\"thumbnailUrl\":\"https:\/\/endormoonstore.com\/wp-content\/uploads\/2021\/07\/Levi-Attack-on-Titan-figma-1.jpeg\",\"datePublished\":\"2021-07-22T19:07:08+00:00\",\"dateModified\":\"2022-09-03T10:57:59+00:00\",\"breadcrumb\":{\"@id\":\"https:\/\/endormoonstore.com\/levi-attack-on-titan-figma\/#breadcrumb\"},\"inLanguage\":\"en-US\",\"potentialAction\":[{\"@type\":\"ReadAction\",\"target\":[\"https:\/\/endormoonstore.com\/levi-attack-on-titan-figma\/\"]}]},{\"@type\":\"ImageObject\",\"inLanguage\":\"en-US\",\"@id\":\"https:\/\/endormoonstore.com\/levi-attack-on-titan-figma\/#primaryimage\",\"url\":\"https:\/\/endormoonstore.com\/wp-content\/uploads\/2021\/07\/Levi-Attack-on-Titan-figma-1.jpeg\",\"contentUrl\":\"https:\/\/endormoonstore.com\/wp-content\/uploads\/2021\/07\/Levi-Attack-on-Titan-figma-1.jpeg\",\"width\":750,\"height\":600},{\"@type\":\"BreadcrumbList\",\"@id\":\"https:\/\/endormoonstore.com\/levi-attack-on-titan-figma\/#breadcrumb\",\"itemListElement\":[{\"@type\":\"ListItem\",\"position\":1,\"name\":\"Shop\",\"item\":\"https:\/\/endormoonstore.com\/en\/shop\/\"},{\"@type\":\"ListItem\",\"position\":2,\"name\":\"Levi Attack on Titan figma\"}]},{\"@type\":\"WebSite\",\"@id\":\"https:\/\/endormoonstore.com\/#website\",\"url\":\"https:\/\/endormoonstore.com\/\",\"name\":\"EndormoonStore\",\"description\":\"\",\"potentialAction\":[{\"@type\":\"SearchAction\",\"target\":{\"@type\":\"EntryPoint\",\"urlTemplate\":\"https:\/\/endormoonstore.com\/?s={search_term_string}\"},\"query-input\":{\"@type\":\"PropertyValueSpecification\",\"valueRequired\":true,\"valueName\":\"search_term_string\"}}],\"inLanguage\":\"en-US\"}]}<\/script>\n<!-- \/ Yoast SEO plugin. -->","yoast_head_json":{"title":"Levi Attack on Titan figma - EndormoonStore","robots":{"index":"index","follow":"follow","max-snippet":"max-snippet:-1","max-image-preview":"max-image-preview:large","max-video-preview":"max-video-preview:-1"},"canonical":"https:\/\/endormoonstore.com\/levi-attack-on-titan-figma\/","og_locale":"en_US","og_type":"article","og_title":"Levi Attack on Titan figma - EndormoonStore","og_description":"Levi Attack on Titan figma Figura 14 cm  Good Smile Company, dentro de su linea de figuras Figma, presenta la figura de Levi de la popular serie de anime \"Attack on Titan\".","og_url":"https:\/\/endormoonstore.com\/levi-attack-on-titan-figma\/","og_site_name":"EndormoonStore","article_modified_time":"2022-09-03T10:57:59+00:00","og_image":[{"width":750,"height":600,"url":"https:\/\/endormoonstore.com\/wp-content\/uploads\/2021\/07\/Levi-Attack-on-Titan-figma-1.jpeg","type":"image\/jpeg"}],"twitter_card":"summary_large_image","twitter_misc":{"Est. reading time":"1 minute"},"schema":{"@context":"https:\/\/schema.org","@graph":[{"@type":"WebPage","@id":"https:\/\/endormoonstore.com\/levi-attack-on-titan-figma\/","url":"https:\/\/endormoonstore.com\/levi-attack-on-titan-figma\/","name":"Levi Attack on Titan figma - EndormoonStore","isPartOf":{"@id":"https:\/\/endormoonstore.com\/#website"},"primaryImageOfPage":{"@id":"https:\/\/endormoonstore.com\/levi-attack-on-titan-figma\/#primaryimage"},"image":{"@id":"https:\/\/endormoonstore.com\/levi-attack-on-titan-figma\/#primaryimage"},"thumbnailUrl":"https:\/\/endormoonstore.com\/wp-content\/uploads\/2021\/07\/Levi-Attack-on-Titan-figma-1.jpeg","datePublished":"2021-07-22T19:07:08+00:00","dateModified":"2022-09-03T10:57:59+00:00","breadcrumb":{"@id":"https:\/\/endormoonstore.com\/levi-attack-on-titan-figma\/#breadcrumb"},"inLanguage":"en-US","potentialAction":[{"@type":"ReadAction","target":["https:\/\/endormoonstore.com\/levi-attack-on-titan-figma\/"]}]},{"@type":"ImageObject","inLanguage":"en-US","@id":"https:\/\/endormoonstore.com\/levi-attack-on-titan-figma\/#primaryimage","url":"https:\/\/endormoonstore.com\/wp-content\/uploads\/2021\/07\/Levi-Attack-on-Titan-figma-1.jpeg","contentUrl":"https:\/\/endormoonstore.com\/wp-content\/uploads\/2021\/07\/Levi-Attack-on-Titan-figma-1.jpeg","width":750,"height":600},{"@type":"BreadcrumbList","@id":"https:\/\/endormoonstore.com\/levi-attack-on-titan-figma\/#breadcrumb","itemListElement":[{"@type":"ListItem","position":1,"name":"Shop","item":"https:\/\/endormoonstore.com\/en\/shop\/"},{"@type":"ListItem","position":2,"name":"Levi Attack on Titan figma"}]},{"@type":"WebSite","@id":"https:\/\/endormoonstore.com\/#website","url":"https:\/\/endormoonstore.com\/","name":"EndormoonStore","description":"","potentialAction":[{"@type":"SearchAction","target":{"@type":"EntryPoint","urlTemplate":"https:\/\/endormoonstore.com\/?s={search_term_string}"},"query-input":{"@type":"PropertyValueSpecification","valueRequired":true,"valueName":"search_term_string"}}],"inLanguage":"en-US"}]}},"taxonomy_info":{"product_cat":[{"value":1390,"label":"Figures"}],"pa_brand":[{"value":2081,"label":"Good Smile Company"}],"pa_character":[{"value":7548,"label":"Levi"}],"pa_license":[{"value":7554,"label":"Attack on Titan"}],"pa_product-type":[{"value":2387,"label":"Figure"}],"pa_theme":[{"value":1819,"label":"Figma"}]},"featured_image_src_large":["https:\/\/endormoonstore.com\/wp-content\/uploads\/2021\/07\/Levi-Attack-on-Titan-figma-1.jpeg",750,600,false],"author_info":[],"comment_info":"","_links":{"self":[{"href":"https:\/\/endormoonstore.com\/en\/wp-json\/wp\/v2\/product\/110345","targetHints":{"allow":["GET"]}}],"collection":[{"href":"https:\/\/endormoonstore.com\/en\/wp-json\/wp\/v2\/product"}],"about":[{"href":"https:\/\/endormoonstore.com\/en\/wp-json\/wp\/v2\/types\/product"}],"wp:featuredmedia":[{"embeddable":true,"href":"https:\/\/endormoonstore.com\/en\/wp-json\/wp\/v2\/media\/110334"}],"wp:attachment":[{"href":"https:\/\/endormoonstore.com\/en\/wp-json\/wp\/v2\/media?parent=110345"}],"wp:term":[{"taxonomy":"product_cat","embeddable":true,"href":"https:\/\/endormoonstore.com\/en\/wp-json\/wp\/v2\/product_cat?post=110345"},{"taxonomy":"product_tag","embeddable":true,"href":"https:\/\/endormoonstore.com\/en\/wp-json\/wp\/v2\/product_tag?post=110345"}],"curies":[{"name":"wp","href":"https:\/\/api.w.org\/{rel}","templated":true}]}}