{"id":110206,"date":"2021-07-17T12:29:15","date_gmt":"2021-07-17T10:29:15","guid":{"rendered":"https:\/\/endormoonstore.com\/tatsuya-yoigoshi-burning-kabaddi-nendoroid\/"},"modified":"2022-07-19T22:49:39","modified_gmt":"2022-07-19T20:49:39","slug":"tatsuya-yoigoshi-burning-kabaddi-nendoroid","status":"publish","type":"product","link":"https:\/\/endormoonstore.com\/en\/tatsuya-yoigoshi-burning-kabaddi-nendoroid\/","title":{"rendered":"Tatsuya Yoigoshi Burning Kabaddi Nendoroid"},"content":{"rendered":"<p><strong>Tatsuya Yoigoshi Burning Kabaddi Nendoroid Figura 10 cm<\/strong><\/p>\n<ul>\n<li>Good Smile Company, dentro de su linea de figuras Nendoroid nos trae de la serie de anime &#8220;Burning Kabaddi&#8221; un Nendoroid del personaje principal Tatsuya Yoigoshi.<\/li>\n<li>Viene con tres caras que incluyen una expresi\u00f3n est\u00e1ndar, una expresi\u00f3n seria y una expresi\u00f3n de comer.<\/li>\n<li>Las partes opcionales incluyen una hoja de fondo &#8220;Kabaddi&#8221; para recrear escenas de Tatsuya durante un Cant.<\/li>\n<li>Tambi\u00e9n viene con un plato de su comida favorita, pollo frito, y su m\u00e1scara y auriculares para recrear su apariencia como Night End.<\/li>\n<li>La figura mide 10 cm de alto y viene tambi\u00e9n con una base soporte para exposici\u00f3n.<\/li>\n<\/ul>\n<p>&nbsp;<\/p>\n","protected":false},"excerpt":{"rendered":"<p><strong>Tatsuya Yoigoshi Burning Kabaddi Nendoroid Figura 10 cm<\/strong><\/p>\n<p>Good Smile Company, dentro de su linea de figuras Nendoroid nos trae de la serie de anime &#8220;Burning Kabaddi&#8221; un Nendoroid del personaje principal Tatsuya Yoigoshi.<\/p>\n","protected":false},"featured_media":110197,"template":"","meta":{"_acf_changed":false,"_kad_blocks_custom_css":"","_kad_blocks_head_custom_js":"","_kad_blocks_body_custom_js":"","_kad_blocks_footer_custom_js":""},"product_cat":[1390],"product_tag":[],"class_list":{"0":"post-110206","1":"product","2":"type-product","3":"status-publish","4":"has-post-thumbnail","6":"product_cat-figures","7":"pa_brand-good-smile-company-en","8":"pa_character-tatsuya-yoigoshi-en","9":"pa_license-burning-kabaddi-en","10":"pa_product-type-figure","11":"pa_theme-nendoroid-en","13":"first","14":"instock","15":"sale","16":"taxable","17":"shipping-taxable","18":"purchasable","19":"product-type-simple"},"acf":[],"yoast_head":"<!-- This site is optimized with the Yoast SEO plugin v26.1.1 - https:\/\/yoast.com\/wordpress\/plugins\/seo\/ -->\n<title>Tatsuya Yoigoshi Burning Kabaddi Nendoroid - EndormoonStore<\/title>\n<meta name=\"robots\" content=\"index, follow, max-snippet:-1, max-image-preview:large, max-video-preview:-1\" \/>\n<link rel=\"canonical\" href=\"https:\/\/endormoonstore.com\/en\/tatsuya-yoigoshi-burning-kabaddi-nendoroid\/\" \/>\n<meta property=\"og:locale\" content=\"en_US\" \/>\n<meta property=\"og:type\" content=\"article\" \/>\n<meta property=\"og:title\" content=\"Tatsuya Yoigoshi Burning Kabaddi Nendoroid - EndormoonStore\" \/>\n<meta property=\"og:description\" content=\"Tatsuya Yoigoshi Burning Kabaddi Nendoroid Figura 10 cm  Good Smile Company, dentro de su linea de figuras Nendoroid nos trae de la serie de anime &quot;Burning Kabaddi&quot; un Nendoroid del personaje principal Tatsuya Yoigoshi.\" \/>\n<meta property=\"og:url\" content=\"https:\/\/endormoonstore.com\/en\/tatsuya-yoigoshi-burning-kabaddi-nendoroid\/\" \/>\n<meta property=\"og:site_name\" content=\"EndormoonStore\" \/>\n<meta property=\"article:modified_time\" content=\"2022-07-19T20:49:39+00:00\" \/>\n<meta property=\"og:image\" content=\"https:\/\/endormoonstore.com\/wp-content\/uploads\/2021\/07\/Tatsuya-Yoigoshi-Burning-Kabaddi-Nendoroid-1.jpeg\" \/>\n\t<meta property=\"og:image:width\" content=\"562\" \/>\n\t<meta property=\"og:image:height\" content=\"750\" \/>\n\t<meta property=\"og:image:type\" content=\"image\/jpeg\" \/>\n<meta name=\"twitter:card\" content=\"summary_large_image\" \/>\n<meta name=\"twitter:label1\" content=\"Est. reading time\" \/>\n\t<meta name=\"twitter:data1\" content=\"1 minute\" \/>\n<script type=\"application\/ld+json\" class=\"yoast-schema-graph\">{\"@context\":\"https:\/\/schema.org\",\"@graph\":[{\"@type\":\"WebPage\",\"@id\":\"https:\/\/endormoonstore.com\/en\/tatsuya-yoigoshi-burning-kabaddi-nendoroid\/\",\"url\":\"https:\/\/endormoonstore.com\/en\/tatsuya-yoigoshi-burning-kabaddi-nendoroid\/\",\"name\":\"Tatsuya Yoigoshi Burning Kabaddi Nendoroid - EndormoonStore\",\"isPartOf\":{\"@id\":\"https:\/\/endormoonstore.com\/#website\"},\"primaryImageOfPage\":{\"@id\":\"https:\/\/endormoonstore.com\/en\/tatsuya-yoigoshi-burning-kabaddi-nendoroid\/#primaryimage\"},\"image\":{\"@id\":\"https:\/\/endormoonstore.com\/en\/tatsuya-yoigoshi-burning-kabaddi-nendoroid\/#primaryimage\"},\"thumbnailUrl\":\"https:\/\/endormoonstore.com\/wp-content\/uploads\/2021\/07\/Tatsuya-Yoigoshi-Burning-Kabaddi-Nendoroid-1.jpeg\",\"datePublished\":\"2021-07-17T10:29:15+00:00\",\"dateModified\":\"2022-07-19T20:49:39+00:00\",\"breadcrumb\":{\"@id\":\"https:\/\/endormoonstore.com\/en\/tatsuya-yoigoshi-burning-kabaddi-nendoroid\/#breadcrumb\"},\"inLanguage\":\"en-US\",\"potentialAction\":[{\"@type\":\"ReadAction\",\"target\":[\"https:\/\/endormoonstore.com\/en\/tatsuya-yoigoshi-burning-kabaddi-nendoroid\/\"]}]},{\"@type\":\"ImageObject\",\"inLanguage\":\"en-US\",\"@id\":\"https:\/\/endormoonstore.com\/en\/tatsuya-yoigoshi-burning-kabaddi-nendoroid\/#primaryimage\",\"url\":\"https:\/\/endormoonstore.com\/wp-content\/uploads\/2021\/07\/Tatsuya-Yoigoshi-Burning-Kabaddi-Nendoroid-1.jpeg\",\"contentUrl\":\"https:\/\/endormoonstore.com\/wp-content\/uploads\/2021\/07\/Tatsuya-Yoigoshi-Burning-Kabaddi-Nendoroid-1.jpeg\",\"width\":562,\"height\":750},{\"@type\":\"BreadcrumbList\",\"@id\":\"https:\/\/endormoonstore.com\/en\/tatsuya-yoigoshi-burning-kabaddi-nendoroid\/#breadcrumb\",\"itemListElement\":[{\"@type\":\"ListItem\",\"position\":1,\"name\":\"Shop\",\"item\":\"https:\/\/endormoonstore.com\/en\/shop\/\"},{\"@type\":\"ListItem\",\"position\":2,\"name\":\"Tatsuya Yoigoshi Burning Kabaddi Nendoroid\"}]},{\"@type\":\"WebSite\",\"@id\":\"https:\/\/endormoonstore.com\/#website\",\"url\":\"https:\/\/endormoonstore.com\/\",\"name\":\"EndormoonStore\",\"description\":\"\",\"potentialAction\":[{\"@type\":\"SearchAction\",\"target\":{\"@type\":\"EntryPoint\",\"urlTemplate\":\"https:\/\/endormoonstore.com\/?s={search_term_string}\"},\"query-input\":{\"@type\":\"PropertyValueSpecification\",\"valueRequired\":true,\"valueName\":\"search_term_string\"}}],\"inLanguage\":\"en-US\"}]}<\/script>\n<!-- \/ Yoast SEO plugin. -->","yoast_head_json":{"title":"Tatsuya Yoigoshi Burning Kabaddi Nendoroid - EndormoonStore","robots":{"index":"index","follow":"follow","max-snippet":"max-snippet:-1","max-image-preview":"max-image-preview:large","max-video-preview":"max-video-preview:-1"},"canonical":"https:\/\/endormoonstore.com\/en\/tatsuya-yoigoshi-burning-kabaddi-nendoroid\/","og_locale":"en_US","og_type":"article","og_title":"Tatsuya Yoigoshi Burning Kabaddi Nendoroid - EndormoonStore","og_description":"Tatsuya Yoigoshi Burning Kabaddi Nendoroid Figura 10 cm  Good Smile Company, dentro de su linea de figuras Nendoroid nos trae de la serie de anime \"Burning Kabaddi\" un Nendoroid del personaje principal Tatsuya Yoigoshi.","og_url":"https:\/\/endormoonstore.com\/en\/tatsuya-yoigoshi-burning-kabaddi-nendoroid\/","og_site_name":"EndormoonStore","article_modified_time":"2022-07-19T20:49:39+00:00","og_image":[{"width":562,"height":750,"url":"https:\/\/endormoonstore.com\/wp-content\/uploads\/2021\/07\/Tatsuya-Yoigoshi-Burning-Kabaddi-Nendoroid-1.jpeg","type":"image\/jpeg"}],"twitter_card":"summary_large_image","twitter_misc":{"Est. reading time":"1 minute"},"schema":{"@context":"https:\/\/schema.org","@graph":[{"@type":"WebPage","@id":"https:\/\/endormoonstore.com\/en\/tatsuya-yoigoshi-burning-kabaddi-nendoroid\/","url":"https:\/\/endormoonstore.com\/en\/tatsuya-yoigoshi-burning-kabaddi-nendoroid\/","name":"Tatsuya Yoigoshi Burning Kabaddi Nendoroid - EndormoonStore","isPartOf":{"@id":"https:\/\/endormoonstore.com\/#website"},"primaryImageOfPage":{"@id":"https:\/\/endormoonstore.com\/en\/tatsuya-yoigoshi-burning-kabaddi-nendoroid\/#primaryimage"},"image":{"@id":"https:\/\/endormoonstore.com\/en\/tatsuya-yoigoshi-burning-kabaddi-nendoroid\/#primaryimage"},"thumbnailUrl":"https:\/\/endormoonstore.com\/wp-content\/uploads\/2021\/07\/Tatsuya-Yoigoshi-Burning-Kabaddi-Nendoroid-1.jpeg","datePublished":"2021-07-17T10:29:15+00:00","dateModified":"2022-07-19T20:49:39+00:00","breadcrumb":{"@id":"https:\/\/endormoonstore.com\/en\/tatsuya-yoigoshi-burning-kabaddi-nendoroid\/#breadcrumb"},"inLanguage":"en-US","potentialAction":[{"@type":"ReadAction","target":["https:\/\/endormoonstore.com\/en\/tatsuya-yoigoshi-burning-kabaddi-nendoroid\/"]}]},{"@type":"ImageObject","inLanguage":"en-US","@id":"https:\/\/endormoonstore.com\/en\/tatsuya-yoigoshi-burning-kabaddi-nendoroid\/#primaryimage","url":"https:\/\/endormoonstore.com\/wp-content\/uploads\/2021\/07\/Tatsuya-Yoigoshi-Burning-Kabaddi-Nendoroid-1.jpeg","contentUrl":"https:\/\/endormoonstore.com\/wp-content\/uploads\/2021\/07\/Tatsuya-Yoigoshi-Burning-Kabaddi-Nendoroid-1.jpeg","width":562,"height":750},{"@type":"BreadcrumbList","@id":"https:\/\/endormoonstore.com\/en\/tatsuya-yoigoshi-burning-kabaddi-nendoroid\/#breadcrumb","itemListElement":[{"@type":"ListItem","position":1,"name":"Shop","item":"https:\/\/endormoonstore.com\/en\/shop\/"},{"@type":"ListItem","position":2,"name":"Tatsuya Yoigoshi Burning Kabaddi Nendoroid"}]},{"@type":"WebSite","@id":"https:\/\/endormoonstore.com\/#website","url":"https:\/\/endormoonstore.com\/","name":"EndormoonStore","description":"","potentialAction":[{"@type":"SearchAction","target":{"@type":"EntryPoint","urlTemplate":"https:\/\/endormoonstore.com\/?s={search_term_string}"},"query-input":{"@type":"PropertyValueSpecification","valueRequired":true,"valueName":"search_term_string"}}],"inLanguage":"en-US"}]}},"taxonomy_info":{"product_cat":[{"value":1390,"label":"Figures"}],"pa_brand":[{"value":2081,"label":"Good Smile Company"}],"pa_character":[{"value":8801,"label":"Tatsuya Yoigoshi"}],"pa_license":[{"value":8807,"label":"Burning Kabaddi"}],"pa_product-type":[{"value":2387,"label":"Figure"}],"pa_theme":[{"value":1861,"label":"Nendoroid"}]},"featured_image_src_large":["https:\/\/endormoonstore.com\/wp-content\/uploads\/2021\/07\/Tatsuya-Yoigoshi-Burning-Kabaddi-Nendoroid-1.jpeg",562,750,false],"author_info":[],"comment_info":"","_links":{"self":[{"href":"https:\/\/endormoonstore.com\/en\/wp-json\/wp\/v2\/product\/110206","targetHints":{"allow":["GET"]}}],"collection":[{"href":"https:\/\/endormoonstore.com\/en\/wp-json\/wp\/v2\/product"}],"about":[{"href":"https:\/\/endormoonstore.com\/en\/wp-json\/wp\/v2\/types\/product"}],"wp:featuredmedia":[{"embeddable":true,"href":"https:\/\/endormoonstore.com\/en\/wp-json\/wp\/v2\/media\/110197"}],"wp:attachment":[{"href":"https:\/\/endormoonstore.com\/en\/wp-json\/wp\/v2\/media?parent=110206"}],"wp:term":[{"taxonomy":"product_cat","embeddable":true,"href":"https:\/\/endormoonstore.com\/en\/wp-json\/wp\/v2\/product_cat?post=110206"},{"taxonomy":"product_tag","embeddable":true,"href":"https:\/\/endormoonstore.com\/en\/wp-json\/wp\/v2\/product_tag?post=110206"}],"curies":[{"name":"wp","href":"https:\/\/api.w.org\/{rel}","templated":true}]}}