{"id":110159,"date":"2021-07-17T11:38:11","date_gmt":"2021-07-17T09:38:11","guid":{"rendered":"https:\/\/endormoonstore.com\/sirbine-aura-battler-dunbine-plamax-model-kit\/"},"modified":"2022-05-20T12:11:22","modified_gmt":"2022-05-20T10:11:22","slug":"sirbine-aura-battler-dunbine-plamax-model-kit","status":"publish","type":"product","link":"https:\/\/endormoonstore.com\/en\/sirbine-aura-battler-dunbine-plamax-model-kit\/","title":{"rendered":"Sirbine Aura Battler Dunbine Plamax Model Kit\u00a0"},"content":{"rendered":"<p class=\"p1\"><b>Sirbine Aura Battler Dunbine Plamax Model Kit\u00a0 15 cm<\/b><\/p>\n<ul class=\"ul1\">\n<li class=\"li1\">Good Smile Company presenta la nueva incorporaci\u00f3n inspirada en el modelo de los 80 de Max Sirbine para su l\u00ednea de maquetas de pl\u00e1stico Plamax.<\/li>\n<li class=\"li1\">Las piezas de los kits originales se han escaneado en 3D y recreado en forma de maqueta de pl\u00e1stico de 15 cm.<\/li>\n<li class=\"li1\">Por supuesto, el Velo Especial dise\u00f1ado por Yutaka Izubuchi originalmente incluido con la versi\u00f3n DX del kit tambi\u00e9n est\u00e1 incluido.<\/li>\n<li class=\"li1\">Mide aproximadamente 15 cm una vez montado.<\/li>\n<li class=\"li1\">Modelo en Kit necesita montaje, pegamento y pintura.<\/li>\n<\/ul>\n","protected":false},"excerpt":{"rendered":"<p><strong>Sirbine Aura Battler Dunbine Plamax Model Kit\u00a0 15 cm<\/strong><\/p>\n<p>Good Smile Company presenta la nueva incorporaci\u00f3n inspirada en el modelo de los 80 de Max Sirbine para su l\u00ednea de maquetas de pl\u00e1stico Plamax.<\/p>\n","protected":false},"featured_media":110150,"template":"","meta":{"_acf_changed":false,"_kad_blocks_custom_css":"","_kad_blocks_head_custom_js":"","_kad_blocks_body_custom_js":"","_kad_blocks_footer_custom_js":""},"product_cat":[1390,1388],"product_tag":[],"class_list":{"0":"post-110159","1":"product","2":"type-product","3":"status-publish","4":"has-post-thumbnail","6":"product_cat-figures","7":"product_cat-modelism","8":"pa_brand-good-smile-company-en","9":"pa_character-sirbine-en","10":"pa_license-aura-battler-dunbine-en","11":"pa_product-type-model-kit-en","12":"pa_theme-plamax-model-kit-en","14":"first","15":"instock","16":"sale","17":"taxable","18":"shipping-taxable","19":"purchasable","20":"product-type-simple"},"acf":[],"yoast_head":"<!-- This site is optimized with the Yoast SEO plugin v26.1.1 - https:\/\/yoast.com\/wordpress\/plugins\/seo\/ -->\n<title>Sirbine Aura Battler Dunbine Plamax Model Kit\u00a0 - EndormoonStore<\/title>\n<meta name=\"robots\" content=\"index, follow, max-snippet:-1, max-image-preview:large, max-video-preview:-1\" \/>\n<link rel=\"canonical\" href=\"https:\/\/endormoonstore.com\/en\/sirbine-aura-battler-dunbine-plamax-model-kit\/\" \/>\n<meta property=\"og:locale\" content=\"en_US\" \/>\n<meta property=\"og:type\" content=\"article\" \/>\n<meta property=\"og:title\" content=\"Sirbine Aura Battler Dunbine Plamax Model Kit\u00a0 - EndormoonStore\" \/>\n<meta property=\"og:description\" content=\"Sirbine Aura Battler Dunbine Plamax Model Kit\u00a0 15 cm  Good Smile Company presenta la nueva incorporaci\u00f3n inspirada en el modelo de los 80 de Max Sirbine para su l\u00ednea de maquetas de pl\u00e1stico Plamax.\" \/>\n<meta property=\"og:url\" content=\"https:\/\/endormoonstore.com\/en\/sirbine-aura-battler-dunbine-plamax-model-kit\/\" \/>\n<meta property=\"og:site_name\" content=\"EndormoonStore\" \/>\n<meta property=\"article:modified_time\" content=\"2022-05-20T10:11:22+00:00\" \/>\n<meta property=\"og:image\" content=\"https:\/\/endormoonstore.com\/wp-content\/uploads\/2021\/07\/Sirbine-Aura-Battler-Dunbine-Plamax-Model-Kit-1.jpeg\" \/>\n\t<meta property=\"og:image:width\" content=\"562\" \/>\n\t<meta property=\"og:image:height\" content=\"750\" \/>\n\t<meta property=\"og:image:type\" content=\"image\/jpeg\" \/>\n<meta name=\"twitter:card\" content=\"summary_large_image\" \/>\n<meta name=\"twitter:label1\" content=\"Est. reading time\" \/>\n\t<meta name=\"twitter:data1\" content=\"1 minute\" \/>\n<script type=\"application\/ld+json\" class=\"yoast-schema-graph\">{\"@context\":\"https:\/\/schema.org\",\"@graph\":[{\"@type\":\"WebPage\",\"@id\":\"https:\/\/endormoonstore.com\/en\/sirbine-aura-battler-dunbine-plamax-model-kit\/\",\"url\":\"https:\/\/endormoonstore.com\/en\/sirbine-aura-battler-dunbine-plamax-model-kit\/\",\"name\":\"Sirbine Aura Battler Dunbine Plamax Model Kit\u00a0 - EndormoonStore\",\"isPartOf\":{\"@id\":\"https:\/\/endormoonstore.com\/#website\"},\"primaryImageOfPage\":{\"@id\":\"https:\/\/endormoonstore.com\/en\/sirbine-aura-battler-dunbine-plamax-model-kit\/#primaryimage\"},\"image\":{\"@id\":\"https:\/\/endormoonstore.com\/en\/sirbine-aura-battler-dunbine-plamax-model-kit\/#primaryimage\"},\"thumbnailUrl\":\"https:\/\/endormoonstore.com\/wp-content\/uploads\/2021\/07\/Sirbine-Aura-Battler-Dunbine-Plamax-Model-Kit-1.jpeg\",\"datePublished\":\"2021-07-17T09:38:11+00:00\",\"dateModified\":\"2022-05-20T10:11:22+00:00\",\"breadcrumb\":{\"@id\":\"https:\/\/endormoonstore.com\/en\/sirbine-aura-battler-dunbine-plamax-model-kit\/#breadcrumb\"},\"inLanguage\":\"en-US\",\"potentialAction\":[{\"@type\":\"ReadAction\",\"target\":[\"https:\/\/endormoonstore.com\/en\/sirbine-aura-battler-dunbine-plamax-model-kit\/\"]}]},{\"@type\":\"ImageObject\",\"inLanguage\":\"en-US\",\"@id\":\"https:\/\/endormoonstore.com\/en\/sirbine-aura-battler-dunbine-plamax-model-kit\/#primaryimage\",\"url\":\"https:\/\/endormoonstore.com\/wp-content\/uploads\/2021\/07\/Sirbine-Aura-Battler-Dunbine-Plamax-Model-Kit-1.jpeg\",\"contentUrl\":\"https:\/\/endormoonstore.com\/wp-content\/uploads\/2021\/07\/Sirbine-Aura-Battler-Dunbine-Plamax-Model-Kit-1.jpeg\",\"width\":562,\"height\":750},{\"@type\":\"BreadcrumbList\",\"@id\":\"https:\/\/endormoonstore.com\/en\/sirbine-aura-battler-dunbine-plamax-model-kit\/#breadcrumb\",\"itemListElement\":[{\"@type\":\"ListItem\",\"position\":1,\"name\":\"Shop\",\"item\":\"https:\/\/endormoonstore.com\/en\/shop\/\"},{\"@type\":\"ListItem\",\"position\":2,\"name\":\"Sirbine Aura Battler Dunbine Plamax Model Kit\u00a0\"}]},{\"@type\":\"WebSite\",\"@id\":\"https:\/\/endormoonstore.com\/#website\",\"url\":\"https:\/\/endormoonstore.com\/\",\"name\":\"EndormoonStore\",\"description\":\"\",\"potentialAction\":[{\"@type\":\"SearchAction\",\"target\":{\"@type\":\"EntryPoint\",\"urlTemplate\":\"https:\/\/endormoonstore.com\/?s={search_term_string}\"},\"query-input\":{\"@type\":\"PropertyValueSpecification\",\"valueRequired\":true,\"valueName\":\"search_term_string\"}}],\"inLanguage\":\"en-US\"}]}<\/script>\n<!-- \/ Yoast SEO plugin. -->","yoast_head_json":{"title":"Sirbine Aura Battler Dunbine Plamax Model Kit\u00a0 - EndormoonStore","robots":{"index":"index","follow":"follow","max-snippet":"max-snippet:-1","max-image-preview":"max-image-preview:large","max-video-preview":"max-video-preview:-1"},"canonical":"https:\/\/endormoonstore.com\/en\/sirbine-aura-battler-dunbine-plamax-model-kit\/","og_locale":"en_US","og_type":"article","og_title":"Sirbine Aura Battler Dunbine Plamax Model Kit\u00a0 - EndormoonStore","og_description":"Sirbine Aura Battler Dunbine Plamax Model Kit\u00a0 15 cm  Good Smile Company presenta la nueva incorporaci\u00f3n inspirada en el modelo de los 80 de Max Sirbine para su l\u00ednea de maquetas de pl\u00e1stico Plamax.","og_url":"https:\/\/endormoonstore.com\/en\/sirbine-aura-battler-dunbine-plamax-model-kit\/","og_site_name":"EndormoonStore","article_modified_time":"2022-05-20T10:11:22+00:00","og_image":[{"width":562,"height":750,"url":"https:\/\/endormoonstore.com\/wp-content\/uploads\/2021\/07\/Sirbine-Aura-Battler-Dunbine-Plamax-Model-Kit-1.jpeg","type":"image\/jpeg"}],"twitter_card":"summary_large_image","twitter_misc":{"Est. reading time":"1 minute"},"schema":{"@context":"https:\/\/schema.org","@graph":[{"@type":"WebPage","@id":"https:\/\/endormoonstore.com\/en\/sirbine-aura-battler-dunbine-plamax-model-kit\/","url":"https:\/\/endormoonstore.com\/en\/sirbine-aura-battler-dunbine-plamax-model-kit\/","name":"Sirbine Aura Battler Dunbine Plamax Model Kit\u00a0 - EndormoonStore","isPartOf":{"@id":"https:\/\/endormoonstore.com\/#website"},"primaryImageOfPage":{"@id":"https:\/\/endormoonstore.com\/en\/sirbine-aura-battler-dunbine-plamax-model-kit\/#primaryimage"},"image":{"@id":"https:\/\/endormoonstore.com\/en\/sirbine-aura-battler-dunbine-plamax-model-kit\/#primaryimage"},"thumbnailUrl":"https:\/\/endormoonstore.com\/wp-content\/uploads\/2021\/07\/Sirbine-Aura-Battler-Dunbine-Plamax-Model-Kit-1.jpeg","datePublished":"2021-07-17T09:38:11+00:00","dateModified":"2022-05-20T10:11:22+00:00","breadcrumb":{"@id":"https:\/\/endormoonstore.com\/en\/sirbine-aura-battler-dunbine-plamax-model-kit\/#breadcrumb"},"inLanguage":"en-US","potentialAction":[{"@type":"ReadAction","target":["https:\/\/endormoonstore.com\/en\/sirbine-aura-battler-dunbine-plamax-model-kit\/"]}]},{"@type":"ImageObject","inLanguage":"en-US","@id":"https:\/\/endormoonstore.com\/en\/sirbine-aura-battler-dunbine-plamax-model-kit\/#primaryimage","url":"https:\/\/endormoonstore.com\/wp-content\/uploads\/2021\/07\/Sirbine-Aura-Battler-Dunbine-Plamax-Model-Kit-1.jpeg","contentUrl":"https:\/\/endormoonstore.com\/wp-content\/uploads\/2021\/07\/Sirbine-Aura-Battler-Dunbine-Plamax-Model-Kit-1.jpeg","width":562,"height":750},{"@type":"BreadcrumbList","@id":"https:\/\/endormoonstore.com\/en\/sirbine-aura-battler-dunbine-plamax-model-kit\/#breadcrumb","itemListElement":[{"@type":"ListItem","position":1,"name":"Shop","item":"https:\/\/endormoonstore.com\/en\/shop\/"},{"@type":"ListItem","position":2,"name":"Sirbine Aura Battler Dunbine Plamax Model Kit\u00a0"}]},{"@type":"WebSite","@id":"https:\/\/endormoonstore.com\/#website","url":"https:\/\/endormoonstore.com\/","name":"EndormoonStore","description":"","potentialAction":[{"@type":"SearchAction","target":{"@type":"EntryPoint","urlTemplate":"https:\/\/endormoonstore.com\/?s={search_term_string}"},"query-input":{"@type":"PropertyValueSpecification","valueRequired":true,"valueName":"search_term_string"}}],"inLanguage":"en-US"}]}},"taxonomy_info":{"product_cat":[{"value":1390,"label":"Figures"},{"value":1388,"label":"Modelism"}],"pa_brand":[{"value":2081,"label":"Good Smile Company"}],"pa_character":[{"value":8783,"label":"Sirbine"}],"pa_license":[{"value":8771,"label":"Aura Battler Dunbine"}],"pa_product-type":[{"value":7302,"label":"Model Kit"}],"pa_theme":[{"value":8789,"label":"Plamax Model Kit"}]},"featured_image_src_large":["https:\/\/endormoonstore.com\/wp-content\/uploads\/2021\/07\/Sirbine-Aura-Battler-Dunbine-Plamax-Model-Kit-1.jpeg",562,750,false],"author_info":[],"comment_info":"","_links":{"self":[{"href":"https:\/\/endormoonstore.com\/en\/wp-json\/wp\/v2\/product\/110159","targetHints":{"allow":["GET"]}}],"collection":[{"href":"https:\/\/endormoonstore.com\/en\/wp-json\/wp\/v2\/product"}],"about":[{"href":"https:\/\/endormoonstore.com\/en\/wp-json\/wp\/v2\/types\/product"}],"wp:featuredmedia":[{"embeddable":true,"href":"https:\/\/endormoonstore.com\/en\/wp-json\/wp\/v2\/media\/110150"}],"wp:attachment":[{"href":"https:\/\/endormoonstore.com\/en\/wp-json\/wp\/v2\/media?parent=110159"}],"wp:term":[{"taxonomy":"product_cat","embeddable":true,"href":"https:\/\/endormoonstore.com\/en\/wp-json\/wp\/v2\/product_cat?post=110159"},{"taxonomy":"product_tag","embeddable":true,"href":"https:\/\/endormoonstore.com\/en\/wp-json\/wp\/v2\/product_tag?post=110159"}],"curies":[{"name":"wp","href":"https:\/\/api.w.org\/{rel}","templated":true}]}}