{"id":109850,"date":"2021-07-10T13:36:16","date_gmt":"2021-07-10T11:36:16","guid":{"rendered":"https:\/\/endormoonstore.com\/iron-man-tech-on-avengers-s-h-figuarts\/"},"modified":"2022-03-02T00:11:42","modified_gmt":"2022-03-01T23:11:42","slug":"iron-man-tech-on-avengers-s-h-figuarts","status":"publish","type":"product","link":"https:\/\/endormoonstore.com\/en\/iron-man-tech-on-avengers-s-h-figuarts\/","title":{"rendered":"Iron Man Tech-On Avengers S.H. Figuarts"},"content":{"rendered":"<p><strong>Iron Man Tech-On Avengers S.H. Figuarts Figura 15,5 cm<\/strong><\/p>\n<ul>\n<li>Tech-On Avengers es una nueva colaboraci\u00f3n de S.H.Figuarts entre \u00a1Marvel Comics y Bandai Spirits!<\/li>\n<li>\u00a1El primer lanzamiento de la serie es Iron Man!<\/li>\n<li>Es un aspecto completamente nuevo para Iron Man, dise\u00f1ado por Eiichi Shimizu.<\/li>\n<li>El cuerpo con un acabado en colores met\u00e1licos y el marco de metal fundido a presi\u00f3n para una sensaci\u00f3n de alta calidad.<\/li>\n<\/ul>\n<p>&nbsp;<\/p>\n<p>&nbsp;<\/p>\n<p>&nbsp;<\/p>\n<p>&nbsp;<\/p>\n","protected":false},"excerpt":{"rendered":"<p><strong>Iron Man Tech-On Avengers S.H. Figuarts Figura 15,5 cm<\/strong><\/p>\n<p>Tech-On Avengers es una nueva colaboraci\u00f3n de S.H.Figuarts entre \u00a1Marvel Comics y Bandai Spirits!<\/p>\n","protected":false},"featured_media":109849,"template":"","meta":{"_acf_changed":false,"_kad_blocks_custom_css":"","_kad_blocks_head_custom_js":"","_kad_blocks_body_custom_js":"","_kad_blocks_footer_custom_js":""},"product_cat":[1390],"product_tag":[],"class_list":{"0":"post-109850","1":"product","2":"type-product","3":"status-publish","4":"has-post-thumbnail","6":"product_cat-figures","7":"pa_brand-tamashii-nations-en","8":"pa_character-iron-man-en","9":"pa_episode-the-avengers-en","10":"pa_license-marvel-en","11":"pa_product-type-figure","12":"pa_theme-s-h-figuarts-en","13":"pa_theme-tech-on-avengers-en","15":"first","16":"instock","17":"taxable","18":"shipping-taxable","19":"purchasable","20":"product-type-simple"},"acf":[],"yoast_head":"<!-- This site is optimized with the Yoast SEO plugin v26.1.1 - https:\/\/yoast.com\/wordpress\/plugins\/seo\/ -->\n<title>Iron Man Tech-On Avengers S.H. Figuarts - EndormoonStore<\/title>\n<meta name=\"robots\" content=\"index, follow, max-snippet:-1, max-image-preview:large, max-video-preview:-1\" \/>\n<link rel=\"canonical\" href=\"https:\/\/endormoonstore.com\/en\/iron-man-tech-on-avengers-s-h-figuarts\/\" \/>\n<meta property=\"og:locale\" content=\"en_US\" \/>\n<meta property=\"og:type\" content=\"article\" \/>\n<meta property=\"og:title\" content=\"Iron Man Tech-On Avengers S.H. Figuarts - EndormoonStore\" \/>\n<meta property=\"og:description\" content=\"Iron Man Tech-On Avengers S.H. Figuarts Figura 15,5 cm  Tech-On Avengers es una nueva colaboraci\u00f3n de S.H.Figuarts entre \u00a1Marvel Comics y Bandai Spirits!\" \/>\n<meta property=\"og:url\" content=\"https:\/\/endormoonstore.com\/en\/iron-man-tech-on-avengers-s-h-figuarts\/\" \/>\n<meta property=\"og:site_name\" content=\"EndormoonStore\" \/>\n<meta property=\"article:modified_time\" content=\"2022-03-01T23:11:42+00:00\" \/>\n<meta property=\"og:image\" content=\"https:\/\/endormoonstore.com\/wp-content\/uploads\/2021\/07\/Iron-Man-Tech-On-Avengers-S.H.-Figuarts-1.jpg\" \/>\n\t<meta property=\"og:image:width\" content=\"506\" \/>\n\t<meta property=\"og:image:height\" content=\"750\" \/>\n\t<meta property=\"og:image:type\" content=\"image\/jpeg\" \/>\n<meta name=\"twitter:card\" content=\"summary_large_image\" \/>\n<meta name=\"twitter:label1\" content=\"Est. reading time\" \/>\n\t<meta name=\"twitter:data1\" content=\"1 minute\" \/>\n<script type=\"application\/ld+json\" class=\"yoast-schema-graph\">{\"@context\":\"https:\/\/schema.org\",\"@graph\":[{\"@type\":\"WebPage\",\"@id\":\"https:\/\/endormoonstore.com\/en\/iron-man-tech-on-avengers-s-h-figuarts\/\",\"url\":\"https:\/\/endormoonstore.com\/en\/iron-man-tech-on-avengers-s-h-figuarts\/\",\"name\":\"Iron Man Tech-On Avengers S.H. Figuarts - EndormoonStore\",\"isPartOf\":{\"@id\":\"https:\/\/endormoonstore.com\/#website\"},\"primaryImageOfPage\":{\"@id\":\"https:\/\/endormoonstore.com\/en\/iron-man-tech-on-avengers-s-h-figuarts\/#primaryimage\"},\"image\":{\"@id\":\"https:\/\/endormoonstore.com\/en\/iron-man-tech-on-avengers-s-h-figuarts\/#primaryimage\"},\"thumbnailUrl\":\"https:\/\/endormoonstore.com\/wp-content\/uploads\/2021\/07\/Iron-Man-Tech-On-Avengers-S.H.-Figuarts-1.jpg\",\"datePublished\":\"2021-07-10T11:36:16+00:00\",\"dateModified\":\"2022-03-01T23:11:42+00:00\",\"breadcrumb\":{\"@id\":\"https:\/\/endormoonstore.com\/en\/iron-man-tech-on-avengers-s-h-figuarts\/#breadcrumb\"},\"inLanguage\":\"en-US\",\"potentialAction\":[{\"@type\":\"ReadAction\",\"target\":[\"https:\/\/endormoonstore.com\/en\/iron-man-tech-on-avengers-s-h-figuarts\/\"]}]},{\"@type\":\"ImageObject\",\"inLanguage\":\"en-US\",\"@id\":\"https:\/\/endormoonstore.com\/en\/iron-man-tech-on-avengers-s-h-figuarts\/#primaryimage\",\"url\":\"https:\/\/endormoonstore.com\/wp-content\/uploads\/2021\/07\/Iron-Man-Tech-On-Avengers-S.H.-Figuarts-1.jpg\",\"contentUrl\":\"https:\/\/endormoonstore.com\/wp-content\/uploads\/2021\/07\/Iron-Man-Tech-On-Avengers-S.H.-Figuarts-1.jpg\",\"width\":506,\"height\":750},{\"@type\":\"BreadcrumbList\",\"@id\":\"https:\/\/endormoonstore.com\/en\/iron-man-tech-on-avengers-s-h-figuarts\/#breadcrumb\",\"itemListElement\":[{\"@type\":\"ListItem\",\"position\":1,\"name\":\"Shop\",\"item\":\"https:\/\/endormoonstore.com\/en\/shop\/\"},{\"@type\":\"ListItem\",\"position\":2,\"name\":\"Iron Man Tech-On Avengers S.H. Figuarts\"}]},{\"@type\":\"WebSite\",\"@id\":\"https:\/\/endormoonstore.com\/#website\",\"url\":\"https:\/\/endormoonstore.com\/\",\"name\":\"EndormoonStore\",\"description\":\"\",\"potentialAction\":[{\"@type\":\"SearchAction\",\"target\":{\"@type\":\"EntryPoint\",\"urlTemplate\":\"https:\/\/endormoonstore.com\/?s={search_term_string}\"},\"query-input\":{\"@type\":\"PropertyValueSpecification\",\"valueRequired\":true,\"valueName\":\"search_term_string\"}}],\"inLanguage\":\"en-US\"}]}<\/script>\n<!-- \/ Yoast SEO plugin. -->","yoast_head_json":{"title":"Iron Man Tech-On Avengers S.H. Figuarts - EndormoonStore","robots":{"index":"index","follow":"follow","max-snippet":"max-snippet:-1","max-image-preview":"max-image-preview:large","max-video-preview":"max-video-preview:-1"},"canonical":"https:\/\/endormoonstore.com\/en\/iron-man-tech-on-avengers-s-h-figuarts\/","og_locale":"en_US","og_type":"article","og_title":"Iron Man Tech-On Avengers S.H. Figuarts - EndormoonStore","og_description":"Iron Man Tech-On Avengers S.H. Figuarts Figura 15,5 cm  Tech-On Avengers es una nueva colaboraci\u00f3n de S.H.Figuarts entre \u00a1Marvel Comics y Bandai Spirits!","og_url":"https:\/\/endormoonstore.com\/en\/iron-man-tech-on-avengers-s-h-figuarts\/","og_site_name":"EndormoonStore","article_modified_time":"2022-03-01T23:11:42+00:00","og_image":[{"width":506,"height":750,"url":"https:\/\/endormoonstore.com\/wp-content\/uploads\/2021\/07\/Iron-Man-Tech-On-Avengers-S.H.-Figuarts-1.jpg","type":"image\/jpeg"}],"twitter_card":"summary_large_image","twitter_misc":{"Est. reading time":"1 minute"},"schema":{"@context":"https:\/\/schema.org","@graph":[{"@type":"WebPage","@id":"https:\/\/endormoonstore.com\/en\/iron-man-tech-on-avengers-s-h-figuarts\/","url":"https:\/\/endormoonstore.com\/en\/iron-man-tech-on-avengers-s-h-figuarts\/","name":"Iron Man Tech-On Avengers S.H. Figuarts - EndormoonStore","isPartOf":{"@id":"https:\/\/endormoonstore.com\/#website"},"primaryImageOfPage":{"@id":"https:\/\/endormoonstore.com\/en\/iron-man-tech-on-avengers-s-h-figuarts\/#primaryimage"},"image":{"@id":"https:\/\/endormoonstore.com\/en\/iron-man-tech-on-avengers-s-h-figuarts\/#primaryimage"},"thumbnailUrl":"https:\/\/endormoonstore.com\/wp-content\/uploads\/2021\/07\/Iron-Man-Tech-On-Avengers-S.H.-Figuarts-1.jpg","datePublished":"2021-07-10T11:36:16+00:00","dateModified":"2022-03-01T23:11:42+00:00","breadcrumb":{"@id":"https:\/\/endormoonstore.com\/en\/iron-man-tech-on-avengers-s-h-figuarts\/#breadcrumb"},"inLanguage":"en-US","potentialAction":[{"@type":"ReadAction","target":["https:\/\/endormoonstore.com\/en\/iron-man-tech-on-avengers-s-h-figuarts\/"]}]},{"@type":"ImageObject","inLanguage":"en-US","@id":"https:\/\/endormoonstore.com\/en\/iron-man-tech-on-avengers-s-h-figuarts\/#primaryimage","url":"https:\/\/endormoonstore.com\/wp-content\/uploads\/2021\/07\/Iron-Man-Tech-On-Avengers-S.H.-Figuarts-1.jpg","contentUrl":"https:\/\/endormoonstore.com\/wp-content\/uploads\/2021\/07\/Iron-Man-Tech-On-Avengers-S.H.-Figuarts-1.jpg","width":506,"height":750},{"@type":"BreadcrumbList","@id":"https:\/\/endormoonstore.com\/en\/iron-man-tech-on-avengers-s-h-figuarts\/#breadcrumb","itemListElement":[{"@type":"ListItem","position":1,"name":"Shop","item":"https:\/\/endormoonstore.com\/en\/shop\/"},{"@type":"ListItem","position":2,"name":"Iron Man Tech-On Avengers S.H. Figuarts"}]},{"@type":"WebSite","@id":"https:\/\/endormoonstore.com\/#website","url":"https:\/\/endormoonstore.com\/","name":"EndormoonStore","description":"","potentialAction":[{"@type":"SearchAction","target":{"@type":"EntryPoint","urlTemplate":"https:\/\/endormoonstore.com\/?s={search_term_string}"},"query-input":{"@type":"PropertyValueSpecification","valueRequired":true,"valueName":"search_term_string"}}],"inLanguage":"en-US"}]}},"taxonomy_info":{"product_cat":[{"value":1390,"label":"Figures"}],"pa_brand":[{"value":2096,"label":"Tamashii Nations"}],"pa_character":[{"value":2783,"label":"Iron Man"}],"pa_episode":[{"value":2984,"label":"The Avengers"}],"pa_license":[{"value":1642,"label":"Marvel"}],"pa_product-type":[{"value":2387,"label":"Figure"}],"pa_theme":[{"value":1813,"label":"S.H. Figuarts"},{"value":8684,"label":"Tech-On Avengers"}]},"featured_image_src_large":["https:\/\/endormoonstore.com\/wp-content\/uploads\/2021\/07\/Iron-Man-Tech-On-Avengers-S.H.-Figuarts-1.jpg",506,750,false],"author_info":[],"comment_info":"","_links":{"self":[{"href":"https:\/\/endormoonstore.com\/en\/wp-json\/wp\/v2\/product\/109850","targetHints":{"allow":["GET"]}}],"collection":[{"href":"https:\/\/endormoonstore.com\/en\/wp-json\/wp\/v2\/product"}],"about":[{"href":"https:\/\/endormoonstore.com\/en\/wp-json\/wp\/v2\/types\/product"}],"wp:featuredmedia":[{"embeddable":true,"href":"https:\/\/endormoonstore.com\/en\/wp-json\/wp\/v2\/media\/109849"}],"wp:attachment":[{"href":"https:\/\/endormoonstore.com\/en\/wp-json\/wp\/v2\/media?parent=109850"}],"wp:term":[{"taxonomy":"product_cat","embeddable":true,"href":"https:\/\/endormoonstore.com\/en\/wp-json\/wp\/v2\/product_cat?post=109850"},{"taxonomy":"product_tag","embeddable":true,"href":"https:\/\/endormoonstore.com\/en\/wp-json\/wp\/v2\/product_tag?post=109850"}],"curies":[{"name":"wp","href":"https:\/\/api.w.org\/{rel}","templated":true}]}}