{"id":109339,"date":"2021-07-04T22:10:05","date_gmt":"2021-07-04T20:10:05","guid":{"rendered":"https:\/\/endormoonstore.com\/king-kong-skull-island-scale-action-figure\/"},"modified":"2022-08-31T18:37:21","modified_gmt":"2022-08-31T16:37:21","slug":"king-kong-skull-island-scale-action-figure","status":"publish","type":"product","link":"https:\/\/endormoonstore.com\/en\/king-kong-skull-island-scale-action-figure\/","title":{"rendered":"King Kong (Skull Island) Scale Action Figure"},"content":{"rendered":"<p class=\"p2\"><b>King Kong (Skull Island) Scale Action Figure 20 cm<\/b><\/p>\n<ul class=\"ul1\">\n<li class=\"li2\">Neca presenta esta figura de King Kong de unos 20 cm, basado en la pel\u00edcula King Kong.<\/li>\n<li class=\"li2\">Esta enorme figura tiene m\u00e1s de 30 puntos de articulaci\u00f3n.<\/li>\n<li class=\"li2\">La figura incluye dos cabezas intercambiables completamente nuevas (una con articulaci\u00f3n de mand\u00edbula), 3 pares de manos intercambiables, un monstruo de foso, un pteranodon y un accesorio de tronco de \u00e1rbol.<\/li>\n<\/ul>\n","protected":false},"excerpt":{"rendered":"<p><strong>King Kong (Skull Island) Scale Action Figure 20 cm<\/strong><\/p>\n<p>Neca presenta esta figura de King Kong de unos 20 cm, basado en la pel\u00edcula King Kong.<\/p>\n","protected":false},"featured_media":109306,"template":"","meta":{"_acf_changed":false,"_kad_blocks_custom_css":"","_kad_blocks_head_custom_js":"","_kad_blocks_body_custom_js":"","_kad_blocks_footer_custom_js":""},"product_cat":[1390],"product_tag":[],"class_list":{"0":"post-109339","1":"product","2":"type-product","3":"status-publish","4":"has-post-thumbnail","6":"product_cat-figures","7":"pa_brand-neca-en","8":"pa_character-king-kong-en","9":"pa_license-king-kong-en","10":"pa_product-type-figure","11":"pa_theme-scale-action-figure-en","13":"first","14":"outofstock","15":"taxable","16":"shipping-taxable","17":"purchasable","18":"product-type-simple"},"acf":[],"yoast_head":"<!-- This site is optimized with the Yoast SEO plugin v26.1.1 - https:\/\/yoast.com\/wordpress\/plugins\/seo\/ -->\n<title>King Kong (Skull Island) Scale Action Figure - EndormoonStore<\/title>\n<meta name=\"robots\" content=\"index, follow, max-snippet:-1, max-image-preview:large, max-video-preview:-1\" \/>\n<link rel=\"canonical\" href=\"https:\/\/endormoonstore.com\/en\/king-kong-skull-island-scale-action-figure\/\" \/>\n<meta property=\"og:locale\" content=\"en_US\" \/>\n<meta property=\"og:type\" content=\"article\" \/>\n<meta property=\"og:title\" content=\"King Kong (Skull Island) Scale Action Figure - EndormoonStore\" \/>\n<meta property=\"og:description\" content=\"King Kong (Skull Island) Scale Action Figure 20 cm  Neca presenta esta figura de King Kong de unos 20 cm, basado en la pel\u00edcula King Kong.\" \/>\n<meta property=\"og:url\" content=\"https:\/\/endormoonstore.com\/en\/king-kong-skull-island-scale-action-figure\/\" \/>\n<meta property=\"og:site_name\" content=\"EndormoonStore\" \/>\n<meta property=\"article:modified_time\" content=\"2022-08-31T16:37:21+00:00\" \/>\n<meta property=\"og:image\" content=\"https:\/\/endormoonstore.com\/wp-content\/uploads\/2021\/07\/King-Kong-Skull-Island-Scale-Action-Figure-1.jpeg\" \/>\n\t<meta property=\"og:image:width\" content=\"485\" \/>\n\t<meta property=\"og:image:height\" content=\"750\" \/>\n\t<meta property=\"og:image:type\" content=\"image\/jpeg\" \/>\n<meta name=\"twitter:card\" content=\"summary_large_image\" \/>\n<meta name=\"twitter:label1\" content=\"Est. reading time\" \/>\n\t<meta name=\"twitter:data1\" content=\"1 minute\" \/>\n<script type=\"application\/ld+json\" class=\"yoast-schema-graph\">{\"@context\":\"https:\/\/schema.org\",\"@graph\":[{\"@type\":\"WebPage\",\"@id\":\"https:\/\/endormoonstore.com\/en\/king-kong-skull-island-scale-action-figure\/\",\"url\":\"https:\/\/endormoonstore.com\/en\/king-kong-skull-island-scale-action-figure\/\",\"name\":\"King Kong (Skull Island) Scale Action Figure - EndormoonStore\",\"isPartOf\":{\"@id\":\"https:\/\/endormoonstore.com\/#website\"},\"primaryImageOfPage\":{\"@id\":\"https:\/\/endormoonstore.com\/en\/king-kong-skull-island-scale-action-figure\/#primaryimage\"},\"image\":{\"@id\":\"https:\/\/endormoonstore.com\/en\/king-kong-skull-island-scale-action-figure\/#primaryimage\"},\"thumbnailUrl\":\"https:\/\/endormoonstore.com\/wp-content\/uploads\/2021\/07\/King-Kong-Skull-Island-Scale-Action-Figure-1.jpeg\",\"datePublished\":\"2021-07-04T20:10:05+00:00\",\"dateModified\":\"2022-08-31T16:37:21+00:00\",\"breadcrumb\":{\"@id\":\"https:\/\/endormoonstore.com\/en\/king-kong-skull-island-scale-action-figure\/#breadcrumb\"},\"inLanguage\":\"en-US\",\"potentialAction\":[{\"@type\":\"ReadAction\",\"target\":[\"https:\/\/endormoonstore.com\/en\/king-kong-skull-island-scale-action-figure\/\"]}]},{\"@type\":\"ImageObject\",\"inLanguage\":\"en-US\",\"@id\":\"https:\/\/endormoonstore.com\/en\/king-kong-skull-island-scale-action-figure\/#primaryimage\",\"url\":\"https:\/\/endormoonstore.com\/wp-content\/uploads\/2021\/07\/King-Kong-Skull-Island-Scale-Action-Figure-1.jpeg\",\"contentUrl\":\"https:\/\/endormoonstore.com\/wp-content\/uploads\/2021\/07\/King-Kong-Skull-Island-Scale-Action-Figure-1.jpeg\",\"width\":485,\"height\":750},{\"@type\":\"BreadcrumbList\",\"@id\":\"https:\/\/endormoonstore.com\/en\/king-kong-skull-island-scale-action-figure\/#breadcrumb\",\"itemListElement\":[{\"@type\":\"ListItem\",\"position\":1,\"name\":\"Shop\",\"item\":\"https:\/\/endormoonstore.com\/en\/shop\/\"},{\"@type\":\"ListItem\",\"position\":2,\"name\":\"King Kong (Skull Island) Scale Action Figure\"}]},{\"@type\":\"WebSite\",\"@id\":\"https:\/\/endormoonstore.com\/#website\",\"url\":\"https:\/\/endormoonstore.com\/\",\"name\":\"EndormoonStore\",\"description\":\"\",\"potentialAction\":[{\"@type\":\"SearchAction\",\"target\":{\"@type\":\"EntryPoint\",\"urlTemplate\":\"https:\/\/endormoonstore.com\/?s={search_term_string}\"},\"query-input\":{\"@type\":\"PropertyValueSpecification\",\"valueRequired\":true,\"valueName\":\"search_term_string\"}}],\"inLanguage\":\"en-US\"}]}<\/script>\n<!-- \/ Yoast SEO plugin. -->","yoast_head_json":{"title":"King Kong (Skull Island) Scale Action Figure - EndormoonStore","robots":{"index":"index","follow":"follow","max-snippet":"max-snippet:-1","max-image-preview":"max-image-preview:large","max-video-preview":"max-video-preview:-1"},"canonical":"https:\/\/endormoonstore.com\/en\/king-kong-skull-island-scale-action-figure\/","og_locale":"en_US","og_type":"article","og_title":"King Kong (Skull Island) Scale Action Figure - EndormoonStore","og_description":"King Kong (Skull Island) Scale Action Figure 20 cm  Neca presenta esta figura de King Kong de unos 20 cm, basado en la pel\u00edcula King Kong.","og_url":"https:\/\/endormoonstore.com\/en\/king-kong-skull-island-scale-action-figure\/","og_site_name":"EndormoonStore","article_modified_time":"2022-08-31T16:37:21+00:00","og_image":[{"width":485,"height":750,"url":"https:\/\/endormoonstore.com\/wp-content\/uploads\/2021\/07\/King-Kong-Skull-Island-Scale-Action-Figure-1.jpeg","type":"image\/jpeg"}],"twitter_card":"summary_large_image","twitter_misc":{"Est. reading time":"1 minute"},"schema":{"@context":"https:\/\/schema.org","@graph":[{"@type":"WebPage","@id":"https:\/\/endormoonstore.com\/en\/king-kong-skull-island-scale-action-figure\/","url":"https:\/\/endormoonstore.com\/en\/king-kong-skull-island-scale-action-figure\/","name":"King Kong (Skull Island) Scale Action Figure - EndormoonStore","isPartOf":{"@id":"https:\/\/endormoonstore.com\/#website"},"primaryImageOfPage":{"@id":"https:\/\/endormoonstore.com\/en\/king-kong-skull-island-scale-action-figure\/#primaryimage"},"image":{"@id":"https:\/\/endormoonstore.com\/en\/king-kong-skull-island-scale-action-figure\/#primaryimage"},"thumbnailUrl":"https:\/\/endormoonstore.com\/wp-content\/uploads\/2021\/07\/King-Kong-Skull-Island-Scale-Action-Figure-1.jpeg","datePublished":"2021-07-04T20:10:05+00:00","dateModified":"2022-08-31T16:37:21+00:00","breadcrumb":{"@id":"https:\/\/endormoonstore.com\/en\/king-kong-skull-island-scale-action-figure\/#breadcrumb"},"inLanguage":"en-US","potentialAction":[{"@type":"ReadAction","target":["https:\/\/endormoonstore.com\/en\/king-kong-skull-island-scale-action-figure\/"]}]},{"@type":"ImageObject","inLanguage":"en-US","@id":"https:\/\/endormoonstore.com\/en\/king-kong-skull-island-scale-action-figure\/#primaryimage","url":"https:\/\/endormoonstore.com\/wp-content\/uploads\/2021\/07\/King-Kong-Skull-Island-Scale-Action-Figure-1.jpeg","contentUrl":"https:\/\/endormoonstore.com\/wp-content\/uploads\/2021\/07\/King-Kong-Skull-Island-Scale-Action-Figure-1.jpeg","width":485,"height":750},{"@type":"BreadcrumbList","@id":"https:\/\/endormoonstore.com\/en\/king-kong-skull-island-scale-action-figure\/#breadcrumb","itemListElement":[{"@type":"ListItem","position":1,"name":"Shop","item":"https:\/\/endormoonstore.com\/en\/shop\/"},{"@type":"ListItem","position":2,"name":"King Kong (Skull Island) Scale Action Figure"}]},{"@type":"WebSite","@id":"https:\/\/endormoonstore.com\/#website","url":"https:\/\/endormoonstore.com\/","name":"EndormoonStore","description":"","potentialAction":[{"@type":"SearchAction","target":{"@type":"EntryPoint","urlTemplate":"https:\/\/endormoonstore.com\/?s={search_term_string}"},"query-input":{"@type":"PropertyValueSpecification","valueRequired":true,"valueName":"search_term_string"}}],"inLanguage":"en-US"}]}},"taxonomy_info":{"product_cat":[{"value":1390,"label":"Figures"}],"pa_brand":[{"value":2090,"label":"Neca"}],"pa_character":[{"value":8642,"label":"King Kong"}],"pa_license":[{"value":8654,"label":"King Kong"}],"pa_product-type":[{"value":2387,"label":"Figure"}],"pa_theme":[{"value":2864,"label":"Scale Action Figure"}]},"featured_image_src_large":["https:\/\/endormoonstore.com\/wp-content\/uploads\/2021\/07\/King-Kong-Skull-Island-Scale-Action-Figure-1.jpeg",485,750,false],"author_info":[],"comment_info":"","_links":{"self":[{"href":"https:\/\/endormoonstore.com\/en\/wp-json\/wp\/v2\/product\/109339","targetHints":{"allow":["GET"]}}],"collection":[{"href":"https:\/\/endormoonstore.com\/en\/wp-json\/wp\/v2\/product"}],"about":[{"href":"https:\/\/endormoonstore.com\/en\/wp-json\/wp\/v2\/types\/product"}],"wp:featuredmedia":[{"embeddable":true,"href":"https:\/\/endormoonstore.com\/en\/wp-json\/wp\/v2\/media\/109306"}],"wp:attachment":[{"href":"https:\/\/endormoonstore.com\/en\/wp-json\/wp\/v2\/media?parent=109339"}],"wp:term":[{"taxonomy":"product_cat","embeddable":true,"href":"https:\/\/endormoonstore.com\/en\/wp-json\/wp\/v2\/product_cat?post=109339"},{"taxonomy":"product_tag","embeddable":true,"href":"https:\/\/endormoonstore.com\/en\/wp-json\/wp\/v2\/product_tag?post=109339"}],"curies":[{"name":"wp","href":"https:\/\/api.w.org\/{rel}","templated":true}]}}