{"id":109115,"date":"2021-07-02T22:34:05","date_gmt":"2021-07-02T20:34:05","guid":{"rendered":"https:\/\/endormoonstore.com\/alien-mezco-designer-series-deluxe-alien\/"},"modified":"2023-01-30T23:58:47","modified_gmt":"2023-01-30T22:58:47","slug":"alien-mezco-designer-series-deluxe-alien","status":"publish","type":"product","link":"https:\/\/endormoonstore.com\/en\/alien-mezco-designer-series-deluxe-alien\/","title":{"rendered":"Alien Mezco Designer Series Deluxe Alien"},"content":{"rendered":"<p><strong>Alien Mezco Designer Series Deluxe Alien Figura 18 cm<\/strong><\/p>\n<ul>\n<li>\u00a1Esta cosa sangraba \u00e1cido!\u00a0\u00a1Qui\u00e9n sabe qu\u00e9 har\u00e1 cuando est\u00e9 muerto!<\/li>\n<li>\u00a1Alien ha invadido la Mezco Designer Series, completamente cargada con accesorios de la pel\u00edcula y partes intercambiables!<\/li>\n<li>El Xenomorph hostil presenta una mand\u00edbula externa con bisagras con una mand\u00edbula far\u00edngea emergente en el interior y un FX de baba extra\u00edble, manos y piernas intercambiables y una cola articulada.<\/li>\n<li>\u00a1No te acerques demasiado!\u00a0El huevo Ovomorph incluido contiene un Facehugger articulado y una parte superior intercambiable para que el huevo Ovomorph pueda adoptar formas abiertas y cerradas.<\/li>\n<li>\u00a0Si no pudiste escapar del Facehugger, no te gustar\u00e1 lo que suceder\u00e1 a continuaci\u00f3n &#8230;<\/li>\n<li>La forma bebe del Xenomorfo, el Chestburster, tambi\u00e9n est\u00e1 incluida y tiene una cola articulada<\/li>\n<li>La tripulaci\u00f3n a bordo del Nostromo se despierta de su crio-sue\u00f1o para investigar una llamada de socorro de una nave alien\u00edgena.<\/li>\n<li>Despu\u00e9s de que la tripulaci\u00f3n encuentra un nido de huevos dentro de la nave alien\u00edgena, comienza el terror cuando se dan cuenta de que no est\u00e1n solos.<\/li>\n<li>MDS Deluxe Alien mide unos 18 cmde alto, cuenta con 10 puntos de articulaci\u00f3n y viene empaquetado en una caja de ventana, perfecta para exhibir.<\/li>\n<\/ul>\n<p><strong>\u00a0<\/strong><\/p>\n<p>&nbsp;<\/p>\n","protected":false},"excerpt":{"rendered":"<p><strong>Alien Mezco Designer Series Deluxe Alien Figura 18 cm<\/strong><\/p>\n<p>\u00a1Esta cosa sangraba \u00e1cido! \u00a1Qui\u00e9n sabe qu\u00e9 har\u00e1 cuando est\u00e9 muerto!\u00a1Alien ha invadido la Mezco Designer Series, completamente cargada con accesorios de la pel\u00edcula y partes intercambiables!<\/p>\n<p>&nbsp;<\/p>\n","protected":false},"featured_media":109098,"template":"","meta":{"_acf_changed":false,"_kad_blocks_custom_css":"","_kad_blocks_head_custom_js":"","_kad_blocks_body_custom_js":"","_kad_blocks_footer_custom_js":""},"product_cat":[1390],"product_tag":[],"class_list":{"0":"post-109115","1":"product","2":"type-product","3":"status-publish","4":"has-post-thumbnail","6":"product_cat-figures","7":"pa_brand-mezco-toyz-en","8":"pa_license-alien-en","9":"pa_product-type-figure","10":"pa_theme-mezo-designer-series-en","12":"first","13":"outofstock","14":"taxable","15":"shipping-taxable","16":"purchasable","17":"product-type-simple"},"acf":[],"yoast_head":"<!-- This site is optimized with the Yoast SEO plugin v26.1.1 - https:\/\/yoast.com\/wordpress\/plugins\/seo\/ -->\n<title>Alien Mezco Designer Series Deluxe Alien - EndormoonStore<\/title>\n<meta name=\"robots\" content=\"index, follow, max-snippet:-1, max-image-preview:large, max-video-preview:-1\" \/>\n<link rel=\"canonical\" href=\"https:\/\/endormoonstore.com\/en\/alien-mezco-designer-series-deluxe-alien\/\" \/>\n<meta property=\"og:locale\" content=\"en_US\" \/>\n<meta property=\"og:type\" content=\"article\" \/>\n<meta property=\"og:title\" content=\"Alien Mezco Designer Series Deluxe Alien - EndormoonStore\" \/>\n<meta property=\"og:description\" content=\"Alien Mezco Designer Series Deluxe Alien Figura 18 cm  \u00a1Esta cosa sangraba \u00e1cido! \u00a1Qui\u00e9n sabe qu\u00e9 har\u00e1 cuando est\u00e9 muerto!\u00a1Alien ha invadido la Mezco Designer Series, completamente cargada con accesorios de la pel\u00edcula y partes intercambiables!  &nbsp;\" \/>\n<meta property=\"og:url\" content=\"https:\/\/endormoonstore.com\/en\/alien-mezco-designer-series-deluxe-alien\/\" \/>\n<meta property=\"og:site_name\" content=\"EndormoonStore\" \/>\n<meta property=\"article:modified_time\" content=\"2023-01-30T22:58:47+00:00\" \/>\n<meta property=\"og:image\" content=\"https:\/\/endormoonstore.com\/wp-content\/uploads\/2021\/07\/Alien-Mezco-Designer-Series-Deluxe-Alien-1.jpeg\" \/>\n\t<meta property=\"og:image:width\" content=\"750\" \/>\n\t<meta property=\"og:image:height\" content=\"750\" \/>\n\t<meta property=\"og:image:type\" content=\"image\/jpeg\" \/>\n<meta name=\"twitter:card\" content=\"summary_large_image\" \/>\n<meta name=\"twitter:label1\" content=\"Est. reading time\" \/>\n\t<meta name=\"twitter:data1\" content=\"1 minute\" \/>\n<script type=\"application\/ld+json\" class=\"yoast-schema-graph\">{\"@context\":\"https:\/\/schema.org\",\"@graph\":[{\"@type\":\"WebPage\",\"@id\":\"https:\/\/endormoonstore.com\/en\/alien-mezco-designer-series-deluxe-alien\/\",\"url\":\"https:\/\/endormoonstore.com\/en\/alien-mezco-designer-series-deluxe-alien\/\",\"name\":\"Alien Mezco Designer Series Deluxe Alien - EndormoonStore\",\"isPartOf\":{\"@id\":\"https:\/\/endormoonstore.com\/#website\"},\"primaryImageOfPage\":{\"@id\":\"https:\/\/endormoonstore.com\/en\/alien-mezco-designer-series-deluxe-alien\/#primaryimage\"},\"image\":{\"@id\":\"https:\/\/endormoonstore.com\/en\/alien-mezco-designer-series-deluxe-alien\/#primaryimage\"},\"thumbnailUrl\":\"https:\/\/endormoonstore.com\/wp-content\/uploads\/2021\/07\/Alien-Mezco-Designer-Series-Deluxe-Alien-1.jpeg\",\"datePublished\":\"2021-07-02T20:34:05+00:00\",\"dateModified\":\"2023-01-30T22:58:47+00:00\",\"breadcrumb\":{\"@id\":\"https:\/\/endormoonstore.com\/en\/alien-mezco-designer-series-deluxe-alien\/#breadcrumb\"},\"inLanguage\":\"en-US\",\"potentialAction\":[{\"@type\":\"ReadAction\",\"target\":[\"https:\/\/endormoonstore.com\/en\/alien-mezco-designer-series-deluxe-alien\/\"]}]},{\"@type\":\"ImageObject\",\"inLanguage\":\"en-US\",\"@id\":\"https:\/\/endormoonstore.com\/en\/alien-mezco-designer-series-deluxe-alien\/#primaryimage\",\"url\":\"https:\/\/endormoonstore.com\/wp-content\/uploads\/2021\/07\/Alien-Mezco-Designer-Series-Deluxe-Alien-1.jpeg\",\"contentUrl\":\"https:\/\/endormoonstore.com\/wp-content\/uploads\/2021\/07\/Alien-Mezco-Designer-Series-Deluxe-Alien-1.jpeg\",\"width\":750,\"height\":750},{\"@type\":\"BreadcrumbList\",\"@id\":\"https:\/\/endormoonstore.com\/en\/alien-mezco-designer-series-deluxe-alien\/#breadcrumb\",\"itemListElement\":[{\"@type\":\"ListItem\",\"position\":1,\"name\":\"Shop\",\"item\":\"https:\/\/endormoonstore.com\/en\/shop\/\"},{\"@type\":\"ListItem\",\"position\":2,\"name\":\"Alien Mezco Designer Series Deluxe Alien\"}]},{\"@type\":\"WebSite\",\"@id\":\"https:\/\/endormoonstore.com\/#website\",\"url\":\"https:\/\/endormoonstore.com\/\",\"name\":\"EndormoonStore\",\"description\":\"\",\"potentialAction\":[{\"@type\":\"SearchAction\",\"target\":{\"@type\":\"EntryPoint\",\"urlTemplate\":\"https:\/\/endormoonstore.com\/?s={search_term_string}\"},\"query-input\":{\"@type\":\"PropertyValueSpecification\",\"valueRequired\":true,\"valueName\":\"search_term_string\"}}],\"inLanguage\":\"en-US\"}]}<\/script>\n<!-- \/ Yoast SEO plugin. -->","yoast_head_json":{"title":"Alien Mezco Designer Series Deluxe Alien - EndormoonStore","robots":{"index":"index","follow":"follow","max-snippet":"max-snippet:-1","max-image-preview":"max-image-preview:large","max-video-preview":"max-video-preview:-1"},"canonical":"https:\/\/endormoonstore.com\/en\/alien-mezco-designer-series-deluxe-alien\/","og_locale":"en_US","og_type":"article","og_title":"Alien Mezco Designer Series Deluxe Alien - EndormoonStore","og_description":"Alien Mezco Designer Series Deluxe Alien Figura 18 cm  \u00a1Esta cosa sangraba \u00e1cido! \u00a1Qui\u00e9n sabe qu\u00e9 har\u00e1 cuando est\u00e9 muerto!\u00a1Alien ha invadido la Mezco Designer Series, completamente cargada con accesorios de la pel\u00edcula y partes intercambiables!  &nbsp;","og_url":"https:\/\/endormoonstore.com\/en\/alien-mezco-designer-series-deluxe-alien\/","og_site_name":"EndormoonStore","article_modified_time":"2023-01-30T22:58:47+00:00","og_image":[{"width":750,"height":750,"url":"https:\/\/endormoonstore.com\/wp-content\/uploads\/2021\/07\/Alien-Mezco-Designer-Series-Deluxe-Alien-1.jpeg","type":"image\/jpeg"}],"twitter_card":"summary_large_image","twitter_misc":{"Est. reading time":"1 minute"},"schema":{"@context":"https:\/\/schema.org","@graph":[{"@type":"WebPage","@id":"https:\/\/endormoonstore.com\/en\/alien-mezco-designer-series-deluxe-alien\/","url":"https:\/\/endormoonstore.com\/en\/alien-mezco-designer-series-deluxe-alien\/","name":"Alien Mezco Designer Series Deluxe Alien - EndormoonStore","isPartOf":{"@id":"https:\/\/endormoonstore.com\/#website"},"primaryImageOfPage":{"@id":"https:\/\/endormoonstore.com\/en\/alien-mezco-designer-series-deluxe-alien\/#primaryimage"},"image":{"@id":"https:\/\/endormoonstore.com\/en\/alien-mezco-designer-series-deluxe-alien\/#primaryimage"},"thumbnailUrl":"https:\/\/endormoonstore.com\/wp-content\/uploads\/2021\/07\/Alien-Mezco-Designer-Series-Deluxe-Alien-1.jpeg","datePublished":"2021-07-02T20:34:05+00:00","dateModified":"2023-01-30T22:58:47+00:00","breadcrumb":{"@id":"https:\/\/endormoonstore.com\/en\/alien-mezco-designer-series-deluxe-alien\/#breadcrumb"},"inLanguage":"en-US","potentialAction":[{"@type":"ReadAction","target":["https:\/\/endormoonstore.com\/en\/alien-mezco-designer-series-deluxe-alien\/"]}]},{"@type":"ImageObject","inLanguage":"en-US","@id":"https:\/\/endormoonstore.com\/en\/alien-mezco-designer-series-deluxe-alien\/#primaryimage","url":"https:\/\/endormoonstore.com\/wp-content\/uploads\/2021\/07\/Alien-Mezco-Designer-Series-Deluxe-Alien-1.jpeg","contentUrl":"https:\/\/endormoonstore.com\/wp-content\/uploads\/2021\/07\/Alien-Mezco-Designer-Series-Deluxe-Alien-1.jpeg","width":750,"height":750},{"@type":"BreadcrumbList","@id":"https:\/\/endormoonstore.com\/en\/alien-mezco-designer-series-deluxe-alien\/#breadcrumb","itemListElement":[{"@type":"ListItem","position":1,"name":"Shop","item":"https:\/\/endormoonstore.com\/en\/shop\/"},{"@type":"ListItem","position":2,"name":"Alien Mezco Designer Series Deluxe Alien"}]},{"@type":"WebSite","@id":"https:\/\/endormoonstore.com\/#website","url":"https:\/\/endormoonstore.com\/","name":"EndormoonStore","description":"","potentialAction":[{"@type":"SearchAction","target":{"@type":"EntryPoint","urlTemplate":"https:\/\/endormoonstore.com\/?s={search_term_string}"},"query-input":{"@type":"PropertyValueSpecification","valueRequired":true,"valueName":"search_term_string"}}],"inLanguage":"en-US"}]}},"taxonomy_info":{"product_cat":[{"value":1390,"label":"Figures"}],"pa_brand":[{"value":1638,"label":"Mezco Toyz"}],"pa_license":[{"value":2276,"label":"Alien"}],"pa_product-type":[{"value":2387,"label":"Figure"}],"pa_theme":[{"value":8151,"label":"Mezo Designer Series"}]},"featured_image_src_large":["https:\/\/endormoonstore.com\/wp-content\/uploads\/2021\/07\/Alien-Mezco-Designer-Series-Deluxe-Alien-1.jpeg",750,750,false],"author_info":[],"comment_info":"","_links":{"self":[{"href":"https:\/\/endormoonstore.com\/en\/wp-json\/wp\/v2\/product\/109115","targetHints":{"allow":["GET"]}}],"collection":[{"href":"https:\/\/endormoonstore.com\/en\/wp-json\/wp\/v2\/product"}],"about":[{"href":"https:\/\/endormoonstore.com\/en\/wp-json\/wp\/v2\/types\/product"}],"wp:featuredmedia":[{"embeddable":true,"href":"https:\/\/endormoonstore.com\/en\/wp-json\/wp\/v2\/media\/109098"}],"wp:attachment":[{"href":"https:\/\/endormoonstore.com\/en\/wp-json\/wp\/v2\/media?parent=109115"}],"wp:term":[{"taxonomy":"product_cat","embeddable":true,"href":"https:\/\/endormoonstore.com\/en\/wp-json\/wp\/v2\/product_cat?post=109115"},{"taxonomy":"product_tag","embeddable":true,"href":"https:\/\/endormoonstore.com\/en\/wp-json\/wp\/v2\/product_tag?post=109115"}],"curies":[{"name":"wp","href":"https:\/\/api.w.org\/{rel}","templated":true}]}}