{"id":108443,"date":"2021-06-24T20:26:19","date_gmt":"2021-06-24T18:26:19","guid":{"rendered":"https:\/\/endormoonstore.com\/italeri-s-3a-b-viking-ref-2623-escala-148\/"},"modified":"2021-06-24T20:33:11","modified_gmt":"2021-06-24T18:33:11","slug":"italeri-s-3a-b-viking-ref-2623-scale-148","status":"publish","type":"product","link":"https:\/\/endormoonstore.com\/en\/italeri-s-3a-b-viking-ref-2623-scale-148\/","title":{"rendered":"Italeri S-3A\/b Viking Ref 2623 Scale 1:48"},"content":{"rendered":"<p><strong>Italeri B-58 Hustler Ref 1142 Scale 1:48<\/strong><\/p>\n<ul>\n<li>El S-3 Viking es el avi\u00f3n antisubmarino est\u00e1ndar de la Marina de los EE. UU.<\/li>\n<li>Para uso embarcado desde mediados de la d\u00e9cada de 1970.<\/li>\n<li>Este gran twin-jet est\u00e1 equipado con sofisticados equipos electr\u00f3nicos para la gesti\u00f3n de misiones y vigilancia del mar en estrecho contacto con unidades navales y helic\u00f3pteros encargados de la protecci\u00f3n de portaaviones.<\/li>\n<li>\u00a0El Viking tiene una gran autonom\u00eda gracias a la capacidad de repostaje en vuelo para garantizar largos tiempos de patrulla.<\/li>\n<li>Es capaz de llevar armas torpedo, cargas de profundidad en la bodega grande as\u00ed como la amplia gama de boyas destinadas a la recogida de se\u00f1ales submarinas.<\/li>\n<li>Esta maqueta requiere de montaje<\/li>\n<li>Pegamento y pintura y herramientas de corte no incluidas<\/li>\n<\/ul>\n<p>&nbsp;<\/p>\n","protected":false},"excerpt":{"rendered":"<p><strong>Italeri B-58 Hustler Ref 1142 Scale 1:48\u00a0<\/strong><\/p>\n<p>El S-3 Viking es el avi\u00f3n antisubmarino est\u00e1ndar de la Marina de los EE. UU.<\/p>\n","protected":false},"featured_media":108428,"template":"","meta":{"_acf_changed":false,"_kad_blocks_custom_css":"","_kad_blocks_head_custom_js":"","_kad_blocks_body_custom_js":"","_kad_blocks_footer_custom_js":""},"product_cat":[1388],"product_tag":[],"class_list":{"0":"post-108443","1":"product","2":"type-product","3":"status-publish","4":"has-post-thumbnail","6":"product_cat-modelism","7":"pa_brand-italeri-en","8":"pa_theme-military-aviation","10":"first","11":"instock","12":"taxable","13":"shipping-taxable","14":"purchasable","15":"product-type-simple"},"acf":[],"yoast_head":"<!-- This site is optimized with the Yoast SEO plugin v26.1.1 - https:\/\/yoast.com\/wordpress\/plugins\/seo\/ -->\n<title>Italeri S-3A\/b Viking Ref 2623 Scale 1:48 - EndormoonStore<\/title>\n<meta name=\"robots\" content=\"index, follow, max-snippet:-1, max-image-preview:large, max-video-preview:-1\" \/>\n<link rel=\"canonical\" href=\"https:\/\/endormoonstore.com\/en\/italeri-s-3a-b-viking-ref-2623-scale-148\/\" \/>\n<meta property=\"og:locale\" content=\"en_US\" \/>\n<meta property=\"og:type\" content=\"article\" \/>\n<meta property=\"og:title\" content=\"Italeri S-3A\/b Viking Ref 2623 Scale 1:48 - EndormoonStore\" \/>\n<meta property=\"og:description\" content=\"Italeri B-58 Hustler Ref 1142 Scale 1:48\u00a0  El S-3 Viking es el avi\u00f3n antisubmarino est\u00e1ndar de la Marina de los EE. UU.\" \/>\n<meta property=\"og:url\" content=\"https:\/\/endormoonstore.com\/en\/italeri-s-3a-b-viking-ref-2623-scale-148\/\" \/>\n<meta property=\"og:site_name\" content=\"EndormoonStore\" \/>\n<meta property=\"article:modified_time\" content=\"2021-06-24T18:33:11+00:00\" \/>\n<meta property=\"og:image\" content=\"https:\/\/endormoonstore.com\/wp-content\/uploads\/2021\/06\/Italeri-S-3A-b-Viking-Ref-2623-Escala-1-48-1.jpeg\" \/>\n\t<meta property=\"og:image:width\" content=\"800\" \/>\n\t<meta property=\"og:image:height\" content=\"547\" \/>\n\t<meta property=\"og:image:type\" content=\"image\/jpeg\" \/>\n<meta name=\"twitter:card\" content=\"summary_large_image\" \/>\n<meta name=\"twitter:label1\" content=\"Est. reading time\" \/>\n\t<meta name=\"twitter:data1\" content=\"1 minute\" \/>\n<script type=\"application\/ld+json\" class=\"yoast-schema-graph\">{\"@context\":\"https:\/\/schema.org\",\"@graph\":[{\"@type\":\"WebPage\",\"@id\":\"https:\/\/endormoonstore.com\/en\/italeri-s-3a-b-viking-ref-2623-scale-148\/\",\"url\":\"https:\/\/endormoonstore.com\/en\/italeri-s-3a-b-viking-ref-2623-scale-148\/\",\"name\":\"Italeri S-3A\/b Viking Ref 2623 Scale 1:48 - EndormoonStore\",\"isPartOf\":{\"@id\":\"https:\/\/endormoonstore.com\/#website\"},\"primaryImageOfPage\":{\"@id\":\"https:\/\/endormoonstore.com\/en\/italeri-s-3a-b-viking-ref-2623-scale-148\/#primaryimage\"},\"image\":{\"@id\":\"https:\/\/endormoonstore.com\/en\/italeri-s-3a-b-viking-ref-2623-scale-148\/#primaryimage\"},\"thumbnailUrl\":\"https:\/\/endormoonstore.com\/wp-content\/uploads\/2021\/06\/Italeri-S-3A-b-Viking-Ref-2623-Escala-1-48-1.jpeg\",\"datePublished\":\"2021-06-24T18:26:19+00:00\",\"dateModified\":\"2021-06-24T18:33:11+00:00\",\"breadcrumb\":{\"@id\":\"https:\/\/endormoonstore.com\/en\/italeri-s-3a-b-viking-ref-2623-scale-148\/#breadcrumb\"},\"inLanguage\":\"en-US\",\"potentialAction\":[{\"@type\":\"ReadAction\",\"target\":[\"https:\/\/endormoonstore.com\/en\/italeri-s-3a-b-viking-ref-2623-scale-148\/\"]}]},{\"@type\":\"ImageObject\",\"inLanguage\":\"en-US\",\"@id\":\"https:\/\/endormoonstore.com\/en\/italeri-s-3a-b-viking-ref-2623-scale-148\/#primaryimage\",\"url\":\"https:\/\/endormoonstore.com\/wp-content\/uploads\/2021\/06\/Italeri-S-3A-b-Viking-Ref-2623-Escala-1-48-1.jpeg\",\"contentUrl\":\"https:\/\/endormoonstore.com\/wp-content\/uploads\/2021\/06\/Italeri-S-3A-b-Viking-Ref-2623-Escala-1-48-1.jpeg\",\"width\":800,\"height\":547},{\"@type\":\"BreadcrumbList\",\"@id\":\"https:\/\/endormoonstore.com\/en\/italeri-s-3a-b-viking-ref-2623-scale-148\/#breadcrumb\",\"itemListElement\":[{\"@type\":\"ListItem\",\"position\":1,\"name\":\"Shop\",\"item\":\"https:\/\/endormoonstore.com\/en\/shop\/\"},{\"@type\":\"ListItem\",\"position\":2,\"name\":\"Italeri S-3A\/b Viking Ref 2623 Scale 1:48\"}]},{\"@type\":\"WebSite\",\"@id\":\"https:\/\/endormoonstore.com\/#website\",\"url\":\"https:\/\/endormoonstore.com\/\",\"name\":\"EndormoonStore\",\"description\":\"\",\"potentialAction\":[{\"@type\":\"SearchAction\",\"target\":{\"@type\":\"EntryPoint\",\"urlTemplate\":\"https:\/\/endormoonstore.com\/?s={search_term_string}\"},\"query-input\":{\"@type\":\"PropertyValueSpecification\",\"valueRequired\":true,\"valueName\":\"search_term_string\"}}],\"inLanguage\":\"en-US\"}]}<\/script>\n<!-- \/ Yoast SEO plugin. -->","yoast_head_json":{"title":"Italeri S-3A\/b Viking Ref 2623 Scale 1:48 - EndormoonStore","robots":{"index":"index","follow":"follow","max-snippet":"max-snippet:-1","max-image-preview":"max-image-preview:large","max-video-preview":"max-video-preview:-1"},"canonical":"https:\/\/endormoonstore.com\/en\/italeri-s-3a-b-viking-ref-2623-scale-148\/","og_locale":"en_US","og_type":"article","og_title":"Italeri S-3A\/b Viking Ref 2623 Scale 1:48 - EndormoonStore","og_description":"Italeri B-58 Hustler Ref 1142 Scale 1:48\u00a0  El S-3 Viking es el avi\u00f3n antisubmarino est\u00e1ndar de la Marina de los EE. UU.","og_url":"https:\/\/endormoonstore.com\/en\/italeri-s-3a-b-viking-ref-2623-scale-148\/","og_site_name":"EndormoonStore","article_modified_time":"2021-06-24T18:33:11+00:00","og_image":[{"width":800,"height":547,"url":"https:\/\/endormoonstore.com\/wp-content\/uploads\/2021\/06\/Italeri-S-3A-b-Viking-Ref-2623-Escala-1-48-1.jpeg","type":"image\/jpeg"}],"twitter_card":"summary_large_image","twitter_misc":{"Est. reading time":"1 minute"},"schema":{"@context":"https:\/\/schema.org","@graph":[{"@type":"WebPage","@id":"https:\/\/endormoonstore.com\/en\/italeri-s-3a-b-viking-ref-2623-scale-148\/","url":"https:\/\/endormoonstore.com\/en\/italeri-s-3a-b-viking-ref-2623-scale-148\/","name":"Italeri S-3A\/b Viking Ref 2623 Scale 1:48 - EndormoonStore","isPartOf":{"@id":"https:\/\/endormoonstore.com\/#website"},"primaryImageOfPage":{"@id":"https:\/\/endormoonstore.com\/en\/italeri-s-3a-b-viking-ref-2623-scale-148\/#primaryimage"},"image":{"@id":"https:\/\/endormoonstore.com\/en\/italeri-s-3a-b-viking-ref-2623-scale-148\/#primaryimage"},"thumbnailUrl":"https:\/\/endormoonstore.com\/wp-content\/uploads\/2021\/06\/Italeri-S-3A-b-Viking-Ref-2623-Escala-1-48-1.jpeg","datePublished":"2021-06-24T18:26:19+00:00","dateModified":"2021-06-24T18:33:11+00:00","breadcrumb":{"@id":"https:\/\/endormoonstore.com\/en\/italeri-s-3a-b-viking-ref-2623-scale-148\/#breadcrumb"},"inLanguage":"en-US","potentialAction":[{"@type":"ReadAction","target":["https:\/\/endormoonstore.com\/en\/italeri-s-3a-b-viking-ref-2623-scale-148\/"]}]},{"@type":"ImageObject","inLanguage":"en-US","@id":"https:\/\/endormoonstore.com\/en\/italeri-s-3a-b-viking-ref-2623-scale-148\/#primaryimage","url":"https:\/\/endormoonstore.com\/wp-content\/uploads\/2021\/06\/Italeri-S-3A-b-Viking-Ref-2623-Escala-1-48-1.jpeg","contentUrl":"https:\/\/endormoonstore.com\/wp-content\/uploads\/2021\/06\/Italeri-S-3A-b-Viking-Ref-2623-Escala-1-48-1.jpeg","width":800,"height":547},{"@type":"BreadcrumbList","@id":"https:\/\/endormoonstore.com\/en\/italeri-s-3a-b-viking-ref-2623-scale-148\/#breadcrumb","itemListElement":[{"@type":"ListItem","position":1,"name":"Shop","item":"https:\/\/endormoonstore.com\/en\/shop\/"},{"@type":"ListItem","position":2,"name":"Italeri S-3A\/b Viking Ref 2623 Scale 1:48"}]},{"@type":"WebSite","@id":"https:\/\/endormoonstore.com\/#website","url":"https:\/\/endormoonstore.com\/","name":"EndormoonStore","description":"","potentialAction":[{"@type":"SearchAction","target":{"@type":"EntryPoint","urlTemplate":"https:\/\/endormoonstore.com\/?s={search_term_string}"},"query-input":{"@type":"PropertyValueSpecification","valueRequired":true,"valueName":"search_term_string"}}],"inLanguage":"en-US"}]}},"taxonomy_info":{"product_cat":[{"value":1388,"label":"Modelism"}],"pa_brand":[{"value":1759,"label":"Italeri"}],"pa_theme":[{"value":2132,"label":"Military Aviation"}]},"featured_image_src_large":["https:\/\/endormoonstore.com\/wp-content\/uploads\/2021\/06\/Italeri-S-3A-b-Viking-Ref-2623-Escala-1-48-1.jpeg",800,547,false],"author_info":[],"comment_info":"","_links":{"self":[{"href":"https:\/\/endormoonstore.com\/en\/wp-json\/wp\/v2\/product\/108443","targetHints":{"allow":["GET"]}}],"collection":[{"href":"https:\/\/endormoonstore.com\/en\/wp-json\/wp\/v2\/product"}],"about":[{"href":"https:\/\/endormoonstore.com\/en\/wp-json\/wp\/v2\/types\/product"}],"wp:featuredmedia":[{"embeddable":true,"href":"https:\/\/endormoonstore.com\/en\/wp-json\/wp\/v2\/media\/108428"}],"wp:attachment":[{"href":"https:\/\/endormoonstore.com\/en\/wp-json\/wp\/v2\/media?parent=108443"}],"wp:term":[{"taxonomy":"product_cat","embeddable":true,"href":"https:\/\/endormoonstore.com\/en\/wp-json\/wp\/v2\/product_cat?post=108443"},{"taxonomy":"product_tag","embeddable":true,"href":"https:\/\/endormoonstore.com\/en\/wp-json\/wp\/v2\/product_tag?post=108443"}],"curies":[{"name":"wp","href":"https:\/\/api.w.org\/{rel}","templated":true}]}}