{"id":108423,"date":"2021-06-24T19:44:31","date_gmt":"2021-06-24T17:44:31","guid":{"rendered":"https:\/\/endormoonstore.com\/tamiya-1989-sauber-mercedes-c9-ref-24359-escala-124\/"},"modified":"2021-09-11T20:10:01","modified_gmt":"2021-09-11T18:10:01","slug":"tamiya-1989-sauber-mercedes-c9-ref-24359-scale-124","status":"publish","type":"product","link":"https:\/\/endormoonstore.com\/en\/tamiya-1989-sauber-mercedes-c9-ref-24359-scale-124\/","title":{"rendered":"Tamiya 1989 Sauber-Mercedes C9 Ref 24359 Scale 1:24"},"content":{"rendered":"<p><strong>Tamiya 1989 Sauber-Mercedes C9 Ref 24359 Scale 1:24<\/strong><\/p>\n<ul>\n<li>El C9 es una leyenda por derecho propio, en parte gracias a su logro en 1989 de una primera victoria de Mercedes en 37 a\u00f1os en quiz\u00e1s la carrera de resistencia m\u00e1s famosa de todas.<\/li>\n<li>Su chasis fue obra del constructor suizo Sauber.\u00a0El autom\u00f3vil debut\u00f3 en 1987, pero no pudo encontrar una primera victoria en el Campeonato Mundial de Autom\u00f3viles Deportivos hasta 1988, cuando obtuvo cinco victorias en el circuito.<\/li>\n<li>La confianza era alta en 1989, y con un motor nuevo y m\u00e1s potente a bordo, el legendario esquema de color plateado, y al ser manejado como un equipo oficial de Mercedes-Benz, los C9 tomaron el primer y segundo lugar en la carrera antes mencionada, con su tercer auto terminado. quinto.<\/li>\n<li>Siete victorias en ocho carreras del Campeonato Mundial de Autom\u00f3viles Deportivos ese a\u00f1o llevaron a una triple corona de campeonatos de constructores, equipos y pilotos.<\/li>\n<li>La maqueta viene sin montar ni montar.<\/li>\n<li>Pegamento y pintura no incluida<\/li>\n<li>Escala: 1:24<\/li>\n<li>Material: Plastico y Fotograbados<\/li>\n<\/ul>\n<p>&nbsp;<\/p>\n","protected":false},"excerpt":{"rendered":"<p><strong>Tamiya 1989 Sauber-Mercedes C9 Ref 24359 Scale 1:24<\/strong><\/p>\n<p>El C9 es una leyenda por derecho propio, en parte gracias a su logro en 1989 de una primera victoria de Mercedes en 37 a\u00f1os en quiz\u00e1s la carrera de resistencia m\u00e1s famosa de todas.<\/p>\n","protected":false},"featured_media":108408,"template":"","meta":{"_acf_changed":false,"_kad_blocks_custom_css":"","_kad_blocks_head_custom_js":"","_kad_blocks_body_custom_js":"","_kad_blocks_footer_custom_js":""},"product_cat":[1388],"product_tag":[],"class_list":{"0":"post-108423","1":"product","2":"type-product","3":"status-publish","4":"has-post-thumbnail","6":"product_cat-modelism","7":"pa_brand-tamiya-en","8":"pa_manufacturer-mercedes-benz-en","9":"pa_theme-model-kit-car","11":"first","12":"outofstock","13":"taxable","14":"shipping-taxable","15":"purchasable","16":"product-type-simple"},"acf":[],"yoast_head":"<!-- This site is optimized with the Yoast SEO plugin v26.1.1 - https:\/\/yoast.com\/wordpress\/plugins\/seo\/ -->\n<title>Tamiya 1989 Sauber-Mercedes C9 Ref 24359 Scale 1:24 - EndormoonStore<\/title>\n<meta name=\"robots\" content=\"index, follow, max-snippet:-1, max-image-preview:large, max-video-preview:-1\" \/>\n<link rel=\"canonical\" href=\"https:\/\/endormoonstore.com\/tamiya-1989-sauber-mercedes-c9-ref-24359-escala-124\/\" \/>\n<meta property=\"og:locale\" content=\"en_US\" \/>\n<meta property=\"og:type\" content=\"article\" \/>\n<meta property=\"og:title\" content=\"Tamiya 1989 Sauber-Mercedes C9 Ref 24359 Scale 1:24 - EndormoonStore\" \/>\n<meta property=\"og:description\" content=\"Tamiya 1989 Sauber-Mercedes C9 Ref 24359 Scale 1:24  El C9 es una leyenda por derecho propio, en parte gracias a su logro en 1989 de una primera victoria de Mercedes en 37 a\u00f1os en quiz\u00e1s la carrera de resistencia m\u00e1s famosa de todas.\" \/>\n<meta property=\"og:url\" content=\"https:\/\/endormoonstore.com\/tamiya-1989-sauber-mercedes-c9-ref-24359-escala-124\/\" \/>\n<meta property=\"og:site_name\" content=\"EndormoonStore\" \/>\n<meta property=\"article:modified_time\" content=\"2021-09-11T18:10:01+00:00\" \/>\n<meta property=\"og:image\" content=\"https:\/\/endormoonstore.com\/wp-content\/uploads\/2021\/06\/Tamiya-1989-Sauber-Mercedes-C9-1.jpeg\" \/>\n\t<meta property=\"og:image:width\" content=\"1000\" \/>\n\t<meta property=\"og:image:height\" content=\"750\" \/>\n\t<meta property=\"og:image:type\" content=\"image\/jpeg\" \/>\n<meta name=\"twitter:card\" content=\"summary_large_image\" \/>\n<meta name=\"twitter:label1\" content=\"Est. reading time\" \/>\n\t<meta name=\"twitter:data1\" content=\"1 minute\" \/>\n<script type=\"application\/ld+json\" class=\"yoast-schema-graph\">{\"@context\":\"https:\/\/schema.org\",\"@graph\":[{\"@type\":\"WebPage\",\"@id\":\"https:\/\/endormoonstore.com\/tamiya-1989-sauber-mercedes-c9-ref-24359-escala-124\/\",\"url\":\"https:\/\/endormoonstore.com\/tamiya-1989-sauber-mercedes-c9-ref-24359-escala-124\/\",\"name\":\"Tamiya 1989 Sauber-Mercedes C9 Ref 24359 Scale 1:24 - EndormoonStore\",\"isPartOf\":{\"@id\":\"https:\/\/endormoonstore.com\/#website\"},\"primaryImageOfPage\":{\"@id\":\"https:\/\/endormoonstore.com\/tamiya-1989-sauber-mercedes-c9-ref-24359-escala-124\/#primaryimage\"},\"image\":{\"@id\":\"https:\/\/endormoonstore.com\/tamiya-1989-sauber-mercedes-c9-ref-24359-escala-124\/#primaryimage\"},\"thumbnailUrl\":\"https:\/\/endormoonstore.com\/wp-content\/uploads\/2021\/06\/Tamiya-1989-Sauber-Mercedes-C9-1.jpeg\",\"datePublished\":\"2021-06-24T17:44:31+00:00\",\"dateModified\":\"2021-09-11T18:10:01+00:00\",\"breadcrumb\":{\"@id\":\"https:\/\/endormoonstore.com\/tamiya-1989-sauber-mercedes-c9-ref-24359-escala-124\/#breadcrumb\"},\"inLanguage\":\"en-US\",\"potentialAction\":[{\"@type\":\"ReadAction\",\"target\":[\"https:\/\/endormoonstore.com\/tamiya-1989-sauber-mercedes-c9-ref-24359-escala-124\/\"]}]},{\"@type\":\"ImageObject\",\"inLanguage\":\"en-US\",\"@id\":\"https:\/\/endormoonstore.com\/tamiya-1989-sauber-mercedes-c9-ref-24359-escala-124\/#primaryimage\",\"url\":\"https:\/\/endormoonstore.com\/wp-content\/uploads\/2021\/06\/Tamiya-1989-Sauber-Mercedes-C9-1.jpeg\",\"contentUrl\":\"https:\/\/endormoonstore.com\/wp-content\/uploads\/2021\/06\/Tamiya-1989-Sauber-Mercedes-C9-1.jpeg\",\"width\":1000,\"height\":750},{\"@type\":\"BreadcrumbList\",\"@id\":\"https:\/\/endormoonstore.com\/tamiya-1989-sauber-mercedes-c9-ref-24359-escala-124\/#breadcrumb\",\"itemListElement\":[{\"@type\":\"ListItem\",\"position\":1,\"name\":\"Shop\",\"item\":\"https:\/\/endormoonstore.com\/en\/shop\/\"},{\"@type\":\"ListItem\",\"position\":2,\"name\":\"Tamiya 1989 Sauber-Mercedes C9 Ref 24359 Scale 1:24\"}]},{\"@type\":\"WebSite\",\"@id\":\"https:\/\/endormoonstore.com\/#website\",\"url\":\"https:\/\/endormoonstore.com\/\",\"name\":\"EndormoonStore\",\"description\":\"\",\"potentialAction\":[{\"@type\":\"SearchAction\",\"target\":{\"@type\":\"EntryPoint\",\"urlTemplate\":\"https:\/\/endormoonstore.com\/?s={search_term_string}\"},\"query-input\":{\"@type\":\"PropertyValueSpecification\",\"valueRequired\":true,\"valueName\":\"search_term_string\"}}],\"inLanguage\":\"en-US\"}]}<\/script>\n<!-- \/ Yoast SEO plugin. -->","yoast_head_json":{"title":"Tamiya 1989 Sauber-Mercedes C9 Ref 24359 Scale 1:24 - EndormoonStore","robots":{"index":"index","follow":"follow","max-snippet":"max-snippet:-1","max-image-preview":"max-image-preview:large","max-video-preview":"max-video-preview:-1"},"canonical":"https:\/\/endormoonstore.com\/tamiya-1989-sauber-mercedes-c9-ref-24359-escala-124\/","og_locale":"en_US","og_type":"article","og_title":"Tamiya 1989 Sauber-Mercedes C9 Ref 24359 Scale 1:24 - EndormoonStore","og_description":"Tamiya 1989 Sauber-Mercedes C9 Ref 24359 Scale 1:24  El C9 es una leyenda por derecho propio, en parte gracias a su logro en 1989 de una primera victoria de Mercedes en 37 a\u00f1os en quiz\u00e1s la carrera de resistencia m\u00e1s famosa de todas.","og_url":"https:\/\/endormoonstore.com\/tamiya-1989-sauber-mercedes-c9-ref-24359-escala-124\/","og_site_name":"EndormoonStore","article_modified_time":"2021-09-11T18:10:01+00:00","og_image":[{"width":1000,"height":750,"url":"https:\/\/endormoonstore.com\/wp-content\/uploads\/2021\/06\/Tamiya-1989-Sauber-Mercedes-C9-1.jpeg","type":"image\/jpeg"}],"twitter_card":"summary_large_image","twitter_misc":{"Est. reading time":"1 minute"},"schema":{"@context":"https:\/\/schema.org","@graph":[{"@type":"WebPage","@id":"https:\/\/endormoonstore.com\/tamiya-1989-sauber-mercedes-c9-ref-24359-escala-124\/","url":"https:\/\/endormoonstore.com\/tamiya-1989-sauber-mercedes-c9-ref-24359-escala-124\/","name":"Tamiya 1989 Sauber-Mercedes C9 Ref 24359 Scale 1:24 - EndormoonStore","isPartOf":{"@id":"https:\/\/endormoonstore.com\/#website"},"primaryImageOfPage":{"@id":"https:\/\/endormoonstore.com\/tamiya-1989-sauber-mercedes-c9-ref-24359-escala-124\/#primaryimage"},"image":{"@id":"https:\/\/endormoonstore.com\/tamiya-1989-sauber-mercedes-c9-ref-24359-escala-124\/#primaryimage"},"thumbnailUrl":"https:\/\/endormoonstore.com\/wp-content\/uploads\/2021\/06\/Tamiya-1989-Sauber-Mercedes-C9-1.jpeg","datePublished":"2021-06-24T17:44:31+00:00","dateModified":"2021-09-11T18:10:01+00:00","breadcrumb":{"@id":"https:\/\/endormoonstore.com\/tamiya-1989-sauber-mercedes-c9-ref-24359-escala-124\/#breadcrumb"},"inLanguage":"en-US","potentialAction":[{"@type":"ReadAction","target":["https:\/\/endormoonstore.com\/tamiya-1989-sauber-mercedes-c9-ref-24359-escala-124\/"]}]},{"@type":"ImageObject","inLanguage":"en-US","@id":"https:\/\/endormoonstore.com\/tamiya-1989-sauber-mercedes-c9-ref-24359-escala-124\/#primaryimage","url":"https:\/\/endormoonstore.com\/wp-content\/uploads\/2021\/06\/Tamiya-1989-Sauber-Mercedes-C9-1.jpeg","contentUrl":"https:\/\/endormoonstore.com\/wp-content\/uploads\/2021\/06\/Tamiya-1989-Sauber-Mercedes-C9-1.jpeg","width":1000,"height":750},{"@type":"BreadcrumbList","@id":"https:\/\/endormoonstore.com\/tamiya-1989-sauber-mercedes-c9-ref-24359-escala-124\/#breadcrumb","itemListElement":[{"@type":"ListItem","position":1,"name":"Shop","item":"https:\/\/endormoonstore.com\/en\/shop\/"},{"@type":"ListItem","position":2,"name":"Tamiya 1989 Sauber-Mercedes C9 Ref 24359 Scale 1:24"}]},{"@type":"WebSite","@id":"https:\/\/endormoonstore.com\/#website","url":"https:\/\/endormoonstore.com\/","name":"EndormoonStore","description":"","potentialAction":[{"@type":"SearchAction","target":{"@type":"EntryPoint","urlTemplate":"https:\/\/endormoonstore.com\/?s={search_term_string}"},"query-input":{"@type":"PropertyValueSpecification","valueRequired":true,"valueName":"search_term_string"}}],"inLanguage":"en-US"}]}},"taxonomy_info":{"product_cat":[{"value":1388,"label":"Modelism"}],"pa_brand":[{"value":1761,"label":"Tamiya"}],"pa_manufacturer":[{"value":4289,"label":"Mercedes Benz"}],"pa_theme":[{"value":5336,"label":"Model Kit Car"}]},"featured_image_src_large":["https:\/\/endormoonstore.com\/wp-content\/uploads\/2021\/06\/Tamiya-1989-Sauber-Mercedes-C9-1.jpeg",1000,750,false],"author_info":[],"comment_info":"","_links":{"self":[{"href":"https:\/\/endormoonstore.com\/en\/wp-json\/wp\/v2\/product\/108423","targetHints":{"allow":["GET"]}}],"collection":[{"href":"https:\/\/endormoonstore.com\/en\/wp-json\/wp\/v2\/product"}],"about":[{"href":"https:\/\/endormoonstore.com\/en\/wp-json\/wp\/v2\/types\/product"}],"wp:featuredmedia":[{"embeddable":true,"href":"https:\/\/endormoonstore.com\/en\/wp-json\/wp\/v2\/media\/108408"}],"wp:attachment":[{"href":"https:\/\/endormoonstore.com\/en\/wp-json\/wp\/v2\/media?parent=108423"}],"wp:term":[{"taxonomy":"product_cat","embeddable":true,"href":"https:\/\/endormoonstore.com\/en\/wp-json\/wp\/v2\/product_cat?post=108423"},{"taxonomy":"product_tag","embeddable":true,"href":"https:\/\/endormoonstore.com\/en\/wp-json\/wp\/v2\/product_tag?post=108423"}],"curies":[{"name":"wp","href":"https:\/\/api.w.org\/{rel}","templated":true}]}}