{"id":108373,"date":"2021-06-24T19:18:12","date_gmt":"2021-06-24T17:18:12","guid":{"rendered":"https:\/\/endormoonstore.com\/tamiya-fiat-131-abarth-rally-olio-fiat-ref-20069-escala-120\/"},"modified":"2021-06-24T19:27:59","modified_gmt":"2021-06-24T17:27:59","slug":"tamiya-fiat-131-abarth-rally-olio-fiat-ref-20069-scale-120","status":"publish","type":"product","link":"https:\/\/endormoonstore.com\/en\/tamiya-fiat-131-abarth-rally-olio-fiat-ref-20069-scale-120\/","title":{"rendered":"Tamiya Fiat 131 Abarth Rally Olio Fiat Ref 20069 Scale 1:20"},"content":{"rendered":"<p><strong>Tamiya Fiat 131 Abarth Rally Olio Fiat Ref 20069 Scale 1:20<\/strong><\/p>\n<ul>\n<li>El Fiat 131 Abarth Rally es el coche de tracci\u00f3n trasera con motor delantero que hizo su debut en el rallye en 1976 y gan\u00f3 t\u00edtulos en el 77, 78 y 80.<\/li>\n<li>La famosa marca italiana de tuning de autom\u00f3viles Abarth desarroll\u00f3 este autom\u00f3vil como una versi\u00f3n sintonizada por Abarth del Fiat 131 Mirafiori con un motor de 4 v\u00e1lvulas DOHC de 4 cilindros en l\u00ednea de 1.995 cc con capacidad de 215 CV y \u200b\u200bsuspensi\u00f3n independiente McPherson en las 4 ruedas con ventilaci\u00f3n delantera \/ trasera frenos de disco.<\/li>\n<li>Adem\u00e1s, era extremadamente liviano gracias al uso extensivo de FRP y aluminio en todo su cuerpo.<\/li>\n<li>La versi\u00f3n de 1976 y 1977 se termin\u00f3 con una librea azul marino y amarilla basada en los colores de Olio Fiat.<\/li>\n<li>La maqueta viene sin montar ni montar.<\/li>\n<li>Pegamento y pintura no incluida<\/li>\n<li>Escala: 1:20<\/li>\n<li>Material: Plastico.<\/li>\n<\/ul>\n<p>&nbsp;<\/p>\n","protected":false},"excerpt":{"rendered":"<p><strong>Tamiya Fiat 131 Abarth Rally Olio Fiat Ref 20069 Scale 1:20<\/strong><\/p>\n<p>El Fiat 131 Abarth Rally es el coche de tracci\u00f3n trasera con motor delantero que hizo su debut en el rallye en 1976 y gan\u00f3 t\u00edtulos en el 77, 78 y 80.<\/p>\n","protected":false},"featured_media":108360,"template":"","meta":{"_acf_changed":false,"_kad_blocks_custom_css":"","_kad_blocks_head_custom_js":"","_kad_blocks_body_custom_js":"","_kad_blocks_footer_custom_js":""},"product_cat":[1388],"product_tag":[],"class_list":{"0":"post-108373","1":"product","2":"type-product","3":"status-publish","4":"has-post-thumbnail","6":"product_cat-modelism","7":"pa_brand-tamiya-en","8":"pa_manufacturer-fiat-en","9":"pa_theme-model-kit-car","11":"first","12":"instock","13":"taxable","14":"shipping-taxable","15":"purchasable","16":"product-type-simple"},"acf":[],"yoast_head":"<!-- This site is optimized with the Yoast SEO plugin v26.1.1 - https:\/\/yoast.com\/wordpress\/plugins\/seo\/ -->\n<title>Tamiya Fiat 131 Abarth Rally Olio Fiat Ref 20069 Scale 1:20 - EndormoonStore<\/title>\n<meta name=\"robots\" content=\"index, follow, max-snippet:-1, max-image-preview:large, max-video-preview:-1\" \/>\n<link rel=\"canonical\" href=\"https:\/\/endormoonstore.com\/en\/tamiya-fiat-131-abarth-rally-olio-fiat-ref-20069-scale-120\/\" \/>\n<meta property=\"og:locale\" content=\"en_US\" \/>\n<meta property=\"og:type\" content=\"article\" \/>\n<meta property=\"og:title\" content=\"Tamiya Fiat 131 Abarth Rally Olio Fiat Ref 20069 Scale 1:20 - EndormoonStore\" \/>\n<meta property=\"og:description\" content=\"Tamiya Fiat 131 Abarth Rally Olio Fiat Ref 20069 Scale 1:20  El Fiat 131 Abarth Rally es el coche de tracci\u00f3n trasera con motor delantero que hizo su debut en el rallye en 1976 y gan\u00f3 t\u00edtulos en el 77, 78 y 80.\" \/>\n<meta property=\"og:url\" content=\"https:\/\/endormoonstore.com\/en\/tamiya-fiat-131-abarth-rally-olio-fiat-ref-20069-scale-120\/\" \/>\n<meta property=\"og:site_name\" content=\"EndormoonStore\" \/>\n<meta property=\"article:modified_time\" content=\"2021-06-24T17:27:59+00:00\" \/>\n<meta property=\"og:image\" content=\"https:\/\/endormoonstore.com\/wp-content\/uploads\/2021\/06\/Tamiya-Fiat-131-Abarth-Rally-Olio-Fiat-1.jpeg\" \/>\n\t<meta property=\"og:image:width\" content=\"1000\" \/>\n\t<meta property=\"og:image:height\" content=\"750\" \/>\n\t<meta property=\"og:image:type\" content=\"image\/jpeg\" \/>\n<meta name=\"twitter:card\" content=\"summary_large_image\" \/>\n<meta name=\"twitter:label1\" content=\"Est. reading time\" \/>\n\t<meta name=\"twitter:data1\" content=\"1 minute\" \/>\n<script type=\"application\/ld+json\" class=\"yoast-schema-graph\">{\"@context\":\"https:\/\/schema.org\",\"@graph\":[{\"@type\":\"WebPage\",\"@id\":\"https:\/\/endormoonstore.com\/en\/tamiya-fiat-131-abarth-rally-olio-fiat-ref-20069-scale-120\/\",\"url\":\"https:\/\/endormoonstore.com\/en\/tamiya-fiat-131-abarth-rally-olio-fiat-ref-20069-scale-120\/\",\"name\":\"Tamiya Fiat 131 Abarth Rally Olio Fiat Ref 20069 Scale 1:20 - EndormoonStore\",\"isPartOf\":{\"@id\":\"https:\/\/endormoonstore.com\/#website\"},\"primaryImageOfPage\":{\"@id\":\"https:\/\/endormoonstore.com\/en\/tamiya-fiat-131-abarth-rally-olio-fiat-ref-20069-scale-120\/#primaryimage\"},\"image\":{\"@id\":\"https:\/\/endormoonstore.com\/en\/tamiya-fiat-131-abarth-rally-olio-fiat-ref-20069-scale-120\/#primaryimage\"},\"thumbnailUrl\":\"https:\/\/endormoonstore.com\/wp-content\/uploads\/2021\/06\/Tamiya-Fiat-131-Abarth-Rally-Olio-Fiat-1.jpeg\",\"datePublished\":\"2021-06-24T17:18:12+00:00\",\"dateModified\":\"2021-06-24T17:27:59+00:00\",\"breadcrumb\":{\"@id\":\"https:\/\/endormoonstore.com\/en\/tamiya-fiat-131-abarth-rally-olio-fiat-ref-20069-scale-120\/#breadcrumb\"},\"inLanguage\":\"en-US\",\"potentialAction\":[{\"@type\":\"ReadAction\",\"target\":[\"https:\/\/endormoonstore.com\/en\/tamiya-fiat-131-abarth-rally-olio-fiat-ref-20069-scale-120\/\"]}]},{\"@type\":\"ImageObject\",\"inLanguage\":\"en-US\",\"@id\":\"https:\/\/endormoonstore.com\/en\/tamiya-fiat-131-abarth-rally-olio-fiat-ref-20069-scale-120\/#primaryimage\",\"url\":\"https:\/\/endormoonstore.com\/wp-content\/uploads\/2021\/06\/Tamiya-Fiat-131-Abarth-Rally-Olio-Fiat-1.jpeg\",\"contentUrl\":\"https:\/\/endormoonstore.com\/wp-content\/uploads\/2021\/06\/Tamiya-Fiat-131-Abarth-Rally-Olio-Fiat-1.jpeg\",\"width\":1000,\"height\":750},{\"@type\":\"BreadcrumbList\",\"@id\":\"https:\/\/endormoonstore.com\/en\/tamiya-fiat-131-abarth-rally-olio-fiat-ref-20069-scale-120\/#breadcrumb\",\"itemListElement\":[{\"@type\":\"ListItem\",\"position\":1,\"name\":\"Shop\",\"item\":\"https:\/\/endormoonstore.com\/en\/shop\/\"},{\"@type\":\"ListItem\",\"position\":2,\"name\":\"Tamiya Fiat 131 Abarth Rally Olio Fiat Ref 20069 Scale 1:20\"}]},{\"@type\":\"WebSite\",\"@id\":\"https:\/\/endormoonstore.com\/#website\",\"url\":\"https:\/\/endormoonstore.com\/\",\"name\":\"EndormoonStore\",\"description\":\"\",\"potentialAction\":[{\"@type\":\"SearchAction\",\"target\":{\"@type\":\"EntryPoint\",\"urlTemplate\":\"https:\/\/endormoonstore.com\/?s={search_term_string}\"},\"query-input\":{\"@type\":\"PropertyValueSpecification\",\"valueRequired\":true,\"valueName\":\"search_term_string\"}}],\"inLanguage\":\"en-US\"}]}<\/script>\n<!-- \/ Yoast SEO plugin. -->","yoast_head_json":{"title":"Tamiya Fiat 131 Abarth Rally Olio Fiat Ref 20069 Scale 1:20 - EndormoonStore","robots":{"index":"index","follow":"follow","max-snippet":"max-snippet:-1","max-image-preview":"max-image-preview:large","max-video-preview":"max-video-preview:-1"},"canonical":"https:\/\/endormoonstore.com\/en\/tamiya-fiat-131-abarth-rally-olio-fiat-ref-20069-scale-120\/","og_locale":"en_US","og_type":"article","og_title":"Tamiya Fiat 131 Abarth Rally Olio Fiat Ref 20069 Scale 1:20 - EndormoonStore","og_description":"Tamiya Fiat 131 Abarth Rally Olio Fiat Ref 20069 Scale 1:20  El Fiat 131 Abarth Rally es el coche de tracci\u00f3n trasera con motor delantero que hizo su debut en el rallye en 1976 y gan\u00f3 t\u00edtulos en el 77, 78 y 80.","og_url":"https:\/\/endormoonstore.com\/en\/tamiya-fiat-131-abarth-rally-olio-fiat-ref-20069-scale-120\/","og_site_name":"EndormoonStore","article_modified_time":"2021-06-24T17:27:59+00:00","og_image":[{"width":1000,"height":750,"url":"https:\/\/endormoonstore.com\/wp-content\/uploads\/2021\/06\/Tamiya-Fiat-131-Abarth-Rally-Olio-Fiat-1.jpeg","type":"image\/jpeg"}],"twitter_card":"summary_large_image","twitter_misc":{"Est. reading time":"1 minute"},"schema":{"@context":"https:\/\/schema.org","@graph":[{"@type":"WebPage","@id":"https:\/\/endormoonstore.com\/en\/tamiya-fiat-131-abarth-rally-olio-fiat-ref-20069-scale-120\/","url":"https:\/\/endormoonstore.com\/en\/tamiya-fiat-131-abarth-rally-olio-fiat-ref-20069-scale-120\/","name":"Tamiya Fiat 131 Abarth Rally Olio Fiat Ref 20069 Scale 1:20 - EndormoonStore","isPartOf":{"@id":"https:\/\/endormoonstore.com\/#website"},"primaryImageOfPage":{"@id":"https:\/\/endormoonstore.com\/en\/tamiya-fiat-131-abarth-rally-olio-fiat-ref-20069-scale-120\/#primaryimage"},"image":{"@id":"https:\/\/endormoonstore.com\/en\/tamiya-fiat-131-abarth-rally-olio-fiat-ref-20069-scale-120\/#primaryimage"},"thumbnailUrl":"https:\/\/endormoonstore.com\/wp-content\/uploads\/2021\/06\/Tamiya-Fiat-131-Abarth-Rally-Olio-Fiat-1.jpeg","datePublished":"2021-06-24T17:18:12+00:00","dateModified":"2021-06-24T17:27:59+00:00","breadcrumb":{"@id":"https:\/\/endormoonstore.com\/en\/tamiya-fiat-131-abarth-rally-olio-fiat-ref-20069-scale-120\/#breadcrumb"},"inLanguage":"en-US","potentialAction":[{"@type":"ReadAction","target":["https:\/\/endormoonstore.com\/en\/tamiya-fiat-131-abarth-rally-olio-fiat-ref-20069-scale-120\/"]}]},{"@type":"ImageObject","inLanguage":"en-US","@id":"https:\/\/endormoonstore.com\/en\/tamiya-fiat-131-abarth-rally-olio-fiat-ref-20069-scale-120\/#primaryimage","url":"https:\/\/endormoonstore.com\/wp-content\/uploads\/2021\/06\/Tamiya-Fiat-131-Abarth-Rally-Olio-Fiat-1.jpeg","contentUrl":"https:\/\/endormoonstore.com\/wp-content\/uploads\/2021\/06\/Tamiya-Fiat-131-Abarth-Rally-Olio-Fiat-1.jpeg","width":1000,"height":750},{"@type":"BreadcrumbList","@id":"https:\/\/endormoonstore.com\/en\/tamiya-fiat-131-abarth-rally-olio-fiat-ref-20069-scale-120\/#breadcrumb","itemListElement":[{"@type":"ListItem","position":1,"name":"Shop","item":"https:\/\/endormoonstore.com\/en\/shop\/"},{"@type":"ListItem","position":2,"name":"Tamiya Fiat 131 Abarth Rally Olio Fiat Ref 20069 Scale 1:20"}]},{"@type":"WebSite","@id":"https:\/\/endormoonstore.com\/#website","url":"https:\/\/endormoonstore.com\/","name":"EndormoonStore","description":"","potentialAction":[{"@type":"SearchAction","target":{"@type":"EntryPoint","urlTemplate":"https:\/\/endormoonstore.com\/?s={search_term_string}"},"query-input":{"@type":"PropertyValueSpecification","valueRequired":true,"valueName":"search_term_string"}}],"inLanguage":"en-US"}]}},"taxonomy_info":{"product_cat":[{"value":1388,"label":"Modelism"}],"pa_brand":[{"value":1761,"label":"Tamiya"}],"pa_manufacturer":[{"value":12131,"label":"Fiat"}],"pa_theme":[{"value":5336,"label":"Model Kit Car"}]},"featured_image_src_large":["https:\/\/endormoonstore.com\/wp-content\/uploads\/2021\/06\/Tamiya-Fiat-131-Abarth-Rally-Olio-Fiat-1.jpeg",1000,750,false],"author_info":[],"comment_info":"","_links":{"self":[{"href":"https:\/\/endormoonstore.com\/en\/wp-json\/wp\/v2\/product\/108373","targetHints":{"allow":["GET"]}}],"collection":[{"href":"https:\/\/endormoonstore.com\/en\/wp-json\/wp\/v2\/product"}],"about":[{"href":"https:\/\/endormoonstore.com\/en\/wp-json\/wp\/v2\/types\/product"}],"wp:featuredmedia":[{"embeddable":true,"href":"https:\/\/endormoonstore.com\/en\/wp-json\/wp\/v2\/media\/108360"}],"wp:attachment":[{"href":"https:\/\/endormoonstore.com\/en\/wp-json\/wp\/v2\/media?parent=108373"}],"wp:term":[{"taxonomy":"product_cat","embeddable":true,"href":"https:\/\/endormoonstore.com\/en\/wp-json\/wp\/v2\/product_cat?post=108373"},{"taxonomy":"product_tag","embeddable":true,"href":"https:\/\/endormoonstore.com\/en\/wp-json\/wp\/v2\/product_tag?post=108373"}],"curies":[{"name":"wp","href":"https:\/\/api.w.org\/{rel}","templated":true}]}}