{"id":107683,"date":"2021-06-15T17:44:32","date_gmt":"2021-06-15T15:44:32","guid":{"rendered":"https:\/\/endormoonstore.com\/captain-america-the-winter-soldier-marvel-legends-the-infinity-saga-stealth-shield\/"},"modified":"2021-09-26T19:27:42","modified_gmt":"2021-09-26T17:27:42","slug":"captain-america-the-winter-soldier-marvel-legends-the-infinity-saga-stealth-shield","status":"publish","type":"product","link":"https:\/\/endormoonstore.com\/en\/captain-america-the-winter-soldier-marvel-legends-the-infinity-saga-stealth-shield\/","title":{"rendered":"Captain America: The Winter Soldier Marvel Legends The Infinity Saga Stealth Shield"},"content":{"rendered":"<p><strong>Captain America: The Winter Soldier Marvel Legends The Infinity Saga Stealth Shield 60 cm<\/strong><\/p>\n<div class=\"pull-left margenDatosSecundarios\">\n<div id=\"ctl00_MainContent_dvSinopsis\" class=\"pull-left w100\">\n<ul>\n<li class=\"pull-left w100 text-justify well well-lg text-primary\"><span id=\"ctl00_MainContent_txtSinpsis\">Hasbro presenta la r\u00e9plica del escudo del Capit\u00e1n Am\u00e9rica, Sigilo. Para la colecci\u00f3n Marvel Legends.<\/span><\/li>\n<li class=\"pull-left w100 text-justify well well-lg text-primary\"><span id=\"ctl00_MainContent_txtSinpsis\"> Se trata de una r\u00e9plica basada en el escudo de Capit\u00e1n Am\u00e9rica basado en la pel\u00edcula &#8220;Capit\u00e1n Am\u00e9rica: The Winter Soldier&#8221;. <\/span><\/li>\n<li class=\"pull-left w100 text-justify well well-lg text-primary\"><span id=\"ctl00_MainContent_txtSinpsis\">El escudo puede cogerse al brazo y sujetarse con correas a medida.<\/span><\/li>\n<\/ul>\n<\/div>\n<\/div>\n<p>&nbsp;<\/p>\n","protected":false},"excerpt":{"rendered":"<p><strong>Captain America: The Winter Soldier Marvel Legends The Infinity Saga Stealth Shield 60 cm<\/strong><\/p>\n<p>Hasbro presenta la r\u00e9plica del escudo del Capit\u00e1n Am\u00e9rica, Sigilo. Para la colecci\u00f3n Marvel Legends.<\/p>\n","protected":false},"featured_media":107676,"template":"","meta":{"_acf_changed":false,"_kad_blocks_custom_css":"","_kad_blocks_head_custom_js":"","_kad_blocks_body_custom_js":"","_kad_blocks_footer_custom_js":""},"product_cat":[1390],"product_tag":[],"class_list":{"0":"post-107683","1":"product","2":"type-product","3":"status-publish","4":"has-post-thumbnail","6":"product_cat-figures","7":"pa_brand-hasbro-en","8":"pa_character-captain-america","9":"pa_episode-captain-america-the-winter-soldier-en","10":"pa_license-marvel-en","11":"pa_product-type-replica-en","12":"pa_theme-marvel-legends-series-en","14":"first","15":"instock","16":"taxable","17":"shipping-taxable","18":"purchasable","19":"product-type-simple"},"acf":[],"yoast_head":"<!-- This site is optimized with the Yoast SEO plugin v26.1.1 - https:\/\/yoast.com\/wordpress\/plugins\/seo\/ -->\n<title>Captain America: The Winter Soldier Marvel Legends The Infinity Saga Stealth Shield - EndormoonStore<\/title>\n<meta name=\"robots\" content=\"index, follow, max-snippet:-1, max-image-preview:large, max-video-preview:-1\" \/>\n<link rel=\"canonical\" href=\"https:\/\/endormoonstore.com\/en\/captain-america-the-winter-soldier-marvel-legends-the-infinity-saga-stealth-shield\/\" \/>\n<meta property=\"og:locale\" content=\"en_US\" \/>\n<meta property=\"og:type\" content=\"article\" \/>\n<meta property=\"og:title\" content=\"Captain America: The Winter Soldier Marvel Legends The Infinity Saga Stealth Shield - EndormoonStore\" \/>\n<meta property=\"og:description\" content=\"Captain America: The Winter Soldier Marvel Legends The Infinity Saga Stealth Shield 60 cm  Hasbro presenta la r\u00e9plica del escudo del Capit\u00e1n Am\u00e9rica, Sigilo. Para la colecci\u00f3n Marvel Legends.\" \/>\n<meta property=\"og:url\" content=\"https:\/\/endormoonstore.com\/en\/captain-america-the-winter-soldier-marvel-legends-the-infinity-saga-stealth-shield\/\" \/>\n<meta property=\"og:site_name\" content=\"EndormoonStore\" \/>\n<meta property=\"article:modified_time\" content=\"2021-09-26T17:27:42+00:00\" \/>\n<meta property=\"og:image\" content=\"https:\/\/endormoonstore.com\/wp-content\/uploads\/2021\/06\/Marvel-Legends-Captain-America-Stealth-Shield-11.jpg\" \/>\n\t<meta property=\"og:image:width\" content=\"1000\" \/>\n\t<meta property=\"og:image:height\" content=\"1000\" \/>\n\t<meta property=\"og:image:type\" content=\"image\/jpeg\" \/>\n<meta name=\"twitter:card\" content=\"summary_large_image\" \/>\n<meta name=\"twitter:label1\" content=\"Est. reading time\" \/>\n\t<meta name=\"twitter:data1\" content=\"1 minute\" \/>\n<script type=\"application\/ld+json\" class=\"yoast-schema-graph\">{\"@context\":\"https:\/\/schema.org\",\"@graph\":[{\"@type\":\"WebPage\",\"@id\":\"https:\/\/endormoonstore.com\/en\/captain-america-the-winter-soldier-marvel-legends-the-infinity-saga-stealth-shield\/\",\"url\":\"https:\/\/endormoonstore.com\/en\/captain-america-the-winter-soldier-marvel-legends-the-infinity-saga-stealth-shield\/\",\"name\":\"Captain America: The Winter Soldier Marvel Legends The Infinity Saga Stealth Shield - EndormoonStore\",\"isPartOf\":{\"@id\":\"https:\/\/endormoonstore.com\/#website\"},\"primaryImageOfPage\":{\"@id\":\"https:\/\/endormoonstore.com\/en\/captain-america-the-winter-soldier-marvel-legends-the-infinity-saga-stealth-shield\/#primaryimage\"},\"image\":{\"@id\":\"https:\/\/endormoonstore.com\/en\/captain-america-the-winter-soldier-marvel-legends-the-infinity-saga-stealth-shield\/#primaryimage\"},\"thumbnailUrl\":\"https:\/\/endormoonstore.com\/wp-content\/uploads\/2021\/06\/Marvel-Legends-Captain-America-Stealth-Shield-11.jpg\",\"datePublished\":\"2021-06-15T15:44:32+00:00\",\"dateModified\":\"2021-09-26T17:27:42+00:00\",\"breadcrumb\":{\"@id\":\"https:\/\/endormoonstore.com\/en\/captain-america-the-winter-soldier-marvel-legends-the-infinity-saga-stealth-shield\/#breadcrumb\"},\"inLanguage\":\"en-US\",\"potentialAction\":[{\"@type\":\"ReadAction\",\"target\":[\"https:\/\/endormoonstore.com\/en\/captain-america-the-winter-soldier-marvel-legends-the-infinity-saga-stealth-shield\/\"]}]},{\"@type\":\"ImageObject\",\"inLanguage\":\"en-US\",\"@id\":\"https:\/\/endormoonstore.com\/en\/captain-america-the-winter-soldier-marvel-legends-the-infinity-saga-stealth-shield\/#primaryimage\",\"url\":\"https:\/\/endormoonstore.com\/wp-content\/uploads\/2021\/06\/Marvel-Legends-Captain-America-Stealth-Shield-11.jpg\",\"contentUrl\":\"https:\/\/endormoonstore.com\/wp-content\/uploads\/2021\/06\/Marvel-Legends-Captain-America-Stealth-Shield-11.jpg\",\"width\":1000,\"height\":1000},{\"@type\":\"BreadcrumbList\",\"@id\":\"https:\/\/endormoonstore.com\/en\/captain-america-the-winter-soldier-marvel-legends-the-infinity-saga-stealth-shield\/#breadcrumb\",\"itemListElement\":[{\"@type\":\"ListItem\",\"position\":1,\"name\":\"Shop\",\"item\":\"https:\/\/endormoonstore.com\/en\/shop\/\"},{\"@type\":\"ListItem\",\"position\":2,\"name\":\"Captain America: The Winter Soldier Marvel Legends The Infinity Saga Stealth Shield\"}]},{\"@type\":\"WebSite\",\"@id\":\"https:\/\/endormoonstore.com\/#website\",\"url\":\"https:\/\/endormoonstore.com\/\",\"name\":\"EndormoonStore\",\"description\":\"\",\"potentialAction\":[{\"@type\":\"SearchAction\",\"target\":{\"@type\":\"EntryPoint\",\"urlTemplate\":\"https:\/\/endormoonstore.com\/?s={search_term_string}\"},\"query-input\":{\"@type\":\"PropertyValueSpecification\",\"valueRequired\":true,\"valueName\":\"search_term_string\"}}],\"inLanguage\":\"en-US\"}]}<\/script>\n<!-- \/ Yoast SEO plugin. -->","yoast_head_json":{"title":"Captain America: The Winter Soldier Marvel Legends The Infinity Saga Stealth Shield - EndormoonStore","robots":{"index":"index","follow":"follow","max-snippet":"max-snippet:-1","max-image-preview":"max-image-preview:large","max-video-preview":"max-video-preview:-1"},"canonical":"https:\/\/endormoonstore.com\/en\/captain-america-the-winter-soldier-marvel-legends-the-infinity-saga-stealth-shield\/","og_locale":"en_US","og_type":"article","og_title":"Captain America: The Winter Soldier Marvel Legends The Infinity Saga Stealth Shield - EndormoonStore","og_description":"Captain America: The Winter Soldier Marvel Legends The Infinity Saga Stealth Shield 60 cm  Hasbro presenta la r\u00e9plica del escudo del Capit\u00e1n Am\u00e9rica, Sigilo. Para la colecci\u00f3n Marvel Legends.","og_url":"https:\/\/endormoonstore.com\/en\/captain-america-the-winter-soldier-marvel-legends-the-infinity-saga-stealth-shield\/","og_site_name":"EndormoonStore","article_modified_time":"2021-09-26T17:27:42+00:00","og_image":[{"width":1000,"height":1000,"url":"https:\/\/endormoonstore.com\/wp-content\/uploads\/2021\/06\/Marvel-Legends-Captain-America-Stealth-Shield-11.jpg","type":"image\/jpeg"}],"twitter_card":"summary_large_image","twitter_misc":{"Est. reading time":"1 minute"},"schema":{"@context":"https:\/\/schema.org","@graph":[{"@type":"WebPage","@id":"https:\/\/endormoonstore.com\/en\/captain-america-the-winter-soldier-marvel-legends-the-infinity-saga-stealth-shield\/","url":"https:\/\/endormoonstore.com\/en\/captain-america-the-winter-soldier-marvel-legends-the-infinity-saga-stealth-shield\/","name":"Captain America: The Winter Soldier Marvel Legends The Infinity Saga Stealth Shield - EndormoonStore","isPartOf":{"@id":"https:\/\/endormoonstore.com\/#website"},"primaryImageOfPage":{"@id":"https:\/\/endormoonstore.com\/en\/captain-america-the-winter-soldier-marvel-legends-the-infinity-saga-stealth-shield\/#primaryimage"},"image":{"@id":"https:\/\/endormoonstore.com\/en\/captain-america-the-winter-soldier-marvel-legends-the-infinity-saga-stealth-shield\/#primaryimage"},"thumbnailUrl":"https:\/\/endormoonstore.com\/wp-content\/uploads\/2021\/06\/Marvel-Legends-Captain-America-Stealth-Shield-11.jpg","datePublished":"2021-06-15T15:44:32+00:00","dateModified":"2021-09-26T17:27:42+00:00","breadcrumb":{"@id":"https:\/\/endormoonstore.com\/en\/captain-america-the-winter-soldier-marvel-legends-the-infinity-saga-stealth-shield\/#breadcrumb"},"inLanguage":"en-US","potentialAction":[{"@type":"ReadAction","target":["https:\/\/endormoonstore.com\/en\/captain-america-the-winter-soldier-marvel-legends-the-infinity-saga-stealth-shield\/"]}]},{"@type":"ImageObject","inLanguage":"en-US","@id":"https:\/\/endormoonstore.com\/en\/captain-america-the-winter-soldier-marvel-legends-the-infinity-saga-stealth-shield\/#primaryimage","url":"https:\/\/endormoonstore.com\/wp-content\/uploads\/2021\/06\/Marvel-Legends-Captain-America-Stealth-Shield-11.jpg","contentUrl":"https:\/\/endormoonstore.com\/wp-content\/uploads\/2021\/06\/Marvel-Legends-Captain-America-Stealth-Shield-11.jpg","width":1000,"height":1000},{"@type":"BreadcrumbList","@id":"https:\/\/endormoonstore.com\/en\/captain-america-the-winter-soldier-marvel-legends-the-infinity-saga-stealth-shield\/#breadcrumb","itemListElement":[{"@type":"ListItem","position":1,"name":"Shop","item":"https:\/\/endormoonstore.com\/en\/shop\/"},{"@type":"ListItem","position":2,"name":"Captain America: The Winter Soldier Marvel Legends The Infinity Saga Stealth Shield"}]},{"@type":"WebSite","@id":"https:\/\/endormoonstore.com\/#website","url":"https:\/\/endormoonstore.com\/","name":"EndormoonStore","description":"","potentialAction":[{"@type":"SearchAction","target":{"@type":"EntryPoint","urlTemplate":"https:\/\/endormoonstore.com\/?s={search_term_string}"},"query-input":{"@type":"PropertyValueSpecification","valueRequired":true,"valueName":"search_term_string"}}],"inLanguage":"en-US"}]}},"taxonomy_info":{"product_cat":[{"value":1390,"label":"Figures"}],"pa_brand":[{"value":2084,"label":"Hasbro"}],"pa_character":[{"value":2309,"label":"Captain America"}],"pa_episode":[{"value":8315,"label":"Captain America: The Winter Soldier"}],"pa_license":[{"value":1642,"label":"Marvel"}],"pa_product-type":[{"value":4076,"label":"Replica"}],"pa_theme":[{"value":2071,"label":"Marvel Legends Series"}]},"featured_image_src_large":["https:\/\/endormoonstore.com\/wp-content\/uploads\/2021\/06\/Marvel-Legends-Captain-America-Stealth-Shield-11.jpg",1000,1000,false],"author_info":[],"comment_info":"","_links":{"self":[{"href":"https:\/\/endormoonstore.com\/en\/wp-json\/wp\/v2\/product\/107683","targetHints":{"allow":["GET"]}}],"collection":[{"href":"https:\/\/endormoonstore.com\/en\/wp-json\/wp\/v2\/product"}],"about":[{"href":"https:\/\/endormoonstore.com\/en\/wp-json\/wp\/v2\/types\/product"}],"wp:featuredmedia":[{"embeddable":true,"href":"https:\/\/endormoonstore.com\/en\/wp-json\/wp\/v2\/media\/107676"}],"wp:attachment":[{"href":"https:\/\/endormoonstore.com\/en\/wp-json\/wp\/v2\/media?parent=107683"}],"wp:term":[{"taxonomy":"product_cat","embeddable":true,"href":"https:\/\/endormoonstore.com\/en\/wp-json\/wp\/v2\/product_cat?post=107683"},{"taxonomy":"product_tag","embeddable":true,"href":"https:\/\/endormoonstore.com\/en\/wp-json\/wp\/v2\/product_tag?post=107683"}],"curies":[{"name":"wp","href":"https:\/\/api.w.org\/{rel}","templated":true}]}}