{"id":107248,"date":"2021-06-02T14:40:03","date_gmt":"2021-06-02T12:40:03","guid":{"rendered":"https:\/\/endormoonstore.com\/blood-bowl-sevens-pitch-double-sided-pitch-and-dugouts\/"},"modified":"2022-01-01T00:00:12","modified_gmt":"2021-12-31T23:00:12","slug":"blood-bowl-sevens-pitch-double-sided-pitch-and-dugouts","status":"publish","type":"product","link":"https:\/\/endormoonstore.com\/en\/blood-bowl-sevens-pitch-double-sided-pitch-and-dugouts\/","title":{"rendered":"Blood Bowl Sevens Pitch Double-sided Pitch and Dugouts"},"content":{"rendered":"<p><strong>Blood Bowl Sevens Pitch Double-sided Pitch and Dugouts for Blood Bowl Sevens<\/strong><\/p>\n<div id=\"main\" class=\"responsive catalog\" role=\"main\">\n<div id=\"filters\" class=\"catalog-container\">\n<section id=\"mainContent\" class=\"interactiveOneColumnPage\">\n<div id=\"tabs\" class=\"responsive-tabs tabs\">\n<div id=\"description\" class=\"tabs__panel tabs__state--active\">\n<div class=\"legacy-tab legacy-tab--description\">\n<ul>\n<li class=\"tab-panel__column\">Los partidos amateur de Blood Bowl suelen jugarse en un campo m\u00e1s peque\u00f1o, con menos jugadores.<\/li>\n<li class=\"tab-panel__column\">Una partida r\u00e1pida de Blood Bowl Siete es una forma muy divertida de resolver un rencor.<\/li>\n<li class=\"tab-panel__column\">Pasar el tiempo o eliminar a los rivales comerciales y rom\u00e1nticos con un conveniente &#8220;accidente&#8221;.<\/li>\n<li class=\"tab-panel__column\">Incluso los equipos profesionales juegan ocasionalmente una partida de Blood Bowl Siete para mantenerse en forma o como evento ben\u00e9fico.<\/li>\n<li class=\"tab-panel__column\">Como el Blood Bowl Siete se juega con menos jugadores en cada equipo, tiene sentido que el campo sea tambi\u00e9n de tama\u00f1o reducido.<\/li>\n<li class=\"tab-panel__column\">Por ello, algunos campos de juego son m\u00e1s peque\u00f1os de lo que dicta el reglamento de Blood Bowl, dise\u00f1ados espec\u00edficamente para jugar partidas de Blood Bowl Siete.<\/li>\n<li class=\"tab-panel__column\">Esta versi\u00f3n simplificada del juego es ideal para los jugadores m\u00e1s j\u00f3venes, los entrenadores con poco tiempo o cualquier persona que busque iniciarse en el juego con una curva de aprendizaje m\u00e1s leve.<\/li>\n<li class=\"tab-panel__column\">Este campo reversible de Blood Bowl presenta un campo de c\u00e9sped est\u00e1ndar en una cara y baldosas de astrogranito en la otra. Aunque el tama\u00f1o es reducido, todas las marcas est\u00e1ndar est\u00e1n presentes y se tienen en cuenta.<\/li>\n<li class=\"tab-panel__column\">Tambi\u00e9n encontrar\u00e1s un par de banquillos de doble cara a juego para completar el kit. Redise\u00f1ados para los juegos de Blood Bowl Siete, cada banquillo cuenta con un marcador de Touchdowns, turnos y segundas oportunidades m\u00e1s cortos, as\u00ed como zonas para reservas, inconscientes y lesionados.<\/li>\n<li class=\"tab-panel__column\">Necesitar\u00e1s un ejemplar de Blood Bowl<\/li>\n<li class=\"tab-panel__column\">Las Reglas Oficiales y del suplemento Death Zone para utilizar este terreno de juego.<\/li>\n<\/ul>\n<\/div>\n<\/div>\n<\/div>\n<\/section>\n<\/div>\n<\/div>\n<footer class=\"r-footer\">\n<section class=\"r-footer__links\">\n<div class=\"r-footer__links-menu\"><\/div>\n<\/section>\n<\/footer>\n<p>&nbsp;<\/p>\n<p>&nbsp;<\/p>\n","protected":false},"excerpt":{"rendered":"<p><strong>Blood Bowl Sevens Pitch Double-sided Pitch and Dugouts for Blood Bowl Sevens<\/strong><\/p>\n<p>Los partidos amateur de Blood Bowl suelen jugarse en un campo m\u00e1s peque\u00f1o, con menos jugadores.<\/p>\n","protected":false},"featured_media":107241,"template":"","meta":{"_acf_changed":false,"_kad_blocks_custom_css":"","_kad_blocks_head_custom_js":"","_kad_blocks_body_custom_js":"","_kad_blocks_footer_custom_js":""},"product_cat":[1386],"product_tag":[],"class_list":{"0":"post-107248","1":"product","2":"type-product","3":"status-publish","4":"has-post-thumbnail","6":"product_cat-miniatures","7":"pa_brand-games-workshop-en","8":"pa_product-type-scenery","9":"pa_theme-blood-bowl-en","11":"first","12":"outofstock","13":"taxable","14":"shipping-taxable","15":"purchasable","16":"product-type-simple"},"acf":[],"yoast_head":"<!-- This site is optimized with the Yoast SEO plugin v26.1.1 - https:\/\/yoast.com\/wordpress\/plugins\/seo\/ -->\n<title>Blood Bowl Sevens Pitch Double-sided Pitch and Dugouts - EndormoonStore<\/title>\n<meta name=\"robots\" content=\"index, follow, max-snippet:-1, max-image-preview:large, max-video-preview:-1\" \/>\n<link rel=\"canonical\" href=\"https:\/\/endormoonstore.com\/en\/blood-bowl-sevens-pitch-double-sided-pitch-and-dugouts\/\" \/>\n<meta property=\"og:locale\" content=\"en_US\" \/>\n<meta property=\"og:type\" content=\"article\" \/>\n<meta property=\"og:title\" content=\"Blood Bowl Sevens Pitch Double-sided Pitch and Dugouts - EndormoonStore\" \/>\n<meta property=\"og:description\" content=\"Blood Bowl Sevens Pitch Double-sided Pitch and Dugouts for Blood Bowl Sevens  Los partidos amateur de Blood Bowl suelen jugarse en un campo m\u00e1s peque\u00f1o, con menos jugadores.\" \/>\n<meta property=\"og:url\" content=\"https:\/\/endormoonstore.com\/en\/blood-bowl-sevens-pitch-double-sided-pitch-and-dugouts\/\" \/>\n<meta property=\"og:site_name\" content=\"EndormoonStore\" \/>\n<meta property=\"article:modified_time\" content=\"2021-12-31T23:00:12+00:00\" \/>\n<meta property=\"og:image\" content=\"https:\/\/endormoonstore.com\/wp-content\/uploads\/2021\/06\/Blood-Bowl-Sevens-Pitch-Double-sided-Pitch-and-Dugouts-for-Blood-Bowl-Sevens-1.jpg\" \/>\n\t<meta property=\"og:image:width\" content=\"920\" \/>\n\t<meta property=\"og:image:height\" content=\"950\" \/>\n\t<meta property=\"og:image:type\" content=\"image\/jpeg\" \/>\n<meta name=\"twitter:card\" content=\"summary_large_image\" \/>\n<meta name=\"twitter:label1\" content=\"Est. reading time\" \/>\n\t<meta name=\"twitter:data1\" content=\"2 minutes\" \/>\n<script type=\"application\/ld+json\" class=\"yoast-schema-graph\">{\"@context\":\"https:\/\/schema.org\",\"@graph\":[{\"@type\":\"WebPage\",\"@id\":\"https:\/\/endormoonstore.com\/en\/blood-bowl-sevens-pitch-double-sided-pitch-and-dugouts\/\",\"url\":\"https:\/\/endormoonstore.com\/en\/blood-bowl-sevens-pitch-double-sided-pitch-and-dugouts\/\",\"name\":\"Blood Bowl Sevens Pitch Double-sided Pitch and Dugouts - EndormoonStore\",\"isPartOf\":{\"@id\":\"https:\/\/endormoonstore.com\/#website\"},\"primaryImageOfPage\":{\"@id\":\"https:\/\/endormoonstore.com\/en\/blood-bowl-sevens-pitch-double-sided-pitch-and-dugouts\/#primaryimage\"},\"image\":{\"@id\":\"https:\/\/endormoonstore.com\/en\/blood-bowl-sevens-pitch-double-sided-pitch-and-dugouts\/#primaryimage\"},\"thumbnailUrl\":\"https:\/\/endormoonstore.com\/wp-content\/uploads\/2021\/06\/Blood-Bowl-Sevens-Pitch-Double-sided-Pitch-and-Dugouts-for-Blood-Bowl-Sevens-1.jpg\",\"datePublished\":\"2021-06-02T12:40:03+00:00\",\"dateModified\":\"2021-12-31T23:00:12+00:00\",\"breadcrumb\":{\"@id\":\"https:\/\/endormoonstore.com\/en\/blood-bowl-sevens-pitch-double-sided-pitch-and-dugouts\/#breadcrumb\"},\"inLanguage\":\"en-US\",\"potentialAction\":[{\"@type\":\"ReadAction\",\"target\":[\"https:\/\/endormoonstore.com\/en\/blood-bowl-sevens-pitch-double-sided-pitch-and-dugouts\/\"]}]},{\"@type\":\"ImageObject\",\"inLanguage\":\"en-US\",\"@id\":\"https:\/\/endormoonstore.com\/en\/blood-bowl-sevens-pitch-double-sided-pitch-and-dugouts\/#primaryimage\",\"url\":\"https:\/\/endormoonstore.com\/wp-content\/uploads\/2021\/06\/Blood-Bowl-Sevens-Pitch-Double-sided-Pitch-and-Dugouts-for-Blood-Bowl-Sevens-1.jpg\",\"contentUrl\":\"https:\/\/endormoonstore.com\/wp-content\/uploads\/2021\/06\/Blood-Bowl-Sevens-Pitch-Double-sided-Pitch-and-Dugouts-for-Blood-Bowl-Sevens-1.jpg\",\"width\":920,\"height\":950},{\"@type\":\"BreadcrumbList\",\"@id\":\"https:\/\/endormoonstore.com\/en\/blood-bowl-sevens-pitch-double-sided-pitch-and-dugouts\/#breadcrumb\",\"itemListElement\":[{\"@type\":\"ListItem\",\"position\":1,\"name\":\"Shop\",\"item\":\"https:\/\/endormoonstore.com\/en\/shop\/\"},{\"@type\":\"ListItem\",\"position\":2,\"name\":\"Blood Bowl Sevens Pitch Double-sided Pitch and Dugouts\"}]},{\"@type\":\"WebSite\",\"@id\":\"https:\/\/endormoonstore.com\/#website\",\"url\":\"https:\/\/endormoonstore.com\/\",\"name\":\"EndormoonStore\",\"description\":\"\",\"potentialAction\":[{\"@type\":\"SearchAction\",\"target\":{\"@type\":\"EntryPoint\",\"urlTemplate\":\"https:\/\/endormoonstore.com\/?s={search_term_string}\"},\"query-input\":{\"@type\":\"PropertyValueSpecification\",\"valueRequired\":true,\"valueName\":\"search_term_string\"}}],\"inLanguage\":\"en-US\"}]}<\/script>\n<!-- \/ Yoast SEO plugin. -->","yoast_head_json":{"title":"Blood Bowl Sevens Pitch Double-sided Pitch and Dugouts - EndormoonStore","robots":{"index":"index","follow":"follow","max-snippet":"max-snippet:-1","max-image-preview":"max-image-preview:large","max-video-preview":"max-video-preview:-1"},"canonical":"https:\/\/endormoonstore.com\/en\/blood-bowl-sevens-pitch-double-sided-pitch-and-dugouts\/","og_locale":"en_US","og_type":"article","og_title":"Blood Bowl Sevens Pitch Double-sided Pitch and Dugouts - EndormoonStore","og_description":"Blood Bowl Sevens Pitch Double-sided Pitch and Dugouts for Blood Bowl Sevens  Los partidos amateur de Blood Bowl suelen jugarse en un campo m\u00e1s peque\u00f1o, con menos jugadores.","og_url":"https:\/\/endormoonstore.com\/en\/blood-bowl-sevens-pitch-double-sided-pitch-and-dugouts\/","og_site_name":"EndormoonStore","article_modified_time":"2021-12-31T23:00:12+00:00","og_image":[{"width":920,"height":950,"url":"https:\/\/endormoonstore.com\/wp-content\/uploads\/2021\/06\/Blood-Bowl-Sevens-Pitch-Double-sided-Pitch-and-Dugouts-for-Blood-Bowl-Sevens-1.jpg","type":"image\/jpeg"}],"twitter_card":"summary_large_image","twitter_misc":{"Est. reading time":"2 minutes"},"schema":{"@context":"https:\/\/schema.org","@graph":[{"@type":"WebPage","@id":"https:\/\/endormoonstore.com\/en\/blood-bowl-sevens-pitch-double-sided-pitch-and-dugouts\/","url":"https:\/\/endormoonstore.com\/en\/blood-bowl-sevens-pitch-double-sided-pitch-and-dugouts\/","name":"Blood Bowl Sevens Pitch Double-sided Pitch and Dugouts - EndormoonStore","isPartOf":{"@id":"https:\/\/endormoonstore.com\/#website"},"primaryImageOfPage":{"@id":"https:\/\/endormoonstore.com\/en\/blood-bowl-sevens-pitch-double-sided-pitch-and-dugouts\/#primaryimage"},"image":{"@id":"https:\/\/endormoonstore.com\/en\/blood-bowl-sevens-pitch-double-sided-pitch-and-dugouts\/#primaryimage"},"thumbnailUrl":"https:\/\/endormoonstore.com\/wp-content\/uploads\/2021\/06\/Blood-Bowl-Sevens-Pitch-Double-sided-Pitch-and-Dugouts-for-Blood-Bowl-Sevens-1.jpg","datePublished":"2021-06-02T12:40:03+00:00","dateModified":"2021-12-31T23:00:12+00:00","breadcrumb":{"@id":"https:\/\/endormoonstore.com\/en\/blood-bowl-sevens-pitch-double-sided-pitch-and-dugouts\/#breadcrumb"},"inLanguage":"en-US","potentialAction":[{"@type":"ReadAction","target":["https:\/\/endormoonstore.com\/en\/blood-bowl-sevens-pitch-double-sided-pitch-and-dugouts\/"]}]},{"@type":"ImageObject","inLanguage":"en-US","@id":"https:\/\/endormoonstore.com\/en\/blood-bowl-sevens-pitch-double-sided-pitch-and-dugouts\/#primaryimage","url":"https:\/\/endormoonstore.com\/wp-content\/uploads\/2021\/06\/Blood-Bowl-Sevens-Pitch-Double-sided-Pitch-and-Dugouts-for-Blood-Bowl-Sevens-1.jpg","contentUrl":"https:\/\/endormoonstore.com\/wp-content\/uploads\/2021\/06\/Blood-Bowl-Sevens-Pitch-Double-sided-Pitch-and-Dugouts-for-Blood-Bowl-Sevens-1.jpg","width":920,"height":950},{"@type":"BreadcrumbList","@id":"https:\/\/endormoonstore.com\/en\/blood-bowl-sevens-pitch-double-sided-pitch-and-dugouts\/#breadcrumb","itemListElement":[{"@type":"ListItem","position":1,"name":"Shop","item":"https:\/\/endormoonstore.com\/en\/shop\/"},{"@type":"ListItem","position":2,"name":"Blood Bowl Sevens Pitch Double-sided Pitch and Dugouts"}]},{"@type":"WebSite","@id":"https:\/\/endormoonstore.com\/#website","url":"https:\/\/endormoonstore.com\/","name":"EndormoonStore","description":"","potentialAction":[{"@type":"SearchAction","target":{"@type":"EntryPoint","urlTemplate":"https:\/\/endormoonstore.com\/?s={search_term_string}"},"query-input":{"@type":"PropertyValueSpecification","valueRequired":true,"valueName":"search_term_string"}}],"inLanguage":"en-US"}]}},"taxonomy_info":{"product_cat":[{"value":1386,"label":"Miniatures"}],"pa_brand":[{"value":1758,"label":"Games Workshop"}],"pa_product-type":[{"value":2462,"label":"Scenery"}],"pa_theme":[{"value":2453,"label":"Blood Bowl"}]},"featured_image_src_large":["https:\/\/endormoonstore.com\/wp-content\/uploads\/2021\/06\/Blood-Bowl-Sevens-Pitch-Double-sided-Pitch-and-Dugouts-for-Blood-Bowl-Sevens-1.jpg",920,950,false],"author_info":[],"comment_info":"","_links":{"self":[{"href":"https:\/\/endormoonstore.com\/en\/wp-json\/wp\/v2\/product\/107248","targetHints":{"allow":["GET"]}}],"collection":[{"href":"https:\/\/endormoonstore.com\/en\/wp-json\/wp\/v2\/product"}],"about":[{"href":"https:\/\/endormoonstore.com\/en\/wp-json\/wp\/v2\/types\/product"}],"wp:featuredmedia":[{"embeddable":true,"href":"https:\/\/endormoonstore.com\/en\/wp-json\/wp\/v2\/media\/107241"}],"wp:attachment":[{"href":"https:\/\/endormoonstore.com\/en\/wp-json\/wp\/v2\/media?parent=107248"}],"wp:term":[{"taxonomy":"product_cat","embeddable":true,"href":"https:\/\/endormoonstore.com\/en\/wp-json\/wp\/v2\/product_cat?post=107248"},{"taxonomy":"product_tag","embeddable":true,"href":"https:\/\/endormoonstore.com\/en\/wp-json\/wp\/v2\/product_tag?post=107248"}],"curies":[{"name":"wp","href":"https:\/\/api.w.org\/{rel}","templated":true}]}}