{"id":107006,"date":"2021-05-29T14:08:23","date_gmt":"2021-05-29T12:08:23","guid":{"rendered":"https:\/\/endormoonstore.com\/obadiah-stane-and-iron-monger-iron-man-marvel-legends-the-infinity-saga\/"},"modified":"2021-09-16T15:57:53","modified_gmt":"2021-09-16T13:57:53","slug":"obadiah-stane-and-iron-monger-iron-man-marvel-legends-the-infinity-saga","status":"publish","type":"product","link":"https:\/\/endormoonstore.com\/en\/obadiah-stane-and-iron-monger-iron-man-marvel-legends-the-infinity-saga\/","title":{"rendered":"Obadiah Stane and Iron Monger Iron Man Marvel Legends The Infinity Saga"},"content":{"rendered":"<p><strong>Obadiah Stane and Iron Monger Iron Man Marvel Legends The Infinity Saga Figuras 15 cm<\/strong><\/p>\n<ul>\n<li>Con m\u00e1s de 80 a\u00f1os de historia del entretenimiento, Marvel se ha convertido en la piedra angular de las colecciones de fans de todo el mundo. Con la serie Marvel Legends, los personajes de Marvel favoritos de los fan est\u00e1n dise\u00f1ados con detalles y articulaci\u00f3n premium para posar y exhibir en colecciones<\/li>\n<li>Obadiah Stane se disfraza como el poderoso Iron Monger para amenazar a Iron Man.\u00a0Despu\u00e9s de un largo per\u00edodo como segundo al mando de Stark Industries, Stane est\u00e1 ansioso por vengarse de Tony Stark.<\/li>\n<li>Incluye: 2 figuras, 8 accesorios: manos alternativas, maletin, cinta de munici\u00f3n, fx de disparo&#8230;<\/li>\n<li>Est\u00e1n realizadas en PVC<\/li>\n<\/ul>\n","protected":false},"excerpt":{"rendered":"<p><strong>Obadiah Stane and Iron Monger Iron Man Marvel Legends The Infinity Saga Figuras 15 cm<\/strong><\/p>\n<p>Con m\u00e1s de 80 a\u00f1os de historia del entretenimiento, Marvel se ha convertido en la piedra angular de las colecciones de fans de todo el mundo. Con la serie Marvel Legends, los personajes de Marvel favoritos de los fan est\u00e1n dise\u00f1ados con detalles y articulaci\u00f3n premium para posar y exhibir en colecciones<\/p>\n","protected":false},"featured_media":106984,"template":"","meta":{"_acf_changed":false,"_kad_blocks_custom_css":"","_kad_blocks_head_custom_js":"","_kad_blocks_body_custom_js":"","_kad_blocks_footer_custom_js":""},"product_cat":[1390],"product_tag":[],"class_list":{"0":"post-107006","1":"product","2":"type-product","3":"status-publish","4":"has-post-thumbnail","6":"product_cat-figures","7":"pa_brand-hasbro-en","8":"pa_character-iron-monger-en","9":"pa_character-obadiah-stane-en","10":"pa_episode-iron-man-en","11":"pa_license-marvel-en","12":"pa_product-type-figure","13":"pa_theme-marvel-legends-series-en","15":"first","16":"instock","17":"taxable","18":"shipping-taxable","19":"purchasable","20":"product-type-simple"},"acf":[],"yoast_head":"<!-- This site is optimized with the Yoast SEO plugin v26.1.1 - https:\/\/yoast.com\/wordpress\/plugins\/seo\/ -->\n<title>Obadiah Stane and Iron Monger Iron Man Marvel Legends The Infinity Saga - EndormoonStore<\/title>\n<meta name=\"robots\" content=\"index, follow, max-snippet:-1, max-image-preview:large, max-video-preview:-1\" \/>\n<link rel=\"canonical\" href=\"https:\/\/endormoonstore.com\/en\/obadiah-stane-and-iron-monger-iron-man-marvel-legends-the-infinity-saga\/\" \/>\n<meta property=\"og:locale\" content=\"en_US\" \/>\n<meta property=\"og:type\" content=\"article\" \/>\n<meta property=\"og:title\" content=\"Obadiah Stane and Iron Monger Iron Man Marvel Legends The Infinity Saga - EndormoonStore\" \/>\n<meta property=\"og:description\" content=\"Obadiah Stane and Iron Monger Iron Man Marvel Legends The Infinity Saga Figuras 15 cm  Con m\u00e1s de 80 a\u00f1os de historia del entretenimiento, Marvel se ha convertido en la piedra angular de las colecciones de fans de todo el mundo. Con la serie Marvel Legends, los personajes de Marvel favoritos de los fan est\u00e1n dise\u00f1ados con detalles y articulaci\u00f3n premium para posar y exhibir en colecciones\" \/>\n<meta property=\"og:url\" content=\"https:\/\/endormoonstore.com\/en\/obadiah-stane-and-iron-monger-iron-man-marvel-legends-the-infinity-saga\/\" \/>\n<meta property=\"og:site_name\" content=\"EndormoonStore\" \/>\n<meta property=\"article:modified_time\" content=\"2021-09-16T13:57:53+00:00\" \/>\n<meta property=\"og:image\" content=\"https:\/\/endormoonstore.com\/wp-content\/uploads\/2021\/05\/Obadiah-Stane-and-Iron-Monger-Iron-Man-Marvel-Legends-The-Infinity-Saga-1.jpeg\" \/>\n\t<meta property=\"og:image:width\" content=\"1000\" \/>\n\t<meta property=\"og:image:height\" content=\"750\" \/>\n\t<meta property=\"og:image:type\" content=\"image\/jpeg\" \/>\n<meta name=\"twitter:card\" content=\"summary_large_image\" \/>\n<meta name=\"twitter:label1\" content=\"Est. reading time\" \/>\n\t<meta name=\"twitter:data1\" content=\"1 minute\" \/>\n<script type=\"application\/ld+json\" class=\"yoast-schema-graph\">{\"@context\":\"https:\/\/schema.org\",\"@graph\":[{\"@type\":\"WebPage\",\"@id\":\"https:\/\/endormoonstore.com\/en\/obadiah-stane-and-iron-monger-iron-man-marvel-legends-the-infinity-saga\/\",\"url\":\"https:\/\/endormoonstore.com\/en\/obadiah-stane-and-iron-monger-iron-man-marvel-legends-the-infinity-saga\/\",\"name\":\"Obadiah Stane and Iron Monger Iron Man Marvel Legends The Infinity Saga - EndormoonStore\",\"isPartOf\":{\"@id\":\"https:\/\/endormoonstore.com\/#website\"},\"primaryImageOfPage\":{\"@id\":\"https:\/\/endormoonstore.com\/en\/obadiah-stane-and-iron-monger-iron-man-marvel-legends-the-infinity-saga\/#primaryimage\"},\"image\":{\"@id\":\"https:\/\/endormoonstore.com\/en\/obadiah-stane-and-iron-monger-iron-man-marvel-legends-the-infinity-saga\/#primaryimage\"},\"thumbnailUrl\":\"https:\/\/endormoonstore.com\/wp-content\/uploads\/2021\/05\/Obadiah-Stane-and-Iron-Monger-Iron-Man-Marvel-Legends-The-Infinity-Saga-1.jpeg\",\"datePublished\":\"2021-05-29T12:08:23+00:00\",\"dateModified\":\"2021-09-16T13:57:53+00:00\",\"breadcrumb\":{\"@id\":\"https:\/\/endormoonstore.com\/en\/obadiah-stane-and-iron-monger-iron-man-marvel-legends-the-infinity-saga\/#breadcrumb\"},\"inLanguage\":\"en-US\",\"potentialAction\":[{\"@type\":\"ReadAction\",\"target\":[\"https:\/\/endormoonstore.com\/en\/obadiah-stane-and-iron-monger-iron-man-marvel-legends-the-infinity-saga\/\"]}]},{\"@type\":\"ImageObject\",\"inLanguage\":\"en-US\",\"@id\":\"https:\/\/endormoonstore.com\/en\/obadiah-stane-and-iron-monger-iron-man-marvel-legends-the-infinity-saga\/#primaryimage\",\"url\":\"https:\/\/endormoonstore.com\/wp-content\/uploads\/2021\/05\/Obadiah-Stane-and-Iron-Monger-Iron-Man-Marvel-Legends-The-Infinity-Saga-1.jpeg\",\"contentUrl\":\"https:\/\/endormoonstore.com\/wp-content\/uploads\/2021\/05\/Obadiah-Stane-and-Iron-Monger-Iron-Man-Marvel-Legends-The-Infinity-Saga-1.jpeg\",\"width\":1000,\"height\":750},{\"@type\":\"BreadcrumbList\",\"@id\":\"https:\/\/endormoonstore.com\/en\/obadiah-stane-and-iron-monger-iron-man-marvel-legends-the-infinity-saga\/#breadcrumb\",\"itemListElement\":[{\"@type\":\"ListItem\",\"position\":1,\"name\":\"Shop\",\"item\":\"https:\/\/endormoonstore.com\/en\/shop\/\"},{\"@type\":\"ListItem\",\"position\":2,\"name\":\"Obadiah Stane and Iron Monger Iron Man Marvel Legends The Infinity Saga\"}]},{\"@type\":\"WebSite\",\"@id\":\"https:\/\/endormoonstore.com\/#website\",\"url\":\"https:\/\/endormoonstore.com\/\",\"name\":\"EndormoonStore\",\"description\":\"\",\"potentialAction\":[{\"@type\":\"SearchAction\",\"target\":{\"@type\":\"EntryPoint\",\"urlTemplate\":\"https:\/\/endormoonstore.com\/?s={search_term_string}\"},\"query-input\":{\"@type\":\"PropertyValueSpecification\",\"valueRequired\":true,\"valueName\":\"search_term_string\"}}],\"inLanguage\":\"en-US\"}]}<\/script>\n<!-- \/ Yoast SEO plugin. -->","yoast_head_json":{"title":"Obadiah Stane and Iron Monger Iron Man Marvel Legends The Infinity Saga - EndormoonStore","robots":{"index":"index","follow":"follow","max-snippet":"max-snippet:-1","max-image-preview":"max-image-preview:large","max-video-preview":"max-video-preview:-1"},"canonical":"https:\/\/endormoonstore.com\/en\/obadiah-stane-and-iron-monger-iron-man-marvel-legends-the-infinity-saga\/","og_locale":"en_US","og_type":"article","og_title":"Obadiah Stane and Iron Monger Iron Man Marvel Legends The Infinity Saga - EndormoonStore","og_description":"Obadiah Stane and Iron Monger Iron Man Marvel Legends The Infinity Saga Figuras 15 cm  Con m\u00e1s de 80 a\u00f1os de historia del entretenimiento, Marvel se ha convertido en la piedra angular de las colecciones de fans de todo el mundo. Con la serie Marvel Legends, los personajes de Marvel favoritos de los fan est\u00e1n dise\u00f1ados con detalles y articulaci\u00f3n premium para posar y exhibir en colecciones","og_url":"https:\/\/endormoonstore.com\/en\/obadiah-stane-and-iron-monger-iron-man-marvel-legends-the-infinity-saga\/","og_site_name":"EndormoonStore","article_modified_time":"2021-09-16T13:57:53+00:00","og_image":[{"width":1000,"height":750,"url":"https:\/\/endormoonstore.com\/wp-content\/uploads\/2021\/05\/Obadiah-Stane-and-Iron-Monger-Iron-Man-Marvel-Legends-The-Infinity-Saga-1.jpeg","type":"image\/jpeg"}],"twitter_card":"summary_large_image","twitter_misc":{"Est. reading time":"1 minute"},"schema":{"@context":"https:\/\/schema.org","@graph":[{"@type":"WebPage","@id":"https:\/\/endormoonstore.com\/en\/obadiah-stane-and-iron-monger-iron-man-marvel-legends-the-infinity-saga\/","url":"https:\/\/endormoonstore.com\/en\/obadiah-stane-and-iron-monger-iron-man-marvel-legends-the-infinity-saga\/","name":"Obadiah Stane and Iron Monger Iron Man Marvel Legends The Infinity Saga - EndormoonStore","isPartOf":{"@id":"https:\/\/endormoonstore.com\/#website"},"primaryImageOfPage":{"@id":"https:\/\/endormoonstore.com\/en\/obadiah-stane-and-iron-monger-iron-man-marvel-legends-the-infinity-saga\/#primaryimage"},"image":{"@id":"https:\/\/endormoonstore.com\/en\/obadiah-stane-and-iron-monger-iron-man-marvel-legends-the-infinity-saga\/#primaryimage"},"thumbnailUrl":"https:\/\/endormoonstore.com\/wp-content\/uploads\/2021\/05\/Obadiah-Stane-and-Iron-Monger-Iron-Man-Marvel-Legends-The-Infinity-Saga-1.jpeg","datePublished":"2021-05-29T12:08:23+00:00","dateModified":"2021-09-16T13:57:53+00:00","breadcrumb":{"@id":"https:\/\/endormoonstore.com\/en\/obadiah-stane-and-iron-monger-iron-man-marvel-legends-the-infinity-saga\/#breadcrumb"},"inLanguage":"en-US","potentialAction":[{"@type":"ReadAction","target":["https:\/\/endormoonstore.com\/en\/obadiah-stane-and-iron-monger-iron-man-marvel-legends-the-infinity-saga\/"]}]},{"@type":"ImageObject","inLanguage":"en-US","@id":"https:\/\/endormoonstore.com\/en\/obadiah-stane-and-iron-monger-iron-man-marvel-legends-the-infinity-saga\/#primaryimage","url":"https:\/\/endormoonstore.com\/wp-content\/uploads\/2021\/05\/Obadiah-Stane-and-Iron-Monger-Iron-Man-Marvel-Legends-The-Infinity-Saga-1.jpeg","contentUrl":"https:\/\/endormoonstore.com\/wp-content\/uploads\/2021\/05\/Obadiah-Stane-and-Iron-Monger-Iron-Man-Marvel-Legends-The-Infinity-Saga-1.jpeg","width":1000,"height":750},{"@type":"BreadcrumbList","@id":"https:\/\/endormoonstore.com\/en\/obadiah-stane-and-iron-monger-iron-man-marvel-legends-the-infinity-saga\/#breadcrumb","itemListElement":[{"@type":"ListItem","position":1,"name":"Shop","item":"https:\/\/endormoonstore.com\/en\/shop\/"},{"@type":"ListItem","position":2,"name":"Obadiah Stane and Iron Monger Iron Man Marvel Legends The Infinity Saga"}]},{"@type":"WebSite","@id":"https:\/\/endormoonstore.com\/#website","url":"https:\/\/endormoonstore.com\/","name":"EndormoonStore","description":"","potentialAction":[{"@type":"SearchAction","target":{"@type":"EntryPoint","urlTemplate":"https:\/\/endormoonstore.com\/?s={search_term_string}"},"query-input":{"@type":"PropertyValueSpecification","valueRequired":true,"valueName":"search_term_string"}}],"inLanguage":"en-US"}]}},"taxonomy_info":{"product_cat":[{"value":1390,"label":"Figures"}],"pa_brand":[{"value":2084,"label":"Hasbro"}],"pa_character":[{"value":8219,"label":"Iron Monger"},{"value":8213,"label":"Obadiah Stane"}],"pa_episode":[{"value":6077,"label":"Iron Man"}],"pa_license":[{"value":1642,"label":"Marvel"}],"pa_product-type":[{"value":2387,"label":"Figure"}],"pa_theme":[{"value":2071,"label":"Marvel Legends Series"}]},"featured_image_src_large":["https:\/\/endormoonstore.com\/wp-content\/uploads\/2021\/05\/Obadiah-Stane-and-Iron-Monger-Iron-Man-Marvel-Legends-The-Infinity-Saga-1.jpeg",1000,750,false],"author_info":[],"comment_info":"","_links":{"self":[{"href":"https:\/\/endormoonstore.com\/en\/wp-json\/wp\/v2\/product\/107006","targetHints":{"allow":["GET"]}}],"collection":[{"href":"https:\/\/endormoonstore.com\/en\/wp-json\/wp\/v2\/product"}],"about":[{"href":"https:\/\/endormoonstore.com\/en\/wp-json\/wp\/v2\/types\/product"}],"wp:featuredmedia":[{"embeddable":true,"href":"https:\/\/endormoonstore.com\/en\/wp-json\/wp\/v2\/media\/106984"}],"wp:attachment":[{"href":"https:\/\/endormoonstore.com\/en\/wp-json\/wp\/v2\/media?parent=107006"}],"wp:term":[{"taxonomy":"product_cat","embeddable":true,"href":"https:\/\/endormoonstore.com\/en\/wp-json\/wp\/v2\/product_cat?post=107006"},{"taxonomy":"product_tag","embeddable":true,"href":"https:\/\/endormoonstore.com\/en\/wp-json\/wp\/v2\/product_tag?post=107006"}],"curies":[{"name":"wp","href":"https:\/\/api.w.org\/{rel}","templated":true}]}}