{"id":106487,"date":"2021-05-23T14:05:42","date_gmt":"2021-05-23T12:05:42","guid":{"rendered":"https:\/\/endormoonstore.com\/transformers-generations-selects-deluxe-wfc-gs25-transmutate\/"},"modified":"2021-07-29T12:06:27","modified_gmt":"2021-07-29T10:06:27","slug":"transformers-generations-selects-deluxe-wfc-gs25-transmutate","status":"publish","type":"product","link":"https:\/\/endormoonstore.com\/en\/transformers-generations-selects-deluxe-wfc-gs25-transmutate\/","title":{"rendered":"Transformers Generations Selects Deluxe WFC-GS25 Transmutate"},"content":{"rendered":"<p><strong>Transformers Generations Selects Deluxe WFC-GS25 Transmutate Figura 14 cm<\/strong><\/p>\n<ul>\n<li>\u00a1Inspirada en la aparici\u00f3n del personaje en la serie animada Beast Wars, llega esta figura Transmutate de edici\u00f3n especial!<\/li>\n<li>Transmutate fue una vez una protoforma m\u00e1xima, pero despu\u00e9s de recibir un gran da\u00f1o en su c\u00e1psula de estasis, qued\u00f3 deformada e incapaz de convertirse.<\/li>\n<li>\u00a0Tiene una naturaleza inocente y una forma sencilla, pero cuando se ve amenazada, \u00a1desata su inmensamente destructivo grito supers\u00f3nico!<\/li>\n<li>Transmutate puede romperse en pedazos.<\/li>\n<li>En esta edici\u00f3n de la figura, las piezas se pueden usar como armaduras de hueso y armas para otras figuras (cada una se vende por separado, sujeto a disponibilidad).<\/li>\n<li>Esta figura se convierte en T. Rex Fossil, de robot a T. rex en modo f\u00f3sil en 32 pasos.<\/li>\n<li>Incluye la figura de Generations Selects Deluxe Class Transmutate e instrucciones.<\/li>\n<\/ul>\n","protected":false},"excerpt":{"rendered":"<p><strong>Transformers Generations Selects Deluxe WFC-GS25 Transmutate Figura 14 cm<\/strong><\/p>\n<p>\u00a1Inspirada en la aparici\u00f3n del personaje en la serie animada Beast Wars, llega esta figura Transmutate de edici\u00f3n especial!<\/p>\n","protected":false},"featured_media":106474,"template":"","meta":{"_acf_changed":false,"_kad_blocks_custom_css":"","_kad_blocks_head_custom_js":"","_kad_blocks_body_custom_js":"","_kad_blocks_footer_custom_js":""},"product_cat":[1390],"product_tag":[],"class_list":{"0":"post-106487","1":"product","2":"type-product","3":"status-publish","4":"has-post-thumbnail","6":"product_cat-figures","7":"pa_brand-hasbro-en","8":"pa_character-transmutate-en","9":"pa_license-transformers-en","10":"pa_product-type-figure","11":"pa_theme-generations-selects-en","13":"first","14":"instock","15":"taxable","16":"shipping-taxable","17":"purchasable","18":"product-type-simple"},"acf":[],"yoast_head":"<!-- This site is optimized with the Yoast SEO plugin v26.1.1 - https:\/\/yoast.com\/wordpress\/plugins\/seo\/ -->\n<title>Transformers Generations Selects Deluxe WFC-GS25 Transmutate - EndormoonStore<\/title>\n<meta name=\"robots\" content=\"index, follow, max-snippet:-1, max-image-preview:large, max-video-preview:-1\" \/>\n<link rel=\"canonical\" href=\"https:\/\/endormoonstore.com\/en\/transformers-generations-selects-deluxe-wfc-gs25-transmutate\/\" \/>\n<meta property=\"og:locale\" content=\"en_US\" \/>\n<meta property=\"og:type\" content=\"article\" \/>\n<meta property=\"og:title\" content=\"Transformers Generations Selects Deluxe WFC-GS25 Transmutate - EndormoonStore\" \/>\n<meta property=\"og:description\" content=\"Transformers Generations Selects Deluxe WFC-GS25 Transmutate Figura 14 cm  \u00a1Inspirada en la aparici\u00f3n del personaje en la serie animada Beast Wars, llega esta figura Transmutate de edici\u00f3n especial!\" \/>\n<meta property=\"og:url\" content=\"https:\/\/endormoonstore.com\/en\/transformers-generations-selects-deluxe-wfc-gs25-transmutate\/\" \/>\n<meta property=\"og:site_name\" content=\"EndormoonStore\" \/>\n<meta property=\"article:modified_time\" content=\"2021-07-29T10:06:27+00:00\" \/>\n<meta property=\"og:image\" content=\"https:\/\/endormoonstore.com\/wp-content\/uploads\/2021\/05\/Transformers-Generations-Selects-Deluxe-WFC-GS25-Transmutate-1.jpeg\" \/>\n\t<meta property=\"og:image:width\" content=\"869\" \/>\n\t<meta property=\"og:image:height\" content=\"750\" \/>\n\t<meta property=\"og:image:type\" content=\"image\/jpeg\" \/>\n<meta name=\"twitter:card\" content=\"summary_large_image\" \/>\n<meta name=\"twitter:label1\" content=\"Est. reading time\" \/>\n\t<meta name=\"twitter:data1\" content=\"1 minute\" \/>\n<script type=\"application\/ld+json\" class=\"yoast-schema-graph\">{\"@context\":\"https:\/\/schema.org\",\"@graph\":[{\"@type\":\"WebPage\",\"@id\":\"https:\/\/endormoonstore.com\/en\/transformers-generations-selects-deluxe-wfc-gs25-transmutate\/\",\"url\":\"https:\/\/endormoonstore.com\/en\/transformers-generations-selects-deluxe-wfc-gs25-transmutate\/\",\"name\":\"Transformers Generations Selects Deluxe WFC-GS25 Transmutate - EndormoonStore\",\"isPartOf\":{\"@id\":\"https:\/\/endormoonstore.com\/#website\"},\"primaryImageOfPage\":{\"@id\":\"https:\/\/endormoonstore.com\/en\/transformers-generations-selects-deluxe-wfc-gs25-transmutate\/#primaryimage\"},\"image\":{\"@id\":\"https:\/\/endormoonstore.com\/en\/transformers-generations-selects-deluxe-wfc-gs25-transmutate\/#primaryimage\"},\"thumbnailUrl\":\"https:\/\/endormoonstore.com\/wp-content\/uploads\/2021\/05\/Transformers-Generations-Selects-Deluxe-WFC-GS25-Transmutate-1.jpeg\",\"datePublished\":\"2021-05-23T12:05:42+00:00\",\"dateModified\":\"2021-07-29T10:06:27+00:00\",\"breadcrumb\":{\"@id\":\"https:\/\/endormoonstore.com\/en\/transformers-generations-selects-deluxe-wfc-gs25-transmutate\/#breadcrumb\"},\"inLanguage\":\"en-US\",\"potentialAction\":[{\"@type\":\"ReadAction\",\"target\":[\"https:\/\/endormoonstore.com\/en\/transformers-generations-selects-deluxe-wfc-gs25-transmutate\/\"]}]},{\"@type\":\"ImageObject\",\"inLanguage\":\"en-US\",\"@id\":\"https:\/\/endormoonstore.com\/en\/transformers-generations-selects-deluxe-wfc-gs25-transmutate\/#primaryimage\",\"url\":\"https:\/\/endormoonstore.com\/wp-content\/uploads\/2021\/05\/Transformers-Generations-Selects-Deluxe-WFC-GS25-Transmutate-1.jpeg\",\"contentUrl\":\"https:\/\/endormoonstore.com\/wp-content\/uploads\/2021\/05\/Transformers-Generations-Selects-Deluxe-WFC-GS25-Transmutate-1.jpeg\",\"width\":869,\"height\":750},{\"@type\":\"BreadcrumbList\",\"@id\":\"https:\/\/endormoonstore.com\/en\/transformers-generations-selects-deluxe-wfc-gs25-transmutate\/#breadcrumb\",\"itemListElement\":[{\"@type\":\"ListItem\",\"position\":1,\"name\":\"Shop\",\"item\":\"https:\/\/endormoonstore.com\/en\/shop\/\"},{\"@type\":\"ListItem\",\"position\":2,\"name\":\"Transformers Generations Selects Deluxe WFC-GS25 Transmutate\"}]},{\"@type\":\"WebSite\",\"@id\":\"https:\/\/endormoonstore.com\/#website\",\"url\":\"https:\/\/endormoonstore.com\/\",\"name\":\"EndormoonStore\",\"description\":\"\",\"potentialAction\":[{\"@type\":\"SearchAction\",\"target\":{\"@type\":\"EntryPoint\",\"urlTemplate\":\"https:\/\/endormoonstore.com\/?s={search_term_string}\"},\"query-input\":{\"@type\":\"PropertyValueSpecification\",\"valueRequired\":true,\"valueName\":\"search_term_string\"}}],\"inLanguage\":\"en-US\"}]}<\/script>\n<!-- \/ Yoast SEO plugin. -->","yoast_head_json":{"title":"Transformers Generations Selects Deluxe WFC-GS25 Transmutate - EndormoonStore","robots":{"index":"index","follow":"follow","max-snippet":"max-snippet:-1","max-image-preview":"max-image-preview:large","max-video-preview":"max-video-preview:-1"},"canonical":"https:\/\/endormoonstore.com\/en\/transformers-generations-selects-deluxe-wfc-gs25-transmutate\/","og_locale":"en_US","og_type":"article","og_title":"Transformers Generations Selects Deluxe WFC-GS25 Transmutate - EndormoonStore","og_description":"Transformers Generations Selects Deluxe WFC-GS25 Transmutate Figura 14 cm  \u00a1Inspirada en la aparici\u00f3n del personaje en la serie animada Beast Wars, llega esta figura Transmutate de edici\u00f3n especial!","og_url":"https:\/\/endormoonstore.com\/en\/transformers-generations-selects-deluxe-wfc-gs25-transmutate\/","og_site_name":"EndormoonStore","article_modified_time":"2021-07-29T10:06:27+00:00","og_image":[{"width":869,"height":750,"url":"https:\/\/endormoonstore.com\/wp-content\/uploads\/2021\/05\/Transformers-Generations-Selects-Deluxe-WFC-GS25-Transmutate-1.jpeg","type":"image\/jpeg"}],"twitter_card":"summary_large_image","twitter_misc":{"Est. reading time":"1 minute"},"schema":{"@context":"https:\/\/schema.org","@graph":[{"@type":"WebPage","@id":"https:\/\/endormoonstore.com\/en\/transformers-generations-selects-deluxe-wfc-gs25-transmutate\/","url":"https:\/\/endormoonstore.com\/en\/transformers-generations-selects-deluxe-wfc-gs25-transmutate\/","name":"Transformers Generations Selects Deluxe WFC-GS25 Transmutate - EndormoonStore","isPartOf":{"@id":"https:\/\/endormoonstore.com\/#website"},"primaryImageOfPage":{"@id":"https:\/\/endormoonstore.com\/en\/transformers-generations-selects-deluxe-wfc-gs25-transmutate\/#primaryimage"},"image":{"@id":"https:\/\/endormoonstore.com\/en\/transformers-generations-selects-deluxe-wfc-gs25-transmutate\/#primaryimage"},"thumbnailUrl":"https:\/\/endormoonstore.com\/wp-content\/uploads\/2021\/05\/Transformers-Generations-Selects-Deluxe-WFC-GS25-Transmutate-1.jpeg","datePublished":"2021-05-23T12:05:42+00:00","dateModified":"2021-07-29T10:06:27+00:00","breadcrumb":{"@id":"https:\/\/endormoonstore.com\/en\/transformers-generations-selects-deluxe-wfc-gs25-transmutate\/#breadcrumb"},"inLanguage":"en-US","potentialAction":[{"@type":"ReadAction","target":["https:\/\/endormoonstore.com\/en\/transformers-generations-selects-deluxe-wfc-gs25-transmutate\/"]}]},{"@type":"ImageObject","inLanguage":"en-US","@id":"https:\/\/endormoonstore.com\/en\/transformers-generations-selects-deluxe-wfc-gs25-transmutate\/#primaryimage","url":"https:\/\/endormoonstore.com\/wp-content\/uploads\/2021\/05\/Transformers-Generations-Selects-Deluxe-WFC-GS25-Transmutate-1.jpeg","contentUrl":"https:\/\/endormoonstore.com\/wp-content\/uploads\/2021\/05\/Transformers-Generations-Selects-Deluxe-WFC-GS25-Transmutate-1.jpeg","width":869,"height":750},{"@type":"BreadcrumbList","@id":"https:\/\/endormoonstore.com\/en\/transformers-generations-selects-deluxe-wfc-gs25-transmutate\/#breadcrumb","itemListElement":[{"@type":"ListItem","position":1,"name":"Shop","item":"https:\/\/endormoonstore.com\/en\/shop\/"},{"@type":"ListItem","position":2,"name":"Transformers Generations Selects Deluxe WFC-GS25 Transmutate"}]},{"@type":"WebSite","@id":"https:\/\/endormoonstore.com\/#website","url":"https:\/\/endormoonstore.com\/","name":"EndormoonStore","description":"","potentialAction":[{"@type":"SearchAction","target":{"@type":"EntryPoint","urlTemplate":"https:\/\/endormoonstore.com\/?s={search_term_string}"},"query-input":{"@type":"PropertyValueSpecification","valueRequired":true,"valueName":"search_term_string"}}],"inLanguage":"en-US"}]}},"taxonomy_info":{"product_cat":[{"value":1390,"label":"Figures"}],"pa_brand":[{"value":2084,"label":"Hasbro"}],"pa_character":[{"value":8073,"label":"Transmutate"}],"pa_license":[{"value":1873,"label":"Transformers"}],"pa_product-type":[{"value":2387,"label":"Figure"}],"pa_theme":[{"value":8079,"label":"Generations Selects"}]},"featured_image_src_large":["https:\/\/endormoonstore.com\/wp-content\/uploads\/2021\/05\/Transformers-Generations-Selects-Deluxe-WFC-GS25-Transmutate-1.jpeg",869,750,false],"author_info":[],"comment_info":"","_links":{"self":[{"href":"https:\/\/endormoonstore.com\/en\/wp-json\/wp\/v2\/product\/106487","targetHints":{"allow":["GET"]}}],"collection":[{"href":"https:\/\/endormoonstore.com\/en\/wp-json\/wp\/v2\/product"}],"about":[{"href":"https:\/\/endormoonstore.com\/en\/wp-json\/wp\/v2\/types\/product"}],"wp:featuredmedia":[{"embeddable":true,"href":"https:\/\/endormoonstore.com\/en\/wp-json\/wp\/v2\/media\/106474"}],"wp:attachment":[{"href":"https:\/\/endormoonstore.com\/en\/wp-json\/wp\/v2\/media?parent=106487"}],"wp:term":[{"taxonomy":"product_cat","embeddable":true,"href":"https:\/\/endormoonstore.com\/en\/wp-json\/wp\/v2\/product_cat?post=106487"},{"taxonomy":"product_tag","embeddable":true,"href":"https:\/\/endormoonstore.com\/en\/wp-json\/wp\/v2\/product_tag?post=106487"}],"curies":[{"name":"wp","href":"https:\/\/api.w.org\/{rel}","templated":true}]}}