{"id":106243,"date":"2021-05-20T20:38:45","date_gmt":"2021-05-20T18:38:45","guid":{"rendered":"https:\/\/endormoonstore.com\/iron-man-nano-gauntlet-marvel-legends-avenger-endgane-the-infinity-saga\/"},"modified":"2022-01-04T22:58:13","modified_gmt":"2022-01-04T21:58:13","slug":"iron-man-nano-gauntlet-marvel-legends-avenger-endgame-the-infinity-saga","status":"publish","type":"product","link":"https:\/\/endormoonstore.com\/en\/iron-man-nano-gauntlet-marvel-legends-avenger-endgame-the-infinity-saga\/","title":{"rendered":"Iron Man Nano Gauntlet Marvel Legends Avenger Endgame The Infinity Saga"},"content":{"rendered":"<p><strong>Iron Man Nano Gauntlet Marvel Legends Avenger Endgame The Infinity Saga Replica 1:1<\/strong><\/p>\n<ul>\n<li>Con m\u00e1s de 80 a\u00f1os de historia del entretenimiento, Marvel se ha convertido en la piedra angular de las colecciones de fans de todo el mundo.<\/li>\n<li>Con la serie Marvel Legends, los personajes favoritos de los fan\u00e1ticos de Marvel Comic Universe y Marvel Cinematic Universe est\u00e1n dise\u00f1ados con detalles y articulaci\u00f3n premium para posar y exhibir en colecciones.<\/li>\n<li>H\u00e9roes desesperados. Seis piedras. Una oportunidad para salvar el universo. Da vida a una de las armas m\u00e1s poderosas del Universo Marvel con este pu\u00f1o electr\u00f3nico articulado Iron Man Nano Gauntlet premium de la serie Marvel Legends.<\/li>\n<li>Maneja el poder de las Infinity Stones e imagina salvar el universo entero con solo un chasquido de tus dedos.<\/li>\n<li>Con 45,8 cm de alto, este pu\u00f1o electr\u00f3nico cuenta con articulaci\u00f3n flexible de los dedos, luces y sonidos,<\/li>\n<li>\u00a1incluyendo Snap inspirado en la pel\u00edcula! y 6 piedras infinitas iluminadas extra\u00edbles.<\/li>\n<li>Incluye: guantelete para diestros, 6 accesorios de Infinity Stone e instrucciones.<\/li>\n<li>Art\u00edculo premium de juego de roles de la serie Marvel Legends en dise\u00f1o para diestros a escala completa 1: 1<\/li>\n<li>\u00a1Vuelve a crear la escena ic\u00f3nica de Avengers: Endgame de Marvel Studios con el aut\u00e9ntico Iron Man Nano Gauntlet completo con brillantes Infinity Stones desmontables y broches inspirados en pel\u00edculas!\u00a0Sonido FX<\/li>\n<li>Infinity Stones presenta efectos de luz de brillo pulsante en rojo, morado, azul, naranja, amarillo y verde.<\/li>\n<li>Modo de pantalla de mano abierta ideal para mostrar en su colecci\u00f3n Marvel Legends<\/li>\n<li>Premium Roleplay Gauntlet presenta esculturas con precisi\u00f3n de pel\u00edcula, detalles y 5 dedos articulados flexibles<\/li>\n<li>Requiere 3x Pilas 1.5V AAA ALKALINE (no incluidas).<\/li>\n<\/ul>\n<p>&nbsp;<\/p>\n","protected":false},"excerpt":{"rendered":"<p><strong>Iron Man Nano Gauntlet Marvel Legends Avenger Endgame The Infinity Saga Replica 1:1<\/strong><\/p>\n<p>Con m\u00e1s de 80 a\u00f1os de historia del entretenimiento, Marvel se ha convertido en la piedra angular de las colecciones de fans de todo el mundo.<\/p>\n","protected":false},"featured_media":106220,"template":"","meta":{"_acf_changed":false,"_kad_blocks_custom_css":"","_kad_blocks_head_custom_js":"","_kad_blocks_body_custom_js":"","_kad_blocks_footer_custom_js":""},"product_cat":[1390],"product_tag":[],"class_list":{"0":"post-106243","1":"product","2":"type-product","3":"status-publish","4":"has-post-thumbnail","6":"product_cat-figures","7":"pa_brand-hasbro-en","8":"pa_character-iron-man-en","9":"pa_episode-the-avengers-endgane-en","10":"pa_license-marvel-en","11":"pa_product-type-replica-en","12":"pa_theme-marvel-legends-series-en","14":"first","15":"outofstock","16":"taxable","17":"shipping-taxable","18":"purchasable","19":"product-type-simple"},"acf":[],"yoast_head":"<!-- This site is optimized with the Yoast SEO plugin v26.1.1 - https:\/\/yoast.com\/wordpress\/plugins\/seo\/ -->\n<title>Iron Man Nano Gauntlet Marvel Legends Avenger Endgame The Infinity Saga - EndormoonStore<\/title>\n<meta name=\"robots\" content=\"index, follow, max-snippet:-1, max-image-preview:large, max-video-preview:-1\" \/>\n<link rel=\"canonical\" href=\"https:\/\/endormoonstore.com\/en\/iron-man-nano-gauntlet-marvel-legends-avenger-endgame-the-infinity-saga\/\" \/>\n<meta property=\"og:locale\" content=\"en_US\" \/>\n<meta property=\"og:type\" content=\"article\" \/>\n<meta property=\"og:title\" content=\"Iron Man Nano Gauntlet Marvel Legends Avenger Endgame The Infinity Saga - EndormoonStore\" \/>\n<meta property=\"og:description\" content=\"Iron Man Nano Gauntlet Marvel Legends Avenger Endgame The Infinity Saga Replica 1:1  Con m\u00e1s de 80 a\u00f1os de historia del entretenimiento, Marvel se ha convertido en la piedra angular de las colecciones de fans de todo el mundo.\" \/>\n<meta property=\"og:url\" content=\"https:\/\/endormoonstore.com\/en\/iron-man-nano-gauntlet-marvel-legends-avenger-endgame-the-infinity-saga\/\" \/>\n<meta property=\"og:site_name\" content=\"EndormoonStore\" \/>\n<meta property=\"article:modified_time\" content=\"2022-01-04T21:58:13+00:00\" \/>\n<meta property=\"og:image\" content=\"https:\/\/endormoonstore.com\/wp-content\/uploads\/2021\/05\/Iron-Man-Nano-Gauntlet-Marvel-Legends-Avenger-Endgane-The-Infinity-Saga-1.jpeg\" \/>\n\t<meta property=\"og:image:width\" content=\"1000\" \/>\n\t<meta property=\"og:image:height\" content=\"750\" \/>\n\t<meta property=\"og:image:type\" content=\"image\/jpeg\" \/>\n<meta name=\"twitter:card\" content=\"summary_large_image\" \/>\n<meta name=\"twitter:label1\" content=\"Est. reading time\" \/>\n\t<meta name=\"twitter:data1\" content=\"2 minutes\" \/>\n<script type=\"application\/ld+json\" class=\"yoast-schema-graph\">{\"@context\":\"https:\/\/schema.org\",\"@graph\":[{\"@type\":\"WebPage\",\"@id\":\"https:\/\/endormoonstore.com\/en\/iron-man-nano-gauntlet-marvel-legends-avenger-endgame-the-infinity-saga\/\",\"url\":\"https:\/\/endormoonstore.com\/en\/iron-man-nano-gauntlet-marvel-legends-avenger-endgame-the-infinity-saga\/\",\"name\":\"Iron Man Nano Gauntlet Marvel Legends Avenger Endgame The Infinity Saga - EndormoonStore\",\"isPartOf\":{\"@id\":\"https:\/\/endormoonstore.com\/#website\"},\"primaryImageOfPage\":{\"@id\":\"https:\/\/endormoonstore.com\/en\/iron-man-nano-gauntlet-marvel-legends-avenger-endgame-the-infinity-saga\/#primaryimage\"},\"image\":{\"@id\":\"https:\/\/endormoonstore.com\/en\/iron-man-nano-gauntlet-marvel-legends-avenger-endgame-the-infinity-saga\/#primaryimage\"},\"thumbnailUrl\":\"https:\/\/endormoonstore.com\/wp-content\/uploads\/2021\/05\/Iron-Man-Nano-Gauntlet-Marvel-Legends-Avenger-Endgane-The-Infinity-Saga-1.jpeg\",\"datePublished\":\"2021-05-20T18:38:45+00:00\",\"dateModified\":\"2022-01-04T21:58:13+00:00\",\"breadcrumb\":{\"@id\":\"https:\/\/endormoonstore.com\/en\/iron-man-nano-gauntlet-marvel-legends-avenger-endgame-the-infinity-saga\/#breadcrumb\"},\"inLanguage\":\"en-US\",\"potentialAction\":[{\"@type\":\"ReadAction\",\"target\":[\"https:\/\/endormoonstore.com\/en\/iron-man-nano-gauntlet-marvel-legends-avenger-endgame-the-infinity-saga\/\"]}]},{\"@type\":\"ImageObject\",\"inLanguage\":\"en-US\",\"@id\":\"https:\/\/endormoonstore.com\/en\/iron-man-nano-gauntlet-marvel-legends-avenger-endgame-the-infinity-saga\/#primaryimage\",\"url\":\"https:\/\/endormoonstore.com\/wp-content\/uploads\/2021\/05\/Iron-Man-Nano-Gauntlet-Marvel-Legends-Avenger-Endgane-The-Infinity-Saga-1.jpeg\",\"contentUrl\":\"https:\/\/endormoonstore.com\/wp-content\/uploads\/2021\/05\/Iron-Man-Nano-Gauntlet-Marvel-Legends-Avenger-Endgane-The-Infinity-Saga-1.jpeg\",\"width\":1000,\"height\":750},{\"@type\":\"BreadcrumbList\",\"@id\":\"https:\/\/endormoonstore.com\/en\/iron-man-nano-gauntlet-marvel-legends-avenger-endgame-the-infinity-saga\/#breadcrumb\",\"itemListElement\":[{\"@type\":\"ListItem\",\"position\":1,\"name\":\"Shop\",\"item\":\"https:\/\/endormoonstore.com\/en\/shop\/\"},{\"@type\":\"ListItem\",\"position\":2,\"name\":\"Iron Man Nano Gauntlet Marvel Legends Avenger Endgame The Infinity Saga\"}]},{\"@type\":\"WebSite\",\"@id\":\"https:\/\/endormoonstore.com\/#website\",\"url\":\"https:\/\/endormoonstore.com\/\",\"name\":\"EndormoonStore\",\"description\":\"\",\"potentialAction\":[{\"@type\":\"SearchAction\",\"target\":{\"@type\":\"EntryPoint\",\"urlTemplate\":\"https:\/\/endormoonstore.com\/?s={search_term_string}\"},\"query-input\":{\"@type\":\"PropertyValueSpecification\",\"valueRequired\":true,\"valueName\":\"search_term_string\"}}],\"inLanguage\":\"en-US\"}]}<\/script>\n<!-- \/ Yoast SEO plugin. -->","yoast_head_json":{"title":"Iron Man Nano Gauntlet Marvel Legends Avenger Endgame The Infinity Saga - EndormoonStore","robots":{"index":"index","follow":"follow","max-snippet":"max-snippet:-1","max-image-preview":"max-image-preview:large","max-video-preview":"max-video-preview:-1"},"canonical":"https:\/\/endormoonstore.com\/en\/iron-man-nano-gauntlet-marvel-legends-avenger-endgame-the-infinity-saga\/","og_locale":"en_US","og_type":"article","og_title":"Iron Man Nano Gauntlet Marvel Legends Avenger Endgame The Infinity Saga - EndormoonStore","og_description":"Iron Man Nano Gauntlet Marvel Legends Avenger Endgame The Infinity Saga Replica 1:1  Con m\u00e1s de 80 a\u00f1os de historia del entretenimiento, Marvel se ha convertido en la piedra angular de las colecciones de fans de todo el mundo.","og_url":"https:\/\/endormoonstore.com\/en\/iron-man-nano-gauntlet-marvel-legends-avenger-endgame-the-infinity-saga\/","og_site_name":"EndormoonStore","article_modified_time":"2022-01-04T21:58:13+00:00","og_image":[{"width":1000,"height":750,"url":"https:\/\/endormoonstore.com\/wp-content\/uploads\/2021\/05\/Iron-Man-Nano-Gauntlet-Marvel-Legends-Avenger-Endgane-The-Infinity-Saga-1.jpeg","type":"image\/jpeg"}],"twitter_card":"summary_large_image","twitter_misc":{"Est. reading time":"2 minutes"},"schema":{"@context":"https:\/\/schema.org","@graph":[{"@type":"WebPage","@id":"https:\/\/endormoonstore.com\/en\/iron-man-nano-gauntlet-marvel-legends-avenger-endgame-the-infinity-saga\/","url":"https:\/\/endormoonstore.com\/en\/iron-man-nano-gauntlet-marvel-legends-avenger-endgame-the-infinity-saga\/","name":"Iron Man Nano Gauntlet Marvel Legends Avenger Endgame The Infinity Saga - EndormoonStore","isPartOf":{"@id":"https:\/\/endormoonstore.com\/#website"},"primaryImageOfPage":{"@id":"https:\/\/endormoonstore.com\/en\/iron-man-nano-gauntlet-marvel-legends-avenger-endgame-the-infinity-saga\/#primaryimage"},"image":{"@id":"https:\/\/endormoonstore.com\/en\/iron-man-nano-gauntlet-marvel-legends-avenger-endgame-the-infinity-saga\/#primaryimage"},"thumbnailUrl":"https:\/\/endormoonstore.com\/wp-content\/uploads\/2021\/05\/Iron-Man-Nano-Gauntlet-Marvel-Legends-Avenger-Endgane-The-Infinity-Saga-1.jpeg","datePublished":"2021-05-20T18:38:45+00:00","dateModified":"2022-01-04T21:58:13+00:00","breadcrumb":{"@id":"https:\/\/endormoonstore.com\/en\/iron-man-nano-gauntlet-marvel-legends-avenger-endgame-the-infinity-saga\/#breadcrumb"},"inLanguage":"en-US","potentialAction":[{"@type":"ReadAction","target":["https:\/\/endormoonstore.com\/en\/iron-man-nano-gauntlet-marvel-legends-avenger-endgame-the-infinity-saga\/"]}]},{"@type":"ImageObject","inLanguage":"en-US","@id":"https:\/\/endormoonstore.com\/en\/iron-man-nano-gauntlet-marvel-legends-avenger-endgame-the-infinity-saga\/#primaryimage","url":"https:\/\/endormoonstore.com\/wp-content\/uploads\/2021\/05\/Iron-Man-Nano-Gauntlet-Marvel-Legends-Avenger-Endgane-The-Infinity-Saga-1.jpeg","contentUrl":"https:\/\/endormoonstore.com\/wp-content\/uploads\/2021\/05\/Iron-Man-Nano-Gauntlet-Marvel-Legends-Avenger-Endgane-The-Infinity-Saga-1.jpeg","width":1000,"height":750},{"@type":"BreadcrumbList","@id":"https:\/\/endormoonstore.com\/en\/iron-man-nano-gauntlet-marvel-legends-avenger-endgame-the-infinity-saga\/#breadcrumb","itemListElement":[{"@type":"ListItem","position":1,"name":"Shop","item":"https:\/\/endormoonstore.com\/en\/shop\/"},{"@type":"ListItem","position":2,"name":"Iron Man Nano Gauntlet Marvel Legends Avenger Endgame The Infinity Saga"}]},{"@type":"WebSite","@id":"https:\/\/endormoonstore.com\/#website","url":"https:\/\/endormoonstore.com\/","name":"EndormoonStore","description":"","potentialAction":[{"@type":"SearchAction","target":{"@type":"EntryPoint","urlTemplate":"https:\/\/endormoonstore.com\/?s={search_term_string}"},"query-input":{"@type":"PropertyValueSpecification","valueRequired":true,"valueName":"search_term_string"}}],"inLanguage":"en-US"}]}},"taxonomy_info":{"product_cat":[{"value":1390,"label":"Figures"}],"pa_brand":[{"value":2084,"label":"Hasbro"}],"pa_character":[{"value":2783,"label":"Iron Man"}],"pa_episode":[{"value":4181,"label":"The Avengers Endgane"}],"pa_license":[{"value":1642,"label":"Marvel"}],"pa_product-type":[{"value":4076,"label":"Replica"}],"pa_theme":[{"value":2071,"label":"Marvel Legends Series"}]},"featured_image_src_large":["https:\/\/endormoonstore.com\/wp-content\/uploads\/2021\/05\/Iron-Man-Nano-Gauntlet-Marvel-Legends-Avenger-Endgane-The-Infinity-Saga-1.jpeg",1000,750,false],"author_info":[],"comment_info":"","_links":{"self":[{"href":"https:\/\/endormoonstore.com\/en\/wp-json\/wp\/v2\/product\/106243","targetHints":{"allow":["GET"]}}],"collection":[{"href":"https:\/\/endormoonstore.com\/en\/wp-json\/wp\/v2\/product"}],"about":[{"href":"https:\/\/endormoonstore.com\/en\/wp-json\/wp\/v2\/types\/product"}],"wp:featuredmedia":[{"embeddable":true,"href":"https:\/\/endormoonstore.com\/en\/wp-json\/wp\/v2\/media\/106220"}],"wp:attachment":[{"href":"https:\/\/endormoonstore.com\/en\/wp-json\/wp\/v2\/media?parent=106243"}],"wp:term":[{"taxonomy":"product_cat","embeddable":true,"href":"https:\/\/endormoonstore.com\/en\/wp-json\/wp\/v2\/product_cat?post=106243"},{"taxonomy":"product_tag","embeddable":true,"href":"https:\/\/endormoonstore.com\/en\/wp-json\/wp\/v2\/product_tag?post=106243"}],"curies":[{"name":"wp","href":"https:\/\/api.w.org\/{rel}","templated":true}]}}