{"id":106150,"date":"2021-05-20T17:07:13","date_gmt":"2021-05-20T15:07:13","guid":{"rendered":"https:\/\/endormoonstore.com\/power-rangers-retro-morphin-pink-ranger-kimberly\/"},"modified":"2021-08-20T21:49:56","modified_gmt":"2021-08-20T19:49:56","slug":"power-rangers-retro-morphin-pink-ranger-kimberly","status":"publish","type":"product","link":"https:\/\/endormoonstore.com\/en\/power-rangers-retro-morphin-pink-ranger-kimberly\/","title":{"rendered":"Power Rangers Retro-Morphin Pink Ranger Kimberly"},"content":{"rendered":"<p><strong>Power Rangers Retro-Morphin Pink Ranger Kimberly Figure 16,5 cm<\/strong><\/p>\n<ul>\n<li>\u00a1Es Hora de Retro-<strong>Morphin<\/strong>! Inspiradas en el cl\u00e1sico programa de televisi\u00f3n Mighty Morphin Power Rangers de los a\u00f1os noventa, las figuras Retro-Morphin traen de vuelta la acci\u00f3n de <strong>Morphin<\/strong>.<\/li>\n<li>El legado de Power Rangers de divertidas figuras de acci\u00f3n contin\u00faa, con figuras Retro-Morphin para ni\u00f1os y nuevos fan que acaban de descubrir la incre\u00edble acci\u00f3n de Power Rangers.<\/li>\n<li>Coleccionistas que desean construir, reconstruir o completar su colecci\u00f3n.<\/li>\n<li>\u00a1Vamos, Power Rangers!<\/li>\n<li>Incluye: figura y accesorio.<\/li>\n<li>Presiona la palanca en la espalda de la figura de acci\u00f3n y la cabeza de Pink Ranger se voltea, &#8220;transform\u00e1ndola&#8221; en su forma de Ranger con casco.<\/li>\n<\/ul>\n<p>&nbsp;<\/p>\n<p>&nbsp;<\/p>\n","protected":false},"excerpt":{"rendered":"<p><strong>Power Rangers Retro-Morphin Pink Ranger Kimberly Figure 16,5 cm<\/strong><\/p>\n<p>\u00a1Es Hora de Retro-<strong>Morphin<\/strong>! Inspiradas en el cl\u00e1sico programa de televisi\u00f3n Mighty Morphin Power Rangers de los a\u00f1os noventa, las figuras Retro-Morphin traen de vuelta la acci\u00f3n de <strong>Morphin<\/strong>.<\/p>\n","protected":false},"featured_media":106135,"template":"","meta":{"_acf_changed":false,"_kad_blocks_custom_css":"","_kad_blocks_head_custom_js":"","_kad_blocks_body_custom_js":"","_kad_blocks_footer_custom_js":""},"product_cat":[1386],"product_tag":[],"class_list":{"0":"post-106150","1":"product","2":"type-product","3":"status-publish","4":"has-post-thumbnail","6":"product_cat-miniatures","7":"pa_brand-hasbro-en","8":"pa_character-pink-ranger-en","9":"pa_license-power-rangers-en","10":"pa_product-type-figure","11":"pa_theme-retro-morphin-en","13":"first","14":"outofstock","15":"taxable","16":"shipping-taxable","17":"purchasable","18":"product-type-simple"},"acf":[],"yoast_head":"<!-- This site is optimized with the Yoast SEO plugin v26.1.1 - https:\/\/yoast.com\/wordpress\/plugins\/seo\/ -->\n<title>Power Rangers Retro-Morphin Pink Ranger Kimberly - EndormoonStore<\/title>\n<meta name=\"robots\" content=\"index, follow, max-snippet:-1, max-image-preview:large, max-video-preview:-1\" \/>\n<link rel=\"canonical\" href=\"https:\/\/endormoonstore.com\/en\/power-rangers-retro-morphin-pink-ranger-kimberly\/\" \/>\n<meta property=\"og:locale\" content=\"en_US\" \/>\n<meta property=\"og:type\" content=\"article\" \/>\n<meta property=\"og:title\" content=\"Power Rangers Retro-Morphin Pink Ranger Kimberly - EndormoonStore\" \/>\n<meta property=\"og:description\" content=\"Power Rangers Retro-Morphin Pink Ranger Kimberly Figure 16,5 cm  \u00a1Es Hora de Retro-Morphin! Inspiradas en el cl\u00e1sico programa de televisi\u00f3n Mighty Morphin Power Rangers de los a\u00f1os noventa, las figuras Retro-Morphin traen de vuelta la acci\u00f3n de Morphin.\" \/>\n<meta property=\"og:url\" content=\"https:\/\/endormoonstore.com\/en\/power-rangers-retro-morphin-pink-ranger-kimberly\/\" \/>\n<meta property=\"og:site_name\" content=\"EndormoonStore\" \/>\n<meta property=\"article:modified_time\" content=\"2021-08-20T19:49:56+00:00\" \/>\n<meta property=\"og:image\" content=\"https:\/\/endormoonstore.com\/wp-content\/uploads\/2021\/05\/Power-Rangers-Retro-Morphin-Pink-Ranger-Kimberly-1.jpg\" \/>\n\t<meta property=\"og:image:width\" content=\"1000\" \/>\n\t<meta property=\"og:image:height\" content=\"1000\" \/>\n\t<meta property=\"og:image:type\" content=\"image\/jpeg\" \/>\n<meta name=\"twitter:card\" content=\"summary_large_image\" \/>\n<meta name=\"twitter:label1\" content=\"Est. reading time\" \/>\n\t<meta name=\"twitter:data1\" content=\"1 minute\" \/>\n<script type=\"application\/ld+json\" class=\"yoast-schema-graph\">{\"@context\":\"https:\/\/schema.org\",\"@graph\":[{\"@type\":\"WebPage\",\"@id\":\"https:\/\/endormoonstore.com\/en\/power-rangers-retro-morphin-pink-ranger-kimberly\/\",\"url\":\"https:\/\/endormoonstore.com\/en\/power-rangers-retro-morphin-pink-ranger-kimberly\/\",\"name\":\"Power Rangers Retro-Morphin Pink Ranger Kimberly - EndormoonStore\",\"isPartOf\":{\"@id\":\"https:\/\/endormoonstore.com\/#website\"},\"primaryImageOfPage\":{\"@id\":\"https:\/\/endormoonstore.com\/en\/power-rangers-retro-morphin-pink-ranger-kimberly\/#primaryimage\"},\"image\":{\"@id\":\"https:\/\/endormoonstore.com\/en\/power-rangers-retro-morphin-pink-ranger-kimberly\/#primaryimage\"},\"thumbnailUrl\":\"https:\/\/endormoonstore.com\/wp-content\/uploads\/2021\/05\/Power-Rangers-Retro-Morphin-Pink-Ranger-Kimberly-1.jpg\",\"datePublished\":\"2021-05-20T15:07:13+00:00\",\"dateModified\":\"2021-08-20T19:49:56+00:00\",\"breadcrumb\":{\"@id\":\"https:\/\/endormoonstore.com\/en\/power-rangers-retro-morphin-pink-ranger-kimberly\/#breadcrumb\"},\"inLanguage\":\"en-US\",\"potentialAction\":[{\"@type\":\"ReadAction\",\"target\":[\"https:\/\/endormoonstore.com\/en\/power-rangers-retro-morphin-pink-ranger-kimberly\/\"]}]},{\"@type\":\"ImageObject\",\"inLanguage\":\"en-US\",\"@id\":\"https:\/\/endormoonstore.com\/en\/power-rangers-retro-morphin-pink-ranger-kimberly\/#primaryimage\",\"url\":\"https:\/\/endormoonstore.com\/wp-content\/uploads\/2021\/05\/Power-Rangers-Retro-Morphin-Pink-Ranger-Kimberly-1.jpg\",\"contentUrl\":\"https:\/\/endormoonstore.com\/wp-content\/uploads\/2021\/05\/Power-Rangers-Retro-Morphin-Pink-Ranger-Kimberly-1.jpg\",\"width\":1000,\"height\":1000},{\"@type\":\"BreadcrumbList\",\"@id\":\"https:\/\/endormoonstore.com\/en\/power-rangers-retro-morphin-pink-ranger-kimberly\/#breadcrumb\",\"itemListElement\":[{\"@type\":\"ListItem\",\"position\":1,\"name\":\"Shop\",\"item\":\"https:\/\/endormoonstore.com\/en\/shop\/\"},{\"@type\":\"ListItem\",\"position\":2,\"name\":\"Power Rangers Retro-Morphin Pink Ranger Kimberly\"}]},{\"@type\":\"WebSite\",\"@id\":\"https:\/\/endormoonstore.com\/#website\",\"url\":\"https:\/\/endormoonstore.com\/\",\"name\":\"EndormoonStore\",\"description\":\"\",\"potentialAction\":[{\"@type\":\"SearchAction\",\"target\":{\"@type\":\"EntryPoint\",\"urlTemplate\":\"https:\/\/endormoonstore.com\/?s={search_term_string}\"},\"query-input\":{\"@type\":\"PropertyValueSpecification\",\"valueRequired\":true,\"valueName\":\"search_term_string\"}}],\"inLanguage\":\"en-US\"}]}<\/script>\n<!-- \/ Yoast SEO plugin. -->","yoast_head_json":{"title":"Power Rangers Retro-Morphin Pink Ranger Kimberly - EndormoonStore","robots":{"index":"index","follow":"follow","max-snippet":"max-snippet:-1","max-image-preview":"max-image-preview:large","max-video-preview":"max-video-preview:-1"},"canonical":"https:\/\/endormoonstore.com\/en\/power-rangers-retro-morphin-pink-ranger-kimberly\/","og_locale":"en_US","og_type":"article","og_title":"Power Rangers Retro-Morphin Pink Ranger Kimberly - EndormoonStore","og_description":"Power Rangers Retro-Morphin Pink Ranger Kimberly Figure 16,5 cm  \u00a1Es Hora de Retro-Morphin! Inspiradas en el cl\u00e1sico programa de televisi\u00f3n Mighty Morphin Power Rangers de los a\u00f1os noventa, las figuras Retro-Morphin traen de vuelta la acci\u00f3n de Morphin.","og_url":"https:\/\/endormoonstore.com\/en\/power-rangers-retro-morphin-pink-ranger-kimberly\/","og_site_name":"EndormoonStore","article_modified_time":"2021-08-20T19:49:56+00:00","og_image":[{"width":1000,"height":1000,"url":"https:\/\/endormoonstore.com\/wp-content\/uploads\/2021\/05\/Power-Rangers-Retro-Morphin-Pink-Ranger-Kimberly-1.jpg","type":"image\/jpeg"}],"twitter_card":"summary_large_image","twitter_misc":{"Est. reading time":"1 minute"},"schema":{"@context":"https:\/\/schema.org","@graph":[{"@type":"WebPage","@id":"https:\/\/endormoonstore.com\/en\/power-rangers-retro-morphin-pink-ranger-kimberly\/","url":"https:\/\/endormoonstore.com\/en\/power-rangers-retro-morphin-pink-ranger-kimberly\/","name":"Power Rangers Retro-Morphin Pink Ranger Kimberly - EndormoonStore","isPartOf":{"@id":"https:\/\/endormoonstore.com\/#website"},"primaryImageOfPage":{"@id":"https:\/\/endormoonstore.com\/en\/power-rangers-retro-morphin-pink-ranger-kimberly\/#primaryimage"},"image":{"@id":"https:\/\/endormoonstore.com\/en\/power-rangers-retro-morphin-pink-ranger-kimberly\/#primaryimage"},"thumbnailUrl":"https:\/\/endormoonstore.com\/wp-content\/uploads\/2021\/05\/Power-Rangers-Retro-Morphin-Pink-Ranger-Kimberly-1.jpg","datePublished":"2021-05-20T15:07:13+00:00","dateModified":"2021-08-20T19:49:56+00:00","breadcrumb":{"@id":"https:\/\/endormoonstore.com\/en\/power-rangers-retro-morphin-pink-ranger-kimberly\/#breadcrumb"},"inLanguage":"en-US","potentialAction":[{"@type":"ReadAction","target":["https:\/\/endormoonstore.com\/en\/power-rangers-retro-morphin-pink-ranger-kimberly\/"]}]},{"@type":"ImageObject","inLanguage":"en-US","@id":"https:\/\/endormoonstore.com\/en\/power-rangers-retro-morphin-pink-ranger-kimberly\/#primaryimage","url":"https:\/\/endormoonstore.com\/wp-content\/uploads\/2021\/05\/Power-Rangers-Retro-Morphin-Pink-Ranger-Kimberly-1.jpg","contentUrl":"https:\/\/endormoonstore.com\/wp-content\/uploads\/2021\/05\/Power-Rangers-Retro-Morphin-Pink-Ranger-Kimberly-1.jpg","width":1000,"height":1000},{"@type":"BreadcrumbList","@id":"https:\/\/endormoonstore.com\/en\/power-rangers-retro-morphin-pink-ranger-kimberly\/#breadcrumb","itemListElement":[{"@type":"ListItem","position":1,"name":"Shop","item":"https:\/\/endormoonstore.com\/en\/shop\/"},{"@type":"ListItem","position":2,"name":"Power Rangers Retro-Morphin Pink Ranger Kimberly"}]},{"@type":"WebSite","@id":"https:\/\/endormoonstore.com\/#website","url":"https:\/\/endormoonstore.com\/","name":"EndormoonStore","description":"","potentialAction":[{"@type":"SearchAction","target":{"@type":"EntryPoint","urlTemplate":"https:\/\/endormoonstore.com\/?s={search_term_string}"},"query-input":{"@type":"PropertyValueSpecification","valueRequired":true,"valueName":"search_term_string"}}],"inLanguage":"en-US"}]}},"taxonomy_info":{"product_cat":[{"value":1386,"label":"Miniatures"}],"pa_brand":[{"value":2084,"label":"Hasbro"}],"pa_character":[{"value":7959,"label":"Pink Ranger"}],"pa_license":[{"value":6783,"label":"Power Rangers"}],"pa_product-type":[{"value":2387,"label":"Figure"}],"pa_theme":[{"value":7971,"label":"Retro-Morphin"}]},"featured_image_src_large":["https:\/\/endormoonstore.com\/wp-content\/uploads\/2021\/05\/Power-Rangers-Retro-Morphin-Pink-Ranger-Kimberly-1.jpg",1000,1000,false],"author_info":[],"comment_info":"","_links":{"self":[{"href":"https:\/\/endormoonstore.com\/en\/wp-json\/wp\/v2\/product\/106150","targetHints":{"allow":["GET"]}}],"collection":[{"href":"https:\/\/endormoonstore.com\/en\/wp-json\/wp\/v2\/product"}],"about":[{"href":"https:\/\/endormoonstore.com\/en\/wp-json\/wp\/v2\/types\/product"}],"wp:featuredmedia":[{"embeddable":true,"href":"https:\/\/endormoonstore.com\/en\/wp-json\/wp\/v2\/media\/106135"}],"wp:attachment":[{"href":"https:\/\/endormoonstore.com\/en\/wp-json\/wp\/v2\/media?parent=106150"}],"wp:term":[{"taxonomy":"product_cat","embeddable":true,"href":"https:\/\/endormoonstore.com\/en\/wp-json\/wp\/v2\/product_cat?post=106150"},{"taxonomy":"product_tag","embeddable":true,"href":"https:\/\/endormoonstore.com\/en\/wp-json\/wp\/v2\/product_tag?post=106150"}],"curies":[{"name":"wp","href":"https:\/\/api.w.org\/{rel}","templated":true}]}}